{"id":3575,"date":"2019-12-16T14:32:41","date_gmt":"2019-12-16T14:32:41","guid":{"rendered":"https:\/\/boatpark.app\/staging\/boatpark-ambassador\/"},"modified":"2024-11-19T21:56:29","modified_gmt":"2024-11-19T21:56:29","slug":"boatpark-ambassador","status":"publish","type":"page","link":"https:\/\/boatpark.app\/de\/zuhause\/boatpark-ambassador\/","title":{"rendered":"Boatpark Ambassador"},"content":{"rendered":"\t\t<div data-elementor-type=\"wp-page\" data-elementor-id=\"3575\" class=\"elementor elementor-3575 elementor-2267\" data-elementor-post-type=\"page\">\n\t\t\t\t\t\t<section class=\"has_eae_slider elementor-section elementor-top-section elementor-element elementor-element-8769bcd elementor-section-content-middle elementor-section-height-min-height elementor-section-full_width elementor-section-stretched elementor-section-height-default elementor-section-items-middle\" data-eae-slider=\"77064\" data-id=\"8769bcd\" data-element_type=\"section\" data-e-type=\"section\" data-settings=\"{&quot;background_background&quot;:&quot;classic&quot;,&quot;stretch_section&quot;:&quot;section-stretched&quot;}\">\n\t\t\t\t\t\t\t<div class=\"elementor-background-overlay\"><\/div>\n\t\t\t\t\t\t\t<div class=\"elementor-container elementor-column-gap-default\">\n\t\t\t\t\t<div class=\"has_eae_slider elementor-column elementor-col-100 elementor-top-column elementor-element elementor-element-33fdccf\" data-eae-slider=\"41012\" data-id=\"33fdccf\" data-element_type=\"column\" data-e-type=\"column\">\n\t\t\t<div class=\"elementor-widget-wrap elementor-element-populated\">\n\t\t\t\t\t\t<div class=\"elementor-element elementor-element-78e0419 elementor-widget elementor-widget-heading\" data-id=\"78e0419\" data-element_type=\"widget\" data-e-type=\"widget\" data-widget_type=\"heading.default\">\n\t\t\t\t<div class=\"elementor-widget-container\">\n\t\t\t\t\t<h4 class=\"elementor-heading-title elementor-size-default\">Boatpark Ambassador<\/h4>\t\t\t\t<\/div>\n\t\t\t\t<\/div>\n\t\t\t\t\t<\/div>\n\t\t<\/div>\n\t\t\t\t\t<\/div>\n\t\t<\/section>\n\t\t\t\t<section class=\"has_eae_slider elementor-section elementor-top-section elementor-element elementor-element-608062a elementor-section-boxed elementor-section-height-default elementor-section-height-default\" data-eae-slider=\"58730\" data-id=\"608062a\" data-element_type=\"section\" data-e-type=\"section\">\n\t\t\t\t\t\t<div class=\"elementor-container elementor-column-gap-default\">\n\t\t\t\t\t<div class=\"has_eae_slider elementor-column elementor-col-100 elementor-top-column elementor-element elementor-element-4104e32\" data-eae-slider=\"34799\" data-id=\"4104e32\" data-element_type=\"column\" data-e-type=\"column\">\n\t\t\t<div class=\"elementor-widget-wrap elementor-element-populated\">\n\t\t\t\t\t\t<div class=\"elementor-element elementor-element-eacccb9 elementor-widget elementor-widget-heading\" data-id=\"eacccb9\" data-element_type=\"widget\" data-e-type=\"widget\" data-widget_type=\"heading.default\">\n\t\t\t\t<div class=\"elementor-widget-container\">\n\t\t\t\t\t<h2 class=\"elementor-heading-title elementor-size-default\">Was ist ein Ambassador?<\/h2>\t\t\t\t<\/div>\n\t\t\t\t<\/div>\n\t\t\t\t<div class=\"elementor-element elementor-element-e6b4289 elementor-widget elementor-widget-text-editor\" data-id=\"e6b4289\" data-element_type=\"widget\" data-e-type=\"widget\" data-widget_type=\"text-editor.default\">\n\t\t\t\t<div class=\"elementor-widget-container\">\n\t\t\t\t\t\t\t\t\tUm das Angebot von Boatpark attraktiv und relevant zu machen, sind wir bestrebt, Liegepl\u00e4tze auf der ganzen Welt so schnell wie m\u00f6glich zu registrieren. Um die Registrierung neuer Liegepl\u00e4tze zu beschleunigen, z\u00e4hlen wir auf Deine Unterst\u00fctzung. Wir suchen Leute, die lokale Yachth\u00e4fen und Liegeplatzbesitzer ermutigen k\u00f6nnen, sich als Boatpark-Nutzer zu registrieren und ihre Liegepl\u00e4tze \u00fcber die App zu teilen.\t\t\t\t\t\t\t\t<\/div>\n\t\t\t\t<\/div>\n\t\t\t\t\t<\/div>\n\t\t<\/div>\n\t\t\t\t\t<\/div>\n\t\t<\/section>\n\t\t\t\t<section class=\"has_eae_slider elementor-section elementor-top-section elementor-element elementor-element-cb9ad47 elementor-section-boxed elementor-section-height-default elementor-section-height-default\" data-eae-slider=\"68483\" data-id=\"cb9ad47\" data-element_type=\"section\" data-e-type=\"section\">\n\t\t\t\t\t\t<div class=\"elementor-container elementor-column-gap-default\">\n\t\t\t\t\t<div class=\"has_eae_slider elementor-column elementor-col-100 elementor-top-column elementor-element elementor-element-2e3f6c1\" data-eae-slider=\"54714\" data-id=\"2e3f6c1\" data-element_type=\"column\" data-e-type=\"column\">\n\t\t\t<div class=\"elementor-widget-wrap elementor-element-populated\">\n\t\t\t\t\t\t<div class=\"elementor-element elementor-element-6637450 elementor-widget-divider--view-line elementor-widget elementor-widget-divider\" data-id=\"6637450\" data-element_type=\"widget\" data-e-type=\"widget\" data-widget_type=\"divider.default\">\n\t\t\t\t<div class=\"elementor-widget-container\">\n\t\t\t\t\t\t\t<div class=\"elementor-divider\">\n\t\t\t<span class=\"elementor-divider-separator\">\n\t\t\t\t\t\t<\/span>\n\t\t<\/div>\n\t\t\t\t\t\t<\/div>\n\t\t\t\t<\/div>\n\t\t\t\t\t<\/div>\n\t\t<\/div>\n\t\t\t\t\t<\/div>\n\t\t<\/section>\n\t\t\t\t<section class=\"has_eae_slider elementor-section elementor-top-section elementor-element elementor-element-c976cef elementor-section-boxed elementor-section-height-default elementor-section-height-default\" data-eae-slider=\"67190\" data-id=\"c976cef\" data-element_type=\"section\" data-e-type=\"section\">\n\t\t\t\t\t\t<div class=\"elementor-container elementor-column-gap-default\">\n\t\t\t\t\t<div class=\"has_eae_slider elementor-column elementor-col-100 elementor-top-column elementor-element elementor-element-50970f6\" data-eae-slider=\"91701\" data-id=\"50970f6\" data-element_type=\"column\" data-e-type=\"column\">\n\t\t\t<div class=\"elementor-widget-wrap elementor-element-populated\">\n\t\t\t\t\t\t<div class=\"elementor-element elementor-element-887fa02 elementor-widget elementor-widget-heading\" data-id=\"887fa02\" data-element_type=\"widget\" data-e-type=\"widget\" data-widget_type=\"heading.default\">\n\t\t\t\t<div class=\"elementor-widget-container\">\n\t\t\t\t\t<h2 class=\"elementor-heading-title elementor-size-default\">Was ist der Anreiz?<\/h2>\t\t\t\t<\/div>\n\t\t\t\t<\/div>\n\t\t\t\t<div class=\"elementor-element elementor-element-fd68024 elementor-widget elementor-widget-text-editor\" data-id=\"fd68024\" data-element_type=\"widget\" data-e-type=\"widget\" data-widget_type=\"text-editor.default\">\n\t\t\t\t<div class=\"elementor-widget-container\">\n\t\t\t\t\t\t\t\t\tDu wirst mit 20% der Boatpark Provision (gem\u00e4\u00df den\u00a0<a href=\"http:\/\/boatpark.app\/de\/zuhause\/wie-es-funktioniert\/allgemeine-geschaeftsbedingungen-agbs\/\">AGBs<\/a>) f\u00fcr jede Buchung f\u00fcr einen Liegeplatz belohnt, die \u00fcber Deine Empfehlung vorgenommen wird. Der Anreiz gilt im ersten Jahr nach der Registrierung des Yachthafens oder Liegeplatzinhabers, wenn er Deine Boatpark User-ID (e-Mail) als Empfehler (\u00abReferrer\u00bb) in sein Konto eintr\u00e4gt. Nur von Boatpark zugelassene Benutzer k\u00f6nnen als Empfehler eingetragen werden. Die Belohnung wird auf Dein Boatpark-Konto \u00fcberwiesen und es gilt der gleiche Auszahlungsmechanismus wie bei Liegeplatzbesitzern (siehe\u00a0<a href=\"http:\/\/boatpark.app\/de\/zuhause\/wie-es-funktioniert\/allgemeine-geschaeftsbedingungen-agbs\/\">AGBs<\/a>).\t\t\t\t\t\t\t\t<\/div>\n\t\t\t\t<\/div>\n\t\t\t\t\t<\/div>\n\t\t<\/div>\n\t\t\t\t\t<\/div>\n\t\t<\/section>\n\t\t\t\t<section class=\"has_eae_slider elementor-section elementor-top-section elementor-element elementor-element-e9f0569 elementor-section-boxed elementor-section-height-default elementor-section-height-default\" data-eae-slider=\"68029\" data-id=\"e9f0569\" data-element_type=\"section\" data-e-type=\"section\">\n\t\t\t\t\t\t<div class=\"elementor-container elementor-column-gap-default\">\n\t\t\t\t\t<div class=\"has_eae_slider elementor-column elementor-col-100 elementor-top-column elementor-element elementor-element-8e22057\" data-eae-slider=\"22545\" data-id=\"8e22057\" data-element_type=\"column\" data-e-type=\"column\">\n\t\t\t<div class=\"elementor-widget-wrap elementor-element-populated\">\n\t\t\t\t\t\t<div class=\"elementor-element elementor-element-4ff9dc5 elementor-widget-divider--view-line elementor-widget elementor-widget-divider\" data-id=\"4ff9dc5\" data-element_type=\"widget\" data-e-type=\"widget\" data-widget_type=\"divider.default\">\n\t\t\t\t<div class=\"elementor-widget-container\">\n\t\t\t\t\t\t\t<div class=\"elementor-divider\">\n\t\t\t<span class=\"elementor-divider-separator\">\n\t\t\t\t\t\t<\/span>\n\t\t<\/div>\n\t\t\t\t\t\t<\/div>\n\t\t\t\t<\/div>\n\t\t\t\t\t<\/div>\n\t\t<\/div>\n\t\t\t\t\t<\/div>\n\t\t<\/section>\n\t\t\t\t<section class=\"has_eae_slider elementor-section elementor-top-section elementor-element elementor-element-00daa7b elementor-section-boxed elementor-section-height-default elementor-section-height-default\" data-eae-slider=\"37153\" data-id=\"00daa7b\" data-element_type=\"section\" data-e-type=\"section\">\n\t\t\t\t\t\t<div class=\"elementor-container elementor-column-gap-default\">\n\t\t\t\t\t<div class=\"has_eae_slider elementor-column elementor-col-100 elementor-top-column elementor-element elementor-element-390d8a2\" data-eae-slider=\"56685\" data-id=\"390d8a2\" data-element_type=\"column\" data-e-type=\"column\">\n\t\t\t<div class=\"elementor-widget-wrap elementor-element-populated\">\n\t\t\t\t\t\t<div class=\"elementor-element elementor-element-94d92d5 elementor-widget elementor-widget-heading\" data-id=\"94d92d5\" data-element_type=\"widget\" data-e-type=\"widget\" data-widget_type=\"heading.default\">\n\t\t\t\t<div class=\"elementor-widget-container\">\n\t\t\t\t\t<h2 class=\"elementor-heading-title elementor-size-default\">Was muss ich tun?<\/h2>\t\t\t\t<\/div>\n\t\t\t\t<\/div>\n\t\t\t\t<div class=\"elementor-element elementor-element-8dfcf44 elementor-widget elementor-widget-text-editor\" data-id=\"8dfcf44\" data-element_type=\"widget\" data-e-type=\"widget\" data-widget_type=\"text-editor.default\">\n\t\t\t\t<div class=\"elementor-widget-container\">\n\t\t\t\t\t\t\t\t\t<p>Um Ambassador zu werden, mache Dich bitte mit der Boatpark App und dem Konzept vertraut, indem Du die komplette Website mit den\u00a0<a href=\"http:\/\/boatpark.app\/de\/zuhause\/wie-es-funktioniert\/faqs-oft-gestellte-fragen\/\">FAQ\u2019s<\/a>\u00a0und den Allgemeinen Gesch\u00e4ftsbedingungen durchliest. Solltest Du Fragen haben, richte diese bitte per E-Mail an\u00a0<a href=\"mailto:ambassador@boatpark.app\">ambassador@boatpark.app<\/a>. Wir werden auf Deine Fragen antworten und den FAQ-Bereich auf der Website bei Bedarf aktualisieren.<\/p><p>Sobald Du mit dem Konzept vertraut bist, kontaktiere uns bitte unter <a href=\"mailto:ambassador@boatpark.app\">ambassador@boatpark.app<\/a> und teile uns mit, dass Du Ambassador werden m\u00f6chtest. Boatpark wird sich mit Dir in Verbindung setzen, um sicherzustellen, dass Du die Informationen korrekt vermitteln kannst und Dich dann als Ambassador registrieren. Damit solltest Du bereit sein, mit potenziellen Nutzern wie Yachthafenbeh\u00f6rden, Charterfirmen, Werften, Segelschulen oder anderen privaten Liegeplatzbesitzern in Kontakt zu treten, um sie zu der Anmeldung ihrer Liegepl\u00e4tze in Boatpark zu ermutigen und dabei zu unterst\u00fctzen.<\/p>\t\t\t\t\t\t\t\t<\/div>\n\t\t\t\t<\/div>\n\t\t\t\t\t<\/div>\n\t\t<\/div>\n\t\t\t\t\t<\/div>\n\t\t<\/section>\n\t\t\t\t<\/div>\n\t\t","protected":false},"excerpt":{"rendered":"<p>Boatpark Ambassador Was ist ein Ambassador? Um das Angebot von Boatpark attraktiv und relevant zu machen, sind wir bestrebt, Liegepl\u00e4tze auf der ganzen Welt so schnell wie m\u00f6glich zu registrieren. Um die Registrierung neuer Liegepl\u00e4tze zu beschleunigen, z\u00e4hlen wir auf Deine Unterst\u00fctzung. Wir suchen Leute, die lokale Yachth\u00e4fen und Liegeplatzbesitzer ermutigen k\u00f6nnen, sich als Boatpark-Nutzer [&hellip;]<\/p>\n","protected":false},"author":1,"featured_media":0,"parent":3686,"menu_order":4,"comment_status":"closed","ping_status":"closed","template":"elementor_header_footer","meta":{"zakra_sidebar_layout":"customizer","zakra_remove_content_margin":false,"zakra_sidebar":"customizer","zakra_transparent_header":"customizer","zakra_logo":0,"zakra_main_header_style":"default","zakra_menu_item_color":null,"zakra_menu_item_hover_color":"","zakra_menu_item_active_color":"","zakra_menu_active_style":"zakra_menu_active_style","zakra_page_header":false,"footnotes":""},"class_list":["post-3575","page","type-page","status-publish","hentry"],"_links":{"self":[{"href":"https:\/\/boatpark.app\/de\/wp-json\/wp\/v2\/pages\/3575","targetHints":{"allow":["GET"]}}],"collection":[{"href":"https:\/\/boatpark.app\/de\/wp-json\/wp\/v2\/pages"}],"about":[{"href":"https:\/\/boatpark.app\/de\/wp-json\/wp\/v2\/types\/page"}],"author":[{"embeddable":true,"href":"https:\/\/boatpark.app\/de\/wp-json\/wp\/v2\/users\/1"}],"replies":[{"embeddable":true,"href":"https:\/\/boatpark.app\/de\/wp-json\/wp\/v2\/comments?post=3575"}],"version-history":[{"count":25,"href":"https:\/\/boatpark.app\/de\/wp-json\/wp\/v2\/pages\/3575\/revisions"}],"predecessor-version":[{"id":13437,"href":"https:\/\/boatpark.app\/de\/wp-json\/wp\/v2\/pages\/3575\/revisions\/13437"}],"up":[{"embeddable":true,"href":"https:\/\/boatpark.app\/de\/wp-json\/wp\/v2\/pages\/3686"}],"wp:attachment":[{"href":"https:\/\/boatpark.app\/de\/wp-json\/wp\/v2\/media?parent=3575"}],"curies":[{"name":"wp","href":"https:\/\/api.w.org\/{rel}","templated":true}]}}