{"id":3588,"date":"2019-12-17T11:46:46","date_gmt":"2019-12-17T11:46:46","guid":{"rendered":"https:\/\/boatpark.app\/staging\/was-du-als-mieter-wissen-musst\/"},"modified":"2024-03-06T21:37:14","modified_gmt":"2024-03-06T21:37:14","slug":"was-du-als-mieter-wissen-musst","status":"publish","type":"page","link":"https:\/\/boatpark.app\/de\/zuhause\/wie-es-funktioniert\/was-du-als-mieter-wissen-musst\/","title":{"rendered":"Was Du als Mieter wissen musst"},"content":{"rendered":"\t\t<div data-elementor-type=\"wp-page\" data-elementor-id=\"3588\" class=\"elementor elementor-3588 elementor-1882\" data-elementor-post-type=\"page\">\n\t\t\t\t\t\t<section class=\"has_eae_slider elementor-section elementor-top-section elementor-element elementor-element-644c51a elementor-section-content-middle elementor-section-height-min-height elementor-section-full_width elementor-section-stretched elementor-section-height-default elementor-section-items-middle\" data-eae-slider=\"12636\" data-id=\"644c51a\" data-element_type=\"section\" data-e-type=\"section\" data-settings=\"{&quot;background_background&quot;:&quot;classic&quot;,&quot;stretch_section&quot;:&quot;section-stretched&quot;}\">\n\t\t\t\t\t\t\t<div class=\"elementor-background-overlay\"><\/div>\n\t\t\t\t\t\t\t<div class=\"elementor-container elementor-column-gap-default\">\n\t\t\t\t\t<div class=\"has_eae_slider elementor-column elementor-col-100 elementor-top-column elementor-element elementor-element-13489fa\" data-eae-slider=\"7441\" data-id=\"13489fa\" data-element_type=\"column\" data-e-type=\"column\">\n\t\t\t<div class=\"elementor-widget-wrap elementor-element-populated\">\n\t\t\t\t\t\t<div class=\"elementor-element elementor-element-603c9a2 elementor-widget elementor-widget-heading\" data-id=\"603c9a2\" data-element_type=\"widget\" data-e-type=\"widget\" data-widget_type=\"heading.default\">\n\t\t\t\t<div class=\"elementor-widget-container\">\n\t\t\t\t\t<h4 class=\"elementor-heading-title elementor-size-default\">Was Du als Mieter wissen musst<\/h4>\t\t\t\t<\/div>\n\t\t\t\t<\/div>\n\t\t\t\t\t<\/div>\n\t\t<\/div>\n\t\t\t\t\t<\/div>\n\t\t<\/section>\n\t\t\t\t<section class=\"has_eae_slider elementor-section elementor-top-section elementor-element elementor-element-9a3fce4 elementor-section-boxed elementor-section-height-default elementor-section-height-default\" data-eae-slider=\"91167\" data-id=\"9a3fce4\" data-element_type=\"section\" data-e-type=\"section\">\n\t\t\t\t\t\t<div class=\"elementor-container elementor-column-gap-default\">\n\t\t\t\t\t<div class=\"has_eae_slider elementor-column elementor-col-100 elementor-top-column elementor-element elementor-element-94881f1\" data-eae-slider=\"73813\" data-id=\"94881f1\" data-element_type=\"column\" data-e-type=\"column\">\n\t\t\t<div class=\"elementor-widget-wrap elementor-element-populated\">\n\t\t\t\t\t\t<div class=\"elementor-element elementor-element-403cbf5 elementor-widget elementor-widget-heading\" data-id=\"403cbf5\" data-element_type=\"widget\" data-e-type=\"widget\" data-widget_type=\"heading.default\">\n\t\t\t\t<div class=\"elementor-widget-container\">\n\t\t\t\t\t<h2 class=\"elementor-heading-title elementor-size-default\">Was erhalte ich?<\/h2>\t\t\t\t<\/div>\n\t\t\t\t<\/div>\n\t\t\t\t<div class=\"elementor-element elementor-element-9125934 elementor-widget elementor-widget-text-editor\" data-id=\"9125934\" data-element_type=\"widget\" data-e-type=\"widget\" data-widget_type=\"text-editor.default\">\n\t\t\t\t<div class=\"elementor-widget-container\">\n\t\t\t\t\t\t\t\t\tEs gibt zwei verschiedene Buchungsm\u00f6glichkeiten, die von der App definiert werden und je nach Hafen und individuellem Liegeplatz variieren k\u00f6nnen:\r\n<ol>\r\n \t<li>Buchung inklusive Marina-Geb\u00fchr (Hafengeb\u00fchr)<\/li>\r\n \t<li>Buchung ohne Marina-Geb\u00fchr (Hafengeb\u00fchr)<\/li>\r\n<\/ol>\r\nFalls der Liegeplatz inklusive Hafengeb\u00fchr definiert ist, ist die Buchung ein tempor\u00e4rer Mietvertrag zwischen dem Liegeplatzinhaber (vertreten durch Boatpark) und dem Mieter.\r\n\r\nFalls der Liegeplatz ohne Hafengeb\u00fchr definiert ist, berechtigt die Buchung den Mieter, die Verf\u00fcgbarkeitsinformationen beim Check-in im Yachthafen zu nutzen. Der Mietvertrag wird mit dem Einchecken im Yachthafen und der Zahlung der Hafengeb\u00fchr durch den Mieter direkt an die Hafenbeh\u00f6rde abgeschlossen.\r\n\r\nBoatpark vermittelt im Auftrag des Liegeplatzinhabers, ist aber nicht Partei des Mietvertrages.\r\n\r\nDer Vermieter gestattet dem Mieter, den Liegeplatz f\u00fcr die festgelegte Zeit zu nutzen und ist daf\u00fcr verantwortlich, dass er vom Mieter genutzt werden kann.\r\n\r\nBitte beachte, dass Liegepl\u00e4tze oft erst wenige Tage im Voraus zur Verf\u00fcgung gestellt werden, wenn der Eigent\u00fcmer sich entscheidet, selbst einen T\u00f6rn zu unternehmen. Sollte Dein bevorzugter Liegeplatz nicht verf\u00fcgbar sein, versuche es doch einfach sp\u00e4ter nochmals.\t\t\t\t\t\t\t\t<\/div>\n\t\t\t\t<\/div>\n\t\t\t\t\t<\/div>\n\t\t<\/div>\n\t\t\t\t\t<\/div>\n\t\t<\/section>\n\t\t\t\t<section class=\"has_eae_slider elementor-section elementor-top-section elementor-element elementor-element-1652d3f elementor-section-boxed elementor-section-height-default elementor-section-height-default\" data-eae-slider=\"54957\" data-id=\"1652d3f\" data-element_type=\"section\" data-e-type=\"section\">\n\t\t\t\t\t\t<div class=\"elementor-container elementor-column-gap-default\">\n\t\t\t\t\t<div class=\"has_eae_slider elementor-column elementor-col-100 elementor-top-column elementor-element elementor-element-08edbbd\" data-eae-slider=\"51494\" data-id=\"08edbbd\" data-element_type=\"column\" data-e-type=\"column\">\n\t\t\t<div class=\"elementor-widget-wrap elementor-element-populated\">\n\t\t\t\t\t\t<div class=\"elementor-element elementor-element-f5cc31d elementor-widget-divider--view-line elementor-widget elementor-widget-divider\" data-id=\"f5cc31d\" data-element_type=\"widget\" data-e-type=\"widget\" data-widget_type=\"divider.default\">\n\t\t\t\t<div class=\"elementor-widget-container\">\n\t\t\t\t\t\t\t<div class=\"elementor-divider\">\n\t\t\t<span class=\"elementor-divider-separator\">\n\t\t\t\t\t\t<\/span>\n\t\t<\/div>\n\t\t\t\t\t\t<\/div>\n\t\t\t\t<\/div>\n\t\t\t\t\t<\/div>\n\t\t<\/div>\n\t\t\t\t\t<\/div>\n\t\t<\/section>\n\t\t\t\t<section class=\"has_eae_slider elementor-section elementor-top-section elementor-element elementor-element-2ee3bea elementor-section-boxed elementor-section-height-default elementor-section-height-default\" data-eae-slider=\"82852\" data-id=\"2ee3bea\" data-element_type=\"section\" data-e-type=\"section\">\n\t\t\t\t\t\t<div class=\"elementor-container elementor-column-gap-default\">\n\t\t\t\t\t<div class=\"has_eae_slider elementor-column elementor-col-100 elementor-top-column elementor-element elementor-element-29daa4b\" data-eae-slider=\"19333\" data-id=\"29daa4b\" data-element_type=\"column\" data-e-type=\"column\">\n\t\t\t<div class=\"elementor-widget-wrap elementor-element-populated\">\n\t\t\t\t\t\t<div class=\"elementor-element elementor-element-c2a0a38 elementor-widget elementor-widget-heading\" data-id=\"c2a0a38\" data-element_type=\"widget\" data-e-type=\"widget\" data-widget_type=\"heading.default\">\n\t\t\t\t<div class=\"elementor-widget-container\">\n\t\t\t\t\t<h2 class=\"elementor-heading-title elementor-size-default\">Preis<\/h2>\t\t\t\t<\/div>\n\t\t\t\t<\/div>\n\t\t\t\t<div class=\"elementor-element elementor-element-5b35596 elementor-widget elementor-widget-text-editor\" data-id=\"5b35596\" data-element_type=\"widget\" data-e-type=\"widget\" data-widget_type=\"text-editor.default\">\n\t\t\t\t<div class=\"elementor-widget-container\">\n\t\t\t\t\t\t\t\t\tDer in Boatpark angegebene Preis beinhaltet Steuern und eine Provision f\u00fcr Boatpark f\u00fcr seinen Service. Achte darauf, ob die Hafengeb\u00fchr im Preis enthalten ist, den der Liegeplatzinhaber angegeben hat. Wenn die Hafengeb\u00fchr nicht enthalten ist, musst Du die Hafengeb\u00fchr zus\u00e4tzlich beim Check-in direkt an die Hafen-Beh\u00f6rden zahlen. Bitte besuche die Website des Yachthafens, um zu sehen, wie viel der Yachthafen verlangt (f\u00fcr den Link zur Website schaue bitte die Liegeplatz-Beschreibung in der App nach).\t\t\t\t\t\t\t\t<\/div>\n\t\t\t\t<\/div>\n\t\t\t\t\t<\/div>\n\t\t<\/div>\n\t\t\t\t\t<\/div>\n\t\t<\/section>\n\t\t\t\t<section class=\"has_eae_slider elementor-section elementor-top-section elementor-element elementor-element-2297e09 elementor-section-boxed elementor-section-height-default elementor-section-height-default\" data-eae-slider=\"23774\" data-id=\"2297e09\" data-element_type=\"section\" data-e-type=\"section\">\n\t\t\t\t\t\t<div class=\"elementor-container elementor-column-gap-default\">\n\t\t\t\t\t<div class=\"has_eae_slider elementor-column elementor-col-100 elementor-top-column elementor-element elementor-element-341575b\" data-eae-slider=\"45453\" data-id=\"341575b\" data-element_type=\"column\" data-e-type=\"column\">\n\t\t\t<div class=\"elementor-widget-wrap elementor-element-populated\">\n\t\t\t\t\t\t<div class=\"elementor-element elementor-element-a1d1256 elementor-widget-divider--view-line elementor-widget elementor-widget-divider\" data-id=\"a1d1256\" data-element_type=\"widget\" data-e-type=\"widget\" data-widget_type=\"divider.default\">\n\t\t\t\t<div class=\"elementor-widget-container\">\n\t\t\t\t\t\t\t<div class=\"elementor-divider\">\n\t\t\t<span class=\"elementor-divider-separator\">\n\t\t\t\t\t\t<\/span>\n\t\t<\/div>\n\t\t\t\t\t\t<\/div>\n\t\t\t\t<\/div>\n\t\t\t\t\t<\/div>\n\t\t<\/div>\n\t\t\t\t\t<\/div>\n\t\t<\/section>\n\t\t\t\t<section class=\"has_eae_slider elementor-section elementor-top-section elementor-element elementor-element-b86bb2c elementor-section-boxed elementor-section-height-default elementor-section-height-default\" data-eae-slider=\"22880\" data-id=\"b86bb2c\" data-element_type=\"section\" data-e-type=\"section\">\n\t\t\t\t\t\t<div class=\"elementor-container elementor-column-gap-default\">\n\t\t\t\t\t<div class=\"has_eae_slider elementor-column elementor-col-100 elementor-top-column elementor-element elementor-element-b92d2c7\" data-eae-slider=\"52690\" data-id=\"b92d2c7\" data-element_type=\"column\" data-e-type=\"column\">\n\t\t\t<div class=\"elementor-widget-wrap elementor-element-populated\">\n\t\t\t\t\t\t<div class=\"elementor-element elementor-element-b74eef6 elementor-widget elementor-widget-heading\" data-id=\"b74eef6\" data-element_type=\"widget\" data-e-type=\"widget\" data-widget_type=\"heading.default\">\n\t\t\t\t<div class=\"elementor-widget-container\">\n\t\t\t\t\t<h2 class=\"elementor-heading-title elementor-size-default\">Hafen Check-In<\/h2>\t\t\t\t<\/div>\n\t\t\t\t<\/div>\n\t\t\t\t<div class=\"elementor-element elementor-element-0661e01 elementor-widget elementor-widget-text-editor\" data-id=\"0661e01\" data-element_type=\"widget\" data-e-type=\"widget\" data-widget_type=\"text-editor.default\">\n\t\t\t\t<div class=\"elementor-widget-container\">\n\t\t\t\t\t\t\t\t\tBitte \u00fcberpr\u00fcfe die Liegeplatzbeschreibung, ob ein zus\u00e4tzlicher Check-In bei den Hafenbeh\u00f6rden erforderlich ist. Dies ist immer erforderlich, wenn die Hafengeb\u00fchr nicht im Boatpark-Preis enthalten ist. F\u00fcr ein einfacheres Einchecken scanne bitte die ben\u00f6tigten Dokumente in der App mit der Kamera Deines mobilen Ger\u00e4ts und sende die Scans direkt aus der App an die Hafenbeh\u00f6rden (Funktion noch nicht verf\u00fcgbar).\t\t\t\t\t\t\t\t<\/div>\n\t\t\t\t<\/div>\n\t\t\t\t\t<\/div>\n\t\t<\/div>\n\t\t\t\t\t<\/div>\n\t\t<\/section>\n\t\t\t\t<section class=\"has_eae_slider elementor-section elementor-top-section elementor-element elementor-element-34c80d9 elementor-section-boxed elementor-section-height-default elementor-section-height-default\" data-eae-slider=\"62484\" data-id=\"34c80d9\" data-element_type=\"section\" data-e-type=\"section\">\n\t\t\t\t\t\t<div class=\"elementor-container elementor-column-gap-default\">\n\t\t\t\t\t<div class=\"has_eae_slider elementor-column elementor-col-100 elementor-top-column elementor-element elementor-element-03b281d\" data-eae-slider=\"69905\" data-id=\"03b281d\" data-element_type=\"column\" data-e-type=\"column\">\n\t\t\t<div class=\"elementor-widget-wrap elementor-element-populated\">\n\t\t\t\t\t\t<div class=\"elementor-element elementor-element-cd350ff elementor-widget-divider--view-line elementor-widget elementor-widget-divider\" data-id=\"cd350ff\" data-element_type=\"widget\" data-e-type=\"widget\" data-widget_type=\"divider.default\">\n\t\t\t\t<div class=\"elementor-widget-container\">\n\t\t\t\t\t\t\t<div class=\"elementor-divider\">\n\t\t\t<span class=\"elementor-divider-separator\">\n\t\t\t\t\t\t<\/span>\n\t\t<\/div>\n\t\t\t\t\t\t<\/div>\n\t\t\t\t<\/div>\n\t\t\t\t\t<\/div>\n\t\t<\/div>\n\t\t\t\t\t<\/div>\n\t\t<\/section>\n\t\t\t\t<section class=\"has_eae_slider elementor-section elementor-top-section elementor-element elementor-element-125e936 elementor-section-boxed elementor-section-height-default elementor-section-height-default\" data-eae-slider=\"57616\" data-id=\"125e936\" data-element_type=\"section\" data-e-type=\"section\">\n\t\t\t\t\t\t<div class=\"elementor-container elementor-column-gap-default\">\n\t\t\t\t\t<div class=\"has_eae_slider elementor-column elementor-col-100 elementor-top-column elementor-element elementor-element-bd603d5\" data-eae-slider=\"29466\" data-id=\"bd603d5\" data-element_type=\"column\" data-e-type=\"column\">\n\t\t\t<div class=\"elementor-widget-wrap elementor-element-populated\">\n\t\t\t\t\t\t<div class=\"elementor-element elementor-element-20bb7f1 elementor-widget elementor-widget-heading\" data-id=\"20bb7f1\" data-element_type=\"widget\" data-e-type=\"widget\" data-widget_type=\"heading.default\">\n\t\t\t\t<div class=\"elementor-widget-container\">\n\t\t\t\t\t<h2 class=\"elementor-heading-title elementor-size-default\">Stornierung<\/h2>\t\t\t\t<\/div>\n\t\t\t\t<\/div>\n\t\t\t\t<div class=\"elementor-element elementor-element-881c6e2 elementor-widget elementor-widget-text-editor\" data-id=\"881c6e2\" data-element_type=\"widget\" data-e-type=\"widget\" data-widget_type=\"text-editor.default\">\n\t\t\t\t<div class=\"elementor-widget-container\">\n\t\t\t\t\t\t\t\t\tAlle Buchungen auf Boatpark k\u00f6nnen bis 10 Tage vor Beginn der Buchung kostenlos storniert werden. F\u00fcr sp\u00e4tere Stornierungen wird eine Stornogeb\u00fchr erhoben. Bitte beachte die AGBs f\u00fcr Details.\t\t\t\t\t\t\t\t<\/div>\n\t\t\t\t<\/div>\n\t\t\t\t\t<\/div>\n\t\t<\/div>\n\t\t\t\t\t<\/div>\n\t\t<\/section>\n\t\t\t\t<section class=\"has_eae_slider elementor-section elementor-top-section elementor-element elementor-element-dfd23d2 elementor-section-boxed elementor-section-height-default elementor-section-height-default\" data-eae-slider=\"50774\" data-id=\"dfd23d2\" data-element_type=\"section\" data-e-type=\"section\">\n\t\t\t\t\t\t<div class=\"elementor-container elementor-column-gap-default\">\n\t\t\t\t\t<div class=\"has_eae_slider elementor-column elementor-col-100 elementor-top-column elementor-element elementor-element-a931a07\" data-eae-slider=\"54328\" data-id=\"a931a07\" data-element_type=\"column\" data-e-type=\"column\">\n\t\t\t<div class=\"elementor-widget-wrap elementor-element-populated\">\n\t\t\t\t\t\t<div class=\"elementor-element elementor-element-5b968c5 elementor-widget-divider--view-line elementor-widget elementor-widget-divider\" data-id=\"5b968c5\" data-element_type=\"widget\" data-e-type=\"widget\" data-widget_type=\"divider.default\">\n\t\t\t\t<div class=\"elementor-widget-container\">\n\t\t\t\t\t\t\t<div class=\"elementor-divider\">\n\t\t\t<span class=\"elementor-divider-separator\">\n\t\t\t\t\t\t<\/span>\n\t\t<\/div>\n\t\t\t\t\t\t<\/div>\n\t\t\t\t<\/div>\n\t\t\t\t\t<\/div>\n\t\t<\/div>\n\t\t\t\t\t<\/div>\n\t\t<\/section>\n\t\t\t\t<section class=\"has_eae_slider elementor-section elementor-top-section elementor-element elementor-element-36c815d elementor-section-boxed elementor-section-height-default elementor-section-height-default\" data-eae-slider=\"10044\" data-id=\"36c815d\" data-element_type=\"section\" data-e-type=\"section\">\n\t\t\t\t\t\t<div class=\"elementor-container elementor-column-gap-default\">\n\t\t\t\t\t<div class=\"has_eae_slider elementor-column elementor-col-100 elementor-top-column elementor-element elementor-element-2f601d2\" data-eae-slider=\"78409\" data-id=\"2f601d2\" data-element_type=\"column\" data-e-type=\"column\">\n\t\t\t<div class=\"elementor-widget-wrap elementor-element-populated\">\n\t\t\t\t\t\t<div class=\"elementor-element elementor-element-6e9694e elementor-widget elementor-widget-heading\" data-id=\"6e9694e\" data-element_type=\"widget\" data-e-type=\"widget\" data-widget_type=\"heading.default\">\n\t\t\t\t<div class=\"elementor-widget-container\">\n\t\t\t\t\t<h2 class=\"elementor-heading-title elementor-size-default\">Probleme<\/h2>\t\t\t\t<\/div>\n\t\t\t\t<\/div>\n\t\t\t\t<div class=\"elementor-element elementor-element-feeda97 elementor-widget elementor-widget-text-editor\" data-id=\"feeda97\" data-element_type=\"widget\" data-e-type=\"widget\" data-widget_type=\"text-editor.default\">\n\t\t\t\t<div class=\"elementor-widget-container\">\n\t\t\t\t\t\t\t\t\tSolltest Du Probleme haben, z.B. ist der Liegeplatz bei der Ankunftszeit besetzt, wende Dich bitte an Boatpark. Wir werden uns mit dem Eigent\u00fcmer und\/oder dem Yachthafen in Verbindung setzen und versuchen, eine L\u00f6sung zu finden. Wenn der Liegeplatz aus irgendeinem Grund innerhalb von 1 Stunde nach der Startzeit nicht f\u00fcr Deine Nutzung zur Verf\u00fcgung gestellt werden kann, erh\u00e4ltst Du den vollen an Boatpark bezahlten Betrag zur\u00fcck und Deine Buchung wird storniert.\t\t\t\t\t\t\t\t<\/div>\n\t\t\t\t<\/div>\n\t\t\t\t\t<\/div>\n\t\t<\/div>\n\t\t\t\t\t<\/div>\n\t\t<\/section>\n\t\t\t\t<\/div>\n\t\t","protected":false},"excerpt":{"rendered":"<p>Was Du als Mieter wissen musst Was erhalte ich? Es gibt zwei verschiedene Buchungsm\u00f6glichkeiten, die von der App definiert werden und je nach Hafen und individuellem Liegeplatz variieren k\u00f6nnen: Buchung inklusive Marina-Geb\u00fchr (Hafengeb\u00fchr) Buchung ohne Marina-Geb\u00fchr (Hafengeb\u00fchr) Falls der Liegeplatz inklusive Hafengeb\u00fchr definiert ist, ist die Buchung ein tempor\u00e4rer Mietvertrag zwischen dem Liegeplatzinhaber (vertreten durch [&hellip;]<\/p>\n","protected":false},"author":1,"featured_media":0,"parent":3788,"menu_order":1,"comment_status":"closed","ping_status":"closed","template":"elementor_header_footer","meta":{"zakra_sidebar_layout":"customizer","zakra_remove_content_margin":false,"zakra_sidebar":"customizer","zakra_transparent_header":"customizer","zakra_logo":0,"zakra_main_header_style":"default","zakra_menu_item_color":null,"zakra_menu_item_hover_color":"","zakra_menu_item_active_color":"","zakra_menu_active_style":"zakra_menu_active_style","zakra_page_header":false,"footnotes":""},"class_list":["post-3588","page","type-page","status-publish","hentry"],"_links":{"self":[{"href":"https:\/\/boatpark.app\/de\/wp-json\/wp\/v2\/pages\/3588","targetHints":{"allow":["GET"]}}],"collection":[{"href":"https:\/\/boatpark.app\/de\/wp-json\/wp\/v2\/pages"}],"about":[{"href":"https:\/\/boatpark.app\/de\/wp-json\/wp\/v2\/types\/page"}],"author":[{"embeddable":true,"href":"https:\/\/boatpark.app\/de\/wp-json\/wp\/v2\/users\/1"}],"replies":[{"embeddable":true,"href":"https:\/\/boatpark.app\/de\/wp-json\/wp\/v2\/comments?post=3588"}],"version-history":[{"count":6,"href":"https:\/\/boatpark.app\/de\/wp-json\/wp\/v2\/pages\/3588\/revisions"}],"predecessor-version":[{"id":13163,"href":"https:\/\/boatpark.app\/de\/wp-json\/wp\/v2\/pages\/3588\/revisions\/13163"}],"up":[{"embeddable":true,"href":"https:\/\/boatpark.app\/de\/wp-json\/wp\/v2\/pages\/3788"}],"wp:attachment":[{"href":"https:\/\/boatpark.app\/de\/wp-json\/wp\/v2\/media?parent=3588"}],"curies":[{"name":"wp","href":"https:\/\/api.w.org\/{rel}","templated":true}]}}