{"id":3610,"date":"2019-12-17T12:15:52","date_gmt":"2019-12-17T12:15:52","guid":{"rendered":"https:\/\/boatpark.app\/staging\/warum-ueber-boatpark-mieten\/"},"modified":"2024-03-06T21:38:19","modified_gmt":"2024-03-06T21:38:19","slug":"warum-ueber-boatpark-mieten","status":"publish","type":"page","link":"https:\/\/boatpark.app\/de\/zuhause\/wie-es-funktioniert\/warum-ueber-boatpark-mieten\/","title":{"rendered":"Warum \u00fcber Boatpark mieten?"},"content":{"rendered":"\t\t<div data-elementor-type=\"wp-page\" data-elementor-id=\"3610\" class=\"elementor elementor-3610 elementor-1942\" data-elementor-post-type=\"page\">\n\t\t\t\t\t\t<section class=\"has_eae_slider elementor-section elementor-top-section elementor-element elementor-element-b32b7cd elementor-section-content-middle elementor-section-height-min-height elementor-section-full_width elementor-section-stretched elementor-section-height-default elementor-section-items-middle\" data-eae-slider=\"41584\" data-id=\"b32b7cd\" data-element_type=\"section\" data-e-type=\"section\" data-settings=\"{&quot;background_background&quot;:&quot;classic&quot;,&quot;stretch_section&quot;:&quot;section-stretched&quot;}\">\n\t\t\t\t\t\t\t<div class=\"elementor-background-overlay\"><\/div>\n\t\t\t\t\t\t\t<div class=\"elementor-container elementor-column-gap-default\">\n\t\t\t\t\t<div class=\"has_eae_slider elementor-column elementor-col-100 elementor-top-column elementor-element elementor-element-863b16e\" data-eae-slider=\"74110\" data-id=\"863b16e\" data-element_type=\"column\" data-e-type=\"column\">\n\t\t\t<div class=\"elementor-widget-wrap elementor-element-populated\">\n\t\t\t\t\t\t<div class=\"elementor-element elementor-element-e9940fb elementor-widget elementor-widget-heading\" data-id=\"e9940fb\" data-element_type=\"widget\" data-e-type=\"widget\" data-widget_type=\"heading.default\">\n\t\t\t\t<div class=\"elementor-widget-container\">\n\t\t\t\t\t<h4 class=\"elementor-heading-title elementor-size-default\">Warum \u00fcber Boatpark mieten?<\/h4>\t\t\t\t<\/div>\n\t\t\t\t<\/div>\n\t\t\t\t\t<\/div>\n\t\t<\/div>\n\t\t\t\t\t<\/div>\n\t\t<\/section>\n\t\t\t\t<section class=\"has_eae_slider elementor-section elementor-top-section elementor-element elementor-element-d943185 elementor-section-boxed elementor-section-height-default elementor-section-height-default\" data-eae-slider=\"44429\" data-id=\"d943185\" data-element_type=\"section\" data-e-type=\"section\">\n\t\t\t\t\t\t<div class=\"elementor-container elementor-column-gap-default\">\n\t\t\t\t\t<div class=\"has_eae_slider elementor-column elementor-col-100 elementor-top-column elementor-element elementor-element-2728168\" data-eae-slider=\"35817\" data-id=\"2728168\" data-element_type=\"column\" data-e-type=\"column\">\n\t\t\t<div class=\"elementor-widget-wrap elementor-element-populated\">\n\t\t\t\t\t\t<div class=\"elementor-element elementor-element-16a19dd elementor-widget elementor-widget-heading\" data-id=\"16a19dd\" data-element_type=\"widget\" data-e-type=\"widget\" data-widget_type=\"heading.default\">\n\t\t\t\t<div class=\"elementor-widget-container\">\n\t\t\t\t\t<h2 class=\"elementor-heading-title elementor-size-default\">Warum \u00fcber Boatpark mieten?<\/h2>\t\t\t\t<\/div>\n\t\t\t\t<\/div>\n\t\t\t\t<div class=\"elementor-element elementor-element-4dfd3ef elementor-widget elementor-widget-text-editor\" data-id=\"4dfd3ef\" data-element_type=\"widget\" data-e-type=\"widget\" data-widget_type=\"text-editor.default\">\n\t\t\t\t<div class=\"elementor-widget-container\">\n\t\t\t\t\t\t\t\t\t<ul>\r\n \t<li>Finde verf\u00fcgbare Liegepl\u00e4tze in Deiner N\u00e4he <span style=\"text-decoration: underline;\">bequem<\/span> \u00fcber die Kartenansicht auf Deinem mobilen Ger\u00e4t.<\/li>\r\n \t<li>Buche den Platz mit ein paar Klicks und erhalte <span style=\"text-decoration: underline;\">umgehend eine Best\u00e4tigung<\/span>, ohne Funk, Telefon oder e-Mail.<\/li>\r\n \t<li>Direkte <span style=\"text-decoration: underline;\">Zahlung per Kreditkarte<\/span><\/li>\r\n \t<li>Du musst Deine Ankerbucht nicht vorzeitig verlassen: Dein Liegeplatz wird auch <span style=\"text-decoration: underline;\">bei versp\u00e4teter Ankunft f\u00fcr Dich freigehalten<\/span>.<\/li>\r\n \t<li>Sende Deine Dokumente per App an den Yachthafen: Du musst <span style=\"text-decoration: underline;\">nicht anstehen<\/span> f\u00fcr das Check-In bei den Hafenbeh\u00f6rden.<\/li>\r\n<\/ul>\t\t\t\t\t\t\t\t<\/div>\n\t\t\t\t<\/div>\n\t\t\t\t\t<\/div>\n\t\t<\/div>\n\t\t\t\t\t<\/div>\n\t\t<\/section>\n\t\t\t\t<\/div>\n\t\t","protected":false},"excerpt":{"rendered":"<p>Warum \u00fcber Boatpark mieten? Warum \u00fcber Boatpark mieten? Finde verf\u00fcgbare Liegepl\u00e4tze in Deiner N\u00e4he bequem \u00fcber die Kartenansicht auf Deinem mobilen Ger\u00e4t. Buche den Platz mit ein paar Klicks und erhalte umgehend eine Best\u00e4tigung, ohne Funk, Telefon oder e-Mail. Direkte Zahlung per Kreditkarte Du musst Deine Ankerbucht nicht vorzeitig verlassen: Dein Liegeplatz wird auch bei [&hellip;]<\/p>\n","protected":false},"author":1,"featured_media":0,"parent":3788,"menu_order":2,"comment_status":"closed","ping_status":"closed","template":"elementor_header_footer","meta":{"zakra_sidebar_layout":"customizer","zakra_remove_content_margin":false,"zakra_sidebar":"customizer","zakra_transparent_header":"customizer","zakra_logo":0,"zakra_main_header_style":"default","zakra_menu_item_color":null,"zakra_menu_item_hover_color":"","zakra_menu_item_active_color":"","zakra_menu_active_style":"zakra_menu_active_style","zakra_page_header":false,"footnotes":""},"class_list":["post-3610","page","type-page","status-publish","hentry"],"_links":{"self":[{"href":"https:\/\/boatpark.app\/de\/wp-json\/wp\/v2\/pages\/3610","targetHints":{"allow":["GET"]}}],"collection":[{"href":"https:\/\/boatpark.app\/de\/wp-json\/wp\/v2\/pages"}],"about":[{"href":"https:\/\/boatpark.app\/de\/wp-json\/wp\/v2\/types\/page"}],"author":[{"embeddable":true,"href":"https:\/\/boatpark.app\/de\/wp-json\/wp\/v2\/users\/1"}],"replies":[{"embeddable":true,"href":"https:\/\/boatpark.app\/de\/wp-json\/wp\/v2\/comments?post=3610"}],"version-history":[{"count":6,"href":"https:\/\/boatpark.app\/de\/wp-json\/wp\/v2\/pages\/3610\/revisions"}],"predecessor-version":[{"id":13166,"href":"https:\/\/boatpark.app\/de\/wp-json\/wp\/v2\/pages\/3610\/revisions\/13166"}],"up":[{"embeddable":true,"href":"https:\/\/boatpark.app\/de\/wp-json\/wp\/v2\/pages\/3788"}],"wp:attachment":[{"href":"https:\/\/boatpark.app\/de\/wp-json\/wp\/v2\/media?parent=3610"}],"curies":[{"name":"wp","href":"https:\/\/api.w.org\/{rel}","templated":true}]}}