{"id":3640,"date":"2019-12-17T13:04:27","date_gmt":"2019-12-17T13:04:27","guid":{"rendered":"https:\/\/boatpark.app\/staging\/warum-ueber-boatpark-anbieten\/"},"modified":"2024-03-06T21:40:39","modified_gmt":"2024-03-06T21:40:39","slug":"warum-ueber-boatpark-anbieten","status":"publish","type":"page","link":"https:\/\/boatpark.app\/de\/zuhause\/wie-es-funktioniert\/warum-ueber-boatpark-anbieten\/","title":{"rendered":"Warum \u00fcber Boatpark anbieten?"},"content":{"rendered":"\t\t<div data-elementor-type=\"wp-page\" data-elementor-id=\"3640\" class=\"elementor elementor-3640 elementor-1982\" data-elementor-post-type=\"page\">\n\t\t\t\t\t\t<section class=\"has_eae_slider elementor-section elementor-top-section elementor-element elementor-element-40b99d4 elementor-section-content-middle elementor-section-height-min-height elementor-section-full_width elementor-section-stretched elementor-section-height-default elementor-section-items-middle\" data-eae-slider=\"56604\" data-id=\"40b99d4\" data-element_type=\"section\" data-e-type=\"section\" data-settings=\"{&quot;background_background&quot;:&quot;classic&quot;,&quot;stretch_section&quot;:&quot;section-stretched&quot;}\">\n\t\t\t\t\t\t\t<div class=\"elementor-background-overlay\"><\/div>\n\t\t\t\t\t\t\t<div class=\"elementor-container elementor-column-gap-default\">\n\t\t\t\t\t<div class=\"has_eae_slider elementor-column elementor-col-100 elementor-top-column elementor-element elementor-element-f6ae322\" data-eae-slider=\"75246\" data-id=\"f6ae322\" data-element_type=\"column\" data-e-type=\"column\">\n\t\t\t<div class=\"elementor-widget-wrap elementor-element-populated\">\n\t\t\t\t\t\t<div class=\"elementor-element elementor-element-a3b5542 elementor-widget elementor-widget-heading\" data-id=\"a3b5542\" data-element_type=\"widget\" data-e-type=\"widget\" data-widget_type=\"heading.default\">\n\t\t\t\t<div class=\"elementor-widget-container\">\n\t\t\t\t\t<h4 class=\"elementor-heading-title elementor-size-default\">Warum \u00fcber Boatpark anbieten?<\/h4>\t\t\t\t<\/div>\n\t\t\t\t<\/div>\n\t\t\t\t\t<\/div>\n\t\t<\/div>\n\t\t\t\t\t<\/div>\n\t\t<\/section>\n\t\t\t\t<section class=\"has_eae_slider elementor-section elementor-top-section elementor-element elementor-element-bc13445 elementor-section-boxed elementor-section-height-default elementor-section-height-default\" data-eae-slider=\"34060\" data-id=\"bc13445\" data-element_type=\"section\" data-e-type=\"section\">\n\t\t\t\t\t\t<div class=\"elementor-container elementor-column-gap-default\">\n\t\t\t\t\t<div class=\"has_eae_slider elementor-column elementor-col-100 elementor-top-column elementor-element elementor-element-257687c\" data-eae-slider=\"40253\" data-id=\"257687c\" data-element_type=\"column\" data-e-type=\"column\">\n\t\t\t<div class=\"elementor-widget-wrap elementor-element-populated\">\n\t\t\t\t\t\t<div class=\"elementor-element elementor-element-1bdb210 elementor-widget elementor-widget-heading\" data-id=\"1bdb210\" data-element_type=\"widget\" data-e-type=\"widget\" data-widget_type=\"heading.default\">\n\t\t\t\t<div class=\"elementor-widget-container\">\n\t\t\t\t\t<h2 class=\"elementor-heading-title elementor-size-default\">Private Liegeplatz Besitzer<\/h2>\t\t\t\t<\/div>\n\t\t\t\t<\/div>\n\t\t\t\t<div class=\"elementor-element elementor-element-5c2194c elementor-widget elementor-widget-text-editor\" data-id=\"5c2194c\" data-element_type=\"widget\" data-e-type=\"widget\" data-widget_type=\"text-editor.default\">\n\t\t\t\t<div class=\"elementor-widget-container\">\n\t\t\t\t\t\t\t\t\t<ol>\r\n \t<li>Unterst\u00fctze den \u201e<u>Gemeinschaftsgeist<\/u>\u201e, indem Du Deinen Liegeplatz anderen Bootsfahrern anbietest w\u00e4hrend Du ihn nicht benutzt<\/li>\r\n \t<li>Generiere <u>zus\u00e4tzliche Einnahmen<\/u> f\u00fcr Dich und den Yachthafen und senke Deine Fixkosten<\/li>\r\n \t<li>Zeige die Verf\u00fcgbarkeit Deines Liegeplatzes per App <u>von \u00fcberall her<\/u> an, verl\u00e4ngere oder verk\u00fcrze diese von unterwegs<\/li>\r\n \t<li><u>Bewahre Flexibilit\u00e4t<\/u> f\u00fcr eine fr\u00fchzeitige R\u00fcckkehr, indem Du die M\u00f6glichkeit der t\u00e4glichen Buchung nutzt (\u201eday-by-day\u201c Option)<\/li>\r\n \t<li>Erhalte einen zus\u00e4tzlichen <u>Anreiz<\/u>, indem Du Deinen Yachthafen ermutigst, sich bei Boatpark f\u00fcr alle ihre Liegepl\u00e4tze anzumelden und Dich als Empfehler (Referrer) einzutragen (siehe <a href=\"https:\/\/boatpark.app\/staging\/de\/zuhause\/boatpark-ambassador\/\">Boatpark Ambassador<\/a> Programm)<\/li>\r\n<\/ol>\t\t\t\t\t\t\t\t<\/div>\n\t\t\t\t<\/div>\n\t\t\t\t\t<\/div>\n\t\t<\/div>\n\t\t\t\t\t<\/div>\n\t\t<\/section>\n\t\t\t\t<section class=\"has_eae_slider elementor-section elementor-top-section elementor-element elementor-element-1c86d86 elementor-section-boxed elementor-section-height-default elementor-section-height-default\" data-eae-slider=\"66513\" data-id=\"1c86d86\" data-element_type=\"section\" data-e-type=\"section\">\n\t\t\t\t\t\t<div class=\"elementor-container elementor-column-gap-default\">\n\t\t\t\t\t<div class=\"has_eae_slider elementor-column elementor-col-100 elementor-top-column elementor-element elementor-element-2a86b92\" data-eae-slider=\"52467\" data-id=\"2a86b92\" data-element_type=\"column\" data-e-type=\"column\">\n\t\t\t<div class=\"elementor-widget-wrap elementor-element-populated\">\n\t\t\t\t\t\t<div class=\"elementor-element elementor-element-e4daafa elementor-widget-divider--view-line elementor-widget elementor-widget-divider\" data-id=\"e4daafa\" data-element_type=\"widget\" data-e-type=\"widget\" data-widget_type=\"divider.default\">\n\t\t\t\t<div class=\"elementor-widget-container\">\n\t\t\t\t\t\t\t<div class=\"elementor-divider\">\n\t\t\t<span class=\"elementor-divider-separator\">\n\t\t\t\t\t\t<\/span>\n\t\t<\/div>\n\t\t\t\t\t\t<\/div>\n\t\t\t\t<\/div>\n\t\t\t\t\t<\/div>\n\t\t<\/div>\n\t\t\t\t\t<\/div>\n\t\t<\/section>\n\t\t\t\t<section class=\"has_eae_slider elementor-section elementor-top-section elementor-element elementor-element-34f44aa elementor-section-boxed elementor-section-height-default elementor-section-height-default\" data-eae-slider=\"56707\" data-id=\"34f44aa\" data-element_type=\"section\" data-e-type=\"section\">\n\t\t\t\t\t\t<div class=\"elementor-container elementor-column-gap-default\">\n\t\t\t\t\t<div class=\"has_eae_slider elementor-column elementor-col-100 elementor-top-column elementor-element elementor-element-b438af6\" data-eae-slider=\"2660\" data-id=\"b438af6\" data-element_type=\"column\" data-e-type=\"column\">\n\t\t\t<div class=\"elementor-widget-wrap elementor-element-populated\">\n\t\t\t\t\t\t<div class=\"elementor-element elementor-element-7e48fdf elementor-widget elementor-widget-heading\" data-id=\"7e48fdf\" data-element_type=\"widget\" data-e-type=\"widget\" data-widget_type=\"heading.default\">\n\t\t\t\t<div class=\"elementor-widget-container\">\n\t\t\t\t\t<h2 class=\"elementor-heading-title elementor-size-default\">Marinas\/Yachth\u00e4fen<\/h2>\t\t\t\t<\/div>\n\t\t\t\t<\/div>\n\t\t\t\t<div class=\"elementor-element elementor-element-bf90a6e elementor-widget elementor-widget-text-editor\" data-id=\"bf90a6e\" data-element_type=\"widget\" data-e-type=\"widget\" data-widget_type=\"text-editor.default\">\n\t\t\t\t<div class=\"elementor-widget-container\">\n\t\t\t\t\t\t\t\t\t<ol>\r\n<li><u>Verbesserung des Kundenservice<\/u> durch innovativen digitalen Buchungsprozess und erh\u00f6hten Komfort<\/li>\r\n<li>Erhalt eines modernen Online-Reservationssystems <u>ohne Kosten und Risiken<\/u> f\u00fcr den Hafen<\/li>\r\n<li>Reduzierung des Risikos von \u201eNo Shows\u201c durch <u>Vorauszahlung<\/u> bei der Buchung<\/li>\r\n<li><u>Erh\u00f6hung der Auslastung<\/u> des Yachthafens und der damit verbundenen Dienstleistungen (z.B. Gesch\u00e4fte, Restaurants, Tankstellen, etc.).<\/li>\r\n<li><u>Reduzierung des Aufwands<\/u> f\u00fcr das Check-in durch das elektronische \u00dcbermitteln der erforderlichen Dokumente durch den Mieter<\/li>\r\n<li>Beitrag zum <u>Umweltschutz<\/u> durch reduzierten Bedarf an neuer Infrastruktur dank besserer Nutzung der bestehenden Infrastruktur<\/li>\r\n<li><u>Zus\u00e4tzliche Einblicke<\/u> in das Buchungsverhalten der Kunden<\/li>\r\n<li>Option zur <u>Integration<\/u> mit einem bestehenden Reservierungssystem<\/li>\r\n<\/ol>\t\t\t\t\t\t\t\t<\/div>\n\t\t\t\t<\/div>\n\t\t\t\t\t<\/div>\n\t\t<\/div>\n\t\t\t\t\t<\/div>\n\t\t<\/section>\n\t\t\t\t<\/div>\n\t\t","protected":false},"excerpt":{"rendered":"<p>Warum \u00fcber Boatpark anbieten? Private Liegeplatz Besitzer Unterst\u00fctze den \u201eGemeinschaftsgeist\u201e, indem Du Deinen Liegeplatz anderen Bootsfahrern anbietest w\u00e4hrend Du ihn nicht benutzt Generiere zus\u00e4tzliche Einnahmen f\u00fcr Dich und den Yachthafen und senke Deine Fixkosten Zeige die Verf\u00fcgbarkeit Deines Liegeplatzes per App von \u00fcberall her an, verl\u00e4ngere oder verk\u00fcrze diese von unterwegs Bewahre Flexibilit\u00e4t f\u00fcr eine [&hellip;]<\/p>\n","protected":false},"author":1,"featured_media":0,"parent":3788,"menu_order":4,"comment_status":"closed","ping_status":"closed","template":"elementor_header_footer","meta":{"zakra_sidebar_layout":"customizer","zakra_remove_content_margin":false,"zakra_sidebar":"customizer","zakra_transparent_header":"customizer","zakra_logo":0,"zakra_main_header_style":"default","zakra_menu_item_color":null,"zakra_menu_item_hover_color":"","zakra_menu_item_active_color":"","zakra_menu_active_style":"zakra_menu_active_style","zakra_page_header":false,"footnotes":""},"class_list":["post-3640","page","type-page","status-publish","hentry"],"_links":{"self":[{"href":"https:\/\/boatpark.app\/de\/wp-json\/wp\/v2\/pages\/3640","targetHints":{"allow":["GET"]}}],"collection":[{"href":"https:\/\/boatpark.app\/de\/wp-json\/wp\/v2\/pages"}],"about":[{"href":"https:\/\/boatpark.app\/de\/wp-json\/wp\/v2\/types\/page"}],"author":[{"embeddable":true,"href":"https:\/\/boatpark.app\/de\/wp-json\/wp\/v2\/users\/1"}],"replies":[{"embeddable":true,"href":"https:\/\/boatpark.app\/de\/wp-json\/wp\/v2\/comments?post=3640"}],"version-history":[{"count":6,"href":"https:\/\/boatpark.app\/de\/wp-json\/wp\/v2\/pages\/3640\/revisions"}],"predecessor-version":[{"id":13172,"href":"https:\/\/boatpark.app\/de\/wp-json\/wp\/v2\/pages\/3640\/revisions\/13172"}],"up":[{"embeddable":true,"href":"https:\/\/boatpark.app\/de\/wp-json\/wp\/v2\/pages\/3788"}],"wp:attachment":[{"href":"https:\/\/boatpark.app\/de\/wp-json\/wp\/v2\/media?parent=3640"}],"curies":[{"name":"wp","href":"https:\/\/api.w.org\/{rel}","templated":true}]}}