{"id":3656,"date":"2019-12-17T13:13:29","date_gmt":"2019-12-17T13:13:29","guid":{"rendered":"https:\/\/boatpark.app\/staging\/allgemeine-geschaeftsbedingungen-agbs\/"},"modified":"2024-03-06T21:42:22","modified_gmt":"2024-03-06T21:42:22","slug":"allgemeine-geschaeftsbedingungen-agbs","status":"publish","type":"page","link":"https:\/\/boatpark.app\/de\/zuhause\/wie-es-funktioniert\/allgemeine-geschaeftsbedingungen-agbs\/","title":{"rendered":"Allgemeine Gesch\u00e4ftsbedingungen (AGBs)"},"content":{"rendered":"\t\t<div data-elementor-type=\"wp-page\" data-elementor-id=\"3656\" class=\"elementor elementor-3656 elementor-1991\" data-elementor-post-type=\"page\">\n\t\t\t\t\t\t<section class=\"has_eae_slider elementor-section elementor-top-section elementor-element elementor-element-c79d39d elementor-section-content-middle elementor-section-height-min-height elementor-section-full_width elementor-section-stretched elementor-section-height-default elementor-section-items-middle\" data-eae-slider=\"51714\" data-id=\"c79d39d\" data-element_type=\"section\" data-e-type=\"section\" data-settings=\"{&quot;background_background&quot;:&quot;classic&quot;,&quot;stretch_section&quot;:&quot;section-stretched&quot;}\">\n\t\t\t\t\t\t\t<div class=\"elementor-background-overlay\"><\/div>\n\t\t\t\t\t\t\t<div class=\"elementor-container elementor-column-gap-default\">\n\t\t\t\t\t<div class=\"has_eae_slider elementor-column elementor-col-100 elementor-top-column elementor-element elementor-element-9b67bc3\" data-eae-slider=\"49996\" data-id=\"9b67bc3\" data-element_type=\"column\" data-e-type=\"column\">\n\t\t\t<div class=\"elementor-widget-wrap elementor-element-populated\">\n\t\t\t\t\t\t<div class=\"elementor-element elementor-element-a72659f elementor-widget elementor-widget-heading\" data-id=\"a72659f\" data-element_type=\"widget\" data-e-type=\"widget\" data-widget_type=\"heading.default\">\n\t\t\t\t<div class=\"elementor-widget-container\">\n\t\t\t\t\t<h4 class=\"elementor-heading-title elementor-size-default\">Allgemeine Gesch\u00e4ftsbedingungen (AGBs)<\/h4>\t\t\t\t<\/div>\n\t\t\t\t<\/div>\n\t\t\t\t\t<\/div>\n\t\t<\/div>\n\t\t\t\t\t<\/div>\n\t\t<\/section>\n\t\t\t\t<section class=\"has_eae_slider elementor-section elementor-top-section elementor-element elementor-element-9b6273e elementor-section-boxed elementor-section-height-default elementor-section-height-default\" data-eae-slider=\"86654\" data-id=\"9b6273e\" data-element_type=\"section\" data-e-type=\"section\">\n\t\t\t\t\t\t<div class=\"elementor-container elementor-column-gap-default\">\n\t\t\t\t\t<div class=\"has_eae_slider elementor-column elementor-col-50 elementor-top-column elementor-element elementor-element-d732595\" data-eae-slider=\"18400\" data-id=\"d732595\" data-element_type=\"column\" data-e-type=\"column\">\n\t\t\t<div class=\"elementor-widget-wrap elementor-element-populated\">\n\t\t\t\t\t\t<div class=\"elementor-element elementor-element-b23393f elementor-widget elementor-widget-heading\" data-id=\"b23393f\" data-element_type=\"widget\" data-e-type=\"widget\" data-widget_type=\"heading.default\">\n\t\t\t\t<div class=\"elementor-widget-container\">\n\t\t\t\t\t<h2 class=\"elementor-heading-title elementor-size-default\">Plattform AGBs<\/h2>\t\t\t\t<\/div>\n\t\t\t\t<\/div>\n\t\t\t\t<div class=\"elementor-element elementor-element-2377708 elementor-widget elementor-widget-text-editor\" data-id=\"2377708\" data-element_type=\"widget\" data-e-type=\"widget\" data-widget_type=\"text-editor.default\">\n\t\t\t\t<div class=\"elementor-widget-container\">\n\t\t\t\t\t\t\t\t\t<p>Die Allgemeinen Gesch\u00e4ftsbedingungen f\u00fcr alle Nutzer der Boatpark-Plattform findest Du <span style=\"text-decoration: underline;\"><a href=\"http:\/\/boatpark.app\/de\/zuhause\/wie-es-funktioniert\/allgemeine-geschaeftsbedingungen-agbs\/agb-dokumente\/\">hier<\/a><\/span>. Diese gelten f\u00fcr alle Interaktionskan\u00e4le mit Boatpark wie Webseite oder mobile Anwendung.<\/p>\t\t\t\t\t\t\t\t<\/div>\n\t\t\t\t<\/div>\n\t\t\t\t\t<\/div>\n\t\t<\/div>\n\t\t\t\t<div class=\"has_eae_slider elementor-column elementor-col-50 elementor-top-column elementor-element elementor-element-4ce2a04\" data-eae-slider=\"16064\" data-id=\"4ce2a04\" data-element_type=\"column\" data-e-type=\"column\">\n\t\t\t<div class=\"elementor-widget-wrap elementor-element-populated\">\n\t\t\t\t\t\t<div class=\"elementor-element elementor-element-ec29b96 elementor-widget elementor-widget-heading\" data-id=\"ec29b96\" data-element_type=\"widget\" data-e-type=\"widget\" data-widget_type=\"heading.default\">\n\t\t\t\t<div class=\"elementor-widget-container\">\n\t\t\t\t\t<h2 class=\"elementor-heading-title elementor-size-default\">Datenschutz<\/h2>\t\t\t\t<\/div>\n\t\t\t\t<\/div>\n\t\t\t\t<div class=\"elementor-element elementor-element-a371bc0 elementor-widget elementor-widget-text-editor\" data-id=\"a371bc0\" data-element_type=\"widget\" data-e-type=\"widget\" data-widget_type=\"text-editor.default\">\n\t\t\t\t<div class=\"elementor-widget-container\">\n\t\t\t\t\t\t\t\t\t<p>Datenschutz und Sicherheit haben f\u00fcr uns eine hohe Priorit\u00e4t. Die aktuelle Version unserer Datenschutzrichtlinien kannst Du <span style=\"text-decoration: underline;\"><a href=\"http:\/\/boatpark.app\/de\/zuhause\/wie-es-funktioniert\/allgemeine-geschaeftsbedingungen-agbs\/agb-dokumente\/\">hier<\/a><\/span> herunterladen.<\/p>\t\t\t\t\t\t\t\t<\/div>\n\t\t\t\t<\/div>\n\t\t\t\t\t<\/div>\n\t\t<\/div>\n\t\t\t\t\t<\/div>\n\t\t<\/section>\n\t\t\t\t<\/div>\n\t\t","protected":false},"excerpt":{"rendered":"<p>Allgemeine Gesch\u00e4ftsbedingungen (AGBs) Plattform AGBs Die Allgemeinen Gesch\u00e4ftsbedingungen f\u00fcr alle Nutzer der Boatpark-Plattform findest Du hier. Diese gelten f\u00fcr alle Interaktionskan\u00e4le mit Boatpark wie Webseite oder mobile Anwendung. Datenschutz Datenschutz und Sicherheit haben f\u00fcr uns eine hohe Priorit\u00e4t. Die aktuelle Version unserer Datenschutzrichtlinien kannst Du hier herunterladen.<\/p>\n","protected":false},"author":1,"featured_media":0,"parent":3788,"menu_order":6,"comment_status":"closed","ping_status":"closed","template":"elementor_header_footer","meta":{"zakra_sidebar_layout":"customizer","zakra_remove_content_margin":false,"zakra_sidebar":"customizer","zakra_transparent_header":"customizer","zakra_logo":0,"zakra_main_header_style":"default","zakra_menu_item_color":null,"zakra_menu_item_hover_color":"","zakra_menu_item_active_color":"","zakra_menu_active_style":"zakra_menu_active_style","zakra_page_header":false,"footnotes":""},"class_list":["post-3656","page","type-page","status-publish","hentry"],"_links":{"self":[{"href":"https:\/\/boatpark.app\/de\/wp-json\/wp\/v2\/pages\/3656","targetHints":{"allow":["GET"]}}],"collection":[{"href":"https:\/\/boatpark.app\/de\/wp-json\/wp\/v2\/pages"}],"about":[{"href":"https:\/\/boatpark.app\/de\/wp-json\/wp\/v2\/types\/page"}],"author":[{"embeddable":true,"href":"https:\/\/boatpark.app\/de\/wp-json\/wp\/v2\/users\/1"}],"replies":[{"embeddable":true,"href":"https:\/\/boatpark.app\/de\/wp-json\/wp\/v2\/comments?post=3656"}],"version-history":[{"count":8,"href":"https:\/\/boatpark.app\/de\/wp-json\/wp\/v2\/pages\/3656\/revisions"}],"predecessor-version":[{"id":13175,"href":"https:\/\/boatpark.app\/de\/wp-json\/wp\/v2\/pages\/3656\/revisions\/13175"}],"up":[{"embeddable":true,"href":"https:\/\/boatpark.app\/de\/wp-json\/wp\/v2\/pages\/3788"}],"wp:attachment":[{"href":"https:\/\/boatpark.app\/de\/wp-json\/wp\/v2\/media?parent=3656"}],"curies":[{"name":"wp","href":"https:\/\/api.w.org\/{rel}","templated":true}]}}