{"id":3700,"date":"2019-12-18T04:51:03","date_gmt":"2019-12-18T04:51:03","guid":{"rendered":"https:\/\/boatpark.app\/staging\/zuhause\/was-wir-tun\/"},"modified":"2022-05-06T12:43:26","modified_gmt":"2022-05-06T12:43:26","slug":"was-wir-tun","status":"publish","type":"page","link":"https:\/\/boatpark.app\/de\/zuhause\/was-wir-tun\/","title":{"rendered":"Was wir tun"},"content":{"rendered":"\t\t<div data-elementor-type=\"wp-page\" data-elementor-id=\"3700\" class=\"elementor elementor-3700 elementor-1597\" data-elementor-post-type=\"page\">\n\t\t\t\t\t\t<section class=\"has_eae_slider elementor-section elementor-top-section elementor-element elementor-element-c094ec4 elementor-section-content-middle elementor-section-height-min-height elementor-section-full_width elementor-section-stretched elementor-section-height-default elementor-section-items-middle\" data-eae-slider=\"94866\" data-id=\"c094ec4\" data-element_type=\"section\" data-e-type=\"section\" data-settings=\"{&quot;background_background&quot;:&quot;classic&quot;,&quot;stretch_section&quot;:&quot;section-stretched&quot;}\">\n\t\t\t\t\t\t\t<div class=\"elementor-background-overlay\"><\/div>\n\t\t\t\t\t\t\t<div class=\"elementor-container elementor-column-gap-default\">\n\t\t\t\t\t<div class=\"has_eae_slider elementor-column elementor-col-100 elementor-top-column elementor-element elementor-element-f8f2c60\" data-eae-slider=\"6767\" data-id=\"f8f2c60\" data-element_type=\"column\" data-e-type=\"column\">\n\t\t\t<div class=\"elementor-widget-wrap elementor-element-populated\">\n\t\t\t\t\t\t<div class=\"elementor-element elementor-element-6c1f10a elementor-widget elementor-widget-heading\" data-id=\"6c1f10a\" data-element_type=\"widget\" data-e-type=\"widget\" data-widget_type=\"heading.default\">\n\t\t\t\t<div class=\"elementor-widget-container\">\n\t\t\t\t\t<h4 class=\"elementor-heading-title elementor-size-default\">Was wir tun<\/h4>\t\t\t\t<\/div>\n\t\t\t\t<\/div>\n\t\t\t\t\t<\/div>\n\t\t<\/div>\n\t\t\t\t\t<\/div>\n\t\t<\/section>\n\t\t\t\t<section class=\"has_eae_slider elementor-section elementor-top-section elementor-element elementor-element-ea4b6f1 elementor-section-boxed elementor-section-height-default elementor-section-height-default\" data-eae-slider=\"50429\" data-id=\"ea4b6f1\" data-element_type=\"section\" data-e-type=\"section\">\n\t\t\t\t\t\t<div class=\"elementor-container elementor-column-gap-default\">\n\t\t\t\t\t<div class=\"has_eae_slider elementor-column elementor-col-100 elementor-top-column elementor-element elementor-element-d642d20\" data-eae-slider=\"4142\" data-id=\"d642d20\" data-element_type=\"column\" data-e-type=\"column\">\n\t\t\t<div class=\"elementor-widget-wrap elementor-element-populated\">\n\t\t\t\t\t\t<div class=\"elementor-element elementor-element-3a1e4e0 elementor-widget elementor-widget-heading\" data-id=\"3a1e4e0\" data-element_type=\"widget\" data-e-type=\"widget\" data-widget_type=\"heading.default\">\n\t\t\t\t<div class=\"elementor-widget-container\">\n\t\t\t\t\t<h2 class=\"elementor-heading-title elementor-size-default\">Unser Angebot<\/h2>\t\t\t\t<\/div>\n\t\t\t\t<\/div>\n\t\t\t\t<div class=\"elementor-element elementor-element-2cce158 elementor-widget elementor-widget-text-editor\" data-id=\"2cce158\" data-element_type=\"widget\" data-e-type=\"widget\" data-widget_type=\"text-editor.default\">\n\t\t\t\t<div class=\"elementor-widget-container\">\n\t\t\t\t\t\t\t\t\tBoatpark ist eine Vermittlungs-Plattform f\u00fcr die kurzfristige Nutzung von Bootsliegepl\u00e4tzen. Diese Plattform erm\u00f6glicht es Yachth\u00e4fen und privaten Liegeplatzbesitzern, ihre Liegepl\u00e4tze zu bestimmten Tagen und Preisen tempor\u00e4r zu vermieten. Die Nutzer k\u00f6nnen den Liegeplatz per Mobile-App jederzeit und von jedem Ort aus buchen, ohne Funk, Telefon oder E-Mail nutzen zu m\u00fcssen. Das Inkasso von Nutzern und die R\u00fcckerstattung an den Liegeplatzbesitzer\/Yachthafen wird von Boatpark \u00fcbernommen. Die Mobile-App wird regelm\u00e4\u00dfig um zus\u00e4tzliche Funktionen erweitert.\r\nMit unserem Service helfen wir Bootsfahrern auf der ganzen Welt, einen sicheren Liegeplatz zu finden und ihn mit wenigen Klicks \u00fcber eine Mobile-App zu buchen. F\u00fcr Yachth\u00e4fen erh\u00f6hen wir die Auslastung ihrer Einrichtungen und reduzieren den Aufwand f\u00fcr das Check-in-Verfahren deutlich, so dass der Kundenservice noch st\u00e4rker in den Fokus r\u00fcckt. F\u00fcr private Liegeplatzbesitzer und Yachth\u00e4fen ist dies die M\u00f6glichkeit, zus\u00e4tzliche Einnahmen aus Liegepl\u00e4tzen zu erzielen, w\u00e4hrend sie nicht genutzt werden.\t\t\t\t\t\t\t\t<\/div>\n\t\t\t\t<\/div>\n\t\t\t\t\t<\/div>\n\t\t<\/div>\n\t\t\t\t\t<\/div>\n\t\t<\/section>\n\t\t\t\t<section class=\"has_eae_slider elementor-section elementor-top-section elementor-element elementor-element-bf94eec elementor-section-boxed elementor-section-height-default elementor-section-height-default\" data-eae-slider=\"51429\" data-id=\"bf94eec\" data-element_type=\"section\" data-e-type=\"section\">\n\t\t\t\t\t\t<div class=\"elementor-container elementor-column-gap-default\">\n\t\t\t\t\t<div class=\"has_eae_slider elementor-column elementor-col-100 elementor-top-column elementor-element elementor-element-0755f55\" data-eae-slider=\"99700\" data-id=\"0755f55\" data-element_type=\"column\" data-e-type=\"column\">\n\t\t\t<div class=\"elementor-widget-wrap elementor-element-populated\">\n\t\t\t\t\t\t<div class=\"elementor-element elementor-element-f6f3349 elementor-widget-divider--view-line elementor-widget elementor-widget-divider\" data-id=\"f6f3349\" data-element_type=\"widget\" data-e-type=\"widget\" data-widget_type=\"divider.default\">\n\t\t\t\t<div class=\"elementor-widget-container\">\n\t\t\t\t\t\t\t<div class=\"elementor-divider\">\n\t\t\t<span class=\"elementor-divider-separator\">\n\t\t\t\t\t\t<\/span>\n\t\t<\/div>\n\t\t\t\t\t\t<\/div>\n\t\t\t\t<\/div>\n\t\t\t\t\t<\/div>\n\t\t<\/div>\n\t\t\t\t\t<\/div>\n\t\t<\/section>\n\t\t\t\t<section class=\"has_eae_slider elementor-section elementor-top-section elementor-element elementor-element-336113f elementor-section-boxed elementor-section-height-default elementor-section-height-default\" data-eae-slider=\"11191\" data-id=\"336113f\" data-element_type=\"section\" data-e-type=\"section\" data-settings=\"{&quot;background_background&quot;:&quot;classic&quot;,&quot;shape_divider_top&quot;:&quot;arrow&quot;,&quot;animation&quot;:&quot;none&quot;}\">\n\t\t\t\t\t<div class=\"elementor-shape elementor-shape-top\" aria-hidden=\"true\" data-negative=\"false\">\n\t\t\t<svg xmlns=\"http:\/\/www.w3.org\/2000\/svg\" viewBox=\"0 0 700 10\" preserveAspectRatio=\"none\">\n\t<path class=\"elementor-shape-fill\" d=\"M350,10L340,0h20L350,10z\"\/>\n<\/svg>\t\t<\/div>\n\t\t\t\t\t<div class=\"elementor-container elementor-column-gap-default\">\n\t\t\t\t\t<div class=\"has_eae_slider elementor-column elementor-col-100 elementor-top-column elementor-element elementor-element-2c12c45\" data-eae-slider=\"61522\" data-id=\"2c12c45\" data-element_type=\"column\" data-e-type=\"column\">\n\t\t\t<div class=\"elementor-widget-wrap elementor-element-populated\">\n\t\t\t\t\t\t<div class=\"elementor-element elementor-element-1776da1 elementor-widget elementor-widget-heading\" data-id=\"1776da1\" data-element_type=\"widget\" data-e-type=\"widget\" data-widget_type=\"heading.default\">\n\t\t\t\t<div class=\"elementor-widget-container\">\n\t\t\t\t\t<h2 class=\"elementor-heading-title elementor-size-default\">Unsere Ambitionen<\/h2>\t\t\t\t<\/div>\n\t\t\t\t<\/div>\n\t\t\t\t<div class=\"elementor-element elementor-element-8af6d62 elementor-widget elementor-widget-text-editor\" data-id=\"8af6d62\" data-element_type=\"widget\" data-e-type=\"widget\" data-widget_type=\"text-editor.default\">\n\t\t\t\t<div class=\"elementor-widget-container\">\n\t\t\t\t\t\t\t\t\tWir sind bestrebt, die Nutzung der knappen Ressource \u00abBootsliegeplatz\u00bb weltweit zu verbessern, ungenutzte und leere Liegepl\u00e4tze zu vermeiden und gleichzeitig den Buchungsprozess f\u00fcr H\u00e4fen und Bootsfahrer durch den innovativen Einsatz mobiler Technologien zu vereinfachen. Wir tragen zum Umweltschutz bei, indem wir durch die optimierte Nutzung der bestehenden Infrastruktur den Bedarf an neuer Infrastruktur reduzieren.<br\/>\r\n\r\nLiegepl\u00e4tze weltweit, am Meer, an Fl\u00fcssen und Seen, werden \u00fcber unsere Plattform vermittelt, und wir sind bestrebt, unsere Dienstleistungen f\u00fcr die globale Bootsbranche st\u00e4ndig zu erweitern.\t\t\t\t\t\t\t\t<\/div>\n\t\t\t\t<\/div>\n\t\t\t\t\t<\/div>\n\t\t<\/div>\n\t\t\t\t\t<\/div>\n\t\t<\/section>\n\t\t\t\t<section class=\"has_eae_slider elementor-section elementor-top-section elementor-element elementor-element-e831b31 elementor-section-height-min-height elementor-section-boxed elementor-section-height-default elementor-section-items-middle\" data-eae-slider=\"20743\" data-id=\"e831b31\" data-element_type=\"section\" data-e-type=\"section\">\n\t\t\t\t\t\t<div class=\"elementor-container elementor-column-gap-default\">\n\t\t\t\t\t<div class=\"has_eae_slider elementor-column elementor-col-100 elementor-top-column elementor-element elementor-element-f1c8a9f\" data-eae-slider=\"88989\" data-id=\"f1c8a9f\" data-element_type=\"column\" data-e-type=\"column\">\n\t\t\t<div class=\"elementor-widget-wrap\">\n\t\t\t\t\t\t\t<\/div>\n\t\t<\/div>\n\t\t\t\t\t<\/div>\n\t\t<\/section>\n\t\t\t\t<\/div>\n\t\t","protected":false},"excerpt":{"rendered":"<p>Was wir tun Unser Angebot Boatpark ist eine Vermittlungs-Plattform f\u00fcr die kurzfristige Nutzung von Bootsliegepl\u00e4tzen. Diese Plattform erm\u00f6glicht es Yachth\u00e4fen und privaten Liegeplatzbesitzern, ihre Liegepl\u00e4tze zu bestimmten Tagen und Preisen tempor\u00e4r zu vermieten. Die Nutzer k\u00f6nnen den Liegeplatz per Mobile-App jederzeit und von jedem Ort aus buchen, ohne Funk, Telefon oder E-Mail nutzen zu m\u00fcssen. [&hellip;]<\/p>\n","protected":false},"author":1,"featured_media":0,"parent":3686,"menu_order":1,"comment_status":"closed","ping_status":"closed","template":"elementor_header_footer","meta":{"zakra_sidebar_layout":"customizer","zakra_remove_content_margin":false,"zakra_sidebar":"customizer","zakra_transparent_header":"customizer","zakra_logo":0,"zakra_main_header_style":"default","zakra_menu_item_color":null,"zakra_menu_item_hover_color":"","zakra_menu_item_active_color":"","zakra_menu_active_style":"zakra_menu_active_style","zakra_page_header":false,"footnotes":""},"class_list":["post-3700","page","type-page","status-publish","hentry"],"_links":{"self":[{"href":"https:\/\/boatpark.app\/de\/wp-json\/wp\/v2\/pages\/3700","targetHints":{"allow":["GET"]}}],"collection":[{"href":"https:\/\/boatpark.app\/de\/wp-json\/wp\/v2\/pages"}],"about":[{"href":"https:\/\/boatpark.app\/de\/wp-json\/wp\/v2\/types\/page"}],"author":[{"embeddable":true,"href":"https:\/\/boatpark.app\/de\/wp-json\/wp\/v2\/users\/1"}],"replies":[{"embeddable":true,"href":"https:\/\/boatpark.app\/de\/wp-json\/wp\/v2\/comments?post=3700"}],"version-history":[{"count":3,"href":"https:\/\/boatpark.app\/de\/wp-json\/wp\/v2\/pages\/3700\/revisions"}],"predecessor-version":[{"id":10800,"href":"https:\/\/boatpark.app\/de\/wp-json\/wp\/v2\/pages\/3700\/revisions\/10800"}],"up":[{"embeddable":true,"href":"https:\/\/boatpark.app\/de\/wp-json\/wp\/v2\/pages\/3686"}],"wp:attachment":[{"href":"https:\/\/boatpark.app\/de\/wp-json\/wp\/v2\/media?parent=3700"}],"curies":[{"name":"wp","href":"https:\/\/api.w.org\/{rel}","templated":true}]}}