{"id":3559,"date":"2019-12-16T12:37:11","date_gmt":"2019-12-16T12:37:11","guid":{"rendered":"https:\/\/boatpark.app\/staging\/parqueo-disponible\/"},"modified":"2022-10-31T11:47:08","modified_gmt":"2022-10-31T11:47:08","slug":"parqueo-disponible","status":"publish","type":"page","link":"https:\/\/boatpark.app\/es\/parqueo-disponible\/","title":{"rendered":"Parqueo disponible"},"content":{"rendered":"\t\t<div data-elementor-type=\"wp-page\" data-elementor-id=\"3559\" class=\"elementor elementor-3559 elementor-3273\" data-elementor-post-type=\"page\">\n\t\t\t\t\t\t<section class=\"has_eae_slider elementor-section elementor-top-section elementor-element elementor-element-6b1ae9f elementor-section-content-middle elementor-section-height-min-height elementor-section-full_width elementor-section-stretched elementor-section-height-default elementor-section-items-middle\" data-eae-slider=\"41531\" data-id=\"6b1ae9f\" data-element_type=\"section\" data-e-type=\"section\" data-settings=\"{&quot;background_background&quot;:&quot;classic&quot;,&quot;stretch_section&quot;:&quot;section-stretched&quot;}\">\n\t\t\t\t\t\t\t<div class=\"elementor-background-overlay\"><\/div>\n\t\t\t\t\t\t\t<div class=\"elementor-container elementor-column-gap-default\">\n\t\t\t\t\t<div class=\"has_eae_slider elementor-column elementor-col-100 elementor-top-column elementor-element elementor-element-8f03cb4\" data-eae-slider=\"9994\" data-id=\"8f03cb4\" data-element_type=\"column\" data-e-type=\"column\">\n\t\t\t<div class=\"elementor-widget-wrap elementor-element-populated\">\n\t\t\t\t\t\t<div class=\"elementor-element elementor-element-daf14c7 elementor-widget elementor-widget-heading\" data-id=\"daf14c7\" data-element_type=\"widget\" data-e-type=\"widget\" data-widget_type=\"heading.default\">\n\t\t\t\t<div class=\"elementor-widget-container\">\n\t\t\t\t\t<h4 class=\"elementor-heading-title elementor-size-default\">Parqueo disponible<\/h4>\t\t\t\t<\/div>\n\t\t\t\t<\/div>\n\t\t\t\t\t<\/div>\n\t\t<\/div>\n\t\t\t\t\t<\/div>\n\t\t<\/section>\n\t\t\t\t<section class=\"has_eae_slider elementor-section elementor-top-section elementor-element elementor-element-d006db0 elementor-section-boxed elementor-section-height-default elementor-section-height-default\" data-eae-slider=\"52768\" data-id=\"d006db0\" data-element_type=\"section\" data-e-type=\"section\">\n\t\t\t\t\t\t<div class=\"elementor-container elementor-column-gap-default\">\n\t\t\t\t\t<div class=\"has_eae_slider elementor-column elementor-col-50 elementor-top-column elementor-element elementor-element-71f2693\" data-eae-slider=\"24196\" data-id=\"71f2693\" data-element_type=\"column\" data-e-type=\"column\">\n\t\t\t<div class=\"elementor-widget-wrap elementor-element-populated\">\n\t\t\t\t\t\t<div class=\"elementor-element elementor-element-dfedf2f elementor-widget elementor-widget-image\" data-id=\"dfedf2f\" data-element_type=\"widget\" data-e-type=\"widget\" data-widget_type=\"image.default\">\n\t\t\t\t<div class=\"elementor-widget-container\">\n\t\t\t\t\t\t\t\t\t\t\t\t\t\t\t<img decoding=\"async\" width=\"300\" height=\"99\" src=\"https:\/\/boatpark.app\/wp-content\/uploads\/2019\/12\/Ampel_gruen.png\" class=\"attachment-large size-large wp-image-3490\" alt=\"\" \/>\t\t\t\t\t\t\t\t\t\t\t\t\t\t\t<\/div>\n\t\t\t\t<\/div>\n\t\t\t\t\t<\/div>\n\t\t<\/div>\n\t\t\t\t<div class=\"has_eae_slider elementor-column elementor-col-50 elementor-top-column elementor-element elementor-element-c557f6d\" data-eae-slider=\"77873\" data-id=\"c557f6d\" data-element_type=\"column\" data-e-type=\"column\">\n\t\t\t<div class=\"elementor-widget-wrap\">\n\t\t\t\t\t\t\t<\/div>\n\t\t<\/div>\n\t\t\t\t\t<\/div>\n\t\t<\/section>\n\t\t\t\t<section class=\"has_eae_slider elementor-section elementor-top-section elementor-element elementor-element-ebb9e3f elementor-section-boxed elementor-section-height-default elementor-section-height-default\" data-eae-slider=\"99402\" data-id=\"ebb9e3f\" data-element_type=\"section\" data-e-type=\"section\">\n\t\t\t\t\t\t<div class=\"elementor-container elementor-column-gap-default\">\n\t\t\t\t\t<div class=\"has_eae_slider elementor-column elementor-col-100 elementor-top-column elementor-element elementor-element-9015638\" data-eae-slider=\"29312\" data-id=\"9015638\" data-element_type=\"column\" data-e-type=\"column\">\n\t\t\t<div class=\"elementor-widget-wrap elementor-element-populated\">\n\t\t\t\t\t\t<div class=\"elementor-element elementor-element-0952f79 elementor-widget elementor-widget-text-editor\" data-id=\"0952f79\" data-element_type=\"widget\" data-e-type=\"widget\" data-widget_type=\"text-editor.default\">\n\t\t\t\t<div class=\"elementor-widget-container\">\n\t\t\t\t\t\t\t\t\t<p>El parqueo est\u00e1 disponible y se puede utilizar durante una noche. <br \/>Para evitar dobles reservas, le rogamos reservar el amarre <span style=\"color: #ff0000;\"><strong>antes de atracar su barco<\/strong><\/span> con la capitan\u00eda del puerto o directamente a trav\u00e9s del Boatpark-App: <span style=\"text-decoration: underline;\"><a href=\"https:\/\/boatpark.app\/es\/\">www.boatpark.app<\/a><\/span><\/p><p><span style=\"text-decoration: underline;\"><a href=\"https:\/\/boatpark.app\/de\/liegeplatz-verfuegbar\/\">Deutsch<\/a><\/span> &#8211; <span style=\"text-decoration: underline;\"><a href=\"https:\/\/boatpark.app\/mooring-available\/\">English<\/a><\/span> &#8211; <span style=\"text-decoration: underline;\"><span style=\"text-decoration-line: underline;\"><a href=\"https:\/\/boatpark.app\/fr\/poste-damarrage-disponible\/\">Fran\u00e7ais<\/a><\/span><\/span> &#8211; <span style=\"text-decoration: underline;\"><a href=\"https:\/\/boatpark.app\/it\/posto-barca-disponibile\/\">Italiano<\/a><\/span><\/p>\t\t\t\t\t\t\t\t<\/div>\n\t\t\t\t<\/div>\n\t\t\t\t<section class=\"has_eae_slider elementor-section elementor-inner-section elementor-element elementor-element-0fd0531 elementor-section-boxed elementor-section-height-default elementor-section-height-default\" data-eae-slider=\"36851\" data-id=\"0fd0531\" data-element_type=\"section\" data-e-type=\"section\">\n\t\t\t\t\t\t<div class=\"elementor-container elementor-column-gap-default\">\n\t\t\t\t\t<div class=\"has_eae_slider elementor-column elementor-col-50 elementor-inner-column elementor-element elementor-element-6864650\" data-eae-slider=\"47056\" data-id=\"6864650\" data-element_type=\"column\" data-e-type=\"column\">\n\t\t\t<div class=\"elementor-widget-wrap elementor-element-populated\">\n\t\t\t\t\t\t<div class=\"elementor-element elementor-element-7491900 elementor-widget elementor-widget-image\" data-id=\"7491900\" data-element_type=\"widget\" data-e-type=\"widget\" data-widget_type=\"image.default\">\n\t\t\t\t<div class=\"elementor-widget-container\">\n\t\t\t\t\t\t\t\t\t\t\t\t\t\t\t\t<a href=\"https:\/\/apps.apple.com\/app\/id1466777753\">\n\t\t\t\t\t\t\t<img decoding=\"async\" width=\"186\" height=\"55\" src=\"https:\/\/boatpark.app\/wp-content\/uploads\/2019\/12\/load-from-app-store.jpg\" class=\"attachment-large size-large wp-image-12011\" alt=\"\" \/>\t\t\t\t\t\t\t\t<\/a>\n\t\t\t\t\t\t\t\t\t\t\t\t\t\t\t<\/div>\n\t\t\t\t<\/div>\n\t\t\t\t\t<\/div>\n\t\t<\/div>\n\t\t\t\t<div class=\"has_eae_slider elementor-column elementor-col-50 elementor-inner-column elementor-element elementor-element-11f63f8\" data-eae-slider=\"231\" data-id=\"11f63f8\" data-element_type=\"column\" data-e-type=\"column\">\n\t\t\t<div class=\"elementor-widget-wrap elementor-element-populated\">\n\t\t\t\t\t\t<div class=\"elementor-element elementor-element-67c5a38 elementor-widget elementor-widget-image\" data-id=\"67c5a38\" data-element_type=\"widget\" data-e-type=\"widget\" data-widget_type=\"image.default\">\n\t\t\t\t<div class=\"elementor-widget-container\">\n\t\t\t\t\t\t\t\t\t\t\t\t\t\t\t\t<a href=\"https:\/\/play.google.com\/store\/apps\/details?id=com.boatpark\">\n\t\t\t\t\t\t\t<img decoding=\"async\" width=\"186\" height=\"55\" src=\"https:\/\/boatpark.app\/wp-content\/uploads\/2019\/12\/google-play-2.png\" class=\"attachment-large size-large wp-image-12010\" alt=\"\" \/>\t\t\t\t\t\t\t\t<\/a>\n\t\t\t\t\t\t\t\t\t\t\t\t\t\t\t<\/div>\n\t\t\t\t<\/div>\n\t\t\t\t\t<\/div>\n\t\t<\/div>\n\t\t\t\t\t<\/div>\n\t\t<\/section>\n\t\t\t\t\t<\/div>\n\t\t<\/div>\n\t\t\t\t\t<\/div>\n\t\t<\/section>\n\t\t\t\t<\/div>\n\t\t","protected":false},"excerpt":{"rendered":"<p>Parqueo disponible El parqueo est\u00e1 disponible y se puede utilizar durante una noche. Para evitar dobles reservas, le rogamos reservar el amarre antes de atracar su barco con la capitan\u00eda del puerto o directamente a trav\u00e9s del Boatpark-App: www.boatpark.app Deutsch &#8211; English &#8211; Fran\u00e7ais &#8211; Italiano<\/p>\n","protected":false},"author":1,"featured_media":0,"parent":0,"menu_order":9,"comment_status":"closed","ping_status":"closed","template":"elementor_header_footer","meta":{"zakra_sidebar_layout":"customizer","zakra_remove_content_margin":false,"zakra_sidebar":"customizer","zakra_transparent_header":"customizer","zakra_logo":0,"zakra_main_header_style":"default","zakra_menu_item_color":null,"zakra_menu_item_hover_color":"","zakra_menu_item_active_color":"","zakra_menu_active_style":"zakra_menu_active_style","zakra_page_header":false,"footnotes":""},"class_list":["post-3559","page","type-page","status-publish","hentry"],"_links":{"self":[{"href":"https:\/\/boatpark.app\/es\/wp-json\/wp\/v2\/pages\/3559","targetHints":{"allow":["GET"]}}],"collection":[{"href":"https:\/\/boatpark.app\/es\/wp-json\/wp\/v2\/pages"}],"about":[{"href":"https:\/\/boatpark.app\/es\/wp-json\/wp\/v2\/types\/page"}],"author":[{"embeddable":true,"href":"https:\/\/boatpark.app\/es\/wp-json\/wp\/v2\/users\/1"}],"replies":[{"embeddable":true,"href":"https:\/\/boatpark.app\/es\/wp-json\/wp\/v2\/comments?post=3559"}],"version-history":[{"count":16,"href":"https:\/\/boatpark.app\/es\/wp-json\/wp\/v2\/pages\/3559\/revisions"}],"predecessor-version":[{"id":12145,"href":"https:\/\/boatpark.app\/es\/wp-json\/wp\/v2\/pages\/3559\/revisions\/12145"}],"wp:attachment":[{"href":"https:\/\/boatpark.app\/es\/wp-json\/wp\/v2\/media?parent=3559"}],"curies":[{"name":"wp","href":"https:\/\/api.w.org\/{rel}","templated":true}]}}