{"id":3579,"date":"2019-12-16T14:39:47","date_gmt":"2019-12-16T14:39:47","guid":{"rendered":"https:\/\/boatpark.app\/staging\/boatpark-ambassador\/"},"modified":"2024-11-19T21:59:50","modified_gmt":"2024-11-19T21:59:50","slug":"boatpark-ambassador","status":"publish","type":"page","link":"https:\/\/boatpark.app\/es\/casa\/boatpark-ambassador\/","title":{"rendered":"Boatpark Ambassador"},"content":{"rendered":"\t\t<div data-elementor-type=\"wp-page\" data-elementor-id=\"3579\" class=\"elementor elementor-3579 elementor-2267\" data-elementor-post-type=\"page\">\n\t\t\t\t\t\t<section class=\"has_eae_slider elementor-section elementor-top-section elementor-element elementor-element-8769bcd elementor-section-content-middle elementor-section-height-min-height elementor-section-full_width elementor-section-stretched elementor-section-height-default elementor-section-items-middle\" data-eae-slider=\"45818\" data-id=\"8769bcd\" data-element_type=\"section\" data-e-type=\"section\" data-settings=\"{&quot;background_background&quot;:&quot;classic&quot;,&quot;stretch_section&quot;:&quot;section-stretched&quot;}\">\n\t\t\t\t\t\t\t<div class=\"elementor-background-overlay\"><\/div>\n\t\t\t\t\t\t\t<div class=\"elementor-container elementor-column-gap-default\">\n\t\t\t\t\t<div class=\"has_eae_slider elementor-column elementor-col-100 elementor-top-column elementor-element elementor-element-33fdccf\" data-eae-slider=\"89119\" data-id=\"33fdccf\" data-element_type=\"column\" data-e-type=\"column\">\n\t\t\t<div class=\"elementor-widget-wrap elementor-element-populated\">\n\t\t\t\t\t\t<div class=\"elementor-element elementor-element-78e0419 elementor-widget elementor-widget-heading\" data-id=\"78e0419\" data-element_type=\"widget\" data-e-type=\"widget\" data-widget_type=\"heading.default\">\n\t\t\t\t<div class=\"elementor-widget-container\">\n\t\t\t\t\t<h4 class=\"elementor-heading-title elementor-size-default\">Boatpark Ambassador<\/h4>\t\t\t\t<\/div>\n\t\t\t\t<\/div>\n\t\t\t\t\t<\/div>\n\t\t<\/div>\n\t\t\t\t\t<\/div>\n\t\t<\/section>\n\t\t\t\t<section class=\"has_eae_slider elementor-section elementor-top-section elementor-element elementor-element-608062a elementor-section-boxed elementor-section-height-default elementor-section-height-default\" data-eae-slider=\"88276\" data-id=\"608062a\" data-element_type=\"section\" data-e-type=\"section\">\n\t\t\t\t\t\t<div class=\"elementor-container elementor-column-gap-default\">\n\t\t\t\t\t<div class=\"has_eae_slider elementor-column elementor-col-100 elementor-top-column elementor-element elementor-element-4104e32\" data-eae-slider=\"66104\" data-id=\"4104e32\" data-element_type=\"column\" data-e-type=\"column\">\n\t\t\t<div class=\"elementor-widget-wrap elementor-element-populated\">\n\t\t\t\t\t\t<div class=\"elementor-element elementor-element-eacccb9 elementor-widget elementor-widget-heading\" data-id=\"eacccb9\" data-element_type=\"widget\" data-e-type=\"widget\" data-widget_type=\"heading.default\">\n\t\t\t\t<div class=\"elementor-widget-container\">\n\t\t\t\t\t<h2 class=\"elementor-heading-title elementor-size-default\">\u00bfQu\u00e9 es un embajador?<\/h2>\t\t\t\t<\/div>\n\t\t\t\t<\/div>\n\t\t\t\t<div class=\"elementor-element elementor-element-e6b4289 elementor-widget elementor-widget-text-editor\" data-id=\"e6b4289\" data-element_type=\"widget\" data-e-type=\"widget\" data-widget_type=\"text-editor.default\">\n\t\t\t\t<div class=\"elementor-widget-container\">\n\t\t\t\t\t\t\t\t\t<p>Para que la oferta de Boatpark sea atractiva y relevante, nos esforzamos por registrar parqueos en todo el mundo en el menor tiempo posible. Para agilizar el registro de nuevos parqueos, contamos con su apoyo. Estamos buscando personas que puedan animar a los propietarios de puertos deportivos y parqueos locales a registrarse como usuarios de Boatpark y compartir sus parqueos a trav\u00e9s de la aplicaci\u00f3n.<\/p>\n\t\t\t\t\t\t\t\t<\/div>\n\t\t\t\t<\/div>\n\t\t\t\t\t<\/div>\n\t\t<\/div>\n\t\t\t\t\t<\/div>\n\t\t<\/section>\n\t\t\t\t<section class=\"has_eae_slider elementor-section elementor-top-section elementor-element elementor-element-cb9ad47 elementor-section-boxed elementor-section-height-default elementor-section-height-default\" data-eae-slider=\"53860\" data-id=\"cb9ad47\" data-element_type=\"section\" data-e-type=\"section\">\n\t\t\t\t\t\t<div class=\"elementor-container elementor-column-gap-default\">\n\t\t\t\t\t<div class=\"has_eae_slider elementor-column elementor-col-100 elementor-top-column elementor-element elementor-element-2e3f6c1\" data-eae-slider=\"91171\" data-id=\"2e3f6c1\" data-element_type=\"column\" data-e-type=\"column\">\n\t\t\t<div class=\"elementor-widget-wrap elementor-element-populated\">\n\t\t\t\t\t\t<div class=\"elementor-element elementor-element-6637450 elementor-widget-divider--view-line elementor-widget elementor-widget-divider\" data-id=\"6637450\" data-element_type=\"widget\" data-e-type=\"widget\" data-widget_type=\"divider.default\">\n\t\t\t\t<div class=\"elementor-widget-container\">\n\t\t\t\t\t\t\t<div class=\"elementor-divider\">\n\t\t\t<span class=\"elementor-divider-separator\">\n\t\t\t\t\t\t<\/span>\n\t\t<\/div>\n\t\t\t\t\t\t<\/div>\n\t\t\t\t<\/div>\n\t\t\t\t\t<\/div>\n\t\t<\/div>\n\t\t\t\t\t<\/div>\n\t\t<\/section>\n\t\t\t\t<section class=\"has_eae_slider elementor-section elementor-top-section elementor-element elementor-element-c976cef elementor-section-boxed elementor-section-height-default elementor-section-height-default\" data-eae-slider=\"63084\" data-id=\"c976cef\" data-element_type=\"section\" data-e-type=\"section\">\n\t\t\t\t\t\t<div class=\"elementor-container elementor-column-gap-default\">\n\t\t\t\t\t<div class=\"has_eae_slider elementor-column elementor-col-100 elementor-top-column elementor-element elementor-element-50970f6\" data-eae-slider=\"1177\" data-id=\"50970f6\" data-element_type=\"column\" data-e-type=\"column\">\n\t\t\t<div class=\"elementor-widget-wrap elementor-element-populated\">\n\t\t\t\t\t\t<div class=\"elementor-element elementor-element-887fa02 elementor-widget elementor-widget-heading\" data-id=\"887fa02\" data-element_type=\"widget\" data-e-type=\"widget\" data-widget_type=\"heading.default\">\n\t\t\t\t<div class=\"elementor-widget-container\">\n\t\t\t\t\t<h2 class=\"elementor-heading-title elementor-size-default\">\u00bfCu\u00e1l es el incentivo?<\/h2>\t\t\t\t<\/div>\n\t\t\t\t<\/div>\n\t\t\t\t<div class=\"elementor-element elementor-element-fd68024 elementor-widget elementor-widget-text-editor\" data-id=\"fd68024\" data-element_type=\"widget\" data-e-type=\"widget\" data-widget_type=\"text-editor.default\">\n\t\t\t\t<div class=\"elementor-widget-container\">\n\t\t\t\t\t\t\t\t\t<p>Usted ser\u00e1 recompensado con el 20% de la comisi\u00f3n de Boatpark (de acuerdo con los\u00a0<a href=\"http:\/\/boatpark.app\/es\/casa\/como-funciona\/terminos-y-condiciones-tc\/\">T\u00e9rminos y Condiciones<\/a>) por cada reservaci\u00f3n de un parqueo realizada a trav\u00e9s de su recomendaci\u00f3n. El incentivo se aplica durante el primer a\u00f1o despu\u00e9s del registro del puerto deportivo o del propietario del parqueo si \u00e9ste introduce su identificaci\u00f3n de usuario de Boatpark (e-Mail) como \u00abReferente\u00bb en su cuenta. S\u00f3lo los usuarios aprobados por Boatpark pueden ser incluidos como recomendaciones. La recompensa ser\u00e1 transferida a su cuenta de Boatpark y se aplicar\u00e1 el mismo mecanismo de pago que para los propietarios de parqueos (ver\u00a0<a href=\"http:\/\/boatpark.app\/es\/casa\/como-funciona\/terminos-y-condiciones-tc\/\">T\u00e9rminos y Condiciones<\/a>).<\/p>\n\t\t\t\t\t\t\t\t<\/div>\n\t\t\t\t<\/div>\n\t\t\t\t\t<\/div>\n\t\t<\/div>\n\t\t\t\t\t<\/div>\n\t\t<\/section>\n\t\t\t\t<section class=\"has_eae_slider elementor-section elementor-top-section elementor-element elementor-element-e9f0569 elementor-section-boxed elementor-section-height-default elementor-section-height-default\" data-eae-slider=\"53380\" data-id=\"e9f0569\" data-element_type=\"section\" data-e-type=\"section\">\n\t\t\t\t\t\t<div class=\"elementor-container elementor-column-gap-default\">\n\t\t\t\t\t<div class=\"has_eae_slider elementor-column elementor-col-100 elementor-top-column elementor-element elementor-element-8e22057\" data-eae-slider=\"34081\" data-id=\"8e22057\" data-element_type=\"column\" data-e-type=\"column\">\n\t\t\t<div class=\"elementor-widget-wrap elementor-element-populated\">\n\t\t\t\t\t\t<div class=\"elementor-element elementor-element-4ff9dc5 elementor-widget-divider--view-line elementor-widget elementor-widget-divider\" data-id=\"4ff9dc5\" data-element_type=\"widget\" data-e-type=\"widget\" data-widget_type=\"divider.default\">\n\t\t\t\t<div class=\"elementor-widget-container\">\n\t\t\t\t\t\t\t<div class=\"elementor-divider\">\n\t\t\t<span class=\"elementor-divider-separator\">\n\t\t\t\t\t\t<\/span>\n\t\t<\/div>\n\t\t\t\t\t\t<\/div>\n\t\t\t\t<\/div>\n\t\t\t\t\t<\/div>\n\t\t<\/div>\n\t\t\t\t\t<\/div>\n\t\t<\/section>\n\t\t\t\t<section class=\"has_eae_slider elementor-section elementor-top-section elementor-element elementor-element-00daa7b elementor-section-boxed elementor-section-height-default elementor-section-height-default\" data-eae-slider=\"60044\" data-id=\"00daa7b\" data-element_type=\"section\" data-e-type=\"section\">\n\t\t\t\t\t\t<div class=\"elementor-container elementor-column-gap-default\">\n\t\t\t\t\t<div class=\"has_eae_slider elementor-column elementor-col-100 elementor-top-column elementor-element elementor-element-390d8a2\" data-eae-slider=\"28236\" data-id=\"390d8a2\" data-element_type=\"column\" data-e-type=\"column\">\n\t\t\t<div class=\"elementor-widget-wrap elementor-element-populated\">\n\t\t\t\t\t\t<div class=\"elementor-element elementor-element-94d92d5 elementor-widget elementor-widget-heading\" data-id=\"94d92d5\" data-element_type=\"widget\" data-e-type=\"widget\" data-widget_type=\"heading.default\">\n\t\t\t\t<div class=\"elementor-widget-container\">\n\t\t\t\t\t<h2 class=\"elementor-heading-title elementor-size-default\">\u00bfQu\u00e9 tengo que hacer?<\/h2>\t\t\t\t<\/div>\n\t\t\t\t<\/div>\n\t\t\t\t<div class=\"elementor-element elementor-element-8dfcf44 elementor-widget elementor-widget-text-editor\" data-id=\"8dfcf44\" data-element_type=\"widget\" data-e-type=\"widget\" data-widget_type=\"text-editor.default\">\n\t\t\t\t<div class=\"elementor-widget-container\">\n\t\t\t\t\t\t\t\t\t<p>Para convertirse en embajador, por favor familiar\u00edcese con la aplicaci\u00f3n y el concepto de Boatpark leyendo el sitio web completo con las\u00a0Preguntas Frecuentes\u00a0y los\u00a0<a href=\"http:\/\/boatpark.app\/es\/casa\/como-funciona\/terminos-y-condiciones-tc\/\">T\u00e9rminos y Condiciones<\/a>. Si tiene alguna pregunta, por favor env\u00ede un correo electr\u00f3nico a\u00a0<a href=\"mailto:ambassador@boatpark.app\">ambassador@boatpark.app<\/a>. Responderemos a sus preguntas y actualizaremos la secci\u00f3n de preguntas frecuentes del sitio web si es necesario.<\/p><p>Una vez que est\u00e9 familiarizado con el concepto, por favor cont\u00e1ctenos en <a href=\"mailto:ambassador@boatpark.app\">ambassador@boatpark.app<\/a> y h\u00e1ganos saber que le gustar\u00eda convertirse en embajador. Boatpark se pondr\u00e1 en contacto con Usted para asegurarse de que pueda comunicar la informaci\u00f3n correctamente y luego registrarse como embajador. Debe estar preparado para ponerse en contacto con usuarios potenciales como autoridades portuarias, compa\u00f1\u00edas de charter, astilleros, escuelas de vela u otros propietarios de embarcaciones privadas para animarles y ayudarles a registrar sus parqueos de barcos en Boatpark.<\/p>\t\t\t\t\t\t\t\t<\/div>\n\t\t\t\t<\/div>\n\t\t\t\t\t<\/div>\n\t\t<\/div>\n\t\t\t\t\t<\/div>\n\t\t<\/section>\n\t\t\t\t<\/div>\n\t\t","protected":false},"excerpt":{"rendered":"<p>Boatpark Ambassador \u00bfQu\u00e9 es un embajador? Para que la oferta de Boatpark sea atractiva y relevante, nos esforzamos por registrar parqueos en todo el mundo en el menor tiempo posible. Para agilizar el registro de nuevos parqueos, contamos con su apoyo. Estamos buscando personas que puedan animar a los propietarios de puertos deportivos y parqueos [&hellip;]<\/p>\n","protected":false},"author":1,"featured_media":0,"parent":3692,"menu_order":4,"comment_status":"closed","ping_status":"closed","template":"elementor_header_footer","meta":{"zakra_sidebar_layout":"customizer","zakra_remove_content_margin":false,"zakra_sidebar":"customizer","zakra_transparent_header":"customizer","zakra_logo":0,"zakra_main_header_style":"default","zakra_menu_item_color":null,"zakra_menu_item_hover_color":"","zakra_menu_item_active_color":"","zakra_menu_active_style":"zakra_menu_active_style","zakra_page_header":false,"footnotes":""},"class_list":["post-3579","page","type-page","status-publish","hentry"],"_links":{"self":[{"href":"https:\/\/boatpark.app\/es\/wp-json\/wp\/v2\/pages\/3579","targetHints":{"allow":["GET"]}}],"collection":[{"href":"https:\/\/boatpark.app\/es\/wp-json\/wp\/v2\/pages"}],"about":[{"href":"https:\/\/boatpark.app\/es\/wp-json\/wp\/v2\/types\/page"}],"author":[{"embeddable":true,"href":"https:\/\/boatpark.app\/es\/wp-json\/wp\/v2\/users\/1"}],"replies":[{"embeddable":true,"href":"https:\/\/boatpark.app\/es\/wp-json\/wp\/v2\/comments?post=3579"}],"version-history":[{"count":13,"href":"https:\/\/boatpark.app\/es\/wp-json\/wp\/v2\/pages\/3579\/revisions"}],"predecessor-version":[{"id":13449,"href":"https:\/\/boatpark.app\/es\/wp-json\/wp\/v2\/pages\/3579\/revisions\/13449"}],"up":[{"embeddable":true,"href":"https:\/\/boatpark.app\/es\/wp-json\/wp\/v2\/pages\/3692"}],"wp:attachment":[{"href":"https:\/\/boatpark.app\/es\/wp-json\/wp\/v2\/media?parent=3579"}],"curies":[{"name":"wp","href":"https:\/\/api.w.org\/{rel}","templated":true}]}}