{"id":3598,"date":"2019-12-17T12:05:14","date_gmt":"2019-12-17T12:05:14","guid":{"rendered":"https:\/\/boatpark.app\/staging\/lo-que-necesita-saber-como-inquilino\/"},"modified":"2024-03-06T21:43:42","modified_gmt":"2024-03-06T21:43:42","slug":"lo-que-necesita-saber-como-inquilino","status":"publish","type":"page","link":"https:\/\/boatpark.app\/es\/casa\/como-funciona\/lo-que-necesita-saber-como-inquilino\/","title":{"rendered":"Lo que necesita saber c\u00f3mo inquilino"},"content":{"rendered":"\t\t<div data-elementor-type=\"wp-page\" data-elementor-id=\"3598\" class=\"elementor elementor-3598 elementor-1882\" data-elementor-post-type=\"page\">\n\t\t\t\t\t\t<section class=\"has_eae_slider elementor-section elementor-top-section elementor-element elementor-element-644c51a elementor-section-content-middle elementor-section-height-min-height elementor-section-full_width elementor-section-stretched elementor-section-height-default elementor-section-items-middle\" data-eae-slider=\"72071\" data-id=\"644c51a\" data-element_type=\"section\" data-e-type=\"section\" data-settings=\"{&quot;background_background&quot;:&quot;classic&quot;,&quot;stretch_section&quot;:&quot;section-stretched&quot;}\">\n\t\t\t\t\t\t\t<div class=\"elementor-background-overlay\"><\/div>\n\t\t\t\t\t\t\t<div class=\"elementor-container elementor-column-gap-default\">\n\t\t\t\t\t<div class=\"has_eae_slider elementor-column elementor-col-100 elementor-top-column elementor-element elementor-element-13489fa\" data-eae-slider=\"4441\" data-id=\"13489fa\" data-element_type=\"column\" data-e-type=\"column\">\n\t\t\t<div class=\"elementor-widget-wrap elementor-element-populated\">\n\t\t\t\t\t\t<div class=\"elementor-element elementor-element-603c9a2 elementor-widget elementor-widget-heading\" data-id=\"603c9a2\" data-element_type=\"widget\" data-e-type=\"widget\" data-widget_type=\"heading.default\">\n\t\t\t\t<div class=\"elementor-widget-container\">\n\t\t\t\t\t<h4 class=\"elementor-heading-title elementor-size-default\">Lo que necesita saber c\u00f3mo inquilino<\/h4>\t\t\t\t<\/div>\n\t\t\t\t<\/div>\n\t\t\t\t\t<\/div>\n\t\t<\/div>\n\t\t\t\t\t<\/div>\n\t\t<\/section>\n\t\t\t\t<section class=\"has_eae_slider elementor-section elementor-top-section elementor-element elementor-element-9a3fce4 elementor-section-boxed elementor-section-height-default elementor-section-height-default\" data-eae-slider=\"47237\" data-id=\"9a3fce4\" data-element_type=\"section\" data-e-type=\"section\">\n\t\t\t\t\t\t<div class=\"elementor-container elementor-column-gap-default\">\n\t\t\t\t\t<div class=\"has_eae_slider elementor-column elementor-col-100 elementor-top-column elementor-element elementor-element-94881f1\" data-eae-slider=\"1503\" data-id=\"94881f1\" data-element_type=\"column\" data-e-type=\"column\">\n\t\t\t<div class=\"elementor-widget-wrap elementor-element-populated\">\n\t\t\t\t\t\t<div class=\"elementor-element elementor-element-403cbf5 elementor-widget elementor-widget-heading\" data-id=\"403cbf5\" data-element_type=\"widget\" data-e-type=\"widget\" data-widget_type=\"heading.default\">\n\t\t\t\t<div class=\"elementor-widget-container\">\n\t\t\t\t\t<h2 class=\"elementor-heading-title elementor-size-default\">\u00bfQu\u00e9 obtengo yo?<\/h2>\t\t\t\t<\/div>\n\t\t\t\t<\/div>\n\t\t\t\t<div class=\"elementor-element elementor-element-9125934 elementor-widget elementor-widget-text-editor\" data-id=\"9125934\" data-element_type=\"widget\" data-e-type=\"widget\" data-widget_type=\"text-editor.default\">\n\t\t\t\t<div class=\"elementor-widget-container\">\n\t\t\t\t\t\t\t\t\tHay dos opciones de reserva diferentes, que se definen por la aplicaci\u00f3n y pueden variar dependiendo del puerto y de cada parqueo:\r\n\r\n1) Reserva incluyendo tasas portuarias (tasa mar\u00edtima)\r\n2) Reserva excluyendo tasas portuarias (tasa mar\u00edtima)\r\n<p>Si el parqueo se define incluyendo las tasas portuarias, la reserva es un contrato de alquiler temporal entre el propietario del parqueo (representado por Boatpark) y el inquilino.<br \/>\r\nSi el parqueo se define excluyendo las tasas portuarias, la reserva da derecho al inquilino a utilizar la informaci\u00f3n de disponibilidad en el momento del check-in en el puerto deportivo. El contrato de alquiler se concluye con el registro en el puerto deportivo y el pago de las tasas portuarias por parte del inquilino directamente a la autoridad portuaria.<\/p>\r\n<p>Boatpark facilita en nombre del propietario del parqueo, pero no forma parte del contrato de alquiler.<\/p>\r\n<p>El propietario permite que el inquilino utilice el parqueo durante el per\u00edodo de tiempo especificado y es responsable de asegurarse de que el inquilino pueda utilizarlo.<\/p>\r\n<p>Tenga en cuenta que los parqueos se suelen ofrecer con unos d\u00edas de antelaci\u00f3n cuando el propietario decide hacer un viaje el mismo. Si su parqueo favorito no est\u00e1 disponible, por favor int\u00e9ntelo de nuevo m\u00e1s tarde.<\/p>\r\n\t\t\t\t\t\t\t\t<\/div>\n\t\t\t\t<\/div>\n\t\t\t\t\t<\/div>\n\t\t<\/div>\n\t\t\t\t\t<\/div>\n\t\t<\/section>\n\t\t\t\t<section class=\"has_eae_slider elementor-section elementor-top-section elementor-element elementor-element-1652d3f elementor-section-boxed elementor-section-height-default elementor-section-height-default\" data-eae-slider=\"53811\" data-id=\"1652d3f\" data-element_type=\"section\" data-e-type=\"section\">\n\t\t\t\t\t\t<div class=\"elementor-container elementor-column-gap-default\">\n\t\t\t\t\t<div class=\"has_eae_slider elementor-column elementor-col-100 elementor-top-column elementor-element elementor-element-08edbbd\" data-eae-slider=\"99248\" data-id=\"08edbbd\" data-element_type=\"column\" data-e-type=\"column\">\n\t\t\t<div class=\"elementor-widget-wrap elementor-element-populated\">\n\t\t\t\t\t\t<div class=\"elementor-element elementor-element-f5cc31d elementor-widget-divider--view-line elementor-widget elementor-widget-divider\" data-id=\"f5cc31d\" data-element_type=\"widget\" data-e-type=\"widget\" data-widget_type=\"divider.default\">\n\t\t\t\t<div class=\"elementor-widget-container\">\n\t\t\t\t\t\t\t<div class=\"elementor-divider\">\n\t\t\t<span class=\"elementor-divider-separator\">\n\t\t\t\t\t\t<\/span>\n\t\t<\/div>\n\t\t\t\t\t\t<\/div>\n\t\t\t\t<\/div>\n\t\t\t\t\t<\/div>\n\t\t<\/div>\n\t\t\t\t\t<\/div>\n\t\t<\/section>\n\t\t\t\t<section class=\"has_eae_slider elementor-section elementor-top-section elementor-element elementor-element-2ee3bea elementor-section-boxed elementor-section-height-default elementor-section-height-default\" data-eae-slider=\"27792\" data-id=\"2ee3bea\" data-element_type=\"section\" data-e-type=\"section\">\n\t\t\t\t\t\t<div class=\"elementor-container elementor-column-gap-default\">\n\t\t\t\t\t<div class=\"has_eae_slider elementor-column elementor-col-100 elementor-top-column elementor-element elementor-element-29daa4b\" data-eae-slider=\"94060\" data-id=\"29daa4b\" data-element_type=\"column\" data-e-type=\"column\">\n\t\t\t<div class=\"elementor-widget-wrap elementor-element-populated\">\n\t\t\t\t\t\t<div class=\"elementor-element elementor-element-c2a0a38 elementor-widget elementor-widget-heading\" data-id=\"c2a0a38\" data-element_type=\"widget\" data-e-type=\"widget\" data-widget_type=\"heading.default\">\n\t\t\t\t<div class=\"elementor-widget-container\">\n\t\t\t\t\t<h2 class=\"elementor-heading-title elementor-size-default\">Precio<\/h2>\t\t\t\t<\/div>\n\t\t\t\t<\/div>\n\t\t\t\t<div class=\"elementor-element elementor-element-5b35596 elementor-widget elementor-widget-text-editor\" data-id=\"5b35596\" data-element_type=\"widget\" data-e-type=\"widget\" data-widget_type=\"text-editor.default\">\n\t\t\t\t<div class=\"elementor-widget-container\">\n\t\t\t\t\t\t\t\t\t<p>El precio indicado en el Boatpark incluye impuestos y una comisi\u00f3n por el servicio de Boatpark. Aseg\u00farese de que las tasas portuarias est\u00e1n incluidas en el precio indicado por el propietario del parqueo. Si las tasas portuarias no est\u00e1n incluidas, deber\u00e1 pagarlas directamente a las autoridades portuarias en el momento del check-in. Por favor, visite el sitio web de la marina para ver las tasas mar\u00edtimas de la marina (para el enlace a la p\u00e1gina web ver la descripci\u00f3n del parqueo en la aplicaci\u00f3n).<\/p>\n\t\t\t\t\t\t\t\t<\/div>\n\t\t\t\t<\/div>\n\t\t\t\t\t<\/div>\n\t\t<\/div>\n\t\t\t\t\t<\/div>\n\t\t<\/section>\n\t\t\t\t<section class=\"has_eae_slider elementor-section elementor-top-section elementor-element elementor-element-2297e09 elementor-section-boxed elementor-section-height-default elementor-section-height-default\" data-eae-slider=\"34203\" data-id=\"2297e09\" data-element_type=\"section\" data-e-type=\"section\">\n\t\t\t\t\t\t<div class=\"elementor-container elementor-column-gap-default\">\n\t\t\t\t\t<div class=\"has_eae_slider elementor-column elementor-col-100 elementor-top-column elementor-element elementor-element-341575b\" data-eae-slider=\"7375\" data-id=\"341575b\" data-element_type=\"column\" data-e-type=\"column\">\n\t\t\t<div class=\"elementor-widget-wrap elementor-element-populated\">\n\t\t\t\t\t\t<div class=\"elementor-element elementor-element-a1d1256 elementor-widget-divider--view-line elementor-widget elementor-widget-divider\" data-id=\"a1d1256\" data-element_type=\"widget\" data-e-type=\"widget\" data-widget_type=\"divider.default\">\n\t\t\t\t<div class=\"elementor-widget-container\">\n\t\t\t\t\t\t\t<div class=\"elementor-divider\">\n\t\t\t<span class=\"elementor-divider-separator\">\n\t\t\t\t\t\t<\/span>\n\t\t<\/div>\n\t\t\t\t\t\t<\/div>\n\t\t\t\t<\/div>\n\t\t\t\t\t<\/div>\n\t\t<\/div>\n\t\t\t\t\t<\/div>\n\t\t<\/section>\n\t\t\t\t<section class=\"has_eae_slider elementor-section elementor-top-section elementor-element elementor-element-b86bb2c elementor-section-boxed elementor-section-height-default elementor-section-height-default\" data-eae-slider=\"56388\" data-id=\"b86bb2c\" data-element_type=\"section\" data-e-type=\"section\">\n\t\t\t\t\t\t<div class=\"elementor-container elementor-column-gap-default\">\n\t\t\t\t\t<div class=\"has_eae_slider elementor-column elementor-col-100 elementor-top-column elementor-element elementor-element-b92d2c7\" data-eae-slider=\"67543\" data-id=\"b92d2c7\" data-element_type=\"column\" data-e-type=\"column\">\n\t\t\t<div class=\"elementor-widget-wrap elementor-element-populated\">\n\t\t\t\t\t\t<div class=\"elementor-element elementor-element-b74eef6 elementor-widget elementor-widget-heading\" data-id=\"b74eef6\" data-element_type=\"widget\" data-e-type=\"widget\" data-widget_type=\"heading.default\">\n\t\t\t\t<div class=\"elementor-widget-container\">\n\t\t\t\t\t<h2 class=\"elementor-heading-title elementor-size-default\">Check-in en el puerto<\/h2>\t\t\t\t<\/div>\n\t\t\t\t<\/div>\n\t\t\t\t<div class=\"elementor-element elementor-element-0661e01 elementor-widget elementor-widget-text-editor\" data-id=\"0661e01\" data-element_type=\"widget\" data-e-type=\"widget\" data-widget_type=\"text-editor.default\">\n\t\t\t\t<div class=\"elementor-widget-container\">\n\t\t\t\t\t\t\t\t\t<p>Compruebe la descripci\u00f3n del parqueo para ver si es necesario realizar un check-in adicional en las autoridades portuarias. Esto siempre es necesario si la tasa mar\u00edtima del puerto no est\u00e1 incluido en el precio del Boatpark. Para facilitar el check-in, escanea los documentos necesarios en la aplicaci\u00f3n con la c\u00e1mara de su m\u00f3vil y env\u00ede los escaneos directamente desde la aplicaci\u00f3n a las autoridades portuarias (funci\u00f3n a\u00fan no disponible).<\/p>\n\t\t\t\t\t\t\t\t<\/div>\n\t\t\t\t<\/div>\n\t\t\t\t\t<\/div>\n\t\t<\/div>\n\t\t\t\t\t<\/div>\n\t\t<\/section>\n\t\t\t\t<section class=\"has_eae_slider elementor-section elementor-top-section elementor-element elementor-element-34c80d9 elementor-section-boxed elementor-section-height-default elementor-section-height-default\" data-eae-slider=\"1655\" data-id=\"34c80d9\" data-element_type=\"section\" data-e-type=\"section\">\n\t\t\t\t\t\t<div class=\"elementor-container elementor-column-gap-default\">\n\t\t\t\t\t<div class=\"has_eae_slider elementor-column elementor-col-100 elementor-top-column elementor-element elementor-element-03b281d\" data-eae-slider=\"64348\" data-id=\"03b281d\" data-element_type=\"column\" data-e-type=\"column\">\n\t\t\t<div class=\"elementor-widget-wrap elementor-element-populated\">\n\t\t\t\t\t\t<div class=\"elementor-element elementor-element-cd350ff elementor-widget-divider--view-line elementor-widget elementor-widget-divider\" data-id=\"cd350ff\" data-element_type=\"widget\" data-e-type=\"widget\" data-widget_type=\"divider.default\">\n\t\t\t\t<div class=\"elementor-widget-container\">\n\t\t\t\t\t\t\t<div class=\"elementor-divider\">\n\t\t\t<span class=\"elementor-divider-separator\">\n\t\t\t\t\t\t<\/span>\n\t\t<\/div>\n\t\t\t\t\t\t<\/div>\n\t\t\t\t<\/div>\n\t\t\t\t\t<\/div>\n\t\t<\/div>\n\t\t\t\t\t<\/div>\n\t\t<\/section>\n\t\t\t\t<section class=\"has_eae_slider elementor-section elementor-top-section elementor-element elementor-element-125e936 elementor-section-boxed elementor-section-height-default elementor-section-height-default\" data-eae-slider=\"44985\" data-id=\"125e936\" data-element_type=\"section\" data-e-type=\"section\">\n\t\t\t\t\t\t<div class=\"elementor-container elementor-column-gap-default\">\n\t\t\t\t\t<div class=\"has_eae_slider elementor-column elementor-col-100 elementor-top-column elementor-element elementor-element-bd603d5\" data-eae-slider=\"99973\" data-id=\"bd603d5\" data-element_type=\"column\" data-e-type=\"column\">\n\t\t\t<div class=\"elementor-widget-wrap elementor-element-populated\">\n\t\t\t\t\t\t<div class=\"elementor-element elementor-element-20bb7f1 elementor-widget elementor-widget-heading\" data-id=\"20bb7f1\" data-element_type=\"widget\" data-e-type=\"widget\" data-widget_type=\"heading.default\">\n\t\t\t\t<div class=\"elementor-widget-container\">\n\t\t\t\t\t<h2 class=\"elementor-heading-title elementor-size-default\">Revocaci\u00f3n<\/h2>\t\t\t\t<\/div>\n\t\t\t\t<\/div>\n\t\t\t\t<div class=\"elementor-element elementor-element-881c6e2 elementor-widget elementor-widget-text-editor\" data-id=\"881c6e2\" data-element_type=\"widget\" data-e-type=\"widget\" data-widget_type=\"text-editor.default\">\n\t\t\t\t<div class=\"elementor-widget-container\">\n\t\t\t\t\t\t\t\t\t<p>Todas las reservas en Boatpark pueden ser canceladas gratuitamente hasta 10 d\u00edas antes del inicio del periodo del alquiler. Se cobrar\u00e1 un cargo por cancelaci\u00f3n en caso de cancelaciones posteriores. Por favor, tenga en cuenta los T\u00e9rminos y Condiciones para m\u00e1s detalles.<\/p>\n\t\t\t\t\t\t\t\t<\/div>\n\t\t\t\t<\/div>\n\t\t\t\t\t<\/div>\n\t\t<\/div>\n\t\t\t\t\t<\/div>\n\t\t<\/section>\n\t\t\t\t<section class=\"has_eae_slider elementor-section elementor-top-section elementor-element elementor-element-dfd23d2 elementor-section-boxed elementor-section-height-default elementor-section-height-default\" data-eae-slider=\"36550\" data-id=\"dfd23d2\" data-element_type=\"section\" data-e-type=\"section\">\n\t\t\t\t\t\t<div class=\"elementor-container elementor-column-gap-default\">\n\t\t\t\t\t<div class=\"has_eae_slider elementor-column elementor-col-100 elementor-top-column elementor-element elementor-element-a931a07\" data-eae-slider=\"69791\" data-id=\"a931a07\" data-element_type=\"column\" data-e-type=\"column\">\n\t\t\t<div class=\"elementor-widget-wrap elementor-element-populated\">\n\t\t\t\t\t\t<div class=\"elementor-element elementor-element-5b968c5 elementor-widget-divider--view-line elementor-widget elementor-widget-divider\" data-id=\"5b968c5\" data-element_type=\"widget\" data-e-type=\"widget\" data-widget_type=\"divider.default\">\n\t\t\t\t<div class=\"elementor-widget-container\">\n\t\t\t\t\t\t\t<div class=\"elementor-divider\">\n\t\t\t<span class=\"elementor-divider-separator\">\n\t\t\t\t\t\t<\/span>\n\t\t<\/div>\n\t\t\t\t\t\t<\/div>\n\t\t\t\t<\/div>\n\t\t\t\t\t<\/div>\n\t\t<\/div>\n\t\t\t\t\t<\/div>\n\t\t<\/section>\n\t\t\t\t<section class=\"has_eae_slider elementor-section elementor-top-section elementor-element elementor-element-36c815d elementor-section-boxed elementor-section-height-default elementor-section-height-default\" data-eae-slider=\"91860\" data-id=\"36c815d\" data-element_type=\"section\" data-e-type=\"section\">\n\t\t\t\t\t\t<div class=\"elementor-container elementor-column-gap-default\">\n\t\t\t\t\t<div class=\"has_eae_slider elementor-column elementor-col-100 elementor-top-column elementor-element elementor-element-2f601d2\" data-eae-slider=\"14154\" data-id=\"2f601d2\" data-element_type=\"column\" data-e-type=\"column\">\n\t\t\t<div class=\"elementor-widget-wrap elementor-element-populated\">\n\t\t\t\t\t\t<div class=\"elementor-element elementor-element-6e9694e elementor-widget elementor-widget-heading\" data-id=\"6e9694e\" data-element_type=\"widget\" data-e-type=\"widget\" data-widget_type=\"heading.default\">\n\t\t\t\t<div class=\"elementor-widget-container\">\n\t\t\t\t\t<h2 class=\"elementor-heading-title elementor-size-default\">Problemas<\/h2>\t\t\t\t<\/div>\n\t\t\t\t<\/div>\n\t\t\t\t<div class=\"elementor-element elementor-element-feeda97 elementor-widget elementor-widget-text-editor\" data-id=\"feeda97\" data-element_type=\"widget\" data-e-type=\"widget\" data-widget_type=\"text-editor.default\">\n\t\t\t\t<div class=\"elementor-widget-container\">\n\t\t\t\t\t\t\t\t\t<p>En caso de problemas, por ejemplo, si el parqueo est\u00e1 ocupado en el momento de la llegada, p\u00f3ngase en contacto con Boatpark. Nos pondremos en contacto con el propietario y\/o el puerto deportivo y trataremos de encontrar una soluci\u00f3n. Si por alguna raz\u00f3n el parqueo no puede estar disponible dentro de una hora del inicio del periodo del alquiler, se le reembolsar\u00e1 el importe total pagado en Boatpark y su reservaci\u00f3n ser\u00e1 cancelada.<\/p>\n\t\t\t\t\t\t\t\t<\/div>\n\t\t\t\t<\/div>\n\t\t\t\t\t<\/div>\n\t\t<\/div>\n\t\t\t\t\t<\/div>\n\t\t<\/section>\n\t\t\t\t<\/div>\n\t\t","protected":false},"excerpt":{"rendered":"<p>Lo que necesita saber c\u00f3mo inquilino \u00bfQu\u00e9 obtengo yo? Hay dos opciones de reserva diferentes, que se definen por la aplicaci\u00f3n y pueden variar dependiendo del puerto y de cada parqueo: 1) Reserva incluyendo tasas portuarias (tasa mar\u00edtima) 2) Reserva excluyendo tasas portuarias (tasa mar\u00edtima) Si el parqueo se define incluyendo las tasas portuarias, la [&hellip;]<\/p>\n","protected":false},"author":1,"featured_media":0,"parent":3792,"menu_order":1,"comment_status":"closed","ping_status":"closed","template":"elementor_header_footer","meta":{"zakra_sidebar_layout":"customizer","zakra_remove_content_margin":false,"zakra_sidebar":"customizer","zakra_transparent_header":"customizer","zakra_logo":0,"zakra_main_header_style":"default","zakra_menu_item_color":null,"zakra_menu_item_hover_color":"","zakra_menu_item_active_color":"","zakra_menu_active_style":"zakra_menu_active_style","zakra_page_header":false,"footnotes":""},"class_list":["post-3598","page","type-page","status-publish","hentry"],"_links":{"self":[{"href":"https:\/\/boatpark.app\/es\/wp-json\/wp\/v2\/pages\/3598","targetHints":{"allow":["GET"]}}],"collection":[{"href":"https:\/\/boatpark.app\/es\/wp-json\/wp\/v2\/pages"}],"about":[{"href":"https:\/\/boatpark.app\/es\/wp-json\/wp\/v2\/types\/page"}],"author":[{"embeddable":true,"href":"https:\/\/boatpark.app\/es\/wp-json\/wp\/v2\/users\/1"}],"replies":[{"embeddable":true,"href":"https:\/\/boatpark.app\/es\/wp-json\/wp\/v2\/comments?post=3598"}],"version-history":[{"count":4,"href":"https:\/\/boatpark.app\/es\/wp-json\/wp\/v2\/pages\/3598\/revisions"}],"predecessor-version":[{"id":13181,"href":"https:\/\/boatpark.app\/es\/wp-json\/wp\/v2\/pages\/3598\/revisions\/13181"}],"up":[{"embeddable":true,"href":"https:\/\/boatpark.app\/es\/wp-json\/wp\/v2\/pages\/3792"}],"wp:attachment":[{"href":"https:\/\/boatpark.app\/es\/wp-json\/wp\/v2\/media?parent=3598"}],"curies":[{"name":"wp","href":"https:\/\/api.w.org\/{rel}","templated":true}]}}