{"id":3616,"date":"2019-12-17T12:18:01","date_gmt":"2019-12-17T12:18:01","guid":{"rendered":"https:\/\/boatpark.app\/staging\/por-que-alquilar-como-inquilino-a-traves-de-boatpark\/"},"modified":"2024-03-06T21:44:13","modified_gmt":"2024-03-06T21:44:13","slug":"por-que-alquilar-como-inquilino-a-traves-de-boatpark","status":"publish","type":"page","link":"https:\/\/boatpark.app\/es\/casa\/como-funciona\/por-que-alquilar-como-inquilino-a-traves-de-boatpark\/","title":{"rendered":"\u00bfPor qu\u00e9 alquilar como inquilino a trav\u00e9s de Boatpark?"},"content":{"rendered":"\t\t<div data-elementor-type=\"wp-page\" data-elementor-id=\"3616\" class=\"elementor elementor-3616 elementor-1942\" data-elementor-post-type=\"page\">\n\t\t\t\t\t\t<section class=\"has_eae_slider elementor-section elementor-top-section elementor-element elementor-element-b32b7cd elementor-section-content-middle elementor-section-height-min-height elementor-section-full_width elementor-section-stretched elementor-section-height-default elementor-section-items-middle\" data-eae-slider=\"5095\" data-id=\"b32b7cd\" data-element_type=\"section\" data-e-type=\"section\" data-settings=\"{&quot;background_background&quot;:&quot;classic&quot;,&quot;stretch_section&quot;:&quot;section-stretched&quot;}\">\n\t\t\t\t\t\t\t<div class=\"elementor-background-overlay\"><\/div>\n\t\t\t\t\t\t\t<div class=\"elementor-container elementor-column-gap-default\">\n\t\t\t\t\t<div class=\"has_eae_slider elementor-column elementor-col-100 elementor-top-column elementor-element elementor-element-863b16e\" data-eae-slider=\"71599\" data-id=\"863b16e\" data-element_type=\"column\" data-e-type=\"column\">\n\t\t\t<div class=\"elementor-widget-wrap elementor-element-populated\">\n\t\t\t\t\t\t<div class=\"elementor-element elementor-element-e9940fb elementor-widget elementor-widget-heading\" data-id=\"e9940fb\" data-element_type=\"widget\" data-e-type=\"widget\" data-widget_type=\"heading.default\">\n\t\t\t\t<div class=\"elementor-widget-container\">\n\t\t\t\t\t<h4 class=\"elementor-heading-title elementor-size-default\">\u00bfPor qu\u00e9 alquilar como inquilino a trav\u00e9s de Boatpark?<\/h4>\t\t\t\t<\/div>\n\t\t\t\t<\/div>\n\t\t\t\t\t<\/div>\n\t\t<\/div>\n\t\t\t\t\t<\/div>\n\t\t<\/section>\n\t\t\t\t<section class=\"has_eae_slider elementor-section elementor-top-section elementor-element elementor-element-d943185 elementor-section-boxed elementor-section-height-default elementor-section-height-default\" data-eae-slider=\"2488\" data-id=\"d943185\" data-element_type=\"section\" data-e-type=\"section\">\n\t\t\t\t\t\t<div class=\"elementor-container elementor-column-gap-default\">\n\t\t\t\t\t<div class=\"has_eae_slider elementor-column elementor-col-100 elementor-top-column elementor-element elementor-element-2728168\" data-eae-slider=\"42118\" data-id=\"2728168\" data-element_type=\"column\" data-e-type=\"column\">\n\t\t\t<div class=\"elementor-widget-wrap elementor-element-populated\">\n\t\t\t\t\t\t<div class=\"elementor-element elementor-element-16a19dd elementor-widget elementor-widget-heading\" data-id=\"16a19dd\" data-element_type=\"widget\" data-e-type=\"widget\" data-widget_type=\"heading.default\">\n\t\t\t\t<div class=\"elementor-widget-container\">\n\t\t\t\t\t<h2 class=\"elementor-heading-title elementor-size-default\">\u00bfPor qu\u00e9 alquilar como inquilino a trav\u00e9s de Boatpark?<\/h2>\t\t\t\t<\/div>\n\t\t\t\t<\/div>\n\t\t\t\t<div class=\"elementor-element elementor-element-4dfd3ef elementor-widget elementor-widget-text-editor\" data-id=\"4dfd3ef\" data-element_type=\"widget\" data-e-type=\"widget\" data-widget_type=\"text-editor.default\">\n\t\t\t\t<div class=\"elementor-widget-container\">\n\t\t\t\t\t\t\t\t\t<ul>\n<li>Encuentra los parqueos disponibles cerca de Usted <u>c\u00f3modamente<\/u> utilizando el mapa de la aplicaci\u00f3n en su m\u00f3vil<\/li>\n<li>Reserva el espacio con pocos clics y reciba confirmaci\u00f3n <u>instant\u00e1nea<\/u> sin necesidad de radio, tel\u00e9fono o correo electr\u00f3nico<\/li>\n<li><u>Pago directo con tarjeta de cr\u00e9dito<\/u><\/li>\n<li>No es necesario que abandone su cala de anclaje antes de tiempo: su parqueo se <u>mantendr\u00e1 reservado incluso en caso de llegada tard\u00eda<\/u><\/li>\n<li>Env\u00ede sus documentos a trav\u00e9s de la aplicaci\u00f3n al puerto deportivo: <u>no tiene que hacer cola<\/u> para registrarse en las autoridades portuarias<\/li>\n<\/ul>\n\t\t\t\t\t\t\t\t<\/div>\n\t\t\t\t<\/div>\n\t\t\t\t\t<\/div>\n\t\t<\/div>\n\t\t\t\t\t<\/div>\n\t\t<\/section>\n\t\t\t\t<\/div>\n\t\t","protected":false},"excerpt":{"rendered":"<p>\u00bfPor qu\u00e9 alquilar como inquilino a trav\u00e9s de Boatpark? \u00bfPor qu\u00e9 alquilar como inquilino a trav\u00e9s de Boatpark? Encuentra los parqueos disponibles cerca de Usted c\u00f3modamente utilizando el mapa de la aplicaci\u00f3n en su m\u00f3vil Reserva el espacio con pocos clics y reciba confirmaci\u00f3n instant\u00e1nea sin necesidad de radio, tel\u00e9fono o correo electr\u00f3nico Pago directo [&hellip;]<\/p>\n","protected":false},"author":1,"featured_media":0,"parent":3792,"menu_order":2,"comment_status":"closed","ping_status":"closed","template":"elementor_header_footer","meta":{"zakra_sidebar_layout":"customizer","zakra_remove_content_margin":false,"zakra_sidebar":"customizer","zakra_transparent_header":"customizer","zakra_logo":0,"zakra_main_header_style":"default","zakra_menu_item_color":null,"zakra_menu_item_hover_color":"","zakra_menu_item_active_color":"","zakra_menu_active_style":"zakra_menu_active_style","zakra_page_header":false,"footnotes":""},"class_list":["post-3616","page","type-page","status-publish","hentry"],"_links":{"self":[{"href":"https:\/\/boatpark.app\/es\/wp-json\/wp\/v2\/pages\/3616","targetHints":{"allow":["GET"]}}],"collection":[{"href":"https:\/\/boatpark.app\/es\/wp-json\/wp\/v2\/pages"}],"about":[{"href":"https:\/\/boatpark.app\/es\/wp-json\/wp\/v2\/types\/page"}],"author":[{"embeddable":true,"href":"https:\/\/boatpark.app\/es\/wp-json\/wp\/v2\/users\/1"}],"replies":[{"embeddable":true,"href":"https:\/\/boatpark.app\/es\/wp-json\/wp\/v2\/comments?post=3616"}],"version-history":[{"count":3,"href":"https:\/\/boatpark.app\/es\/wp-json\/wp\/v2\/pages\/3616\/revisions"}],"predecessor-version":[{"id":13187,"href":"https:\/\/boatpark.app\/es\/wp-json\/wp\/v2\/pages\/3616\/revisions\/13187"}],"up":[{"embeddable":true,"href":"https:\/\/boatpark.app\/es\/wp-json\/wp\/v2\/pages\/3792"}],"wp:attachment":[{"href":"https:\/\/boatpark.app\/es\/wp-json\/wp\/v2\/media?parent=3616"}],"curies":[{"name":"wp","href":"https:\/\/api.w.org\/{rel}","templated":true}]}}