{"id":3634,"date":"2019-12-17T12:59:26","date_gmt":"2019-12-17T12:59:26","guid":{"rendered":"https:\/\/boatpark.app\/staging\/lo-que-necesita-saber-como-propietario-de-un-parqueo\/"},"modified":"2024-03-06T21:45:06","modified_gmt":"2024-03-06T21:45:06","slug":"lo-que-necesita-saber-como-propietario-de-un-parqueo","status":"publish","type":"page","link":"https:\/\/boatpark.app\/es\/casa\/como-funciona\/lo-que-necesita-saber-como-propietario-de-un-parqueo\/","title":{"rendered":"Lo que necesita saber c\u00f3mo propietario de un parqueo"},"content":{"rendered":"\t\t<div data-elementor-type=\"wp-page\" data-elementor-id=\"3634\" class=\"elementor elementor-3634 elementor-1965\" data-elementor-post-type=\"page\">\n\t\t\t\t\t\t<section class=\"has_eae_slider elementor-section elementor-top-section elementor-element elementor-element-cb71cc9 elementor-section-content-middle elementor-section-height-min-height elementor-section-full_width elementor-section-stretched elementor-section-height-default elementor-section-items-middle\" data-eae-slider=\"59190\" data-id=\"cb71cc9\" data-element_type=\"section\" data-e-type=\"section\" data-settings=\"{&quot;background_background&quot;:&quot;classic&quot;,&quot;stretch_section&quot;:&quot;section-stretched&quot;}\">\n\t\t\t\t\t\t\t<div class=\"elementor-background-overlay\"><\/div>\n\t\t\t\t\t\t\t<div class=\"elementor-container elementor-column-gap-default\">\n\t\t\t\t\t<div class=\"has_eae_slider elementor-column elementor-col-100 elementor-top-column elementor-element elementor-element-44b327a\" data-eae-slider=\"49451\" data-id=\"44b327a\" data-element_type=\"column\" data-e-type=\"column\">\n\t\t\t<div class=\"elementor-widget-wrap elementor-element-populated\">\n\t\t\t\t\t\t<div class=\"elementor-element elementor-element-7c51b3e elementor-widget elementor-widget-heading\" data-id=\"7c51b3e\" data-element_type=\"widget\" data-e-type=\"widget\" data-widget_type=\"heading.default\">\n\t\t\t\t<div class=\"elementor-widget-container\">\n\t\t\t\t\t<h4 class=\"elementor-heading-title elementor-size-default\">Lo que necesita saber c\u00f3mo propietario de un parqueo<\/h4>\t\t\t\t<\/div>\n\t\t\t\t<\/div>\n\t\t\t\t\t<\/div>\n\t\t<\/div>\n\t\t\t\t\t<\/div>\n\t\t<\/section>\n\t\t\t\t<section class=\"has_eae_slider elementor-section elementor-top-section elementor-element elementor-element-7a54550 elementor-section-boxed elementor-section-height-default elementor-section-height-default\" data-eae-slider=\"35593\" data-id=\"7a54550\" data-element_type=\"section\" data-e-type=\"section\">\n\t\t\t\t\t\t<div class=\"elementor-container elementor-column-gap-default\">\n\t\t\t\t\t<div class=\"has_eae_slider elementor-column elementor-col-100 elementor-top-column elementor-element elementor-element-602988a\" data-eae-slider=\"1148\" data-id=\"602988a\" data-element_type=\"column\" data-e-type=\"column\">\n\t\t\t<div class=\"elementor-widget-wrap elementor-element-populated\">\n\t\t\t\t\t\t<div class=\"elementor-element elementor-element-24af547 elementor-widget elementor-widget-heading\" data-id=\"24af547\" data-element_type=\"widget\" data-e-type=\"widget\" data-widget_type=\"heading.default\">\n\t\t\t\t<div class=\"elementor-widget-container\">\n\t\t\t\t\t<h2 class=\"elementor-heading-title elementor-size-default\">\u00bfQu\u00e9 estoy ofreciendo?<\/h2>\t\t\t\t<\/div>\n\t\t\t\t<\/div>\n\t\t\t\t<div class=\"elementor-element elementor-element-9b248fb elementor-widget elementor-widget-text-editor\" data-id=\"9b248fb\" data-element_type=\"widget\" data-e-type=\"widget\" data-widget_type=\"text-editor.default\">\n\t\t\t\t<div class=\"elementor-widget-container\">\n\t\t\t\t\t\t\t\t\t<p>Puede registrar su parqueo de dos maneras diferentes:<\/p>\n<ol>\n<li>Alquiler incluyendo las tasas portuarias (tasa mar\u00edtima)<\/li>\n<li>Mediaci\u00f3n excluyendo las tasas portuarias (tasa mar\u00edtima)<\/li>\n<\/ol>\n<p>Si el parqueo est\u00e1 definido incluyendo las tasas portuarias, la reserva a trav\u00e9s de Boatpark es un contrato de alquiler temporal entre el propietario del parqueo (Usted\/puerto) y el inquilino. Usted debe tener el derecho de alquilar (subarrendar) el parqueo a otros navegantes.<\/p>\n<p>Si el parqueo est\u00e1 definido excluyendo las tasas portuarias, es un intermediario entre el propietario y el inquilino interesado. La reserva a trav\u00e9s de la aplicaci\u00f3n da derecho al inquilino a utilizar la informaci\u00f3n de disponibilidad en el momento del check-in en el puerto deportivo. El contrato de alquiler se celebra directamente con la autoridad portuaria en el momento de la facturaci\u00f3n en el puerto deportivo y el pago de la tasa portuaria por parte del inquilino. En este caso, el parqueo no est\u00e1 (sub)arrendado desde un punto de vista legal.<\/p>\n<p>Boatpark facilita en nombre del propietario del parqueo, pero no forma parte del contrato de alquiler.<\/p>\n<p>Como propietario, Usted es responsable de asegurar que el parqueo pueda ser utilizado por los inquilinos dentro del plazo definido.<\/p>\n\t\t\t\t\t\t\t\t<\/div>\n\t\t\t\t<\/div>\n\t\t\t\t\t<\/div>\n\t\t<\/div>\n\t\t\t\t\t<\/div>\n\t\t<\/section>\n\t\t\t\t<section class=\"has_eae_slider elementor-section elementor-top-section elementor-element elementor-element-7611519 elementor-section-boxed elementor-section-height-default elementor-section-height-default\" data-eae-slider=\"97829\" data-id=\"7611519\" data-element_type=\"section\" data-e-type=\"section\">\n\t\t\t\t\t\t<div class=\"elementor-container elementor-column-gap-default\">\n\t\t\t\t\t<div class=\"has_eae_slider elementor-column elementor-col-100 elementor-top-column elementor-element elementor-element-af600a1\" data-eae-slider=\"57136\" data-id=\"af600a1\" data-element_type=\"column\" data-e-type=\"column\">\n\t\t\t<div class=\"elementor-widget-wrap elementor-element-populated\">\n\t\t\t\t\t\t<div class=\"elementor-element elementor-element-aeb7aae elementor-widget-divider--view-line elementor-widget elementor-widget-divider\" data-id=\"aeb7aae\" data-element_type=\"widget\" data-e-type=\"widget\" data-widget_type=\"divider.default\">\n\t\t\t\t<div class=\"elementor-widget-container\">\n\t\t\t\t\t\t\t<div class=\"elementor-divider\">\n\t\t\t<span class=\"elementor-divider-separator\">\n\t\t\t\t\t\t<\/span>\n\t\t<\/div>\n\t\t\t\t\t\t<\/div>\n\t\t\t\t<\/div>\n\t\t\t\t\t<\/div>\n\t\t<\/div>\n\t\t\t\t\t<\/div>\n\t\t<\/section>\n\t\t\t\t<section class=\"has_eae_slider elementor-section elementor-top-section elementor-element elementor-element-824c526 elementor-section-boxed elementor-section-height-default elementor-section-height-default\" data-eae-slider=\"19687\" data-id=\"824c526\" data-element_type=\"section\" data-e-type=\"section\">\n\t\t\t\t\t\t<div class=\"elementor-container elementor-column-gap-default\">\n\t\t\t\t\t<div class=\"has_eae_slider elementor-column elementor-col-100 elementor-top-column elementor-element elementor-element-2391c79\" data-eae-slider=\"21229\" data-id=\"2391c79\" data-element_type=\"column\" data-e-type=\"column\">\n\t\t\t<div class=\"elementor-widget-wrap elementor-element-populated\">\n\t\t\t\t\t\t<div class=\"elementor-element elementor-element-3efda93 elementor-widget elementor-widget-heading\" data-id=\"3efda93\" data-element_type=\"widget\" data-e-type=\"widget\" data-widget_type=\"heading.default\">\n\t\t\t\t<div class=\"elementor-widget-container\">\n\t\t\t\t\t<h2 class=\"elementor-heading-title elementor-size-default\">Precio y forma de pago<\/h2>\t\t\t\t<\/div>\n\t\t\t\t<\/div>\n\t\t\t\t<div class=\"elementor-element elementor-element-93eb4f1 elementor-widget elementor-widget-text-editor\" data-id=\"93eb4f1\" data-element_type=\"widget\" data-e-type=\"widget\" data-widget_type=\"text-editor.default\">\n\t\t\t\t<div class=\"elementor-widget-container\">\n\t\t\t\t\t\t\t\t\t<p>Si usted no tiene un acuerdo expl\u00edcito con su marina, por favor no incluya impuestos portuarios en el precio del Boatpark. Este tipo de acuerdo con el puerto deportivo puede hacerse solo o a trav\u00e9s de Boatpark. Tan pronto como se haya llegado a un acuerdo y se haya informado a Boatpark, las tasas portuarias pueden incluirse en el precio del Boatpark.<br \/>\nBoatpark deduce una comisi\u00f3n del precio de sus servicios (ver T\u00e9rminos y Condiciones para m\u00e1s detalles) y transfiere la cantidad restante a la cuenta del propietario. Si se incluyen las tasas portuarias, el importe correspondiente ser\u00e1 deducido por el propietario y transferido a la cuenta del puerto deportivo.<\/p>\n\t\t\t\t\t\t\t\t<\/div>\n\t\t\t\t<\/div>\n\t\t\t\t\t<\/div>\n\t\t<\/div>\n\t\t\t\t\t<\/div>\n\t\t<\/section>\n\t\t\t\t<section class=\"has_eae_slider elementor-section elementor-top-section elementor-element elementor-element-5a144b5 elementor-section-boxed elementor-section-height-default elementor-section-height-default\" data-eae-slider=\"16052\" data-id=\"5a144b5\" data-element_type=\"section\" data-e-type=\"section\">\n\t\t\t\t\t\t<div class=\"elementor-container elementor-column-gap-default\">\n\t\t\t\t\t<div class=\"has_eae_slider elementor-column elementor-col-100 elementor-top-column elementor-element elementor-element-ec75826\" data-eae-slider=\"90592\" data-id=\"ec75826\" data-element_type=\"column\" data-e-type=\"column\">\n\t\t\t<div class=\"elementor-widget-wrap elementor-element-populated\">\n\t\t\t\t\t\t<div class=\"elementor-element elementor-element-0e4f357 elementor-widget-divider--view-line elementor-widget elementor-widget-divider\" data-id=\"0e4f357\" data-element_type=\"widget\" data-e-type=\"widget\" data-widget_type=\"divider.default\">\n\t\t\t\t<div class=\"elementor-widget-container\">\n\t\t\t\t\t\t\t<div class=\"elementor-divider\">\n\t\t\t<span class=\"elementor-divider-separator\">\n\t\t\t\t\t\t<\/span>\n\t\t<\/div>\n\t\t\t\t\t\t<\/div>\n\t\t\t\t<\/div>\n\t\t\t\t\t<\/div>\n\t\t<\/div>\n\t\t\t\t\t<\/div>\n\t\t<\/section>\n\t\t\t\t<section class=\"has_eae_slider elementor-section elementor-top-section elementor-element elementor-element-0925703 elementor-section-boxed elementor-section-height-default elementor-section-height-default\" data-eae-slider=\"92414\" data-id=\"0925703\" data-element_type=\"section\" data-e-type=\"section\">\n\t\t\t\t\t\t<div class=\"elementor-container elementor-column-gap-default\">\n\t\t\t\t\t<div class=\"has_eae_slider elementor-column elementor-col-100 elementor-top-column elementor-element elementor-element-be3aa53\" data-eae-slider=\"31100\" data-id=\"be3aa53\" data-element_type=\"column\" data-e-type=\"column\">\n\t\t\t<div class=\"elementor-widget-wrap elementor-element-populated\">\n\t\t\t\t\t\t<div class=\"elementor-element elementor-element-f99fba9 elementor-widget elementor-widget-heading\" data-id=\"f99fba9\" data-element_type=\"widget\" data-e-type=\"widget\" data-widget_type=\"heading.default\">\n\t\t\t\t<div class=\"elementor-widget-container\">\n\t\t\t\t\t<h2 class=\"elementor-heading-title elementor-size-default\">Sanciones<\/h2>\t\t\t\t<\/div>\n\t\t\t\t<\/div>\n\t\t\t\t<div class=\"elementor-element elementor-element-c15b2d0 elementor-widget elementor-widget-text-editor\" data-id=\"c15b2d0\" data-element_type=\"widget\" data-e-type=\"widget\" data-widget_type=\"text-editor.default\">\n\t\t\t\t<div class=\"elementor-widget-container\">\n\t\t\t\t\t\t\t\t\t<p>Como propietario, Usted es responsable de asegurarse de que los inquilinos puedan utilizar correctamente los parqueos ofrecidos durante las horas que Usted haya definido como reservables. Si el uso del parqueo no es posible (por ejemplo, porque el parqueo est\u00e1 ocupado) y no se puede acceder al mismo dentro de una hora del inicio del periodo de alquiler, se cargar\u00e1 en su cuenta una penalizaci\u00f3n de 1 noche y se cancelar\u00e1 la reserva del inquilino correspondiente. Por lo tanto, no se transferir\u00e1 ninguna tasa al propietario o al puerto deportivo (si se incluyen las tasas portuarias) para esta reserva.<\/p>\n\t\t\t\t\t\t\t\t<\/div>\n\t\t\t\t<\/div>\n\t\t\t\t\t<\/div>\n\t\t<\/div>\n\t\t\t\t\t<\/div>\n\t\t<\/section>\n\t\t\t\t<section class=\"has_eae_slider elementor-section elementor-top-section elementor-element elementor-element-15547df elementor-section-boxed elementor-section-height-default elementor-section-height-default\" data-eae-slider=\"70720\" data-id=\"15547df\" data-element_type=\"section\" data-e-type=\"section\">\n\t\t\t\t\t\t<div class=\"elementor-container elementor-column-gap-default\">\n\t\t\t\t\t<div class=\"has_eae_slider elementor-column elementor-col-100 elementor-top-column elementor-element elementor-element-133fed2\" data-eae-slider=\"69565\" data-id=\"133fed2\" data-element_type=\"column\" data-e-type=\"column\">\n\t\t\t<div class=\"elementor-widget-wrap elementor-element-populated\">\n\t\t\t\t\t\t<div class=\"elementor-element elementor-element-1f08da3 elementor-widget-divider--view-line elementor-widget elementor-widget-divider\" data-id=\"1f08da3\" data-element_type=\"widget\" data-e-type=\"widget\" data-widget_type=\"divider.default\">\n\t\t\t\t<div class=\"elementor-widget-container\">\n\t\t\t\t\t\t\t<div class=\"elementor-divider\">\n\t\t\t<span class=\"elementor-divider-separator\">\n\t\t\t\t\t\t<\/span>\n\t\t<\/div>\n\t\t\t\t\t\t<\/div>\n\t\t\t\t<\/div>\n\t\t\t\t\t<\/div>\n\t\t<\/div>\n\t\t\t\t\t<\/div>\n\t\t<\/section>\n\t\t\t\t<section class=\"has_eae_slider elementor-section elementor-top-section elementor-element elementor-element-e53d13f elementor-section-boxed elementor-section-height-default elementor-section-height-default\" data-eae-slider=\"73974\" data-id=\"e53d13f\" data-element_type=\"section\" data-e-type=\"section\">\n\t\t\t\t\t\t<div class=\"elementor-container elementor-column-gap-default\">\n\t\t\t\t\t<div class=\"has_eae_slider elementor-column elementor-col-100 elementor-top-column elementor-element elementor-element-f1fa6c0\" data-eae-slider=\"32787\" data-id=\"f1fa6c0\" data-element_type=\"column\" data-e-type=\"column\">\n\t\t\t<div class=\"elementor-widget-wrap elementor-element-populated\">\n\t\t\t\t\t\t<div class=\"elementor-element elementor-element-f26253c elementor-widget elementor-widget-heading\" data-id=\"f26253c\" data-element_type=\"widget\" data-e-type=\"widget\" data-widget_type=\"heading.default\">\n\t\t\t\t<div class=\"elementor-widget-container\">\n\t\t\t\t\t<h2 class=\"elementor-heading-title elementor-size-default\">Revocaci\u00f3n<\/h2>\t\t\t\t<\/div>\n\t\t\t\t<\/div>\n\t\t\t\t<div class=\"elementor-element elementor-element-c757078 elementor-widget elementor-widget-text-editor\" data-id=\"c757078\" data-element_type=\"widget\" data-e-type=\"widget\" data-widget_type=\"text-editor.default\">\n\t\t\t\t<div class=\"elementor-widget-container\">\n\t\t\t\t\t\t\t\t\t<p>Una vez que las reservas hayan sido recibidas por los inquilinos durante un per\u00edodo definido por usted como disponible, ya no podr\u00e1 cancelar la disponibilidad de su parqueo. En caso de emergencia, cuando el parqueo no est\u00e9 disponible, por favor informe a Boatpark inmediatamente para que Boatpark pueda contactar con el inquilino de su parqueo.<br \/>\nSi no est\u00e1 seguro de cu\u00e1nto tiempo puede liberar su parqueo, utilice la opci\u00f3n d\u00eda a d\u00eda, que le permite gestionar la disponibilidad de su parqueo diariamente.<\/p>\n\t\t\t\t\t\t\t\t<\/div>\n\t\t\t\t<\/div>\n\t\t\t\t\t<\/div>\n\t\t<\/div>\n\t\t\t\t\t<\/div>\n\t\t<\/section>\n\t\t\t\t<\/div>\n\t\t","protected":false},"excerpt":{"rendered":"<p>Lo que necesita saber c\u00f3mo propietario de un parqueo \u00bfQu\u00e9 estoy ofreciendo? Puede registrar su parqueo de dos maneras diferentes: Alquiler incluyendo las tasas portuarias (tasa mar\u00edtima) Mediaci\u00f3n excluyendo las tasas portuarias (tasa mar\u00edtima) Si el parqueo est\u00e1 definido incluyendo las tasas portuarias, la reserva a trav\u00e9s de Boatpark es un contrato de alquiler temporal [&hellip;]<\/p>\n","protected":false},"author":1,"featured_media":0,"parent":3792,"menu_order":3,"comment_status":"closed","ping_status":"closed","template":"elementor_header_footer","meta":{"zakra_sidebar_layout":"customizer","zakra_remove_content_margin":false,"zakra_sidebar":"customizer","zakra_transparent_header":"customizer","zakra_logo":0,"zakra_main_header_style":"default","zakra_menu_item_color":null,"zakra_menu_item_hover_color":"","zakra_menu_item_active_color":"","zakra_menu_active_style":"zakra_menu_active_style","zakra_page_header":false,"footnotes":""},"class_list":["post-3634","page","type-page","status-publish","hentry"],"_links":{"self":[{"href":"https:\/\/boatpark.app\/es\/wp-json\/wp\/v2\/pages\/3634","targetHints":{"allow":["GET"]}}],"collection":[{"href":"https:\/\/boatpark.app\/es\/wp-json\/wp\/v2\/pages"}],"about":[{"href":"https:\/\/boatpark.app\/es\/wp-json\/wp\/v2\/types\/page"}],"author":[{"embeddable":true,"href":"https:\/\/boatpark.app\/es\/wp-json\/wp\/v2\/users\/1"}],"replies":[{"embeddable":true,"href":"https:\/\/boatpark.app\/es\/wp-json\/wp\/v2\/comments?post=3634"}],"version-history":[{"count":7,"href":"https:\/\/boatpark.app\/es\/wp-json\/wp\/v2\/pages\/3634\/revisions"}],"predecessor-version":[{"id":13193,"href":"https:\/\/boatpark.app\/es\/wp-json\/wp\/v2\/pages\/3634\/revisions\/13193"}],"up":[{"embeddable":true,"href":"https:\/\/boatpark.app\/es\/wp-json\/wp\/v2\/pages\/3792"}],"wp:attachment":[{"href":"https:\/\/boatpark.app\/es\/wp-json\/wp\/v2\/media?parent=3634"}],"curies":[{"name":"wp","href":"https:\/\/api.w.org\/{rel}","templated":true}]}}