{"id":3648,"date":"2019-12-17T13:08:21","date_gmt":"2019-12-17T13:08:21","guid":{"rendered":"https:\/\/boatpark.app\/staging\/por-que-alquilar-como-propietario-a-traves-de-boatpark\/"},"modified":"2024-03-06T21:45:45","modified_gmt":"2024-03-06T21:45:45","slug":"por-que-alquilar-como-propietario-a-traves-de-boatpark","status":"publish","type":"page","link":"https:\/\/boatpark.app\/es\/casa\/como-funciona\/por-que-alquilar-como-propietario-a-traves-de-boatpark\/","title":{"rendered":"\u00bfPor qu\u00e9 alquilar como propietario a trav\u00e9s de Boatpark?"},"content":{"rendered":"\t\t<div data-elementor-type=\"wp-page\" data-elementor-id=\"3648\" class=\"elementor elementor-3648 elementor-1982\" data-elementor-post-type=\"page\">\n\t\t\t\t\t\t<section class=\"has_eae_slider elementor-section elementor-top-section elementor-element elementor-element-40b99d4 elementor-section-content-middle elementor-section-height-min-height elementor-section-full_width elementor-section-stretched elementor-section-height-default elementor-section-items-middle\" data-eae-slider=\"73289\" data-id=\"40b99d4\" data-element_type=\"section\" data-e-type=\"section\" data-settings=\"{&quot;background_background&quot;:&quot;classic&quot;,&quot;stretch_section&quot;:&quot;section-stretched&quot;}\">\n\t\t\t\t\t\t\t<div class=\"elementor-background-overlay\"><\/div>\n\t\t\t\t\t\t\t<div class=\"elementor-container elementor-column-gap-default\">\n\t\t\t\t\t<div class=\"has_eae_slider elementor-column elementor-col-100 elementor-top-column elementor-element elementor-element-f6ae322\" data-eae-slider=\"76050\" data-id=\"f6ae322\" data-element_type=\"column\" data-e-type=\"column\">\n\t\t\t<div class=\"elementor-widget-wrap elementor-element-populated\">\n\t\t\t\t\t\t<div class=\"elementor-element elementor-element-a3b5542 elementor-widget elementor-widget-heading\" data-id=\"a3b5542\" data-element_type=\"widget\" data-e-type=\"widget\" data-widget_type=\"heading.default\">\n\t\t\t\t<div class=\"elementor-widget-container\">\n\t\t\t\t\t<h4 class=\"elementor-heading-title elementor-size-default\">\u00bfPor qu\u00e9 alquilar como propietario a trav\u00e9s de Boatpark?<\/h4>\t\t\t\t<\/div>\n\t\t\t\t<\/div>\n\t\t\t\t\t<\/div>\n\t\t<\/div>\n\t\t\t\t\t<\/div>\n\t\t<\/section>\n\t\t\t\t<section class=\"has_eae_slider elementor-section elementor-top-section elementor-element elementor-element-bc13445 elementor-section-boxed elementor-section-height-default elementor-section-height-default\" data-eae-slider=\"64894\" data-id=\"bc13445\" data-element_type=\"section\" data-e-type=\"section\">\n\t\t\t\t\t\t<div class=\"elementor-container elementor-column-gap-default\">\n\t\t\t\t\t<div class=\"has_eae_slider elementor-column elementor-col-100 elementor-top-column elementor-element elementor-element-257687c\" data-eae-slider=\"73245\" data-id=\"257687c\" data-element_type=\"column\" data-e-type=\"column\">\n\t\t\t<div class=\"elementor-widget-wrap elementor-element-populated\">\n\t\t\t\t\t\t<div class=\"elementor-element elementor-element-1bdb210 elementor-widget elementor-widget-heading\" data-id=\"1bdb210\" data-element_type=\"widget\" data-e-type=\"widget\" data-widget_type=\"heading.default\">\n\t\t\t\t<div class=\"elementor-widget-container\">\n\t\t\t\t\t<h2 class=\"elementor-heading-title elementor-size-default\">Propietario de parqueo privado<\/h2>\t\t\t\t<\/div>\n\t\t\t\t<\/div>\n\t\t\t\t<div class=\"elementor-element elementor-element-5c2194c elementor-widget elementor-widget-text-editor\" data-id=\"5c2194c\" data-element_type=\"widget\" data-e-type=\"widget\" data-widget_type=\"text-editor.default\">\n\t\t\t\t<div class=\"elementor-widget-container\">\n\t\t\t\t\t\t\t\t\t<ol>\n<li>Apoya el <u>esp\u00edritu de comunidad<\/u> ofreciendo su parqueo a otros navegantes mientras no lo est\u00e1<\/li>\n<li>Genere <u>ingresos adicionales<\/u> para usted y la marina y reduzca sus costos fijos<\/li>\n<li>Muestre la disponibilidad de su parqueo a trav\u00e9s de la aplicaci\u00f3n <u>desde cualquier lugar<\/u>, reduciendo o alargando la disponibilidad de manera flexible de cualquier punto.<\/li>\n<li><u>Mantenga la flexibilidad<\/u> para el regreso anticipado aprovechando la opci\u00f3n de reserva diaria<\/li>\n<li>Obtenga un <u>incentivo adicional<\/u> animando a su marina a registrarse para todos sus parqueos en Boatpark y registrarse como \u00abReferrer\u00bb (ver programa de <a href=\"http:\/\/boatpark.app\/staging\/es\/casa\/boatpark-ambassador\/\">embajadores de Boatpark<\/a>).<\/li>\n<\/ol>\n\t\t\t\t\t\t\t\t<\/div>\n\t\t\t\t<\/div>\n\t\t\t\t\t<\/div>\n\t\t<\/div>\n\t\t\t\t\t<\/div>\n\t\t<\/section>\n\t\t\t\t<section class=\"has_eae_slider elementor-section elementor-top-section elementor-element elementor-element-1c86d86 elementor-section-boxed elementor-section-height-default elementor-section-height-default\" data-eae-slider=\"67281\" data-id=\"1c86d86\" data-element_type=\"section\" data-e-type=\"section\">\n\t\t\t\t\t\t<div class=\"elementor-container elementor-column-gap-default\">\n\t\t\t\t\t<div class=\"has_eae_slider elementor-column elementor-col-100 elementor-top-column elementor-element elementor-element-2a86b92\" data-eae-slider=\"43299\" data-id=\"2a86b92\" data-element_type=\"column\" data-e-type=\"column\">\n\t\t\t<div class=\"elementor-widget-wrap elementor-element-populated\">\n\t\t\t\t\t\t<div class=\"elementor-element elementor-element-e4daafa elementor-widget-divider--view-line elementor-widget elementor-widget-divider\" data-id=\"e4daafa\" data-element_type=\"widget\" data-e-type=\"widget\" data-widget_type=\"divider.default\">\n\t\t\t\t<div class=\"elementor-widget-container\">\n\t\t\t\t\t\t\t<div class=\"elementor-divider\">\n\t\t\t<span class=\"elementor-divider-separator\">\n\t\t\t\t\t\t<\/span>\n\t\t<\/div>\n\t\t\t\t\t\t<\/div>\n\t\t\t\t<\/div>\n\t\t\t\t\t<\/div>\n\t\t<\/div>\n\t\t\t\t\t<\/div>\n\t\t<\/section>\n\t\t\t\t<section class=\"has_eae_slider elementor-section elementor-top-section elementor-element elementor-element-34f44aa elementor-section-boxed elementor-section-height-default elementor-section-height-default\" data-eae-slider=\"42623\" data-id=\"34f44aa\" data-element_type=\"section\" data-e-type=\"section\">\n\t\t\t\t\t\t<div class=\"elementor-container elementor-column-gap-default\">\n\t\t\t\t\t<div class=\"has_eae_slider elementor-column elementor-col-100 elementor-top-column elementor-element elementor-element-b438af6\" data-eae-slider=\"43862\" data-id=\"b438af6\" data-element_type=\"column\" data-e-type=\"column\">\n\t\t\t<div class=\"elementor-widget-wrap elementor-element-populated\">\n\t\t\t\t\t\t<div class=\"elementor-element elementor-element-7e48fdf elementor-widget elementor-widget-heading\" data-id=\"7e48fdf\" data-element_type=\"widget\" data-e-type=\"widget\" data-widget_type=\"heading.default\">\n\t\t\t\t<div class=\"elementor-widget-container\">\n\t\t\t\t\t<h2 class=\"elementor-heading-title elementor-size-default\">Marina \/ puertos deportivos<\/h2>\t\t\t\t<\/div>\n\t\t\t\t<\/div>\n\t\t\t\t<div class=\"elementor-element elementor-element-bf90a6e elementor-widget elementor-widget-text-editor\" data-id=\"bf90a6e\" data-element_type=\"widget\" data-e-type=\"widget\" data-widget_type=\"text-editor.default\">\n\t\t\t\t<div class=\"elementor-widget-container\">\n\t\t\t\t\t\t\t\t\t<ol>\n<li><u>Mejorar el servicio al cliente<\/u> a trav\u00e9s de un proceso innovador de reserva digital y gran comodidad<\/li>\n<li>Recepci\u00f3n de un moderno sistema de reservas <u>sin costes ni riesgos<\/u> para el puerto.<\/li>\n<li>Reducci\u00f3n del riesgo de \u00abNo Show\u00bb <u>pagando por adelantado<\/u> en el momento de la reserva.<\/li>\n<li><u>Aumentar el uso de la capacidad del puerto deportivo<\/u> y de los servicios asociados (por ejemplo, tiendas, restaurantes, estaciones de servicio, etc.).<\/li>\n<li><u>Menor esfuerzo<\/u> de facturaci\u00f3n gracias a la presentaci\u00f3n electr\u00f3nica de los documentos solicitados por el inquilino.<\/li>\n<li>Contribuir a la <u>protecci\u00f3n del medio ambiente<\/u> reduciendo la necesidad de nuevas infraestructuras mediante un mejor uso de las ya existentes.<\/li>\n<li><u>M\u00e1s informaci\u00f3n<\/u> sobre el comportamiento de las reservas de los clientes<\/li>\n<li>Posibilidad de <u>integraci\u00f3n<\/u> en un sistema de reservas existente<\/li>\n<\/ol>\n\t\t\t\t\t\t\t\t<\/div>\n\t\t\t\t<\/div>\n\t\t\t\t\t<\/div>\n\t\t<\/div>\n\t\t\t\t\t<\/div>\n\t\t<\/section>\n\t\t\t\t<\/div>\n\t\t","protected":false},"excerpt":{"rendered":"<p>\u00bfPor qu\u00e9 alquilar como propietario a trav\u00e9s de Boatpark? Propietario de parqueo privado Apoya el esp\u00edritu de comunidad ofreciendo su parqueo a otros navegantes mientras no lo est\u00e1 Genere ingresos adicionales para usted y la marina y reduzca sus costos fijos Muestre la disponibilidad de su parqueo a trav\u00e9s de la aplicaci\u00f3n desde cualquier lugar, [&hellip;]<\/p>\n","protected":false},"author":1,"featured_media":0,"parent":3792,"menu_order":4,"comment_status":"closed","ping_status":"closed","template":"elementor_header_footer","meta":{"zakra_sidebar_layout":"customizer","zakra_remove_content_margin":false,"zakra_sidebar":"customizer","zakra_transparent_header":"customizer","zakra_logo":0,"zakra_main_header_style":"default","zakra_menu_item_color":null,"zakra_menu_item_hover_color":"","zakra_menu_item_active_color":"","zakra_menu_active_style":"zakra_menu_active_style","zakra_page_header":false,"footnotes":""},"class_list":["post-3648","page","type-page","status-publish","hentry"],"_links":{"self":[{"href":"https:\/\/boatpark.app\/es\/wp-json\/wp\/v2\/pages\/3648","targetHints":{"allow":["GET"]}}],"collection":[{"href":"https:\/\/boatpark.app\/es\/wp-json\/wp\/v2\/pages"}],"about":[{"href":"https:\/\/boatpark.app\/es\/wp-json\/wp\/v2\/types\/page"}],"author":[{"embeddable":true,"href":"https:\/\/boatpark.app\/es\/wp-json\/wp\/v2\/users\/1"}],"replies":[{"embeddable":true,"href":"https:\/\/boatpark.app\/es\/wp-json\/wp\/v2\/comments?post=3648"}],"version-history":[{"count":3,"href":"https:\/\/boatpark.app\/es\/wp-json\/wp\/v2\/pages\/3648\/revisions"}],"predecessor-version":[{"id":13199,"href":"https:\/\/boatpark.app\/es\/wp-json\/wp\/v2\/pages\/3648\/revisions\/13199"}],"up":[{"embeddable":true,"href":"https:\/\/boatpark.app\/es\/wp-json\/wp\/v2\/pages\/3792"}],"wp:attachment":[{"href":"https:\/\/boatpark.app\/es\/wp-json\/wp\/v2\/media?parent=3648"}],"curies":[{"name":"wp","href":"https:\/\/api.w.org\/{rel}","templated":true}]}}