{"id":3664,"date":"2019-12-17T13:22:29","date_gmt":"2019-12-17T13:22:29","guid":{"rendered":"https:\/\/boatpark.app\/staging\/terminos-y-condiciones-tc\/"},"modified":"2024-03-06T21:46:24","modified_gmt":"2024-03-06T21:46:24","slug":"terminos-y-condiciones-tc","status":"publish","type":"page","link":"https:\/\/boatpark.app\/es\/casa\/como-funciona\/terminos-y-condiciones-tc\/","title":{"rendered":"T\u00e9rminos y Condiciones (T&#038;C)"},"content":{"rendered":"\t\t<div data-elementor-type=\"wp-page\" data-elementor-id=\"3664\" class=\"elementor elementor-3664 elementor-1991\" data-elementor-post-type=\"page\">\n\t\t\t\t\t\t<section class=\"has_eae_slider elementor-section elementor-top-section elementor-element elementor-element-c79d39d elementor-section-content-middle elementor-section-height-min-height elementor-section-full_width elementor-section-stretched elementor-section-height-default elementor-section-items-middle\" data-eae-slider=\"4314\" data-id=\"c79d39d\" data-element_type=\"section\" data-e-type=\"section\" data-settings=\"{&quot;background_background&quot;:&quot;classic&quot;,&quot;stretch_section&quot;:&quot;section-stretched&quot;}\">\n\t\t\t\t\t\t\t<div class=\"elementor-background-overlay\"><\/div>\n\t\t\t\t\t\t\t<div class=\"elementor-container elementor-column-gap-default\">\n\t\t\t\t\t<div class=\"has_eae_slider elementor-column elementor-col-100 elementor-top-column elementor-element elementor-element-9b67bc3\" data-eae-slider=\"67285\" data-id=\"9b67bc3\" data-element_type=\"column\" data-e-type=\"column\">\n\t\t\t<div class=\"elementor-widget-wrap elementor-element-populated\">\n\t\t\t\t\t\t<div class=\"elementor-element elementor-element-a72659f elementor-widget elementor-widget-heading\" data-id=\"a72659f\" data-element_type=\"widget\" data-e-type=\"widget\" data-widget_type=\"heading.default\">\n\t\t\t\t<div class=\"elementor-widget-container\">\n\t\t\t\t\t<h4 class=\"elementor-heading-title elementor-size-default\">T\u00e9rminos y Condiciones (T&amp;C)<\/h4>\t\t\t\t<\/div>\n\t\t\t\t<\/div>\n\t\t\t\t\t<\/div>\n\t\t<\/div>\n\t\t\t\t\t<\/div>\n\t\t<\/section>\n\t\t\t\t<section class=\"has_eae_slider elementor-section elementor-top-section elementor-element elementor-element-9b6273e elementor-section-boxed elementor-section-height-default elementor-section-height-default\" data-eae-slider=\"41888\" data-id=\"9b6273e\" data-element_type=\"section\" data-e-type=\"section\">\n\t\t\t\t\t\t<div class=\"elementor-container elementor-column-gap-default\">\n\t\t\t\t\t<div class=\"has_eae_slider elementor-column elementor-col-50 elementor-top-column elementor-element elementor-element-d732595\" data-eae-slider=\"46134\" data-id=\"d732595\" data-element_type=\"column\" data-e-type=\"column\">\n\t\t\t<div class=\"elementor-widget-wrap elementor-element-populated\">\n\t\t\t\t\t\t<div class=\"elementor-element elementor-element-b23393f elementor-widget elementor-widget-heading\" data-id=\"b23393f\" data-element_type=\"widget\" data-e-type=\"widget\" data-widget_type=\"heading.default\">\n\t\t\t\t<div class=\"elementor-widget-container\">\n\t\t\t\t\t<h2 class=\"elementor-heading-title elementor-size-default\">Plataforma T&amp;C<\/h2>\t\t\t\t<\/div>\n\t\t\t\t<\/div>\n\t\t\t\t<div class=\"elementor-element elementor-element-2377708 elementor-widget elementor-widget-text-editor\" data-id=\"2377708\" data-element_type=\"widget\" data-e-type=\"widget\" data-widget_type=\"text-editor.default\">\n\t\t\t\t<div class=\"elementor-widget-container\">\n\t\t\t\t\t\t\t\t\t<p>Los T\u00e9rminos y Condiciones para todos los usuarios de la plataforma Boatpark est\u00e1n disponibles <a href=\"http:\/\/boatpark.app\/es\/casa\/como-funciona\/terminos-y-condiciones-tc\/documentos-tc\/\">aqu\u00ed<\/a>. Estos se aplican a todos los canales de interacci\u00f3n con Boatpark, tales como sitios web o aplicaciones m\u00f3viles.<\/p>\n\t\t\t\t\t\t\t\t<\/div>\n\t\t\t\t<\/div>\n\t\t\t\t\t<\/div>\n\t\t<\/div>\n\t\t\t\t<div class=\"has_eae_slider elementor-column elementor-col-50 elementor-top-column elementor-element elementor-element-4ce2a04\" data-eae-slider=\"85039\" data-id=\"4ce2a04\" data-element_type=\"column\" data-e-type=\"column\">\n\t\t\t<div class=\"elementor-widget-wrap elementor-element-populated\">\n\t\t\t\t\t\t<div class=\"elementor-element elementor-element-ec29b96 elementor-widget elementor-widget-heading\" data-id=\"ec29b96\" data-element_type=\"widget\" data-e-type=\"widget\" data-widget_type=\"heading.default\">\n\t\t\t\t<div class=\"elementor-widget-container\">\n\t\t\t\t\t<h2 class=\"elementor-heading-title elementor-size-default\">Protecci\u00f3n de datos<\/h2>\t\t\t\t<\/div>\n\t\t\t\t<\/div>\n\t\t\t\t<div class=\"elementor-element elementor-element-a371bc0 elementor-widget elementor-widget-text-editor\" data-id=\"a371bc0\" data-element_type=\"widget\" data-e-type=\"widget\" data-widget_type=\"text-editor.default\">\n\t\t\t\t<div class=\"elementor-widget-container\">\n\t\t\t\t\t\t\t\t\t<p>La protecci\u00f3n de datos y la seguridad de los datos son una alta prioridad para nosotros. <a href=\"http:\/\/boatpark.app\/es\/casa\/como-funciona\/terminos-y-condiciones-tc\/documentos-tc\/\">Aqu\u00ed<\/a>puede descargar la versi\u00f3n actual de nuestra pol\u00edtica de privacidad.<\/p>\n\t\t\t\t\t\t\t\t<\/div>\n\t\t\t\t<\/div>\n\t\t\t\t\t<\/div>\n\t\t<\/div>\n\t\t\t\t\t<\/div>\n\t\t<\/section>\n\t\t\t\t<\/div>\n\t\t","protected":false},"excerpt":{"rendered":"<p>T\u00e9rminos y Condiciones (T&#038;C) Plataforma T&#038;C Los T\u00e9rminos y Condiciones para todos los usuarios de la plataforma Boatpark est\u00e1n disponibles aqu\u00ed. Estos se aplican a todos los canales de interacci\u00f3n con Boatpark, tales como sitios web o aplicaciones m\u00f3viles. Protecci\u00f3n de datos La protecci\u00f3n de datos y la seguridad de los datos son una alta [&hellip;]<\/p>\n","protected":false},"author":1,"featured_media":0,"parent":3792,"menu_order":6,"comment_status":"closed","ping_status":"closed","template":"elementor_header_footer","meta":{"zakra_sidebar_layout":"customizer","zakra_remove_content_margin":false,"zakra_sidebar":"customizer","zakra_transparent_header":"customizer","zakra_logo":0,"zakra_main_header_style":"default","zakra_menu_item_color":null,"zakra_menu_item_hover_color":"","zakra_menu_item_active_color":"","zakra_menu_active_style":"zakra_menu_active_style","zakra_page_header":false,"footnotes":""},"class_list":["post-3664","page","type-page","status-publish","hentry"],"_links":{"self":[{"href":"https:\/\/boatpark.app\/es\/wp-json\/wp\/v2\/pages\/3664","targetHints":{"allow":["GET"]}}],"collection":[{"href":"https:\/\/boatpark.app\/es\/wp-json\/wp\/v2\/pages"}],"about":[{"href":"https:\/\/boatpark.app\/es\/wp-json\/wp\/v2\/types\/page"}],"author":[{"embeddable":true,"href":"https:\/\/boatpark.app\/es\/wp-json\/wp\/v2\/users\/1"}],"replies":[{"embeddable":true,"href":"https:\/\/boatpark.app\/es\/wp-json\/wp\/v2\/comments?post=3664"}],"version-history":[{"count":6,"href":"https:\/\/boatpark.app\/es\/wp-json\/wp\/v2\/pages\/3664\/revisions"}],"predecessor-version":[{"id":13204,"href":"https:\/\/boatpark.app\/es\/wp-json\/wp\/v2\/pages\/3664\/revisions\/13204"}],"up":[{"embeddable":true,"href":"https:\/\/boatpark.app\/es\/wp-json\/wp\/v2\/pages\/3792"}],"wp:attachment":[{"href":"https:\/\/boatpark.app\/es\/wp-json\/wp\/v2\/media?parent=3664"}],"curies":[{"name":"wp","href":"https:\/\/api.w.org\/{rel}","templated":true}]}}