{"id":3678,"date":"2019-12-17T13:34:33","date_gmt":"2019-12-17T13:34:33","guid":{"rendered":"https:\/\/boatpark.app\/staging\/terminos-y-condiciones-tc\/documentos-tc\/"},"modified":"2025-12-05T00:01:38","modified_gmt":"2025-12-04T23:01:38","slug":"documentos-tc","status":"publish","type":"page","link":"https:\/\/boatpark.app\/es\/casa\/como-funciona\/terminos-y-condiciones-tc\/documentos-tc\/","title":{"rendered":"Documentos T&#038;C"},"content":{"rendered":"\t\t<div data-elementor-type=\"wp-page\" data-elementor-id=\"3678\" class=\"elementor elementor-3678 elementor-1999\" data-elementor-post-type=\"page\">\n\t\t\t\t\t\t<section class=\"has_eae_slider elementor-section elementor-top-section elementor-element elementor-element-50c694e elementor-section-content-middle elementor-section-height-min-height elementor-section-full_width elementor-section-stretched elementor-section-height-default elementor-section-items-middle\" data-eae-slider=\"30796\" data-id=\"50c694e\" data-element_type=\"section\" data-e-type=\"section\" data-settings=\"{&quot;background_background&quot;:&quot;classic&quot;,&quot;stretch_section&quot;:&quot;section-stretched&quot;}\">\n\t\t\t\t\t\t\t<div class=\"elementor-background-overlay\"><\/div>\n\t\t\t\t\t\t\t<div class=\"elementor-container elementor-column-gap-default\">\n\t\t\t\t\t<div class=\"has_eae_slider elementor-column elementor-col-100 elementor-top-column elementor-element elementor-element-4f8b398\" data-eae-slider=\"19482\" data-id=\"4f8b398\" data-element_type=\"column\" data-e-type=\"column\">\n\t\t\t<div class=\"elementor-widget-wrap elementor-element-populated\">\n\t\t\t\t\t\t<div class=\"elementor-element elementor-element-d1faf99 elementor-widget elementor-widget-heading\" data-id=\"d1faf99\" data-element_type=\"widget\" data-e-type=\"widget\" data-widget_type=\"heading.default\">\n\t\t\t\t<div class=\"elementor-widget-container\">\n\t\t\t\t\t<h4 class=\"elementor-heading-title elementor-size-default\">Documentos T&amp;C<\/h4>\t\t\t\t<\/div>\n\t\t\t\t<\/div>\n\t\t\t\t\t<\/div>\n\t\t<\/div>\n\t\t\t\t\t<\/div>\n\t\t<\/section>\n\t\t\t\t<section class=\"has_eae_slider elementor-section elementor-inner-section elementor-element elementor-element-92645e6 elementor-section-boxed elementor-section-height-default elementor-section-height-default\" data-eae-slider=\"39526\" data-id=\"92645e6\" data-element_type=\"section\" data-e-type=\"section\">\n\t\t\t\t\t\t<div class=\"elementor-container elementor-column-gap-default\">\n\t\t\t\t\t<div class=\"has_eae_slider elementor-column elementor-col-100 elementor-inner-column elementor-element elementor-element-1764713\" data-eae-slider=\"92660\" data-id=\"1764713\" data-element_type=\"column\" data-e-type=\"column\">\n\t\t\t<div class=\"elementor-widget-wrap elementor-element-populated\">\n\t\t\t\t\t\t<div class=\"elementor-element elementor-element-917f382 elementor-widget elementor-widget-text-editor\" data-id=\"917f382\" data-element_type=\"widget\" data-e-type=\"widget\" data-widget_type=\"text-editor.default\">\n\t\t\t\t<div class=\"elementor-widget-container\">\n\t\t\t\t\t\t\t\t\t<p>Los t\u00e9rminos y condiciones legalmente vinculantes s\u00f3lo est\u00e1n disponibles en alem\u00e1n y se pueden encontrar <a href=\"https:\/\/boatpark.app\/de\/zuhause\/wie-es-funktioniert\/allgemeine-geschaeftsbedingungen-agbs\/agb-dokumente\/\"><span style=\"text-decoration: underline;\">aqu\u00ed<\/span>.<\/a><\/p><p>Para la traducci\u00f3n al espa\u00f1ol por favor utilice los siguientes enlaces:<\/p><p><a href=\"https:\/\/boatpark.app\/wp-content\/uploads\/Plattform-AGB-v20251204-ES.pdf\" target=\"_blank\" rel=\"noopener\"><span style=\"text-decoration: underline; color: #3366ff;\"><strong>Plataforma T&amp;C<\/strong><\/span><\/a><br \/><a href=\"https:\/\/boatpark.app\/wp-content\/uploads\/Datenschutzerklaerung-v20230401-ES.pdf\" target=\"_blank\" rel=\"noopener\"><span style=\"text-decoration: underline; color: #3366ff;\"><strong>Protecci\u00f3n de datos<\/strong><\/span><\/a><\/p>\t\t\t\t\t\t\t\t<\/div>\n\t\t\t\t<\/div>\n\t\t\t\t\t<\/div>\n\t\t<\/div>\n\t\t\t\t\t<\/div>\n\t\t<\/section>\n\t\t\t\t<\/div>\n\t\t","protected":false},"excerpt":{"rendered":"<p>Documentos T&amp;C Los t\u00e9rminos y condiciones legalmente vinculantes s\u00f3lo est\u00e1n disponibles en alem\u00e1n y se pueden encontrar aqu\u00ed. Para la traducci\u00f3n al espa\u00f1ol por favor utilice los siguientes enlaces: Plataforma T&amp;CProtecci\u00f3n de datos<\/p>\n","protected":false},"author":1,"featured_media":0,"parent":3664,"menu_order":1,"comment_status":"closed","ping_status":"closed","template":"elementor_header_footer","meta":{"zakra_sidebar_layout":"customizer","zakra_remove_content_margin":false,"zakra_sidebar":"customizer","zakra_transparent_header":"customizer","zakra_logo":0,"zakra_main_header_style":"default","zakra_menu_item_color":null,"zakra_menu_item_hover_color":"","zakra_menu_item_active_color":"","zakra_menu_active_style":"zakra_menu_active_style","zakra_page_header":false,"footnotes":""},"class_list":["post-3678","page","type-page","status-publish","hentry"],"_links":{"self":[{"href":"https:\/\/boatpark.app\/es\/wp-json\/wp\/v2\/pages\/3678","targetHints":{"allow":["GET"]}}],"collection":[{"href":"https:\/\/boatpark.app\/es\/wp-json\/wp\/v2\/pages"}],"about":[{"href":"https:\/\/boatpark.app\/es\/wp-json\/wp\/v2\/types\/page"}],"author":[{"embeddable":true,"href":"https:\/\/boatpark.app\/es\/wp-json\/wp\/v2\/users\/1"}],"replies":[{"embeddable":true,"href":"https:\/\/boatpark.app\/es\/wp-json\/wp\/v2\/comments?post=3678"}],"version-history":[{"count":47,"href":"https:\/\/boatpark.app\/es\/wp-json\/wp\/v2\/pages\/3678\/revisions"}],"predecessor-version":[{"id":13650,"href":"https:\/\/boatpark.app\/es\/wp-json\/wp\/v2\/pages\/3678\/revisions\/13650"}],"up":[{"embeddable":true,"href":"https:\/\/boatpark.app\/es\/wp-json\/wp\/v2\/pages\/3664"}],"wp:attachment":[{"href":"https:\/\/boatpark.app\/es\/wp-json\/wp\/v2\/media?parent=3678"}],"curies":[{"name":"wp","href":"https:\/\/api.w.org\/{rel}","templated":true}]}}