{"id":3708,"date":"2019-12-18T04:55:08","date_gmt":"2019-12-18T04:55:08","guid":{"rendered":"https:\/\/boatpark.app\/staging\/casa\/lo-que-hacemos\/"},"modified":"2022-10-19T17:39:56","modified_gmt":"2022-10-19T17:39:56","slug":"lo-que-hacemos","status":"publish","type":"page","link":"https:\/\/boatpark.app\/es\/casa\/lo-que-hacemos\/","title":{"rendered":"Lo que hacemos"},"content":{"rendered":"\t\t<div data-elementor-type=\"wp-page\" data-elementor-id=\"3708\" class=\"elementor elementor-3708 elementor-1597\" data-elementor-post-type=\"page\">\n\t\t\t\t\t\t<section class=\"has_eae_slider elementor-section elementor-top-section elementor-element elementor-element-c094ec4 elementor-section-content-middle elementor-section-height-min-height elementor-section-full_width elementor-section-stretched elementor-section-height-default elementor-section-items-middle\" data-eae-slider=\"72200\" data-id=\"c094ec4\" data-element_type=\"section\" data-e-type=\"section\" data-settings=\"{&quot;background_background&quot;:&quot;classic&quot;,&quot;stretch_section&quot;:&quot;section-stretched&quot;}\">\n\t\t\t\t\t\t\t<div class=\"elementor-background-overlay\"><\/div>\n\t\t\t\t\t\t\t<div class=\"elementor-container elementor-column-gap-default\">\n\t\t\t\t\t<div class=\"has_eae_slider elementor-column elementor-col-100 elementor-top-column elementor-element elementor-element-f8f2c60\" data-eae-slider=\"78792\" data-id=\"f8f2c60\" data-element_type=\"column\" data-e-type=\"column\">\n\t\t\t<div class=\"elementor-widget-wrap elementor-element-populated\">\n\t\t\t\t\t\t<div class=\"elementor-element elementor-element-6c1f10a elementor-widget elementor-widget-heading\" data-id=\"6c1f10a\" data-element_type=\"widget\" data-e-type=\"widget\" data-widget_type=\"heading.default\">\n\t\t\t\t<div class=\"elementor-widget-container\">\n\t\t\t\t\t<h4 class=\"elementor-heading-title elementor-size-default\">Lo que hacemos<\/h4>\t\t\t\t<\/div>\n\t\t\t\t<\/div>\n\t\t\t\t\t<\/div>\n\t\t<\/div>\n\t\t\t\t\t<\/div>\n\t\t<\/section>\n\t\t\t\t<section class=\"has_eae_slider elementor-section elementor-top-section elementor-element elementor-element-ea4b6f1 elementor-section-boxed elementor-section-height-default elementor-section-height-default\" data-eae-slider=\"90740\" data-id=\"ea4b6f1\" data-element_type=\"section\" data-e-type=\"section\">\n\t\t\t\t\t\t<div class=\"elementor-container elementor-column-gap-default\">\n\t\t\t\t\t<div class=\"has_eae_slider elementor-column elementor-col-100 elementor-top-column elementor-element elementor-element-d642d20\" data-eae-slider=\"52799\" data-id=\"d642d20\" data-element_type=\"column\" data-e-type=\"column\">\n\t\t\t<div class=\"elementor-widget-wrap elementor-element-populated\">\n\t\t\t\t\t\t<div class=\"elementor-element elementor-element-3a1e4e0 elementor-widget elementor-widget-heading\" data-id=\"3a1e4e0\" data-element_type=\"widget\" data-e-type=\"widget\" data-widget_type=\"heading.default\">\n\t\t\t\t<div class=\"elementor-widget-container\">\n\t\t\t\t\t<h2 class=\"elementor-heading-title elementor-size-default\">Nuestra oferta<\/h2>\t\t\t\t<\/div>\n\t\t\t\t<\/div>\n\t\t\t\t<div class=\"elementor-element elementor-element-2cce158 elementor-widget elementor-widget-text-editor\" data-id=\"2cce158\" data-element_type=\"widget\" data-e-type=\"widget\" data-widget_type=\"text-editor.default\">\n\t\t\t\t<div class=\"elementor-widget-container\">\n\t\t\t\t\t\t\t\t\tBoatpark es una plataforma de mediaci\u00f3n para el uso a corto plazo de parqueos de barcos. Esta plataforma permite a los puertos deportivos y a los propietarios de parqueos privados alquilar temporalmente sus parqueos a determinados d\u00edas y precios. Los usuarios pueden reservar parqueos a trav\u00e9s de la aplicaci\u00f3n m\u00f3vil en cualquier momento y desde cualquier lugar, sin necesidad de utilizar la radio, el tel\u00e9fono o el correo electr\u00f3nico. El cobro \u00a0de los usuarios y el reembolso al propietario del parqueo \/ puerto deportivo es asumido por Boatpark. La aplicaci\u00f3n m\u00f3vil se enriquece regularmente con funciones adicionales.\r\nCon nuestro servicio ayudamos a los navegantes de todo el mundo a encontrar un parqueo seguro y reservarlo con s\u00f3lo unos clics con una aplicaci\u00f3n m\u00f3vil. En el caso de los puertos deportivos, estamos aumentando el uso de sus instalaciones y reduciendo significativamente los costes del proceso de facturaci\u00f3n, para que el servicio al cliente sea a\u00fan m\u00e1s en el centro. Para los propietarios de parqueos privados y los puertos deportivos, esta es una oportunidad para generar ingresos adicionales de los parqueos cuando no est\u00e1n en uso.\t\t\t\t\t\t\t\t<\/div>\n\t\t\t\t<\/div>\n\t\t\t\t\t<\/div>\n\t\t<\/div>\n\t\t\t\t\t<\/div>\n\t\t<\/section>\n\t\t\t\t<section class=\"has_eae_slider elementor-section elementor-top-section elementor-element elementor-element-bf94eec elementor-section-boxed elementor-section-height-default elementor-section-height-default\" data-eae-slider=\"5961\" data-id=\"bf94eec\" data-element_type=\"section\" data-e-type=\"section\">\n\t\t\t\t\t\t<div class=\"elementor-container elementor-column-gap-default\">\n\t\t\t\t\t<div class=\"has_eae_slider elementor-column elementor-col-100 elementor-top-column elementor-element elementor-element-0755f55\" data-eae-slider=\"85834\" data-id=\"0755f55\" data-element_type=\"column\" data-e-type=\"column\">\n\t\t\t<div class=\"elementor-widget-wrap elementor-element-populated\">\n\t\t\t\t\t\t<div class=\"elementor-element elementor-element-f6f3349 elementor-widget-divider--view-line elementor-widget elementor-widget-divider\" data-id=\"f6f3349\" data-element_type=\"widget\" data-e-type=\"widget\" data-widget_type=\"divider.default\">\n\t\t\t\t<div class=\"elementor-widget-container\">\n\t\t\t\t\t\t\t<div class=\"elementor-divider\">\n\t\t\t<span class=\"elementor-divider-separator\">\n\t\t\t\t\t\t<\/span>\n\t\t<\/div>\n\t\t\t\t\t\t<\/div>\n\t\t\t\t<\/div>\n\t\t\t\t\t<\/div>\n\t\t<\/div>\n\t\t\t\t\t<\/div>\n\t\t<\/section>\n\t\t\t\t<section class=\"has_eae_slider elementor-section elementor-top-section elementor-element elementor-element-336113f elementor-section-boxed elementor-section-height-default elementor-section-height-default\" data-eae-slider=\"31839\" data-id=\"336113f\" data-element_type=\"section\" data-e-type=\"section\" data-settings=\"{&quot;background_background&quot;:&quot;classic&quot;,&quot;shape_divider_top&quot;:&quot;arrow&quot;,&quot;animation&quot;:&quot;none&quot;}\">\n\t\t\t\t\t<div class=\"elementor-shape elementor-shape-top\" aria-hidden=\"true\" data-negative=\"false\">\n\t\t\t<svg xmlns=\"http:\/\/www.w3.org\/2000\/svg\" viewBox=\"0 0 700 10\" preserveAspectRatio=\"none\">\n\t<path class=\"elementor-shape-fill\" d=\"M350,10L340,0h20L350,10z\"\/>\n<\/svg>\t\t<\/div>\n\t\t\t\t\t<div class=\"elementor-container elementor-column-gap-default\">\n\t\t\t\t\t<div class=\"has_eae_slider elementor-column elementor-col-100 elementor-top-column elementor-element elementor-element-2c12c45\" data-eae-slider=\"63865\" data-id=\"2c12c45\" data-element_type=\"column\" data-e-type=\"column\">\n\t\t\t<div class=\"elementor-widget-wrap elementor-element-populated\">\n\t\t\t\t\t\t<div class=\"elementor-element elementor-element-1776da1 elementor-widget elementor-widget-heading\" data-id=\"1776da1\" data-element_type=\"widget\" data-e-type=\"widget\" data-widget_type=\"heading.default\">\n\t\t\t\t<div class=\"elementor-widget-container\">\n\t\t\t\t\t<h2 class=\"elementor-heading-title elementor-size-default\">Nuestras ambiciones<\/h2>\t\t\t\t<\/div>\n\t\t\t\t<\/div>\n\t\t\t\t<div class=\"elementor-element elementor-element-8af6d62 elementor-widget elementor-widget-text-editor\" data-id=\"8af6d62\" data-element_type=\"widget\" data-e-type=\"widget\" data-widget_type=\"text-editor.default\">\n\t\t\t\t<div class=\"elementor-widget-container\">\n\t\t\t\t\t\t\t\t\tNos comprometemos a mejorar el uso de los escasos recursos de parqueos en todo el mundo, evitando parqueos no utilizados y vac\u00edos y, al mismo tiempo, simplificando el proceso de reserva para los puertos y los navegantes mediante el uso innovador de tecnolog\u00edas m\u00f3viles. Contribuimos a la protecci\u00f3n del medio ambiente reduciendo la necesidad de nuevas infraestructuras y optimizando el uso de las ya existentes.<br\/>\r\n\r\nLos parqueos de barcos en todo el mundo, junto al mar, en r\u00edos y lagos, son intermediados a trav\u00e9s de nuestra plataforma y estamos comprometidos a ampliar continuamente nuestros servicios para la industria n\u00e1utica mundial.\t\t\t\t\t\t\t\t<\/div>\n\t\t\t\t<\/div>\n\t\t\t\t\t<\/div>\n\t\t<\/div>\n\t\t\t\t\t<\/div>\n\t\t<\/section>\n\t\t\t\t<section class=\"has_eae_slider elementor-section elementor-top-section elementor-element elementor-element-e831b31 elementor-section-height-min-height elementor-section-boxed elementor-section-height-default elementor-section-items-middle\" data-eae-slider=\"17417\" data-id=\"e831b31\" data-element_type=\"section\" data-e-type=\"section\">\n\t\t\t\t\t\t<div class=\"elementor-container elementor-column-gap-default\">\n\t\t\t\t\t<div class=\"has_eae_slider elementor-column elementor-col-100 elementor-top-column elementor-element elementor-element-f1c8a9f\" data-eae-slider=\"50317\" data-id=\"f1c8a9f\" data-element_type=\"column\" data-e-type=\"column\">\n\t\t\t<div class=\"elementor-widget-wrap\">\n\t\t\t\t\t\t\t<\/div>\n\t\t<\/div>\n\t\t\t\t\t<\/div>\n\t\t<\/section>\n\t\t\t\t<\/div>\n\t\t","protected":false},"excerpt":{"rendered":"<p>Lo que hacemos Nuestra oferta Boatpark es una plataforma de mediaci\u00f3n para el uso a corto plazo de parqueos de barcos. Esta plataforma permite a los puertos deportivos y a los propietarios de parqueos privados alquilar temporalmente sus parqueos a determinados d\u00edas y precios. Los usuarios pueden reservar parqueos a trav\u00e9s de la aplicaci\u00f3n m\u00f3vil [&hellip;]<\/p>\n","protected":false},"author":1,"featured_media":0,"parent":3692,"menu_order":1,"comment_status":"closed","ping_status":"closed","template":"elementor_header_footer","meta":{"zakra_sidebar_layout":"customizer","zakra_remove_content_margin":false,"zakra_sidebar":"customizer","zakra_transparent_header":"customizer","zakra_logo":0,"zakra_main_header_style":"default","zakra_menu_item_color":null,"zakra_menu_item_hover_color":"","zakra_menu_item_active_color":"","zakra_menu_active_style":"zakra_menu_active_style","zakra_page_header":false,"footnotes":""},"class_list":["post-3708","page","type-page","status-publish","hentry"],"_links":{"self":[{"href":"https:\/\/boatpark.app\/es\/wp-json\/wp\/v2\/pages\/3708","targetHints":{"allow":["GET"]}}],"collection":[{"href":"https:\/\/boatpark.app\/es\/wp-json\/wp\/v2\/pages"}],"about":[{"href":"https:\/\/boatpark.app\/es\/wp-json\/wp\/v2\/types\/page"}],"author":[{"embeddable":true,"href":"https:\/\/boatpark.app\/es\/wp-json\/wp\/v2\/users\/1"}],"replies":[{"embeddable":true,"href":"https:\/\/boatpark.app\/es\/wp-json\/wp\/v2\/comments?post=3708"}],"version-history":[{"count":2,"href":"https:\/\/boatpark.app\/es\/wp-json\/wp\/v2\/pages\/3708\/revisions"}],"predecessor-version":[{"id":10801,"href":"https:\/\/boatpark.app\/es\/wp-json\/wp\/v2\/pages\/3708\/revisions\/10801"}],"up":[{"embeddable":true,"href":"https:\/\/boatpark.app\/es\/wp-json\/wp\/v2\/pages\/3692"}],"wp:attachment":[{"href":"https:\/\/boatpark.app\/es\/wp-json\/wp\/v2\/media?parent=3708"}],"curies":[{"name":"wp","href":"https:\/\/api.w.org\/{rel}","templated":true}]}}