{"id":3744,"date":"2019-12-18T06:41:23","date_gmt":"2019-12-18T06:41:23","guid":{"rendered":"https:\/\/boatpark.app\/staging\/parqueo-reservado\/"},"modified":"2022-10-31T11:48:44","modified_gmt":"2022-10-31T11:48:44","slug":"parqueo-reservado","status":"publish","type":"page","link":"https:\/\/boatpark.app\/es\/parqueo-reservado\/","title":{"rendered":"Parqueo reservado"},"content":{"rendered":"\t\t<div data-elementor-type=\"wp-page\" data-elementor-id=\"3744\" class=\"elementor elementor-3744 elementor-3284\" data-elementor-post-type=\"page\">\n\t\t\t\t\t\t<section class=\"has_eae_slider elementor-section elementor-top-section elementor-element elementor-element-348ce33 elementor-section-content-middle elementor-section-height-min-height elementor-section-full_width elementor-section-stretched elementor-section-height-default elementor-section-items-middle\" data-eae-slider=\"44965\" data-id=\"348ce33\" data-element_type=\"section\" data-e-type=\"section\" data-settings=\"{&quot;background_background&quot;:&quot;classic&quot;,&quot;stretch_section&quot;:&quot;section-stretched&quot;}\">\n\t\t\t\t\t\t\t<div class=\"elementor-background-overlay\"><\/div>\n\t\t\t\t\t\t\t<div class=\"elementor-container elementor-column-gap-default\">\n\t\t\t\t\t<div class=\"has_eae_slider elementor-column elementor-col-100 elementor-top-column elementor-element elementor-element-4886829\" data-eae-slider=\"35168\" data-id=\"4886829\" data-element_type=\"column\" data-e-type=\"column\">\n\t\t\t<div class=\"elementor-widget-wrap elementor-element-populated\">\n\t\t\t\t\t\t<div class=\"elementor-element elementor-element-1869dac elementor-widget elementor-widget-heading\" data-id=\"1869dac\" data-element_type=\"widget\" data-e-type=\"widget\" data-widget_type=\"heading.default\">\n\t\t\t\t<div class=\"elementor-widget-container\">\n\t\t\t\t\t<h4 class=\"elementor-heading-title elementor-size-default\">Parqueo reservado<\/h4>\t\t\t\t<\/div>\n\t\t\t\t<\/div>\n\t\t\t\t\t<\/div>\n\t\t<\/div>\n\t\t\t\t\t<\/div>\n\t\t<\/section>\n\t\t\t\t<section class=\"has_eae_slider elementor-section elementor-top-section elementor-element elementor-element-7f37eb8 elementor-section-boxed elementor-section-height-default elementor-section-height-default\" data-eae-slider=\"69859\" data-id=\"7f37eb8\" data-element_type=\"section\" data-e-type=\"section\">\n\t\t\t\t\t\t<div class=\"elementor-container elementor-column-gap-default\">\n\t\t\t\t\t<div class=\"has_eae_slider elementor-column elementor-col-50 elementor-top-column elementor-element elementor-element-5f7ac4f\" data-eae-slider=\"87808\" data-id=\"5f7ac4f\" data-element_type=\"column\" data-e-type=\"column\">\n\t\t\t<div class=\"elementor-widget-wrap elementor-element-populated\">\n\t\t\t\t\t\t<div class=\"elementor-element elementor-element-c6a151c elementor-widget elementor-widget-image\" data-id=\"c6a151c\" data-element_type=\"widget\" data-e-type=\"widget\" data-widget_type=\"image.default\">\n\t\t\t\t<div class=\"elementor-widget-container\">\n\t\t\t\t\t\t\t\t\t\t\t\t\t\t\t<img decoding=\"async\" width=\"300\" height=\"104\" src=\"https:\/\/boatpark.app\/wp-content\/uploads\/2019\/12\/Ampel_rot.png\" class=\"attachment-large size-large wp-image-3507\" alt=\"\" \/>\t\t\t\t\t\t\t\t\t\t\t\t\t\t\t<\/div>\n\t\t\t\t<\/div>\n\t\t\t\t\t<\/div>\n\t\t<\/div>\n\t\t\t\t<div class=\"has_eae_slider elementor-column elementor-col-50 elementor-top-column elementor-element elementor-element-4f9443a\" data-eae-slider=\"65239\" data-id=\"4f9443a\" data-element_type=\"column\" data-e-type=\"column\">\n\t\t\t<div class=\"elementor-widget-wrap\">\n\t\t\t\t\t\t\t<\/div>\n\t\t<\/div>\n\t\t\t\t\t<\/div>\n\t\t<\/section>\n\t\t\t\t<section class=\"has_eae_slider elementor-section elementor-top-section elementor-element elementor-element-753f361 elementor-section-boxed elementor-section-height-default elementor-section-height-default\" data-eae-slider=\"97767\" data-id=\"753f361\" data-element_type=\"section\" data-e-type=\"section\">\n\t\t\t\t\t\t<div class=\"elementor-container elementor-column-gap-default\">\n\t\t\t\t\t<div class=\"has_eae_slider elementor-column elementor-col-100 elementor-top-column elementor-element elementor-element-0eb5f9c\" data-eae-slider=\"44480\" data-id=\"0eb5f9c\" data-element_type=\"column\" data-e-type=\"column\">\n\t\t\t<div class=\"elementor-widget-wrap elementor-element-populated\">\n\t\t\t\t\t\t<div class=\"elementor-element elementor-element-960b9b6 elementor-widget elementor-widget-text-editor\" data-id=\"960b9b6\" data-element_type=\"widget\" data-e-type=\"widget\" data-widget_type=\"text-editor.default\">\n\t\t\t\t<div class=\"elementor-widget-container\">\n\t\t\t\t\t\t\t\t\t<p>Esta amarra est\u00e1 reservada para esta noche y no puede ser ocupada. <br \/>Para encontrar un parqueo disponible, p\u00f3ngase en contacto con el capit\u00e1n del puerto o descargue la aplicaci\u00f3n Boatpark para encontrar amarraderos adecuados en su regi\u00f3n: <span style=\"text-decoration: underline;\"><a href=\"https:\/\/boatpark.app\/es\">www.boatpark.app<\/a><\/span><\/p><p><span style=\"text-decoration: underline;\"><span style=\"text-decoration-line: underline;\"><a href=\"https:\/\/boatpark.app\/de\/liegeplatz-reserviert\/\">Deutsch<\/a><\/span><\/span> &#8211; <span style=\"text-decoration: underline;\"><span style=\"text-decoration-line: underline;\"><a href=\"https:\/\/boatpark.app\/mooring-occupied\/\">English<\/a><\/span><\/span> &#8211; <span style=\"text-decoration: underline;\"><a href=\"https:\/\/boatpark.app\/fr\/poste-damarrage-reserve\/\"><span style=\"text-decoration-line: underline;\">Fran\u00e7ais<\/span><\/a><\/span> &#8211; <span style=\"text-decoration: underline;\"><span style=\"text-decoration-line: underline;\"><a href=\"https:\/\/boatpark.app\/it\/posto-barca-occupato\/\">Italiano<\/a><\/span><\/span><\/p>\t\t\t\t\t\t\t\t<\/div>\n\t\t\t\t<\/div>\n\t\t\t\t<section class=\"has_eae_slider elementor-section elementor-inner-section elementor-element elementor-element-9fe3d93 elementor-section-boxed elementor-section-height-default elementor-section-height-default\" data-eae-slider=\"40872\" data-id=\"9fe3d93\" data-element_type=\"section\" data-e-type=\"section\">\n\t\t\t\t\t\t<div class=\"elementor-container elementor-column-gap-default\">\n\t\t\t\t\t<div class=\"has_eae_slider elementor-column elementor-col-50 elementor-inner-column elementor-element elementor-element-fcd381b\" data-eae-slider=\"40004\" data-id=\"fcd381b\" data-element_type=\"column\" data-e-type=\"column\">\n\t\t\t<div class=\"elementor-widget-wrap elementor-element-populated\">\n\t\t\t\t\t\t<div class=\"elementor-element elementor-element-64669b2 elementor-widget elementor-widget-image\" data-id=\"64669b2\" data-element_type=\"widget\" data-e-type=\"widget\" data-widget_type=\"image.default\">\n\t\t\t\t<div class=\"elementor-widget-container\">\n\t\t\t\t\t\t\t\t\t\t\t\t\t\t\t\t<a href=\"https:\/\/apps.apple.com\/app\/id1466777753\">\n\t\t\t\t\t\t\t<img decoding=\"async\" width=\"186\" height=\"55\" src=\"https:\/\/boatpark.app\/wp-content\/uploads\/2019\/12\/load-from-app-store.jpg\" class=\"attachment-large size-large wp-image-12011\" alt=\"\" \/>\t\t\t\t\t\t\t\t<\/a>\n\t\t\t\t\t\t\t\t\t\t\t\t\t\t\t<\/div>\n\t\t\t\t<\/div>\n\t\t\t\t\t<\/div>\n\t\t<\/div>\n\t\t\t\t<div class=\"has_eae_slider elementor-column elementor-col-50 elementor-inner-column elementor-element elementor-element-9d09390\" data-eae-slider=\"17690\" data-id=\"9d09390\" data-element_type=\"column\" data-e-type=\"column\">\n\t\t\t<div class=\"elementor-widget-wrap elementor-element-populated\">\n\t\t\t\t\t\t<div class=\"elementor-element elementor-element-0df4a26 elementor-widget elementor-widget-image\" data-id=\"0df4a26\" data-element_type=\"widget\" data-e-type=\"widget\" data-widget_type=\"image.default\">\n\t\t\t\t<div class=\"elementor-widget-container\">\n\t\t\t\t\t\t\t\t\t\t\t\t\t\t\t\t<a href=\"https:\/\/play.google.com\/store\/apps\/details?id=com.boatpark\">\n\t\t\t\t\t\t\t<img decoding=\"async\" width=\"186\" height=\"55\" src=\"https:\/\/boatpark.app\/wp-content\/uploads\/2019\/12\/google-play-2.png\" class=\"attachment-large size-large wp-image-12010\" alt=\"\" \/>\t\t\t\t\t\t\t\t<\/a>\n\t\t\t\t\t\t\t\t\t\t\t\t\t\t\t<\/div>\n\t\t\t\t<\/div>\n\t\t\t\t\t<\/div>\n\t\t<\/div>\n\t\t\t\t\t<\/div>\n\t\t<\/section>\n\t\t\t\t\t<\/div>\n\t\t<\/div>\n\t\t\t\t\t<\/div>\n\t\t<\/section>\n\t\t\t\t<\/div>\n\t\t","protected":false},"excerpt":{"rendered":"<p>Parqueo reservado Esta amarra est\u00e1 reservada para esta noche y no puede ser ocupada. Para encontrar un parqueo disponible, p\u00f3ngase en contacto con el capit\u00e1n del puerto o descargue la aplicaci\u00f3n Boatpark para encontrar amarraderos adecuados en su regi\u00f3n: www.boatpark.app Deutsch &#8211; English &#8211; Fran\u00e7ais &#8211; Italiano<\/p>\n","protected":false},"author":1,"featured_media":0,"parent":0,"menu_order":10,"comment_status":"closed","ping_status":"closed","template":"elementor_header_footer","meta":{"zakra_sidebar_layout":"customizer","zakra_remove_content_margin":false,"zakra_sidebar":"customizer","zakra_transparent_header":"customizer","zakra_logo":0,"zakra_main_header_style":"default","zakra_menu_item_color":null,"zakra_menu_item_hover_color":"","zakra_menu_item_active_color":"","zakra_menu_active_style":"zakra_menu_active_style","zakra_page_header":false,"footnotes":""},"class_list":["post-3744","page","type-page","status-publish","hentry"],"_links":{"self":[{"href":"https:\/\/boatpark.app\/es\/wp-json\/wp\/v2\/pages\/3744","targetHints":{"allow":["GET"]}}],"collection":[{"href":"https:\/\/boatpark.app\/es\/wp-json\/wp\/v2\/pages"}],"about":[{"href":"https:\/\/boatpark.app\/es\/wp-json\/wp\/v2\/types\/page"}],"author":[{"embeddable":true,"href":"https:\/\/boatpark.app\/es\/wp-json\/wp\/v2\/users\/1"}],"replies":[{"embeddable":true,"href":"https:\/\/boatpark.app\/es\/wp-json\/wp\/v2\/comments?post=3744"}],"version-history":[{"count":15,"href":"https:\/\/boatpark.app\/es\/wp-json\/wp\/v2\/pages\/3744\/revisions"}],"predecessor-version":[{"id":12148,"href":"https:\/\/boatpark.app\/es\/wp-json\/wp\/v2\/pages\/3744\/revisions\/12148"}],"wp:attachment":[{"href":"https:\/\/boatpark.app\/es\/wp-json\/wp\/v2\/media?parent=3744"}],"curies":[{"name":"wp","href":"https:\/\/api.w.org\/{rel}","templated":true}]}}