{"id":3561,"date":"2019-12-16T12:42:52","date_gmt":"2019-12-16T12:42:52","guid":{"rendered":"https:\/\/boatpark.app\/staging\/poste-damarrage-reserve\/"},"modified":"2022-10-31T11:41:27","modified_gmt":"2022-10-31T11:41:27","slug":"poste-damarrage-reserve","status":"publish","type":"page","link":"https:\/\/boatpark.app\/fr\/poste-damarrage-reserve\/","title":{"rendered":"Poste d\u2019amarrage r\u00e9serv\u00e9"},"content":{"rendered":"\t\t<div data-elementor-type=\"wp-page\" data-elementor-id=\"3561\" class=\"elementor elementor-3561 elementor-3284\" data-elementor-post-type=\"page\">\n\t\t\t\t\t\t<section class=\"has_eae_slider elementor-section elementor-top-section elementor-element elementor-element-348ce33 elementor-section-content-middle elementor-section-height-min-height elementor-section-full_width elementor-section-stretched elementor-section-height-default elementor-section-items-middle\" data-eae-slider=\"16505\" data-id=\"348ce33\" data-element_type=\"section\" data-e-type=\"section\" data-settings=\"{&quot;background_background&quot;:&quot;classic&quot;,&quot;stretch_section&quot;:&quot;section-stretched&quot;}\">\n\t\t\t\t\t\t\t<div class=\"elementor-background-overlay\"><\/div>\n\t\t\t\t\t\t\t<div class=\"elementor-container elementor-column-gap-default\">\n\t\t\t\t\t<div class=\"has_eae_slider elementor-column elementor-col-100 elementor-top-column elementor-element elementor-element-4886829\" data-eae-slider=\"15014\" data-id=\"4886829\" data-element_type=\"column\" data-e-type=\"column\">\n\t\t\t<div class=\"elementor-widget-wrap elementor-element-populated\">\n\t\t\t\t\t\t<div class=\"elementor-element elementor-element-1869dac elementor-widget elementor-widget-heading\" data-id=\"1869dac\" data-element_type=\"widget\" data-e-type=\"widget\" data-widget_type=\"heading.default\">\n\t\t\t\t<div class=\"elementor-widget-container\">\n\t\t\t\t\t<h4 class=\"elementor-heading-title elementor-size-default\">Poste d\u2019amarrage r\u00e9serv\u00e9<\/h4>\t\t\t\t<\/div>\n\t\t\t\t<\/div>\n\t\t\t\t\t<\/div>\n\t\t<\/div>\n\t\t\t\t\t<\/div>\n\t\t<\/section>\n\t\t\t\t<section class=\"has_eae_slider elementor-section elementor-top-section elementor-element elementor-element-7f37eb8 elementor-section-boxed elementor-section-height-default elementor-section-height-default\" data-eae-slider=\"56097\" data-id=\"7f37eb8\" data-element_type=\"section\" data-e-type=\"section\">\n\t\t\t\t\t\t<div class=\"elementor-container elementor-column-gap-default\">\n\t\t\t\t\t<div class=\"has_eae_slider elementor-column elementor-col-50 elementor-top-column elementor-element elementor-element-5f7ac4f\" data-eae-slider=\"69013\" data-id=\"5f7ac4f\" data-element_type=\"column\" data-e-type=\"column\">\n\t\t\t<div class=\"elementor-widget-wrap elementor-element-populated\">\n\t\t\t\t\t\t<div class=\"elementor-element elementor-element-c6a151c elementor-widget elementor-widget-image\" data-id=\"c6a151c\" data-element_type=\"widget\" data-e-type=\"widget\" data-widget_type=\"image.default\">\n\t\t\t\t<div class=\"elementor-widget-container\">\n\t\t\t\t\t\t\t\t\t\t\t\t\t\t\t<img decoding=\"async\" width=\"300\" height=\"104\" src=\"https:\/\/boatpark.app\/wp-content\/uploads\/2019\/12\/Ampel_rot.png\" class=\"attachment-large size-large wp-image-3507\" alt=\"\" \/>\t\t\t\t\t\t\t\t\t\t\t\t\t\t\t<\/div>\n\t\t\t\t<\/div>\n\t\t\t\t\t<\/div>\n\t\t<\/div>\n\t\t\t\t<div class=\"has_eae_slider elementor-column elementor-col-50 elementor-top-column elementor-element elementor-element-4f9443a\" data-eae-slider=\"74651\" data-id=\"4f9443a\" data-element_type=\"column\" data-e-type=\"column\">\n\t\t\t<div class=\"elementor-widget-wrap\">\n\t\t\t\t\t\t\t<\/div>\n\t\t<\/div>\n\t\t\t\t\t<\/div>\n\t\t<\/section>\n\t\t\t\t<section class=\"has_eae_slider elementor-section elementor-top-section elementor-element elementor-element-753f361 elementor-section-boxed elementor-section-height-default elementor-section-height-default\" data-eae-slider=\"79814\" data-id=\"753f361\" data-element_type=\"section\" data-e-type=\"section\">\n\t\t\t\t\t\t<div class=\"elementor-container elementor-column-gap-default\">\n\t\t\t\t\t<div class=\"has_eae_slider elementor-column elementor-col-100 elementor-top-column elementor-element elementor-element-0eb5f9c\" data-eae-slider=\"83040\" data-id=\"0eb5f9c\" data-element_type=\"column\" data-e-type=\"column\">\n\t\t\t<div class=\"elementor-widget-wrap elementor-element-populated\">\n\t\t\t\t\t\t<div class=\"elementor-element elementor-element-960b9b6 elementor-widget elementor-widget-text-editor\" data-id=\"960b9b6\" data-element_type=\"widget\" data-e-type=\"widget\" data-widget_type=\"text-editor.default\">\n\t\t\t\t<div class=\"elementor-widget-container\">\n\t\t\t\t\t\t\t\t\t<p>Cette place est r\u00e9serv\u00e9e pour la nuit et ne peut pas \u00eatre occup\u00e9e. <br \/>Pour trouver un poste d&rsquo;amarrage disponible, veuillez contacter le capitaine du port ou t\u00e9l\u00e9charger l&rsquo;application Boatpark pour trouver des postes d&rsquo;amarrage appropri\u00e9s dans votre r\u00e9gion: <span style=\"text-decoration: underline;\"><a href=\"https:\/\/boatpark.app\/fr\/\">www.boatpark.app<\/a><\/span><\/p><p><span style=\"text-decoration: underline;\"><span style=\"text-decoration-line: underline;\"><a href=\"https:\/\/boatpark.app\/de\/liegeplatz-reserviert\/\">Deutsch<\/a><\/span><\/span> &#8211; <span style=\"text-decoration: underline;\"><span style=\"text-decoration-line: underline;\"><a href=\"https:\/\/boatpark.app\/mooring-occupied\/\">English<\/a><\/span><\/span> &#8211; <span style=\"text-decoration: underline;\"><span style=\"text-decoration-line: underline;\"><a href=\"https:\/\/boatpark.app\/it\/posto-barca-occupato\/\">Italiano<\/a><\/span><\/span> &#8211; <span style=\"text-decoration: underline;\"><span style=\"text-decoration-line: underline;\"><a href=\"https:\/\/boatpark.app\/es\/parqueo-reservado\/\">Espagnol<\/a><\/span><\/span><\/p>\t\t\t\t\t\t\t\t<\/div>\n\t\t\t\t<\/div>\n\t\t\t\t<section class=\"has_eae_slider elementor-section elementor-inner-section elementor-element elementor-element-60af59b elementor-section-boxed elementor-section-height-default elementor-section-height-default\" data-eae-slider=\"41348\" data-id=\"60af59b\" data-element_type=\"section\" data-e-type=\"section\">\n\t\t\t\t\t\t<div class=\"elementor-container elementor-column-gap-default\">\n\t\t\t\t\t<div class=\"has_eae_slider elementor-column elementor-col-50 elementor-inner-column elementor-element elementor-element-c783568\" data-eae-slider=\"39038\" data-id=\"c783568\" data-element_type=\"column\" data-e-type=\"column\">\n\t\t\t<div class=\"elementor-widget-wrap elementor-element-populated\">\n\t\t\t\t\t\t<div class=\"elementor-element elementor-element-72d0f0c elementor-widget elementor-widget-image\" data-id=\"72d0f0c\" data-element_type=\"widget\" data-e-type=\"widget\" data-widget_type=\"image.default\">\n\t\t\t\t<div class=\"elementor-widget-container\">\n\t\t\t\t\t\t\t\t\t\t\t\t\t\t\t\t<a href=\"https:\/\/apps.apple.com\/app\/id1466777753\">\n\t\t\t\t\t\t\t<img decoding=\"async\" width=\"186\" height=\"55\" src=\"https:\/\/boatpark.app\/wp-content\/uploads\/2019\/12\/load-from-app-store.jpg\" class=\"attachment-large size-large wp-image-11971\" alt=\"\" \/>\t\t\t\t\t\t\t\t<\/a>\n\t\t\t\t\t\t\t\t\t\t\t\t\t\t\t<\/div>\n\t\t\t\t<\/div>\n\t\t\t\t\t<\/div>\n\t\t<\/div>\n\t\t\t\t<div class=\"has_eae_slider elementor-column elementor-col-50 elementor-inner-column elementor-element elementor-element-4ff6dbe\" data-eae-slider=\"34825\" data-id=\"4ff6dbe\" data-element_type=\"column\" data-e-type=\"column\">\n\t\t\t<div class=\"elementor-widget-wrap elementor-element-populated\">\n\t\t\t\t\t\t<div class=\"elementor-element elementor-element-3257777 elementor-widget elementor-widget-image\" data-id=\"3257777\" data-element_type=\"widget\" data-e-type=\"widget\" data-widget_type=\"image.default\">\n\t\t\t\t<div class=\"elementor-widget-container\">\n\t\t\t\t\t\t\t\t\t\t\t\t\t\t\t\t<a href=\"https:\/\/play.google.com\/store\/apps\/details?id=com.boatpark\">\n\t\t\t\t\t\t\t<img decoding=\"async\" width=\"186\" height=\"55\" src=\"https:\/\/boatpark.app\/wp-content\/uploads\/2019\/12\/google-play-2.png\" class=\"attachment-large size-large wp-image-11970\" alt=\"\" \/>\t\t\t\t\t\t\t\t<\/a>\n\t\t\t\t\t\t\t\t\t\t\t\t\t\t\t<\/div>\n\t\t\t\t<\/div>\n\t\t\t\t\t<\/div>\n\t\t<\/div>\n\t\t\t\t\t<\/div>\n\t\t<\/section>\n\t\t\t\t\t<\/div>\n\t\t<\/div>\n\t\t\t\t\t<\/div>\n\t\t<\/section>\n\t\t\t\t<\/div>\n\t\t","protected":false},"excerpt":{"rendered":"<p>Poste d\u2019amarrage r\u00e9serv\u00e9 Cette place est r\u00e9serv\u00e9e pour la nuit et ne peut pas \u00eatre occup\u00e9e. Pour trouver un poste d&rsquo;amarrage disponible, veuillez contacter le capitaine du port ou t\u00e9l\u00e9charger l&rsquo;application Boatpark pour trouver des postes d&rsquo;amarrage appropri\u00e9s dans votre r\u00e9gion: www.boatpark.app Deutsch &#8211; English &#8211; Italiano &#8211; Espagnol<\/p>\n","protected":false},"author":1,"featured_media":0,"parent":0,"menu_order":10,"comment_status":"closed","ping_status":"closed","template":"elementor_header_footer","meta":{"zakra_sidebar_layout":"customizer","zakra_remove_content_margin":false,"zakra_sidebar":"customizer","zakra_transparent_header":"customizer","zakra_logo":0,"zakra_main_header_style":"default","zakra_menu_item_color":null,"zakra_menu_item_hover_color":"","zakra_menu_item_active_color":"","zakra_menu_active_style":"zakra_menu_active_style","zakra_page_header":false,"footnotes":""},"class_list":["post-3561","page","type-page","status-publish","hentry"],"_links":{"self":[{"href":"https:\/\/boatpark.app\/fr\/wp-json\/wp\/v2\/pages\/3561","targetHints":{"allow":["GET"]}}],"collection":[{"href":"https:\/\/boatpark.app\/fr\/wp-json\/wp\/v2\/pages"}],"about":[{"href":"https:\/\/boatpark.app\/fr\/wp-json\/wp\/v2\/types\/page"}],"author":[{"embeddable":true,"href":"https:\/\/boatpark.app\/fr\/wp-json\/wp\/v2\/users\/1"}],"replies":[{"embeddable":true,"href":"https:\/\/boatpark.app\/fr\/wp-json\/wp\/v2\/comments?post=3561"}],"version-history":[{"count":18,"href":"https:\/\/boatpark.app\/fr\/wp-json\/wp\/v2\/pages\/3561\/revisions"}],"predecessor-version":[{"id":12136,"href":"https:\/\/boatpark.app\/fr\/wp-json\/wp\/v2\/pages\/3561\/revisions\/12136"}],"wp:attachment":[{"href":"https:\/\/boatpark.app\/fr\/wp-json\/wp\/v2\/media?parent=3561"}],"curies":[{"name":"wp","href":"https:\/\/api.w.org\/{rel}","templated":true}]}}