{"id":3563,"date":"2019-12-16T12:57:12","date_gmt":"2019-12-16T12:57:12","guid":{"rendered":"https:\/\/boatpark.app\/staging\/boatpark-ambassador\/"},"modified":"2024-11-19T21:57:31","modified_gmt":"2024-11-19T21:57:31","slug":"boatpark-ambassador","status":"publish","type":"page","link":"https:\/\/boatpark.app\/fr\/domicile\/boatpark-ambassador\/","title":{"rendered":"Boatpark Ambassador"},"content":{"rendered":"\t\t<div data-elementor-type=\"wp-page\" data-elementor-id=\"3563\" class=\"elementor elementor-3563 elementor-2267\" data-elementor-post-type=\"page\">\n\t\t\t\t\t\t<section class=\"has_eae_slider elementor-section elementor-top-section elementor-element elementor-element-8769bcd elementor-section-content-middle elementor-section-height-min-height elementor-section-full_width elementor-section-stretched elementor-section-height-default elementor-section-items-middle\" data-eae-slider=\"44243\" data-id=\"8769bcd\" data-element_type=\"section\" data-e-type=\"section\" data-settings=\"{&quot;background_background&quot;:&quot;classic&quot;,&quot;stretch_section&quot;:&quot;section-stretched&quot;}\">\n\t\t\t\t\t\t\t<div class=\"elementor-background-overlay\"><\/div>\n\t\t\t\t\t\t\t<div class=\"elementor-container elementor-column-gap-default\">\n\t\t\t\t\t<div class=\"has_eae_slider elementor-column elementor-col-100 elementor-top-column elementor-element elementor-element-33fdccf\" data-eae-slider=\"61370\" data-id=\"33fdccf\" data-element_type=\"column\" data-e-type=\"column\">\n\t\t\t<div class=\"elementor-widget-wrap elementor-element-populated\">\n\t\t\t\t\t\t<div class=\"elementor-element elementor-element-78e0419 elementor-widget elementor-widget-heading\" data-id=\"78e0419\" data-element_type=\"widget\" data-e-type=\"widget\" data-widget_type=\"heading.default\">\n\t\t\t\t<div class=\"elementor-widget-container\">\n\t\t\t\t\t<h4 class=\"elementor-heading-title elementor-size-default\">Boatpark Ambassador<\/h4>\t\t\t\t<\/div>\n\t\t\t\t<\/div>\n\t\t\t\t\t<\/div>\n\t\t<\/div>\n\t\t\t\t\t<\/div>\n\t\t<\/section>\n\t\t\t\t<section class=\"has_eae_slider elementor-section elementor-top-section elementor-element elementor-element-608062a elementor-section-boxed elementor-section-height-default elementor-section-height-default\" data-eae-slider=\"45892\" data-id=\"608062a\" data-element_type=\"section\" data-e-type=\"section\">\n\t\t\t\t\t\t<div class=\"elementor-container elementor-column-gap-default\">\n\t\t\t\t\t<div class=\"has_eae_slider elementor-column elementor-col-100 elementor-top-column elementor-element elementor-element-4104e32\" data-eae-slider=\"1343\" data-id=\"4104e32\" data-element_type=\"column\" data-e-type=\"column\">\n\t\t\t<div class=\"elementor-widget-wrap elementor-element-populated\">\n\t\t\t\t\t\t<div class=\"elementor-element elementor-element-eacccb9 elementor-widget elementor-widget-heading\" data-id=\"eacccb9\" data-element_type=\"widget\" data-e-type=\"widget\" data-widget_type=\"heading.default\">\n\t\t\t\t<div class=\"elementor-widget-container\">\n\t\t\t\t\t<h2 class=\"elementor-heading-title elementor-size-default\">Qu\u2019est-ce qu\u2019un ambassadeur ?<\/h2>\t\t\t\t<\/div>\n\t\t\t\t<\/div>\n\t\t\t\t<div class=\"elementor-element elementor-element-e6b4289 elementor-widget elementor-widget-text-editor\" data-id=\"e6b4289\" data-element_type=\"widget\" data-e-type=\"widget\" data-widget_type=\"text-editor.default\">\n\t\t\t\t<div class=\"elementor-widget-container\">\n\t\t\t\t\t\t\t\t\t<p>Afin de rendre l\u2019offre de Boatpark attrayante et pertinente, nous nous effor\u00e7ons d\u2019enregistrer les mouillages dans le monde entier le plus rapidement possible. Afin d\u2019acc\u00e9l\u00e9rer l\u2019enregistrement des nouveaux postes de bateau, nous comptons sur votre soutien. Nous recherchons des personnes qui peuvent encourager les marinas et les propri\u00e9taires de postes d\u2019amarrage locaux \u00e0 s\u2019inscrire comme utilisateurs de Boatpark et \u00e0 enregistrer leurs postes d\u2019amarrage dans l\u2019application.<\/p>\n\t\t\t\t\t\t\t\t<\/div>\n\t\t\t\t<\/div>\n\t\t\t\t\t<\/div>\n\t\t<\/div>\n\t\t\t\t\t<\/div>\n\t\t<\/section>\n\t\t\t\t<section class=\"has_eae_slider elementor-section elementor-top-section elementor-element elementor-element-cb9ad47 elementor-section-boxed elementor-section-height-default elementor-section-height-default\" data-eae-slider=\"40497\" data-id=\"cb9ad47\" data-element_type=\"section\" data-e-type=\"section\">\n\t\t\t\t\t\t<div class=\"elementor-container elementor-column-gap-default\">\n\t\t\t\t\t<div class=\"has_eae_slider elementor-column elementor-col-100 elementor-top-column elementor-element elementor-element-2e3f6c1\" data-eae-slider=\"26082\" data-id=\"2e3f6c1\" data-element_type=\"column\" data-e-type=\"column\">\n\t\t\t<div class=\"elementor-widget-wrap elementor-element-populated\">\n\t\t\t\t\t\t<div class=\"elementor-element elementor-element-6637450 elementor-widget-divider--view-line elementor-widget elementor-widget-divider\" data-id=\"6637450\" data-element_type=\"widget\" data-e-type=\"widget\" data-widget_type=\"divider.default\">\n\t\t\t\t<div class=\"elementor-widget-container\">\n\t\t\t\t\t\t\t<div class=\"elementor-divider\">\n\t\t\t<span class=\"elementor-divider-separator\">\n\t\t\t\t\t\t<\/span>\n\t\t<\/div>\n\t\t\t\t\t\t<\/div>\n\t\t\t\t<\/div>\n\t\t\t\t\t<\/div>\n\t\t<\/div>\n\t\t\t\t\t<\/div>\n\t\t<\/section>\n\t\t\t\t<section class=\"has_eae_slider elementor-section elementor-top-section elementor-element elementor-element-c976cef elementor-section-boxed elementor-section-height-default elementor-section-height-default\" data-eae-slider=\"15718\" data-id=\"c976cef\" data-element_type=\"section\" data-e-type=\"section\">\n\t\t\t\t\t\t<div class=\"elementor-container elementor-column-gap-default\">\n\t\t\t\t\t<div class=\"has_eae_slider elementor-column elementor-col-100 elementor-top-column elementor-element elementor-element-50970f6\" data-eae-slider=\"17502\" data-id=\"50970f6\" data-element_type=\"column\" data-e-type=\"column\">\n\t\t\t<div class=\"elementor-widget-wrap elementor-element-populated\">\n\t\t\t\t\t\t<div class=\"elementor-element elementor-element-887fa02 elementor-widget elementor-widget-heading\" data-id=\"887fa02\" data-element_type=\"widget\" data-e-type=\"widget\" data-widget_type=\"heading.default\">\n\t\t\t\t<div class=\"elementor-widget-container\">\n\t\t\t\t\t<h2 class=\"elementor-heading-title elementor-size-default\">Quel est l\u2019incitatif ?<\/h2>\t\t\t\t<\/div>\n\t\t\t\t<\/div>\n\t\t\t\t<div class=\"elementor-element elementor-element-fd68024 elementor-widget elementor-widget-text-editor\" data-id=\"fd68024\" data-element_type=\"widget\" data-e-type=\"widget\" data-widget_type=\"text-editor.default\">\n\t\t\t\t<div class=\"elementor-widget-container\">\n\t\t\t\t\t\t\t\t\t<p>Vous serez r\u00e9compens\u00e9 avec 20% de la commission Boatpark (selon les\u00a0<a href=\"http:\/\/boatpark.app\/fr\/domicile\/comment-cela-fonctionne\/conditions-generales-de-vente-cgv\/\">Conditions G\u00e9n\u00e9rales<\/a>) pour chaque r\u00e9servation d\u2019une place de port faite par votre r\u00e9f\u00e9rence. L\u2019incitatif s\u2019applique la premi\u00e8re ann\u00e9e apr\u00e8s l\u2019enregistrement de la marina ou du propri\u00e9taire du poste d\u2019amarrage lorsqu\u2019il inscrit votre identification d\u2019utilisateur de Boatpark (e-Mail) comme r\u00e9f\u00e9rence dans son compte. Seuls les utilisateurs approuv\u00e9s par Boatpark peuvent \u00eatre saisis comme r\u00e9f\u00e9rence. La r\u00e9compense sera transf\u00e9r\u00e9e sur votre compte Boatpark et le m\u00eame m\u00e9canisme de paiement s\u2019appliquera que pour les propri\u00e9taires de couchettes (voir les\u00a0<a href=\"http:\/\/boatpark.app\/fr\/domicile\/comment-cela-fonctionne\/conditions-generales-de-vente-cgv\/\">Conditions G\u00e9n\u00e9rales<\/a>).<\/p>\n\t\t\t\t\t\t\t\t<\/div>\n\t\t\t\t<\/div>\n\t\t\t\t\t<\/div>\n\t\t<\/div>\n\t\t\t\t\t<\/div>\n\t\t<\/section>\n\t\t\t\t<section class=\"has_eae_slider elementor-section elementor-top-section elementor-element elementor-element-e9f0569 elementor-section-boxed elementor-section-height-default elementor-section-height-default\" data-eae-slider=\"77679\" data-id=\"e9f0569\" data-element_type=\"section\" data-e-type=\"section\">\n\t\t\t\t\t\t<div class=\"elementor-container elementor-column-gap-default\">\n\t\t\t\t\t<div class=\"has_eae_slider elementor-column elementor-col-100 elementor-top-column elementor-element elementor-element-8e22057\" data-eae-slider=\"11821\" data-id=\"8e22057\" data-element_type=\"column\" data-e-type=\"column\">\n\t\t\t<div class=\"elementor-widget-wrap elementor-element-populated\">\n\t\t\t\t\t\t<div class=\"elementor-element elementor-element-4ff9dc5 elementor-widget-divider--view-line elementor-widget elementor-widget-divider\" data-id=\"4ff9dc5\" data-element_type=\"widget\" data-e-type=\"widget\" data-widget_type=\"divider.default\">\n\t\t\t\t<div class=\"elementor-widget-container\">\n\t\t\t\t\t\t\t<div class=\"elementor-divider\">\n\t\t\t<span class=\"elementor-divider-separator\">\n\t\t\t\t\t\t<\/span>\n\t\t<\/div>\n\t\t\t\t\t\t<\/div>\n\t\t\t\t<\/div>\n\t\t\t\t\t<\/div>\n\t\t<\/div>\n\t\t\t\t\t<\/div>\n\t\t<\/section>\n\t\t\t\t<section class=\"has_eae_slider elementor-section elementor-top-section elementor-element elementor-element-00daa7b elementor-section-boxed elementor-section-height-default elementor-section-height-default\" data-eae-slider=\"38557\" data-id=\"00daa7b\" data-element_type=\"section\" data-e-type=\"section\">\n\t\t\t\t\t\t<div class=\"elementor-container elementor-column-gap-default\">\n\t\t\t\t\t<div class=\"has_eae_slider elementor-column elementor-col-100 elementor-top-column elementor-element elementor-element-390d8a2\" data-eae-slider=\"95395\" data-id=\"390d8a2\" data-element_type=\"column\" data-e-type=\"column\">\n\t\t\t<div class=\"elementor-widget-wrap elementor-element-populated\">\n\t\t\t\t\t\t<div class=\"elementor-element elementor-element-94d92d5 elementor-widget elementor-widget-heading\" data-id=\"94d92d5\" data-element_type=\"widget\" data-e-type=\"widget\" data-widget_type=\"heading.default\">\n\t\t\t\t<div class=\"elementor-widget-container\">\n\t\t\t\t\t<h2 class=\"elementor-heading-title elementor-size-default\">Que dois-je faire ?<\/h2>\t\t\t\t<\/div>\n\t\t\t\t<\/div>\n\t\t\t\t<div class=\"elementor-element elementor-element-8dfcf44 elementor-widget elementor-widget-text-editor\" data-id=\"8dfcf44\" data-element_type=\"widget\" data-e-type=\"widget\" data-widget_type=\"text-editor.default\">\n\t\t\t\t<div class=\"elementor-widget-container\">\n\t\t\t\t\t\t\t\t\t<p>Pour devenir ambassadeur, veuillez-vous familiariser avec l\u2019application Boatpark et le concept en lisant le site Web complet avec les\u00a0<a href=\"http:\/\/boatpark.app\/fr\/domicile\/comment-cela-fonctionne\/faqs-questions-frequemment-posees\/\">FAQ<\/a>\u00a0et les\u00a0<a href=\"http:\/\/boatpark.app\/fr\/domicile\/comment-cela-fonctionne\/conditions-generales-de-vente-cgv\/\">Conditions G\u00e9n\u00e9rales<\/a>. Si vous avez des questions, veuillez les envoyer par e-Mail \u00e0\u00a0<a href=\"mailto:ambassador@boatpark.app\">ambassador@boatpark.app<\/a>. Nous r\u00e9pondrons \u00e0 vos questions et mettrons \u00e0 jour la section FAQ du site si n\u00e9cessaire.<\/p><p>Une fois que vous serez familiaris\u00e9 avec le concept, veuillez nous contacter \u00e0\u00a0<a href=\"mailto:ambassador@boatpark.app\">ambassador@boatpark.app<\/a>\u00a0et nous faire savoir que vous aimeriez devenir ambassadeur. Boatpark vous contactera pour s\u2019assurer que vous pouvez communiquer correctement les informations et vous inscrire en tant qu\u2019ambassadeur. Cela vous permettra de contacter les utilisateurs potentiels tels que les autorit\u00e9s de la marina, les compagnies de charter, les chantiers navals, les \u00e9coles de voile ou d\u2019autres propri\u00e9taires de couchettes priv\u00e9es pour les encourager et les aider \u00e0 enregistrer leurs places dans Boatpark.<\/p>\t\t\t\t\t\t\t\t<\/div>\n\t\t\t\t<\/div>\n\t\t\t\t\t<\/div>\n\t\t<\/div>\n\t\t\t\t\t<\/div>\n\t\t<\/section>\n\t\t\t\t<\/div>\n\t\t","protected":false},"excerpt":{"rendered":"<p>Boatpark Ambassador Qu\u2019est-ce qu\u2019un ambassadeur ? Afin de rendre l\u2019offre de Boatpark attrayante et pertinente, nous nous effor\u00e7ons d\u2019enregistrer les mouillages dans le monde entier le plus rapidement possible. Afin d\u2019acc\u00e9l\u00e9rer l\u2019enregistrement des nouveaux postes de bateau, nous comptons sur votre soutien. Nous recherchons des personnes qui peuvent encourager les marinas et les propri\u00e9taires de [&hellip;]<\/p>\n","protected":false},"author":1,"featured_media":0,"parent":3682,"menu_order":4,"comment_status":"closed","ping_status":"closed","template":"elementor_header_footer","meta":{"zakra_sidebar_layout":"customizer","zakra_remove_content_margin":false,"zakra_sidebar":"customizer","zakra_transparent_header":"customizer","zakra_logo":0,"zakra_main_header_style":"default","zakra_menu_item_color":null,"zakra_menu_item_hover_color":"","zakra_menu_item_active_color":"","zakra_menu_active_style":"zakra_menu_active_style","zakra_page_header":false,"footnotes":""},"class_list":["post-3563","page","type-page","status-publish","hentry"],"_links":{"self":[{"href":"https:\/\/boatpark.app\/fr\/wp-json\/wp\/v2\/pages\/3563","targetHints":{"allow":["GET"]}}],"collection":[{"href":"https:\/\/boatpark.app\/fr\/wp-json\/wp\/v2\/pages"}],"about":[{"href":"https:\/\/boatpark.app\/fr\/wp-json\/wp\/v2\/types\/page"}],"author":[{"embeddable":true,"href":"https:\/\/boatpark.app\/fr\/wp-json\/wp\/v2\/users\/1"}],"replies":[{"embeddable":true,"href":"https:\/\/boatpark.app\/fr\/wp-json\/wp\/v2\/comments?post=3563"}],"version-history":[{"count":16,"href":"https:\/\/boatpark.app\/fr\/wp-json\/wp\/v2\/pages\/3563\/revisions"}],"predecessor-version":[{"id":13440,"href":"https:\/\/boatpark.app\/fr\/wp-json\/wp\/v2\/pages\/3563\/revisions\/13440"}],"up":[{"embeddable":true,"href":"https:\/\/boatpark.app\/fr\/wp-json\/wp\/v2\/pages\/3682"}],"wp:attachment":[{"href":"https:\/\/boatpark.app\/fr\/wp-json\/wp\/v2\/media?parent=3563"}],"curies":[{"name":"wp","href":"https:\/\/api.w.org\/{rel}","templated":true}]}}