{"id":3582,"date":"2019-12-17T11:34:12","date_gmt":"2019-12-17T11:34:12","guid":{"rendered":"https:\/\/boatpark.app\/staging\/ce-que-vous-devez-savoir-en-tant-que-locataire\/"},"modified":"2024-03-06T21:43:42","modified_gmt":"2024-03-06T21:43:42","slug":"ce-que-vous-devez-savoir-en-tant-que-locataire","status":"publish","type":"page","link":"https:\/\/boatpark.app\/fr\/domicile\/comment-cela-fonctionne\/ce-que-vous-devez-savoir-en-tant-que-locataire\/","title":{"rendered":"Ce que vous devez savoir en tant que locataire"},"content":{"rendered":"\t\t<div data-elementor-type=\"wp-page\" data-elementor-id=\"3582\" class=\"elementor elementor-3582 elementor-1882\" data-elementor-post-type=\"page\">\n\t\t\t\t\t\t<section class=\"has_eae_slider elementor-section elementor-top-section elementor-element elementor-element-644c51a elementor-section-content-middle elementor-section-height-min-height elementor-section-full_width elementor-section-stretched elementor-section-height-default elementor-section-items-middle\" data-eae-slider=\"63417\" data-id=\"644c51a\" data-element_type=\"section\" data-e-type=\"section\" data-settings=\"{&quot;background_background&quot;:&quot;classic&quot;,&quot;stretch_section&quot;:&quot;section-stretched&quot;}\">\n\t\t\t\t\t\t\t<div class=\"elementor-background-overlay\"><\/div>\n\t\t\t\t\t\t\t<div class=\"elementor-container elementor-column-gap-default\">\n\t\t\t\t\t<div class=\"has_eae_slider elementor-column elementor-col-100 elementor-top-column elementor-element elementor-element-13489fa\" data-eae-slider=\"11736\" data-id=\"13489fa\" data-element_type=\"column\" data-e-type=\"column\">\n\t\t\t<div class=\"elementor-widget-wrap elementor-element-populated\">\n\t\t\t\t\t\t<div class=\"elementor-element elementor-element-603c9a2 elementor-widget elementor-widget-heading\" data-id=\"603c9a2\" data-element_type=\"widget\" data-e-type=\"widget\" data-widget_type=\"heading.default\">\n\t\t\t\t<div class=\"elementor-widget-container\">\n\t\t\t\t\t<h4 class=\"elementor-heading-title elementor-size-default\">Ce que vous devez savoir en tant que locataire<\/h4>\t\t\t\t<\/div>\n\t\t\t\t<\/div>\n\t\t\t\t\t<\/div>\n\t\t<\/div>\n\t\t\t\t\t<\/div>\n\t\t<\/section>\n\t\t\t\t<section class=\"has_eae_slider elementor-section elementor-top-section elementor-element elementor-element-9a3fce4 elementor-section-boxed elementor-section-height-default elementor-section-height-default\" data-eae-slider=\"99582\" data-id=\"9a3fce4\" data-element_type=\"section\" data-e-type=\"section\">\n\t\t\t\t\t\t<div class=\"elementor-container elementor-column-gap-default\">\n\t\t\t\t\t<div class=\"has_eae_slider elementor-column elementor-col-100 elementor-top-column elementor-element elementor-element-94881f1\" data-eae-slider=\"70175\" data-id=\"94881f1\" data-element_type=\"column\" data-e-type=\"column\">\n\t\t\t<div class=\"elementor-widget-wrap elementor-element-populated\">\n\t\t\t\t\t\t<div class=\"elementor-element elementor-element-403cbf5 elementor-widget elementor-widget-heading\" data-id=\"403cbf5\" data-element_type=\"widget\" data-e-type=\"widget\" data-widget_type=\"heading.default\">\n\t\t\t\t<div class=\"elementor-widget-container\">\n\t\t\t\t\t<h2 class=\"elementor-heading-title elementor-size-default\">Qu\u2019est-ce que j\u2019obtiens ?<\/h2>\t\t\t\t<\/div>\n\t\t\t\t<\/div>\n\t\t\t\t<div class=\"elementor-element elementor-element-9125934 elementor-widget elementor-widget-text-editor\" data-id=\"9125934\" data-element_type=\"widget\" data-e-type=\"widget\" data-widget_type=\"text-editor.default\">\n\t\t\t\t<div class=\"elementor-widget-container\">\n\t\t\t\t\t\t\t\t\tIl existe deux options de r\u00e9servation diff\u00e9rentes, qui sont d\u00e9finies par l\u2019application et peuvent varier du port et du poste d\u2019amarrage individuel:\r\n<ol>\r\n <li>R\u00e9servation incluant les frais de marina (frais de port)<\/li>\r\n <li>R\u00e9servation excluant les frais de marina (frais de port)<\/li>\r\n<\/ol>\r\nSi le poste d\u2019amarrage est d\u00e9fini en incluant les frais portuaires, la r\u00e9servation est un contrat de location temporaire entre le propri\u00e9taire du poste (repr\u00e9sent\u00e9 par Boatpark) et le locataire.\r\n\r\nSi le poste d\u2019amarrage est d\u00e9fini excluant les frais portuaires, la r\u00e9servation permet au locataire d\u2019utiliser les informations de disponibilit\u00e9 \u00e0 l\u2019enregistrement dans la marina. Le contrat de location est conclu avec l\u2019enregistrement \u00e0 la marina et le paiement des frais portuaire par le locataire directement \u00e0 l\u2019autorit\u00e9 portuaire.\r\n\r\nBoatpark est interm\u00e9diaire au nom du propri\u00e9taire du poste d\u2019amarrage, mais n\u2019est pas partie au contrat de location.\r\n\r\nLe propri\u00e9taire permet au locataire d\u2019utiliser la place de port pendant la p\u00e9riode sp\u00e9cifi\u00e9e et est responsable de s\u2019assurer qu\u2019il peut \u00eatre utilis\u00e9 par le locataire.\r\n\r\nVeuillez noter que les disponibilit\u00e9s des places de port ne sont souvent visibles que quelques jours \u00e0 l\u2019avance lorsque le propri\u00e9taire d\u00e9cide de partir en voyage. Dans le cas ou votre place pr\u00e9f\u00e9r\u00e9e n\u2019est pas encore disponible merci de v\u00e9rifier un peu plus tard ses disponibilit\u00e9s via notre application.\t\t\t\t\t\t\t\t<\/div>\n\t\t\t\t<\/div>\n\t\t\t\t\t<\/div>\n\t\t<\/div>\n\t\t\t\t\t<\/div>\n\t\t<\/section>\n\t\t\t\t<section class=\"has_eae_slider elementor-section elementor-top-section elementor-element elementor-element-1652d3f elementor-section-boxed elementor-section-height-default elementor-section-height-default\" data-eae-slider=\"54520\" data-id=\"1652d3f\" data-element_type=\"section\" data-e-type=\"section\">\n\t\t\t\t\t\t<div class=\"elementor-container elementor-column-gap-default\">\n\t\t\t\t\t<div class=\"has_eae_slider elementor-column elementor-col-100 elementor-top-column elementor-element elementor-element-08edbbd\" data-eae-slider=\"86630\" data-id=\"08edbbd\" data-element_type=\"column\" data-e-type=\"column\">\n\t\t\t<div class=\"elementor-widget-wrap elementor-element-populated\">\n\t\t\t\t\t\t<div class=\"elementor-element elementor-element-f5cc31d elementor-widget-divider--view-line elementor-widget elementor-widget-divider\" data-id=\"f5cc31d\" data-element_type=\"widget\" data-e-type=\"widget\" data-widget_type=\"divider.default\">\n\t\t\t\t<div class=\"elementor-widget-container\">\n\t\t\t\t\t\t\t<div class=\"elementor-divider\">\n\t\t\t<span class=\"elementor-divider-separator\">\n\t\t\t\t\t\t<\/span>\n\t\t<\/div>\n\t\t\t\t\t\t<\/div>\n\t\t\t\t<\/div>\n\t\t\t\t\t<\/div>\n\t\t<\/div>\n\t\t\t\t\t<\/div>\n\t\t<\/section>\n\t\t\t\t<section class=\"has_eae_slider elementor-section elementor-top-section elementor-element elementor-element-2ee3bea elementor-section-boxed elementor-section-height-default elementor-section-height-default\" data-eae-slider=\"63711\" data-id=\"2ee3bea\" data-element_type=\"section\" data-e-type=\"section\">\n\t\t\t\t\t\t<div class=\"elementor-container elementor-column-gap-default\">\n\t\t\t\t\t<div class=\"has_eae_slider elementor-column elementor-col-100 elementor-top-column elementor-element elementor-element-29daa4b\" data-eae-slider=\"45390\" data-id=\"29daa4b\" data-element_type=\"column\" data-e-type=\"column\">\n\t\t\t<div class=\"elementor-widget-wrap elementor-element-populated\">\n\t\t\t\t\t\t<div class=\"elementor-element elementor-element-c2a0a38 elementor-widget elementor-widget-heading\" data-id=\"c2a0a38\" data-element_type=\"widget\" data-e-type=\"widget\" data-widget_type=\"heading.default\">\n\t\t\t\t<div class=\"elementor-widget-container\">\n\t\t\t\t\t<h2 class=\"elementor-heading-title elementor-size-default\">Prix<\/h2>\t\t\t\t<\/div>\n\t\t\t\t<\/div>\n\t\t\t\t<div class=\"elementor-element elementor-element-5b35596 elementor-widget elementor-widget-text-editor\" data-id=\"5b35596\" data-element_type=\"widget\" data-e-type=\"widget\" data-widget_type=\"text-editor.default\">\n\t\t\t\t<div class=\"elementor-widget-container\">\n\t\t\t\t\t\t\t\t\t<p>Le prix indiqu\u00e9 dans Boatpark comprend les taxes et une commission pour Boatpark pour son service. Assurez-vous que les frais de la marina soivent inclus dans le prix indiqu\u00e9 par le propri\u00e9taire. Dans le cas o\u00f9 les frais de marina ne sont pas inclus, vous devrez vous acquittez des frais directement aupr\u00e8s de la marina lors du check-in. Veuillez visiter le site web de la marina pour voir combien la marina a besoin (pour le lien vers le site web, veuillez consulter la description du poste de bateau dans l\u2019app).<\/p>\n\t\t\t\t\t\t\t\t<\/div>\n\t\t\t\t<\/div>\n\t\t\t\t\t<\/div>\n\t\t<\/div>\n\t\t\t\t\t<\/div>\n\t\t<\/section>\n\t\t\t\t<section class=\"has_eae_slider elementor-section elementor-top-section elementor-element elementor-element-2297e09 elementor-section-boxed elementor-section-height-default elementor-section-height-default\" data-eae-slider=\"20989\" data-id=\"2297e09\" data-element_type=\"section\" data-e-type=\"section\">\n\t\t\t\t\t\t<div class=\"elementor-container elementor-column-gap-default\">\n\t\t\t\t\t<div class=\"has_eae_slider elementor-column elementor-col-100 elementor-top-column elementor-element elementor-element-341575b\" data-eae-slider=\"172\" data-id=\"341575b\" data-element_type=\"column\" data-e-type=\"column\">\n\t\t\t<div class=\"elementor-widget-wrap elementor-element-populated\">\n\t\t\t\t\t\t<div class=\"elementor-element elementor-element-a1d1256 elementor-widget-divider--view-line elementor-widget elementor-widget-divider\" data-id=\"a1d1256\" data-element_type=\"widget\" data-e-type=\"widget\" data-widget_type=\"divider.default\">\n\t\t\t\t<div class=\"elementor-widget-container\">\n\t\t\t\t\t\t\t<div class=\"elementor-divider\">\n\t\t\t<span class=\"elementor-divider-separator\">\n\t\t\t\t\t\t<\/span>\n\t\t<\/div>\n\t\t\t\t\t\t<\/div>\n\t\t\t\t<\/div>\n\t\t\t\t\t<\/div>\n\t\t<\/div>\n\t\t\t\t\t<\/div>\n\t\t<\/section>\n\t\t\t\t<section class=\"has_eae_slider elementor-section elementor-top-section elementor-element elementor-element-b86bb2c elementor-section-boxed elementor-section-height-default elementor-section-height-default\" data-eae-slider=\"31765\" data-id=\"b86bb2c\" data-element_type=\"section\" data-e-type=\"section\">\n\t\t\t\t\t\t<div class=\"elementor-container elementor-column-gap-default\">\n\t\t\t\t\t<div class=\"has_eae_slider elementor-column elementor-col-100 elementor-top-column elementor-element elementor-element-b92d2c7\" data-eae-slider=\"43788\" data-id=\"b92d2c7\" data-element_type=\"column\" data-e-type=\"column\">\n\t\t\t<div class=\"elementor-widget-wrap elementor-element-populated\">\n\t\t\t\t\t\t<div class=\"elementor-element elementor-element-b74eef6 elementor-widget elementor-widget-heading\" data-id=\"b74eef6\" data-element_type=\"widget\" data-e-type=\"widget\" data-widget_type=\"heading.default\">\n\t\t\t\t<div class=\"elementor-widget-container\">\n\t\t\t\t\t<h2 class=\"elementor-heading-title elementor-size-default\">Check-in aupr\u00e8s de la marina<\/h2>\t\t\t\t<\/div>\n\t\t\t\t<\/div>\n\t\t\t\t<div class=\"elementor-element elementor-element-0661e01 elementor-widget elementor-widget-text-editor\" data-id=\"0661e01\" data-element_type=\"widget\" data-e-type=\"widget\" data-widget_type=\"text-editor.default\">\n\t\t\t\t<div class=\"elementor-widget-container\">\n\t\t\t\t\t\t\t\t\t<p>Veuillez v\u00e9rifier la description du poste d\u2019amarrage pour savoir si un enregistrement suppl\u00e9mentaire aupr\u00e8s des autorit\u00e9s portuaires est n\u00e9cessaire. L\u2019enregistrement aupr\u00e8s de la marina est toujours obligatoire lorsque les frais de la marina ne sont pas inclus dans l\u2019offre de prix de Boatpark. Afin de faciliter votre check-in, veuillez scanner les documents n\u00e9cessaires directement depuis notre application en utilisant la fonction photo de votre t\u00e9l\u00e9phone portable et envoyez les documents scann\u00e9s directement aux autorit\u00e9s portuaires (fonctionnalit\u00e9 indisponible pour le moment).<\/p>\n\t\t\t\t\t\t\t\t<\/div>\n\t\t\t\t<\/div>\n\t\t\t\t\t<\/div>\n\t\t<\/div>\n\t\t\t\t\t<\/div>\n\t\t<\/section>\n\t\t\t\t<section class=\"has_eae_slider elementor-section elementor-top-section elementor-element elementor-element-34c80d9 elementor-section-boxed elementor-section-height-default elementor-section-height-default\" data-eae-slider=\"19294\" data-id=\"34c80d9\" data-element_type=\"section\" data-e-type=\"section\">\n\t\t\t\t\t\t<div class=\"elementor-container elementor-column-gap-default\">\n\t\t\t\t\t<div class=\"has_eae_slider elementor-column elementor-col-100 elementor-top-column elementor-element elementor-element-03b281d\" data-eae-slider=\"19163\" data-id=\"03b281d\" data-element_type=\"column\" data-e-type=\"column\">\n\t\t\t<div class=\"elementor-widget-wrap elementor-element-populated\">\n\t\t\t\t\t\t<div class=\"elementor-element elementor-element-cd350ff elementor-widget-divider--view-line elementor-widget elementor-widget-divider\" data-id=\"cd350ff\" data-element_type=\"widget\" data-e-type=\"widget\" data-widget_type=\"divider.default\">\n\t\t\t\t<div class=\"elementor-widget-container\">\n\t\t\t\t\t\t\t<div class=\"elementor-divider\">\n\t\t\t<span class=\"elementor-divider-separator\">\n\t\t\t\t\t\t<\/span>\n\t\t<\/div>\n\t\t\t\t\t\t<\/div>\n\t\t\t\t<\/div>\n\t\t\t\t\t<\/div>\n\t\t<\/div>\n\t\t\t\t\t<\/div>\n\t\t<\/section>\n\t\t\t\t<section class=\"has_eae_slider elementor-section elementor-top-section elementor-element elementor-element-125e936 elementor-section-boxed elementor-section-height-default elementor-section-height-default\" data-eae-slider=\"77186\" data-id=\"125e936\" data-element_type=\"section\" data-e-type=\"section\">\n\t\t\t\t\t\t<div class=\"elementor-container elementor-column-gap-default\">\n\t\t\t\t\t<div class=\"has_eae_slider elementor-column elementor-col-100 elementor-top-column elementor-element elementor-element-bd603d5\" data-eae-slider=\"64100\" data-id=\"bd603d5\" data-element_type=\"column\" data-e-type=\"column\">\n\t\t\t<div class=\"elementor-widget-wrap elementor-element-populated\">\n\t\t\t\t\t\t<div class=\"elementor-element elementor-element-20bb7f1 elementor-widget elementor-widget-heading\" data-id=\"20bb7f1\" data-element_type=\"widget\" data-e-type=\"widget\" data-widget_type=\"heading.default\">\n\t\t\t\t<div class=\"elementor-widget-container\">\n\t\t\t\t\t<h2 class=\"elementor-heading-title elementor-size-default\">Annulation<\/h2>\t\t\t\t<\/div>\n\t\t\t\t<\/div>\n\t\t\t\t<div class=\"elementor-element elementor-element-881c6e2 elementor-widget elementor-widget-text-editor\" data-id=\"881c6e2\" data-element_type=\"widget\" data-e-type=\"widget\" data-widget_type=\"text-editor.default\">\n\t\t\t\t<div class=\"elementor-widget-container\">\n\t\t\t\t\t\t\t\t\t<p>Toutes les r\u00e9servations sur Boatpark peuvent \u00eatre annul\u00e9es gratuitement jusqu\u2019\u00e0 10 jours avant le d\u00e9but de la r\u00e9servation. Des frais d\u2019annulation seront factur\u00e9s pour toute annulation ult\u00e9rieure. Veuillez-vous r\u00e9f\u00e9rer aux Conditions G\u00e9n\u00e9rales pour plus de d\u00e9tails.<\/p>\n\t\t\t\t\t\t\t\t<\/div>\n\t\t\t\t<\/div>\n\t\t\t\t\t<\/div>\n\t\t<\/div>\n\t\t\t\t\t<\/div>\n\t\t<\/section>\n\t\t\t\t<section class=\"has_eae_slider elementor-section elementor-top-section elementor-element elementor-element-dfd23d2 elementor-section-boxed elementor-section-height-default elementor-section-height-default\" data-eae-slider=\"33603\" data-id=\"dfd23d2\" data-element_type=\"section\" data-e-type=\"section\">\n\t\t\t\t\t\t<div class=\"elementor-container elementor-column-gap-default\">\n\t\t\t\t\t<div class=\"has_eae_slider elementor-column elementor-col-100 elementor-top-column elementor-element elementor-element-a931a07\" data-eae-slider=\"74219\" data-id=\"a931a07\" data-element_type=\"column\" data-e-type=\"column\">\n\t\t\t<div class=\"elementor-widget-wrap elementor-element-populated\">\n\t\t\t\t\t\t<div class=\"elementor-element elementor-element-5b968c5 elementor-widget-divider--view-line elementor-widget elementor-widget-divider\" data-id=\"5b968c5\" data-element_type=\"widget\" data-e-type=\"widget\" data-widget_type=\"divider.default\">\n\t\t\t\t<div class=\"elementor-widget-container\">\n\t\t\t\t\t\t\t<div class=\"elementor-divider\">\n\t\t\t<span class=\"elementor-divider-separator\">\n\t\t\t\t\t\t<\/span>\n\t\t<\/div>\n\t\t\t\t\t\t<\/div>\n\t\t\t\t<\/div>\n\t\t\t\t\t<\/div>\n\t\t<\/div>\n\t\t\t\t\t<\/div>\n\t\t<\/section>\n\t\t\t\t<section class=\"has_eae_slider elementor-section elementor-top-section elementor-element elementor-element-36c815d elementor-section-boxed elementor-section-height-default elementor-section-height-default\" data-eae-slider=\"88845\" data-id=\"36c815d\" data-element_type=\"section\" data-e-type=\"section\">\n\t\t\t\t\t\t<div class=\"elementor-container elementor-column-gap-default\">\n\t\t\t\t\t<div class=\"has_eae_slider elementor-column elementor-col-100 elementor-top-column elementor-element elementor-element-2f601d2\" data-eae-slider=\"19269\" data-id=\"2f601d2\" data-element_type=\"column\" data-e-type=\"column\">\n\t\t\t<div class=\"elementor-widget-wrap elementor-element-populated\">\n\t\t\t\t\t\t<div class=\"elementor-element elementor-element-6e9694e elementor-widget elementor-widget-heading\" data-id=\"6e9694e\" data-element_type=\"widget\" data-e-type=\"widget\" data-widget_type=\"heading.default\">\n\t\t\t\t<div class=\"elementor-widget-container\">\n\t\t\t\t\t<h2 class=\"elementor-heading-title elementor-size-default\">Probl\u00e8mes<\/h2>\t\t\t\t<\/div>\n\t\t\t\t<\/div>\n\t\t\t\t<div class=\"elementor-element elementor-element-feeda97 elementor-widget elementor-widget-text-editor\" data-id=\"feeda97\" data-element_type=\"widget\" data-e-type=\"widget\" data-widget_type=\"text-editor.default\">\n\t\t\t\t<div class=\"elementor-widget-container\">\n\t\t\t\t\t\t\t\t\t<p>Si vous rencontrez des probl\u00e8mes comme par exemple l\u2019emplacement que vous avez lou\u00e9 est occup\u00e9 \u00e0 votre arriv\u00e9 merci de contacter Boatpark. Nous contacterons le propri\u00e9taire et\/ou la marina et essayerons de trouver une solution. Si pour quelque raison que ce soit, la place de port ne peut \u00eatre mis \u00e0 votre disposition 1 heure apr\u00e8s l\u2019heure d\u2019arriv\u00e9e dans votre r\u00e9servation, vous serez int\u00e9gralement rembours\u00e9 du montant total pay\u00e9 \u00e0 Boatpark et votre r\u00e9servation sera annul\u00e9e.<\/p>\n\t\t\t\t\t\t\t\t<\/div>\n\t\t\t\t<\/div>\n\t\t\t\t\t<\/div>\n\t\t<\/div>\n\t\t\t\t\t<\/div>\n\t\t<\/section>\n\t\t\t\t<\/div>\n\t\t","protected":false},"excerpt":{"rendered":"<p>Ce que vous devez savoir en tant que locataire Qu\u2019est-ce que j\u2019obtiens ? Il existe deux options de r\u00e9servation diff\u00e9rentes, qui sont d\u00e9finies par l\u2019application et peuvent varier du port et du poste d\u2019amarrage individuel: R\u00e9servation incluant les frais de marina (frais de port) R\u00e9servation excluant les frais de marina (frais de port) Si le [&hellip;]<\/p>\n","protected":false},"author":1,"featured_media":0,"parent":3784,"menu_order":1,"comment_status":"closed","ping_status":"closed","template":"elementor_header_footer","meta":{"zakra_sidebar_layout":"customizer","zakra_remove_content_margin":false,"zakra_sidebar":"customizer","zakra_transparent_header":"customizer","zakra_logo":0,"zakra_main_header_style":"default","zakra_menu_item_color":null,"zakra_menu_item_hover_color":"","zakra_menu_item_active_color":"","zakra_menu_active_style":"zakra_menu_active_style","zakra_page_header":false,"footnotes":""},"class_list":["post-3582","page","type-page","status-publish","hentry"],"_links":{"self":[{"href":"https:\/\/boatpark.app\/fr\/wp-json\/wp\/v2\/pages\/3582","targetHints":{"allow":["GET"]}}],"collection":[{"href":"https:\/\/boatpark.app\/fr\/wp-json\/wp\/v2\/pages"}],"about":[{"href":"https:\/\/boatpark.app\/fr\/wp-json\/wp\/v2\/types\/page"}],"author":[{"embeddable":true,"href":"https:\/\/boatpark.app\/fr\/wp-json\/wp\/v2\/users\/1"}],"replies":[{"embeddable":true,"href":"https:\/\/boatpark.app\/fr\/wp-json\/wp\/v2\/comments?post=3582"}],"version-history":[{"count":4,"href":"https:\/\/boatpark.app\/fr\/wp-json\/wp\/v2\/pages\/3582\/revisions"}],"predecessor-version":[{"id":13179,"href":"https:\/\/boatpark.app\/fr\/wp-json\/wp\/v2\/pages\/3582\/revisions\/13179"}],"up":[{"embeddable":true,"href":"https:\/\/boatpark.app\/fr\/wp-json\/wp\/v2\/pages\/3784"}],"wp:attachment":[{"href":"https:\/\/boatpark.app\/fr\/wp-json\/wp\/v2\/media?parent=3582"}],"curies":[{"name":"wp","href":"https:\/\/api.w.org\/{rel}","templated":true}]}}