{"id":3606,"date":"2019-12-17T12:13:41","date_gmt":"2019-12-17T12:13:41","guid":{"rendered":"https:\/\/boatpark.app\/staging\/pourquoi-louer-en-tant-que-locataire-via-boatpark\/"},"modified":"2024-03-06T21:44:13","modified_gmt":"2024-03-06T21:44:13","slug":"pourquoi-louer-en-tant-que-locataire-via-boatpark","status":"publish","type":"page","link":"https:\/\/boatpark.app\/fr\/domicile\/comment-cela-fonctionne\/pourquoi-louer-en-tant-que-locataire-via-boatpark\/","title":{"rendered":"Pourquoi louer en tant que locataire via Boatpark ?"},"content":{"rendered":"\t\t<div data-elementor-type=\"wp-page\" data-elementor-id=\"3606\" class=\"elementor elementor-3606 elementor-1942\" data-elementor-post-type=\"page\">\n\t\t\t\t\t\t<section class=\"has_eae_slider elementor-section elementor-top-section elementor-element elementor-element-b32b7cd elementor-section-content-middle elementor-section-height-min-height elementor-section-full_width elementor-section-stretched elementor-section-height-default elementor-section-items-middle\" data-eae-slider=\"96374\" data-id=\"b32b7cd\" data-element_type=\"section\" data-e-type=\"section\" data-settings=\"{&quot;background_background&quot;:&quot;classic&quot;,&quot;stretch_section&quot;:&quot;section-stretched&quot;}\">\n\t\t\t\t\t\t\t<div class=\"elementor-background-overlay\"><\/div>\n\t\t\t\t\t\t\t<div class=\"elementor-container elementor-column-gap-default\">\n\t\t\t\t\t<div class=\"has_eae_slider elementor-column elementor-col-100 elementor-top-column elementor-element elementor-element-863b16e\" data-eae-slider=\"15033\" data-id=\"863b16e\" data-element_type=\"column\" data-e-type=\"column\">\n\t\t\t<div class=\"elementor-widget-wrap elementor-element-populated\">\n\t\t\t\t\t\t<div class=\"elementor-element elementor-element-e9940fb elementor-widget elementor-widget-heading\" data-id=\"e9940fb\" data-element_type=\"widget\" data-e-type=\"widget\" data-widget_type=\"heading.default\">\n\t\t\t\t<div class=\"elementor-widget-container\">\n\t\t\t\t\t<h4 class=\"elementor-heading-title elementor-size-default\">Pourquoi louer en tant que locataire via Boatpark ?<\/h4>\t\t\t\t<\/div>\n\t\t\t\t<\/div>\n\t\t\t\t\t<\/div>\n\t\t<\/div>\n\t\t\t\t\t<\/div>\n\t\t<\/section>\n\t\t\t\t<section class=\"has_eae_slider elementor-section elementor-top-section elementor-element elementor-element-d943185 elementor-section-boxed elementor-section-height-default elementor-section-height-default\" data-eae-slider=\"31013\" data-id=\"d943185\" data-element_type=\"section\" data-e-type=\"section\">\n\t\t\t\t\t\t<div class=\"elementor-container elementor-column-gap-default\">\n\t\t\t\t\t<div class=\"has_eae_slider elementor-column elementor-col-100 elementor-top-column elementor-element elementor-element-2728168\" data-eae-slider=\"26933\" data-id=\"2728168\" data-element_type=\"column\" data-e-type=\"column\">\n\t\t\t<div class=\"elementor-widget-wrap elementor-element-populated\">\n\t\t\t\t\t\t<div class=\"elementor-element elementor-element-16a19dd elementor-widget elementor-widget-heading\" data-id=\"16a19dd\" data-element_type=\"widget\" data-e-type=\"widget\" data-widget_type=\"heading.default\">\n\t\t\t\t<div class=\"elementor-widget-container\">\n\t\t\t\t\t<h2 class=\"elementor-heading-title elementor-size-default\">Pourquoi louer en tant que locataire via Boatpark ?<\/h2>\t\t\t\t<\/div>\n\t\t\t\t<\/div>\n\t\t\t\t<div class=\"elementor-element elementor-element-4dfd3ef elementor-widget elementor-widget-text-editor\" data-id=\"4dfd3ef\" data-element_type=\"widget\" data-e-type=\"widget\" data-widget_type=\"text-editor.default\">\n\t\t\t\t<div class=\"elementor-widget-container\">\n\t\t\t\t\t\t\t\t\t<ul>\n<li>Trouvez les postes d\u2019amarrage disponibles pr\u00e8s de chez vous\u00a0<u>simplement\u00a0<\/u>depuis votre mobile en utilisant la fonction carte.<\/li>\n<li>Faites votre r\u00e9servation en quelques clics et recevez une confirmation <u>imm\u00e9diate<\/u> de votre r\u00e9servation\u00a0 sans utiliser radio, t\u00e9l\u00e9phone ou e-mail.<\/li>\n<li><u>Paiement direct par carte de cr\u00e9dit<\/u><\/li>\n<li>Vous n\u2019avez pas besoin de quitter votre mouillage plus t\u00f4t : Votre r\u00e9servation sera conserv\u00e9e<u> en cas d\u2019arriv\u00e9e tardive.<\/u><\/li>\n<li>Envoyez vos documents par application \u00e0 la marina : vous n\u2019avez <u>pas besoin de faire la queue<\/u> pour l\u2019enregistrement aux autorit\u00e9s portuaires.<\/li>\n<\/ul>\n\t\t\t\t\t\t\t\t<\/div>\n\t\t\t\t<\/div>\n\t\t\t\t\t<\/div>\n\t\t<\/div>\n\t\t\t\t\t<\/div>\n\t\t<\/section>\n\t\t\t\t<\/div>\n\t\t","protected":false},"excerpt":{"rendered":"<p>Pourquoi louer en tant que locataire via Boatpark ? Pourquoi louer en tant que locataire via Boatpark ? Trouvez les postes d\u2019amarrage disponibles pr\u00e8s de chez vous\u00a0simplement\u00a0depuis votre mobile en utilisant la fonction carte. Faites votre r\u00e9servation en quelques clics et recevez une confirmation imm\u00e9diate de votre r\u00e9servation\u00a0 sans utiliser radio, t\u00e9l\u00e9phone ou e-mail. Paiement [&hellip;]<\/p>\n","protected":false},"author":1,"featured_media":0,"parent":3784,"menu_order":2,"comment_status":"closed","ping_status":"closed","template":"elementor_header_footer","meta":{"zakra_sidebar_layout":"customizer","zakra_remove_content_margin":false,"zakra_sidebar":"customizer","zakra_transparent_header":"customizer","zakra_logo":0,"zakra_main_header_style":"default","zakra_menu_item_color":null,"zakra_menu_item_hover_color":"","zakra_menu_item_active_color":"","zakra_menu_active_style":"zakra_menu_active_style","zakra_page_header":false,"footnotes":""},"class_list":["post-3606","page","type-page","status-publish","hentry"],"_links":{"self":[{"href":"https:\/\/boatpark.app\/fr\/wp-json\/wp\/v2\/pages\/3606","targetHints":{"allow":["GET"]}}],"collection":[{"href":"https:\/\/boatpark.app\/fr\/wp-json\/wp\/v2\/pages"}],"about":[{"href":"https:\/\/boatpark.app\/fr\/wp-json\/wp\/v2\/types\/page"}],"author":[{"embeddable":true,"href":"https:\/\/boatpark.app\/fr\/wp-json\/wp\/v2\/users\/1"}],"replies":[{"embeddable":true,"href":"https:\/\/boatpark.app\/fr\/wp-json\/wp\/v2\/comments?post=3606"}],"version-history":[{"count":4,"href":"https:\/\/boatpark.app\/fr\/wp-json\/wp\/v2\/pages\/3606\/revisions"}],"predecessor-version":[{"id":13185,"href":"https:\/\/boatpark.app\/fr\/wp-json\/wp\/v2\/pages\/3606\/revisions\/13185"}],"up":[{"embeddable":true,"href":"https:\/\/boatpark.app\/fr\/wp-json\/wp\/v2\/pages\/3784"}],"wp:attachment":[{"href":"https:\/\/boatpark.app\/fr\/wp-json\/wp\/v2\/media?parent=3606"}],"curies":[{"name":"wp","href":"https:\/\/api.w.org\/{rel}","templated":true}]}}