{"id":3622,"date":"2019-12-17T12:27:06","date_gmt":"2019-12-17T12:27:06","guid":{"rendered":"https:\/\/boatpark.app\/staging\/ce-que-vous-devez-savoir-en-tant-que-proprietaire\/"},"modified":"2024-03-06T21:45:05","modified_gmt":"2024-03-06T21:45:05","slug":"ce-que-vous-devez-savoir-en-tant-que-proprietaire","status":"publish","type":"page","link":"https:\/\/boatpark.app\/fr\/domicile\/comment-cela-fonctionne\/ce-que-vous-devez-savoir-en-tant-que-proprietaire\/","title":{"rendered":"Ce que vous devez savoir en tant que propri\u00e9taire"},"content":{"rendered":"\t\t<div data-elementor-type=\"wp-page\" data-elementor-id=\"3622\" class=\"elementor elementor-3622 elementor-1965\" data-elementor-post-type=\"page\">\n\t\t\t\t\t\t<section class=\"has_eae_slider elementor-section elementor-top-section elementor-element elementor-element-cb71cc9 elementor-section-content-middle elementor-section-height-min-height elementor-section-full_width elementor-section-stretched elementor-section-height-default elementor-section-items-middle\" data-eae-slider=\"51715\" data-id=\"cb71cc9\" data-element_type=\"section\" data-e-type=\"section\" data-settings=\"{&quot;background_background&quot;:&quot;classic&quot;,&quot;stretch_section&quot;:&quot;section-stretched&quot;}\">\n\t\t\t\t\t\t\t<div class=\"elementor-background-overlay\"><\/div>\n\t\t\t\t\t\t\t<div class=\"elementor-container elementor-column-gap-default\">\n\t\t\t\t\t<div class=\"has_eae_slider elementor-column elementor-col-100 elementor-top-column elementor-element elementor-element-44b327a\" data-eae-slider=\"10048\" data-id=\"44b327a\" data-element_type=\"column\" data-e-type=\"column\">\n\t\t\t<div class=\"elementor-widget-wrap elementor-element-populated\">\n\t\t\t\t\t\t<div class=\"elementor-element elementor-element-7c51b3e elementor-widget elementor-widget-heading\" data-id=\"7c51b3e\" data-element_type=\"widget\" data-e-type=\"widget\" data-widget_type=\"heading.default\">\n\t\t\t\t<div class=\"elementor-widget-container\">\n\t\t\t\t\t<h4 class=\"elementor-heading-title elementor-size-default\">Ce que vous devez savoir en tant que propri\u00e9taire<\/h4>\t\t\t\t<\/div>\n\t\t\t\t<\/div>\n\t\t\t\t\t<\/div>\n\t\t<\/div>\n\t\t\t\t\t<\/div>\n\t\t<\/section>\n\t\t\t\t<section class=\"has_eae_slider elementor-section elementor-top-section elementor-element elementor-element-7a54550 elementor-section-boxed elementor-section-height-default elementor-section-height-default\" data-eae-slider=\"98936\" data-id=\"7a54550\" data-element_type=\"section\" data-e-type=\"section\">\n\t\t\t\t\t\t<div class=\"elementor-container elementor-column-gap-default\">\n\t\t\t\t\t<div class=\"has_eae_slider elementor-column elementor-col-100 elementor-top-column elementor-element elementor-element-602988a\" data-eae-slider=\"39681\" data-id=\"602988a\" data-element_type=\"column\" data-e-type=\"column\">\n\t\t\t<div class=\"elementor-widget-wrap elementor-element-populated\">\n\t\t\t\t\t\t<div class=\"elementor-element elementor-element-24af547 elementor-widget elementor-widget-heading\" data-id=\"24af547\" data-element_type=\"widget\" data-e-type=\"widget\" data-widget_type=\"heading.default\">\n\t\t\t\t<div class=\"elementor-widget-container\">\n\t\t\t\t\t<h2 class=\"elementor-heading-title elementor-size-default\">Qu\u2019est-ce que j\u2019offre ?<\/h2>\t\t\t\t<\/div>\n\t\t\t\t<\/div>\n\t\t\t\t<div class=\"elementor-element elementor-element-9b248fb elementor-widget elementor-widget-text-editor\" data-id=\"9b248fb\" data-element_type=\"widget\" data-e-type=\"widget\" data-widget_type=\"text-editor.default\">\n\t\t\t\t<div class=\"elementor-widget-container\">\n\t\t\t\t\t\t\t\t\t<p>There are two different options how you can offer your mooring:<\/p>\n<ol>\n<li>Location incluant les frais de marina (frais de port)<\/li>\n<li>M\u00e9diation excluant les frais de marina (frais de port)<\/li>\n<\/ol>\n<p>Si le poste d\u2019amarrage est d\u00e9fini incluant des frais de port, la r\u00e9servation faite via l\u2019application Boatpark est un contrat de location temporaire entre le propri\u00e9taire de la place de port ( vous \/ la marina ) ainsi que le locataire. Vous devez avoir le droit de louer (sous-louer) la place de port \u00e0 d\u2019autres plaisanciers.<\/p>\n<p>Si le poste d\u2019amarrage est d\u00e9fini excluant des frais de port, il sert d\u2019interm\u00e9diaire entre le propri\u00e9taire et le locataire int\u00e9ress\u00e9. La r\u00e9servation via l\u2019application permet au locataire d\u2019utiliser les informations de disponibilit\u00e9 \u00e0 l\u2019enregistrement dans la marina. Le contrat de location est conclu directement avec l\u2019autorit\u00e9 portuaire lors de l\u2019enregistrement \u00e0 la marina et du paiement du frais de port par le locataire. Dans ce cas, la place n\u2019est pas (sous-)lou\u00e9e d\u2019un point de vue juridique.<\/p>\n<p>Boatpark est interm\u00e9diaire au nom du propri\u00e9taire du poste d\u2019amarrage, mais n\u2019est pas partie au contrat de location.<\/p>\n<p>En tant que propri\u00e9taire, vous devez vous assur\u00e9 que votre place de port puisse \u00eatre utilis\u00e9e par le locataire durant la p\u00e9riode de r\u00e9servation.<\/p>\n\t\t\t\t\t\t\t\t<\/div>\n\t\t\t\t<\/div>\n\t\t\t\t\t<\/div>\n\t\t<\/div>\n\t\t\t\t\t<\/div>\n\t\t<\/section>\n\t\t\t\t<section class=\"has_eae_slider elementor-section elementor-top-section elementor-element elementor-element-7611519 elementor-section-boxed elementor-section-height-default elementor-section-height-default\" data-eae-slider=\"28251\" data-id=\"7611519\" data-element_type=\"section\" data-e-type=\"section\">\n\t\t\t\t\t\t<div class=\"elementor-container elementor-column-gap-default\">\n\t\t\t\t\t<div class=\"has_eae_slider elementor-column elementor-col-100 elementor-top-column elementor-element elementor-element-af600a1\" data-eae-slider=\"66690\" data-id=\"af600a1\" data-element_type=\"column\" data-e-type=\"column\">\n\t\t\t<div class=\"elementor-widget-wrap elementor-element-populated\">\n\t\t\t\t\t\t<div class=\"elementor-element elementor-element-aeb7aae elementor-widget-divider--view-line elementor-widget elementor-widget-divider\" data-id=\"aeb7aae\" data-element_type=\"widget\" data-e-type=\"widget\" data-widget_type=\"divider.default\">\n\t\t\t\t<div class=\"elementor-widget-container\">\n\t\t\t\t\t\t\t<div class=\"elementor-divider\">\n\t\t\t<span class=\"elementor-divider-separator\">\n\t\t\t\t\t\t<\/span>\n\t\t<\/div>\n\t\t\t\t\t\t<\/div>\n\t\t\t\t<\/div>\n\t\t\t\t\t<\/div>\n\t\t<\/div>\n\t\t\t\t\t<\/div>\n\t\t<\/section>\n\t\t\t\t<section class=\"has_eae_slider elementor-section elementor-top-section elementor-element elementor-element-824c526 elementor-section-boxed elementor-section-height-default elementor-section-height-default\" data-eae-slider=\"94310\" data-id=\"824c526\" data-element_type=\"section\" data-e-type=\"section\">\n\t\t\t\t\t\t<div class=\"elementor-container elementor-column-gap-default\">\n\t\t\t\t\t<div class=\"has_eae_slider elementor-column elementor-col-100 elementor-top-column elementor-element elementor-element-2391c79\" data-eae-slider=\"41691\" data-id=\"2391c79\" data-element_type=\"column\" data-e-type=\"column\">\n\t\t\t<div class=\"elementor-widget-wrap elementor-element-populated\">\n\t\t\t\t\t\t<div class=\"elementor-element elementor-element-3efda93 elementor-widget elementor-widget-heading\" data-id=\"3efda93\" data-element_type=\"widget\" data-e-type=\"widget\" data-widget_type=\"heading.default\">\n\t\t\t\t<div class=\"elementor-widget-container\">\n\t\t\t\t\t<h2 class=\"elementor-heading-title elementor-size-default\">Prix &amp; Paiement<\/h2>\t\t\t\t<\/div>\n\t\t\t\t<\/div>\n\t\t\t\t<div class=\"elementor-element elementor-element-93eb4f1 elementor-widget elementor-widget-text-editor\" data-id=\"93eb4f1\" data-element_type=\"widget\" data-e-type=\"widget\" data-widget_type=\"text-editor.default\">\n\t\t\t\t<div class=\"elementor-widget-container\">\n\t\t\t\t\t\t\t\t\t<p>Si vous n\u2019avez pas d\u2019accord explicite avec votre marina, veuillez ne pas inclure les frais de port dans votre prix au Boatpark. Un tel accord avec la marina peut \u00eatre conclu par vous-m\u00eame ou via Boatpark. D\u00e8s qu\u2019un tel accord a \u00e9t\u00e9 conclu et que Boatpark en est inform\u00e9, les frais de port peuvent \u00eatre inclus dans le prix du Boatpark.<br \/>\nBoatpark d\u00e9duit une commission (voir les Conditions G\u00e9n\u00e9rales pour plus de d\u00e9tails) du prix de ses services et transf\u00e8re le montant restant sur le compte du propri\u00e9taire. Si les frais portuaires sont inclus, le montant correspondant sera d\u00e9duit du propri\u00e9taire et transf\u00e9r\u00e9 sur le compte de la marina.<\/p>\n\t\t\t\t\t\t\t\t<\/div>\n\t\t\t\t<\/div>\n\t\t\t\t\t<\/div>\n\t\t<\/div>\n\t\t\t\t\t<\/div>\n\t\t<\/section>\n\t\t\t\t<section class=\"has_eae_slider elementor-section elementor-top-section elementor-element elementor-element-5a144b5 elementor-section-boxed elementor-section-height-default elementor-section-height-default\" data-eae-slider=\"64331\" data-id=\"5a144b5\" data-element_type=\"section\" data-e-type=\"section\">\n\t\t\t\t\t\t<div class=\"elementor-container elementor-column-gap-default\">\n\t\t\t\t\t<div class=\"has_eae_slider elementor-column elementor-col-100 elementor-top-column elementor-element elementor-element-ec75826\" data-eae-slider=\"14076\" data-id=\"ec75826\" data-element_type=\"column\" data-e-type=\"column\">\n\t\t\t<div class=\"elementor-widget-wrap elementor-element-populated\">\n\t\t\t\t\t\t<div class=\"elementor-element elementor-element-0e4f357 elementor-widget-divider--view-line elementor-widget elementor-widget-divider\" data-id=\"0e4f357\" data-element_type=\"widget\" data-e-type=\"widget\" data-widget_type=\"divider.default\">\n\t\t\t\t<div class=\"elementor-widget-container\">\n\t\t\t\t\t\t\t<div class=\"elementor-divider\">\n\t\t\t<span class=\"elementor-divider-separator\">\n\t\t\t\t\t\t<\/span>\n\t\t<\/div>\n\t\t\t\t\t\t<\/div>\n\t\t\t\t<\/div>\n\t\t\t\t\t<\/div>\n\t\t<\/div>\n\t\t\t\t\t<\/div>\n\t\t<\/section>\n\t\t\t\t<section class=\"has_eae_slider elementor-section elementor-top-section elementor-element elementor-element-0925703 elementor-section-boxed elementor-section-height-default elementor-section-height-default\" data-eae-slider=\"33199\" data-id=\"0925703\" data-element_type=\"section\" data-e-type=\"section\">\n\t\t\t\t\t\t<div class=\"elementor-container elementor-column-gap-default\">\n\t\t\t\t\t<div class=\"has_eae_slider elementor-column elementor-col-100 elementor-top-column elementor-element elementor-element-be3aa53\" data-eae-slider=\"19960\" data-id=\"be3aa53\" data-element_type=\"column\" data-e-type=\"column\">\n\t\t\t<div class=\"elementor-widget-wrap elementor-element-populated\">\n\t\t\t\t\t\t<div class=\"elementor-element elementor-element-f99fba9 elementor-widget elementor-widget-heading\" data-id=\"f99fba9\" data-element_type=\"widget\" data-e-type=\"widget\" data-widget_type=\"heading.default\">\n\t\t\t\t<div class=\"elementor-widget-container\">\n\t\t\t\t\t<h2 class=\"elementor-heading-title elementor-size-default\">P\u00e9nalit\u00e9s<\/h2>\t\t\t\t<\/div>\n\t\t\t\t<\/div>\n\t\t\t\t<div class=\"elementor-element elementor-element-c15b2d0 elementor-widget elementor-widget-text-editor\" data-id=\"c15b2d0\" data-element_type=\"widget\" data-e-type=\"widget\" data-widget_type=\"text-editor.default\">\n\t\t\t\t<div class=\"elementor-widget-container\">\n\t\t\t\t\t\t\t\t\t<p>En tant que propri\u00e9taire, vous devez vous assurer que vos place de port puissent \u00eatre utilis\u00e9es correctement par les locataires pendant les p\u00e9riodes que vous avez d\u00e9finies comme pouvant \u00eatre r\u00e9serv\u00e9es. Si l\u2019utilisation du poste n\u2019est pas possible (par exemple parce que le poste est occup\u00e9) et que l\u2019utilisation ne peut \u00eatre atteinte dans l\u2019heure qui suit l\u2019heure du d\u00e9but de r\u00e9servation, Boatpark d\u00e9duira le montant d\u2019 1 nuit de p\u00e9nalit\u00e9 directement depuis votre compte et la r\u00e9servation correspondante du locataire sera annul\u00e9e. Par cons\u00e9quent, aucun montant r\u00e9sultant de la r\u00e9servation ne sera vers\u00e9 au propri\u00e9taire de la place de port ni de la marina (dans le cas ou les frais de marina sont inclus dans l\u2019offre).<\/p>\n\t\t\t\t\t\t\t\t<\/div>\n\t\t\t\t<\/div>\n\t\t\t\t\t<\/div>\n\t\t<\/div>\n\t\t\t\t\t<\/div>\n\t\t<\/section>\n\t\t\t\t<section class=\"has_eae_slider elementor-section elementor-top-section elementor-element elementor-element-15547df elementor-section-boxed elementor-section-height-default elementor-section-height-default\" data-eae-slider=\"83370\" data-id=\"15547df\" data-element_type=\"section\" data-e-type=\"section\">\n\t\t\t\t\t\t<div class=\"elementor-container elementor-column-gap-default\">\n\t\t\t\t\t<div class=\"has_eae_slider elementor-column elementor-col-100 elementor-top-column elementor-element elementor-element-133fed2\" data-eae-slider=\"82334\" data-id=\"133fed2\" data-element_type=\"column\" data-e-type=\"column\">\n\t\t\t<div class=\"elementor-widget-wrap elementor-element-populated\">\n\t\t\t\t\t\t<div class=\"elementor-element elementor-element-1f08da3 elementor-widget-divider--view-line elementor-widget elementor-widget-divider\" data-id=\"1f08da3\" data-element_type=\"widget\" data-e-type=\"widget\" data-widget_type=\"divider.default\">\n\t\t\t\t<div class=\"elementor-widget-container\">\n\t\t\t\t\t\t\t<div class=\"elementor-divider\">\n\t\t\t<span class=\"elementor-divider-separator\">\n\t\t\t\t\t\t<\/span>\n\t\t<\/div>\n\t\t\t\t\t\t<\/div>\n\t\t\t\t<\/div>\n\t\t\t\t\t<\/div>\n\t\t<\/div>\n\t\t\t\t\t<\/div>\n\t\t<\/section>\n\t\t\t\t<section class=\"has_eae_slider elementor-section elementor-top-section elementor-element elementor-element-e53d13f elementor-section-boxed elementor-section-height-default elementor-section-height-default\" data-eae-slider=\"98063\" data-id=\"e53d13f\" data-element_type=\"section\" data-e-type=\"section\">\n\t\t\t\t\t\t<div class=\"elementor-container elementor-column-gap-default\">\n\t\t\t\t\t<div class=\"has_eae_slider elementor-column elementor-col-100 elementor-top-column elementor-element elementor-element-f1fa6c0\" data-eae-slider=\"42740\" data-id=\"f1fa6c0\" data-element_type=\"column\" data-e-type=\"column\">\n\t\t\t<div class=\"elementor-widget-wrap elementor-element-populated\">\n\t\t\t\t\t\t<div class=\"elementor-element elementor-element-f26253c elementor-widget elementor-widget-heading\" data-id=\"f26253c\" data-element_type=\"widget\" data-e-type=\"widget\" data-widget_type=\"heading.default\">\n\t\t\t\t<div class=\"elementor-widget-container\">\n\t\t\t\t\t<h2 class=\"elementor-heading-title elementor-size-default\">Annulation<\/h2>\t\t\t\t<\/div>\n\t\t\t\t<\/div>\n\t\t\t\t<div class=\"elementor-element elementor-element-c757078 elementor-widget elementor-widget-text-editor\" data-id=\"c757078\" data-element_type=\"widget\" data-e-type=\"widget\" data-widget_type=\"text-editor.default\">\n\t\t\t\t<div class=\"elementor-widget-container\">\n\t\t\t\t\t\t\t\t\t<p>D\u00e8s lors que vous aurez re\u00e7u une r\u00e9servation d\u2019un locataire pour votre place de port, il ne vous sera plus possible d\u2019annuler la disponibilit\u00e9 de votre place pour ce jour. En cas d\u2019urgence, lorsque le poste d\u2019amarrage n\u2019est pas disponible, veuillez en informer Boatpark imm\u00e9diatement afin que Boatpark puisse contacter le locataire de votre poste de bateau.<br \/>\nSi vous ne savez pas exactement combien de jours votre place de port peut-\u00eatre utilis\u00e9e, nous vous sugg\u00e9rons d\u2019utiliser la fonction \u00ab day-by-day \u00bb qui vous permettra de g\u00e9rer la disponibilit\u00e9 de votre place de port de fa\u00e7on journali\u00e8re.<\/p>\n\t\t\t\t\t\t\t\t<\/div>\n\t\t\t\t<\/div>\n\t\t\t\t\t<\/div>\n\t\t<\/div>\n\t\t\t\t\t<\/div>\n\t\t<\/section>\n\t\t\t\t<\/div>\n\t\t","protected":false},"excerpt":{"rendered":"<p>Ce que vous devez savoir en tant que propri\u00e9taire Qu\u2019est-ce que j\u2019offre ? There are two different options how you can offer your mooring: Location incluant les frais de marina (frais de port) M\u00e9diation excluant les frais de marina (frais de port) Si le poste d\u2019amarrage est d\u00e9fini incluant des frais de port, la r\u00e9servation [&hellip;]<\/p>\n","protected":false},"author":1,"featured_media":0,"parent":3784,"menu_order":3,"comment_status":"closed","ping_status":"closed","template":"elementor_header_footer","meta":{"zakra_sidebar_layout":"customizer","zakra_remove_content_margin":false,"zakra_sidebar":"customizer","zakra_transparent_header":"customizer","zakra_logo":0,"zakra_main_header_style":"default","zakra_menu_item_color":null,"zakra_menu_item_hover_color":"","zakra_menu_item_active_color":"","zakra_menu_active_style":"zakra_menu_active_style","zakra_page_header":false,"footnotes":""},"class_list":["post-3622","page","type-page","status-publish","hentry"],"_links":{"self":[{"href":"https:\/\/boatpark.app\/fr\/wp-json\/wp\/v2\/pages\/3622","targetHints":{"allow":["GET"]}}],"collection":[{"href":"https:\/\/boatpark.app\/fr\/wp-json\/wp\/v2\/pages"}],"about":[{"href":"https:\/\/boatpark.app\/fr\/wp-json\/wp\/v2\/types\/page"}],"author":[{"embeddable":true,"href":"https:\/\/boatpark.app\/fr\/wp-json\/wp\/v2\/users\/1"}],"replies":[{"embeddable":true,"href":"https:\/\/boatpark.app\/fr\/wp-json\/wp\/v2\/comments?post=3622"}],"version-history":[{"count":7,"href":"https:\/\/boatpark.app\/fr\/wp-json\/wp\/v2\/pages\/3622\/revisions"}],"predecessor-version":[{"id":13191,"href":"https:\/\/boatpark.app\/fr\/wp-json\/wp\/v2\/pages\/3622\/revisions\/13191"}],"up":[{"embeddable":true,"href":"https:\/\/boatpark.app\/fr\/wp-json\/wp\/v2\/pages\/3784"}],"wp:attachment":[{"href":"https:\/\/boatpark.app\/fr\/wp-json\/wp\/v2\/media?parent=3622"}],"curies":[{"name":"wp","href":"https:\/\/api.w.org\/{rel}","templated":true}]}}