{"id":3636,"date":"2019-12-17T13:02:07","date_gmt":"2019-12-17T13:02:07","guid":{"rendered":"https:\/\/boatpark.app\/staging\/pourquoi-louer-en-tant-que-proprietaire-via-boatpark\/"},"modified":"2024-03-06T21:45:44","modified_gmt":"2024-03-06T21:45:44","slug":"pourquoi-louer-en-tant-que-proprietaire-via-boatpark","status":"publish","type":"page","link":"https:\/\/boatpark.app\/fr\/domicile\/comment-cela-fonctionne\/pourquoi-louer-en-tant-que-proprietaire-via-boatpark\/","title":{"rendered":"Pourquoi louer en tant que propri\u00e9taire via Boatpark ?"},"content":{"rendered":"\t\t<div data-elementor-type=\"wp-page\" data-elementor-id=\"3636\" class=\"elementor elementor-3636 elementor-1982\" data-elementor-post-type=\"page\">\n\t\t\t\t\t\t<section class=\"has_eae_slider elementor-section elementor-top-section elementor-element elementor-element-40b99d4 elementor-section-content-middle elementor-section-height-min-height elementor-section-full_width elementor-section-stretched elementor-section-height-default elementor-section-items-middle\" data-eae-slider=\"27298\" data-id=\"40b99d4\" data-element_type=\"section\" data-e-type=\"section\" data-settings=\"{&quot;background_background&quot;:&quot;classic&quot;,&quot;stretch_section&quot;:&quot;section-stretched&quot;}\">\n\t\t\t\t\t\t\t<div class=\"elementor-background-overlay\"><\/div>\n\t\t\t\t\t\t\t<div class=\"elementor-container elementor-column-gap-default\">\n\t\t\t\t\t<div class=\"has_eae_slider elementor-column elementor-col-100 elementor-top-column elementor-element elementor-element-f6ae322\" data-eae-slider=\"31503\" data-id=\"f6ae322\" data-element_type=\"column\" data-e-type=\"column\">\n\t\t\t<div class=\"elementor-widget-wrap elementor-element-populated\">\n\t\t\t\t\t\t<div class=\"elementor-element elementor-element-a3b5542 elementor-widget elementor-widget-heading\" data-id=\"a3b5542\" data-element_type=\"widget\" data-e-type=\"widget\" data-widget_type=\"heading.default\">\n\t\t\t\t<div class=\"elementor-widget-container\">\n\t\t\t\t\t<h4 class=\"elementor-heading-title elementor-size-default\">Pourquoi louer en tant que propri\u00e9taire via Boatpark ?<\/h4>\t\t\t\t<\/div>\n\t\t\t\t<\/div>\n\t\t\t\t\t<\/div>\n\t\t<\/div>\n\t\t\t\t\t<\/div>\n\t\t<\/section>\n\t\t\t\t<section class=\"has_eae_slider elementor-section elementor-top-section elementor-element elementor-element-bc13445 elementor-section-boxed elementor-section-height-default elementor-section-height-default\" data-eae-slider=\"47013\" data-id=\"bc13445\" data-element_type=\"section\" data-e-type=\"section\">\n\t\t\t\t\t\t<div class=\"elementor-container elementor-column-gap-default\">\n\t\t\t\t\t<div class=\"has_eae_slider elementor-column elementor-col-100 elementor-top-column elementor-element elementor-element-257687c\" data-eae-slider=\"35108\" data-id=\"257687c\" data-element_type=\"column\" data-e-type=\"column\">\n\t\t\t<div class=\"elementor-widget-wrap elementor-element-populated\">\n\t\t\t\t\t\t<div class=\"elementor-element elementor-element-1bdb210 elementor-widget elementor-widget-heading\" data-id=\"1bdb210\" data-element_type=\"widget\" data-e-type=\"widget\" data-widget_type=\"heading.default\">\n\t\t\t\t<div class=\"elementor-widget-container\">\n\t\t\t\t\t<h2 class=\"elementor-heading-title elementor-size-default\">Propri\u00e9taire priv\u00e9 d\u2019une place de port<\/h2>\t\t\t\t<\/div>\n\t\t\t\t<\/div>\n\t\t\t\t<div class=\"elementor-element elementor-element-5c2194c elementor-widget elementor-widget-text-editor\" data-id=\"5c2194c\" data-element_type=\"widget\" data-e-type=\"widget\" data-widget_type=\"text-editor.default\">\n\t\t\t\t<div class=\"elementor-widget-container\">\n\t\t\t\t\t\t\t\t\t<ol>\n<li>Soutenez <u>l\u2019esprit communautaire<\/u> en offrant votre poste de bateau aux autres plaisanciers lorsque vous ne l\u2019utilisez pas<\/li>\n<li>G\u00e9n\u00e9rez des <u>revenus suppl\u00e9mentaires<\/u> pour vous et le port de plaisance et r\u00e9duisez vos co\u00fbts fixes<\/li>\n<li><u>Depuis n\u2019importe quel endroit<\/u> vous pourrez indiquez la disponibilit\u00e9 de votre place de port, prolongez ou r\u00e9duisez sa disponibilit\u00e9 via notre application<\/li>\n<li>Profitez de l\u2019option \u00ab\u00a0day-by-day\u00a0\u00bb et <span style=\"text-decoration: underline;\">rester flexible<\/span> lors de vos retour anticip\u00e9<\/li>\n<li>Recevez\u00a0un\u00a0<u>incitatif suppl\u00e9mentaire<\/u>\u00a0lorsqu\u2019une marina s\u2019inscrit sur Boatpark, pour y r\u00e9f\u00e9rencer ses places de ports et vous s\u00e9lectionne en tant que\u00a0r\u00e9f\u00e9rant (voir le programme\u00a0<a href=\"http:\/\/boatpark.app\/staging\/fr\/domicile\/boatpark-ambassador\/\">Boatpark Ambassador<\/a>).<\/li>\n<\/ol>\n\t\t\t\t\t\t\t\t<\/div>\n\t\t\t\t<\/div>\n\t\t\t\t\t<\/div>\n\t\t<\/div>\n\t\t\t\t\t<\/div>\n\t\t<\/section>\n\t\t\t\t<section class=\"has_eae_slider elementor-section elementor-top-section elementor-element elementor-element-1c86d86 elementor-section-boxed elementor-section-height-default elementor-section-height-default\" data-eae-slider=\"69007\" data-id=\"1c86d86\" data-element_type=\"section\" data-e-type=\"section\">\n\t\t\t\t\t\t<div class=\"elementor-container elementor-column-gap-default\">\n\t\t\t\t\t<div class=\"has_eae_slider elementor-column elementor-col-100 elementor-top-column elementor-element elementor-element-2a86b92\" data-eae-slider=\"71418\" data-id=\"2a86b92\" data-element_type=\"column\" data-e-type=\"column\">\n\t\t\t<div class=\"elementor-widget-wrap elementor-element-populated\">\n\t\t\t\t\t\t<div class=\"elementor-element elementor-element-e4daafa elementor-widget-divider--view-line elementor-widget elementor-widget-divider\" data-id=\"e4daafa\" data-element_type=\"widget\" data-e-type=\"widget\" data-widget_type=\"divider.default\">\n\t\t\t\t<div class=\"elementor-widget-container\">\n\t\t\t\t\t\t\t<div class=\"elementor-divider\">\n\t\t\t<span class=\"elementor-divider-separator\">\n\t\t\t\t\t\t<\/span>\n\t\t<\/div>\n\t\t\t\t\t\t<\/div>\n\t\t\t\t<\/div>\n\t\t\t\t\t<\/div>\n\t\t<\/div>\n\t\t\t\t\t<\/div>\n\t\t<\/section>\n\t\t\t\t<section class=\"has_eae_slider elementor-section elementor-top-section elementor-element elementor-element-34f44aa elementor-section-boxed elementor-section-height-default elementor-section-height-default\" data-eae-slider=\"90186\" data-id=\"34f44aa\" data-element_type=\"section\" data-e-type=\"section\">\n\t\t\t\t\t\t<div class=\"elementor-container elementor-column-gap-default\">\n\t\t\t\t\t<div class=\"has_eae_slider elementor-column elementor-col-100 elementor-top-column elementor-element elementor-element-b438af6\" data-eae-slider=\"55044\" data-id=\"b438af6\" data-element_type=\"column\" data-e-type=\"column\">\n\t\t\t<div class=\"elementor-widget-wrap elementor-element-populated\">\n\t\t\t\t\t\t<div class=\"elementor-element elementor-element-7e48fdf elementor-widget elementor-widget-heading\" data-id=\"7e48fdf\" data-element_type=\"widget\" data-e-type=\"widget\" data-widget_type=\"heading.default\">\n\t\t\t\t<div class=\"elementor-widget-container\">\n\t\t\t\t\t<h2 class=\"elementor-heading-title elementor-size-default\">Marinas \/ Ports<\/h2>\t\t\t\t<\/div>\n\t\t\t\t<\/div>\n\t\t\t\t<div class=\"elementor-element elementor-element-bf90a6e elementor-widget elementor-widget-text-editor\" data-id=\"bf90a6e\" data-element_type=\"widget\" data-e-type=\"widget\" data-widget_type=\"text-editor.default\">\n\t\t\t\t<div class=\"elementor-widget-container\">\n\t\t\t\t\t\t\t\t\t<ol>\n<li><u>Am\u00e9liorer le service \u00e0 la client\u00e8le<\/u> gr\u00e2ce \u00e0 un processus de r\u00e9servation digital et innovatif et \u00e0 une commodit\u00e9 accrue<\/li>\n<li>R\u00e9ception d\u2019un syst\u00e8me moderne de r\u00e9servation <u>sans co\u00fbts et risques<\/u> pour le port<\/li>\n<li>R\u00e9duction du risque de \u00ab\u00a0No Shows\u00a0\u00bb par un <u>paiement anticip\u00e9<\/u> au moment de la r\u00e9servation<\/li>\n<li><u>Accro\u00eetre l\u2019utilisation du port<\/u> et des services associ\u00e9s (magasins, restaurants, stations-service, etc.)<\/li>\n<li><u>Simplifiez le processus d\u2019enregistrement<\/u> gr\u00e2ce \u00e0 la soumission des documents d\u2019enregistrement au format \u00e9lectronique.<\/li>\n<li>Contribution \u00e0 la <u>protection de l\u2019environnement<\/u> en r\u00e9duisant le besoin de nouvelles infrastructures gr\u00e2ce \u00e0 une meilleure utilisation des infrastructures existantes<\/li>\n<li><u>Additionnels informations<\/u> sur le comportement de r\u00e9servation des clients<\/li>\n<li>Possibilit\u00e9 d\u2019<u>int\u00e9gration<\/u> avec votre propre syst\u00e8me de r\u00e9servation<\/li>\n<\/ol>\n\t\t\t\t\t\t\t\t<\/div>\n\t\t\t\t<\/div>\n\t\t\t\t\t<\/div>\n\t\t<\/div>\n\t\t\t\t\t<\/div>\n\t\t<\/section>\n\t\t\t\t<\/div>\n\t\t","protected":false},"excerpt":{"rendered":"<p>Pourquoi louer en tant que propri\u00e9taire via Boatpark ? Propri\u00e9taire priv\u00e9 d\u2019une place de port Soutenez l\u2019esprit communautaire en offrant votre poste de bateau aux autres plaisanciers lorsque vous ne l\u2019utilisez pas G\u00e9n\u00e9rez des revenus suppl\u00e9mentaires pour vous et le port de plaisance et r\u00e9duisez vos co\u00fbts fixes Depuis n\u2019importe quel endroit vous pourrez indiquez [&hellip;]<\/p>\n","protected":false},"author":1,"featured_media":0,"parent":3784,"menu_order":4,"comment_status":"closed","ping_status":"closed","template":"elementor_header_footer","meta":{"zakra_sidebar_layout":"customizer","zakra_remove_content_margin":false,"zakra_sidebar":"customizer","zakra_transparent_header":"customizer","zakra_logo":0,"zakra_main_header_style":"default","zakra_menu_item_color":null,"zakra_menu_item_hover_color":"","zakra_menu_item_active_color":"","zakra_menu_active_style":"zakra_menu_active_style","zakra_page_header":false,"footnotes":""},"class_list":["post-3636","page","type-page","status-publish","hentry"],"_links":{"self":[{"href":"https:\/\/boatpark.app\/fr\/wp-json\/wp\/v2\/pages\/3636","targetHints":{"allow":["GET"]}}],"collection":[{"href":"https:\/\/boatpark.app\/fr\/wp-json\/wp\/v2\/pages"}],"about":[{"href":"https:\/\/boatpark.app\/fr\/wp-json\/wp\/v2\/types\/page"}],"author":[{"embeddable":true,"href":"https:\/\/boatpark.app\/fr\/wp-json\/wp\/v2\/users\/1"}],"replies":[{"embeddable":true,"href":"https:\/\/boatpark.app\/fr\/wp-json\/wp\/v2\/comments?post=3636"}],"version-history":[{"count":4,"href":"https:\/\/boatpark.app\/fr\/wp-json\/wp\/v2\/pages\/3636\/revisions"}],"predecessor-version":[{"id":13197,"href":"https:\/\/boatpark.app\/fr\/wp-json\/wp\/v2\/pages\/3636\/revisions\/13197"}],"up":[{"embeddable":true,"href":"https:\/\/boatpark.app\/fr\/wp-json\/wp\/v2\/pages\/3784"}],"wp:attachment":[{"href":"https:\/\/boatpark.app\/fr\/wp-json\/wp\/v2\/media?parent=3636"}],"curies":[{"name":"wp","href":"https:\/\/api.w.org\/{rel}","templated":true}]}}