{"id":3652,"date":"2019-12-17T13:11:20","date_gmt":"2019-12-17T13:11:20","guid":{"rendered":"https:\/\/boatpark.app\/staging\/conditions-generales-de-vente-cgv\/"},"modified":"2024-10-02T13:58:33","modified_gmt":"2024-10-02T13:58:33","slug":"conditions-generales-de-vente-cgv","status":"publish","type":"page","link":"https:\/\/boatpark.app\/fr\/domicile\/comment-cela-fonctionne\/conditions-generales-de-vente-cgv\/","title":{"rendered":"Conditions G\u00e9n\u00e9rales de vente (CGV)"},"content":{"rendered":"\t\t<div data-elementor-type=\"wp-page\" data-elementor-id=\"3652\" class=\"elementor elementor-3652 elementor-1991\" data-elementor-post-type=\"page\">\n\t\t\t\t\t\t<section class=\"has_eae_slider elementor-section elementor-top-section elementor-element elementor-element-c79d39d elementor-section-content-middle elementor-section-height-min-height elementor-section-full_width elementor-section-stretched elementor-section-height-default elementor-section-items-middle\" data-eae-slider=\"64706\" data-id=\"c79d39d\" data-element_type=\"section\" data-e-type=\"section\" data-settings=\"{&quot;background_background&quot;:&quot;classic&quot;,&quot;stretch_section&quot;:&quot;section-stretched&quot;}\">\n\t\t\t\t\t\t\t<div class=\"elementor-background-overlay\"><\/div>\n\t\t\t\t\t\t\t<div class=\"elementor-container elementor-column-gap-default\">\n\t\t\t\t\t<div class=\"has_eae_slider elementor-column elementor-col-100 elementor-top-column elementor-element elementor-element-9b67bc3\" data-eae-slider=\"14907\" data-id=\"9b67bc3\" data-element_type=\"column\" data-e-type=\"column\">\n\t\t\t<div class=\"elementor-widget-wrap elementor-element-populated\">\n\t\t\t\t\t\t<div class=\"elementor-element elementor-element-a72659f elementor-widget elementor-widget-heading\" data-id=\"a72659f\" data-element_type=\"widget\" data-e-type=\"widget\" data-widget_type=\"heading.default\">\n\t\t\t\t<div class=\"elementor-widget-container\">\n\t\t\t\t\t<h4 class=\"elementor-heading-title elementor-size-default\">Conditions G\u00e9n\u00e9rales de vente (CGV)<\/h4>\t\t\t\t<\/div>\n\t\t\t\t<\/div>\n\t\t\t\t\t<\/div>\n\t\t<\/div>\n\t\t\t\t\t<\/div>\n\t\t<\/section>\n\t\t\t\t<section class=\"has_eae_slider elementor-section elementor-top-section elementor-element elementor-element-9b6273e elementor-section-boxed elementor-section-height-default elementor-section-height-default\" data-eae-slider=\"5313\" data-id=\"9b6273e\" data-element_type=\"section\" data-e-type=\"section\">\n\t\t\t\t\t\t<div class=\"elementor-container elementor-column-gap-default\">\n\t\t\t\t\t<div class=\"has_eae_slider elementor-column elementor-col-50 elementor-top-column elementor-element elementor-element-d732595\" data-eae-slider=\"17675\" data-id=\"d732595\" data-element_type=\"column\" data-e-type=\"column\">\n\t\t\t<div class=\"elementor-widget-wrap elementor-element-populated\">\n\t\t\t\t\t\t<div class=\"elementor-element elementor-element-b23393f elementor-widget elementor-widget-heading\" data-id=\"b23393f\" data-element_type=\"widget\" data-e-type=\"widget\" data-widget_type=\"heading.default\">\n\t\t\t\t<div class=\"elementor-widget-container\">\n\t\t\t\t\t<h2 class=\"elementor-heading-title elementor-size-default\">Plateforme CGV<\/h2>\t\t\t\t<\/div>\n\t\t\t\t<\/div>\n\t\t\t\t<div class=\"elementor-element elementor-element-2377708 elementor-widget elementor-widget-text-editor\" data-id=\"2377708\" data-element_type=\"widget\" data-e-type=\"widget\" data-widget_type=\"text-editor.default\">\n\t\t\t\t<div class=\"elementor-widget-container\">\n\t\t\t\t\t\t\t\t\t<p>Les Conditions G\u00e9n\u00e9rales de vente pour tous les utilisateurs de la plate-forme Boatpark se trouvent <span style=\"text-decoration: underline;\"><a href=\"http:\/\/boatpark.app\/fr\/domicile\/comment-cela-fonctionne\/conditions-generales-de-vente-cgv\/cgv-documents\/\">ici<\/a><\/span>. Celles-ci s\u2019appliquent \u00e0 tous les canaux d\u2019interaction avec Boatpark tels que les sites Web ou les applications mobiles.<\/p>\t\t\t\t\t\t\t\t<\/div>\n\t\t\t\t<\/div>\n\t\t\t\t\t<\/div>\n\t\t<\/div>\n\t\t\t\t<div class=\"has_eae_slider elementor-column elementor-col-50 elementor-top-column elementor-element elementor-element-4ce2a04\" data-eae-slider=\"41836\" data-id=\"4ce2a04\" data-element_type=\"column\" data-e-type=\"column\">\n\t\t\t<div class=\"elementor-widget-wrap elementor-element-populated\">\n\t\t\t\t\t\t<div class=\"elementor-element elementor-element-ec29b96 elementor-widget elementor-widget-heading\" data-id=\"ec29b96\" data-element_type=\"widget\" data-e-type=\"widget\" data-widget_type=\"heading.default\">\n\t\t\t\t<div class=\"elementor-widget-container\">\n\t\t\t\t\t<h2 class=\"elementor-heading-title elementor-size-default\">Protection des donn\u00e9es<\/h2>\t\t\t\t<\/div>\n\t\t\t\t<\/div>\n\t\t\t\t<div class=\"elementor-element elementor-element-a371bc0 elementor-widget elementor-widget-text-editor\" data-id=\"a371bc0\" data-element_type=\"widget\" data-e-type=\"widget\" data-widget_type=\"text-editor.default\">\n\t\t\t\t<div class=\"elementor-widget-container\">\n\t\t\t\t\t\t\t\t\t<p>La protection et la s\u00e9curit\u00e9 des donn\u00e9es sont pour nous une priorit\u00e9 absolue. Vous pouvez t\u00e9l\u00e9charger la version actuelle de notre politique de confidentialit\u00e9 <span style=\"text-decoration: underline;\"><a href=\"http:\/\/boatpark.app\/fr\/domicile\/comment-cela-fonctionne\/conditions-generales-de-vente-cgv\/cgv-documents\/\">ici<\/a><\/span>.<\/p>\t\t\t\t\t\t\t\t<\/div>\n\t\t\t\t<\/div>\n\t\t\t\t\t<\/div>\n\t\t<\/div>\n\t\t\t\t\t<\/div>\n\t\t<\/section>\n\t\t\t\t<\/div>\n\t\t","protected":false},"excerpt":{"rendered":"<p>Conditions G\u00e9n\u00e9rales de vente (CGV) Plateforme CGV Les Conditions G\u00e9n\u00e9rales de vente pour tous les utilisateurs de la plate-forme Boatpark se trouvent ici. Celles-ci s\u2019appliquent \u00e0 tous les canaux d\u2019interaction avec Boatpark tels que les sites Web ou les applications mobiles. Protection des donn\u00e9es La protection et la s\u00e9curit\u00e9 des donn\u00e9es sont pour nous une [&hellip;]<\/p>\n","protected":false},"author":1,"featured_media":0,"parent":3784,"menu_order":6,"comment_status":"closed","ping_status":"closed","template":"elementor_header_footer","meta":{"zakra_sidebar_layout":"customizer","zakra_remove_content_margin":false,"zakra_sidebar":"customizer","zakra_transparent_header":"customizer","zakra_logo":0,"zakra_main_header_style":"default","zakra_menu_item_color":null,"zakra_menu_item_hover_color":"","zakra_menu_item_active_color":"","zakra_menu_active_style":"zakra_menu_active_style","zakra_page_header":false,"footnotes":""},"class_list":["post-3652","page","type-page","status-publish","hentry"],"_links":{"self":[{"href":"https:\/\/boatpark.app\/fr\/wp-json\/wp\/v2\/pages\/3652","targetHints":{"allow":["GET"]}}],"collection":[{"href":"https:\/\/boatpark.app\/fr\/wp-json\/wp\/v2\/pages"}],"about":[{"href":"https:\/\/boatpark.app\/fr\/wp-json\/wp\/v2\/types\/page"}],"author":[{"embeddable":true,"href":"https:\/\/boatpark.app\/fr\/wp-json\/wp\/v2\/users\/1"}],"replies":[{"embeddable":true,"href":"https:\/\/boatpark.app\/fr\/wp-json\/wp\/v2\/comments?post=3652"}],"version-history":[{"count":16,"href":"https:\/\/boatpark.app\/fr\/wp-json\/wp\/v2\/pages\/3652\/revisions"}],"predecessor-version":[{"id":13409,"href":"https:\/\/boatpark.app\/fr\/wp-json\/wp\/v2\/pages\/3652\/revisions\/13409"}],"up":[{"embeddable":true,"href":"https:\/\/boatpark.app\/fr\/wp-json\/wp\/v2\/pages\/3784"}],"wp:attachment":[{"href":"https:\/\/boatpark.app\/fr\/wp-json\/wp\/v2\/media?parent=3652"}],"curies":[{"name":"wp","href":"https:\/\/api.w.org\/{rel}","templated":true}]}}