{"id":3666,"date":"2019-12-17T13:25:58","date_gmt":"2019-12-17T13:25:58","guid":{"rendered":"https:\/\/boatpark.app\/staging\/conditions-generales-de-vente-cgv\/cgv-documents\/"},"modified":"2025-12-05T00:00:28","modified_gmt":"2025-12-04T23:00:28","slug":"cgv-documents","status":"publish","type":"page","link":"https:\/\/boatpark.app\/fr\/domicile\/comment-cela-fonctionne\/conditions-generales-de-vente-cgv\/cgv-documents\/","title":{"rendered":"CGV documents"},"content":{"rendered":"\t\t<div data-elementor-type=\"wp-page\" data-elementor-id=\"3666\" class=\"elementor elementor-3666 elementor-1999\" data-elementor-post-type=\"page\">\n\t\t\t\t\t\t<section class=\"has_eae_slider elementor-section elementor-top-section elementor-element elementor-element-50c694e elementor-section-content-middle elementor-section-height-min-height elementor-section-full_width elementor-section-stretched elementor-section-height-default elementor-section-items-middle\" data-eae-slider=\"37130\" data-id=\"50c694e\" data-element_type=\"section\" data-e-type=\"section\" data-settings=\"{&quot;background_background&quot;:&quot;classic&quot;,&quot;stretch_section&quot;:&quot;section-stretched&quot;}\">\n\t\t\t\t\t\t\t<div class=\"elementor-background-overlay\"><\/div>\n\t\t\t\t\t\t\t<div class=\"elementor-container elementor-column-gap-default\">\n\t\t\t\t\t<div class=\"has_eae_slider elementor-column elementor-col-100 elementor-top-column elementor-element elementor-element-4f8b398\" data-eae-slider=\"42148\" data-id=\"4f8b398\" data-element_type=\"column\" data-e-type=\"column\">\n\t\t\t<div class=\"elementor-widget-wrap elementor-element-populated\">\n\t\t\t\t\t\t<div class=\"elementor-element elementor-element-d1faf99 elementor-widget elementor-widget-heading\" data-id=\"d1faf99\" data-element_type=\"widget\" data-e-type=\"widget\" data-widget_type=\"heading.default\">\n\t\t\t\t<div class=\"elementor-widget-container\">\n\t\t\t\t\t<h4 class=\"elementor-heading-title elementor-size-default\">CGV documents<\/h4>\t\t\t\t<\/div>\n\t\t\t\t<\/div>\n\t\t\t\t\t<\/div>\n\t\t<\/div>\n\t\t\t\t\t<\/div>\n\t\t<\/section>\n\t\t\t\t<section class=\"has_eae_slider elementor-section elementor-inner-section elementor-element elementor-element-92645e6 elementor-section-boxed elementor-section-height-default elementor-section-height-default\" data-eae-slider=\"51068\" data-id=\"92645e6\" data-element_type=\"section\" data-e-type=\"section\">\n\t\t\t\t\t\t<div class=\"elementor-container elementor-column-gap-default\">\n\t\t\t\t\t<div class=\"has_eae_slider elementor-column elementor-col-100 elementor-inner-column elementor-element elementor-element-1764713\" data-eae-slider=\"38199\" data-id=\"1764713\" data-element_type=\"column\" data-e-type=\"column\">\n\t\t\t<div class=\"elementor-widget-wrap elementor-element-populated\">\n\t\t\t\t\t\t<div class=\"elementor-element elementor-element-917f382 elementor-widget elementor-widget-text-editor\" data-id=\"917f382\" data-element_type=\"widget\" data-e-type=\"widget\" data-widget_type=\"text-editor.default\">\n\t\t\t\t<div class=\"elementor-widget-container\">\n\t\t\t\t\t\t\t\t\t<p>Les Conditions G\u00e9n\u00e9rales de vente juridiquement contraignantes ne sont disponibles qu\u2019en allemand et peuvent \u00eatre consult\u00e9es <span style=\"text-decoration: underline;\"><a href=\"https:\/\/boatpark.app\/de\/zuhause\/wie-es-funktioniert\/allgemeine-geschaeftsbedingungen-agbs\/agb-dokumente\/\">ici.<\/a><\/span><\/p><p>Pour la traduction fran\u00e7aise, veuillez utiliser les liens suivants :<\/p><p><a href=\"https:\/\/boatpark.app\/wp-content\/uploads\/Plattform-AGB-v20251204-FR.pdf\" target=\"_blank\" rel=\"noopener\"><span style=\"text-decoration: underline; color: #3366ff;\"><strong>Plateforme CGV<\/strong><\/span><\/a><br \/><a href=\"https:\/\/boatpark.app\/wp-content\/uploads\/Datenschutzerklaerung-v20230401-FR.pdf\" target=\"_blank\" rel=\"noopener\"><span style=\"text-decoration: underline; color: #3366ff;\"><strong>Protection des donn\u00e9es<\/strong><\/span><\/a><\/p>\t\t\t\t\t\t\t\t<\/div>\n\t\t\t\t<\/div>\n\t\t\t\t\t<\/div>\n\t\t<\/div>\n\t\t\t\t\t<\/div>\n\t\t<\/section>\n\t\t\t\t<\/div>\n\t\t","protected":false},"excerpt":{"rendered":"<p>CGV documents Les Conditions G\u00e9n\u00e9rales de vente juridiquement contraignantes ne sont disponibles qu\u2019en allemand et peuvent \u00eatre consult\u00e9es ici. Pour la traduction fran\u00e7aise, veuillez utiliser les liens suivants : Plateforme CGVProtection des donn\u00e9es<\/p>\n","protected":false},"author":1,"featured_media":0,"parent":3652,"menu_order":1,"comment_status":"closed","ping_status":"closed","template":"elementor_header_footer","meta":{"zakra_sidebar_layout":"customizer","zakra_remove_content_margin":false,"zakra_sidebar":"customizer","zakra_transparent_header":"customizer","zakra_logo":0,"zakra_main_header_style":"default","zakra_menu_item_color":null,"zakra_menu_item_hover_color":"","zakra_menu_item_active_color":"","zakra_menu_active_style":"zakra_menu_active_style","zakra_page_header":false,"footnotes":""},"class_list":["post-3666","page","type-page","status-publish","hentry"],"_links":{"self":[{"href":"https:\/\/boatpark.app\/fr\/wp-json\/wp\/v2\/pages\/3666","targetHints":{"allow":["GET"]}}],"collection":[{"href":"https:\/\/boatpark.app\/fr\/wp-json\/wp\/v2\/pages"}],"about":[{"href":"https:\/\/boatpark.app\/fr\/wp-json\/wp\/v2\/types\/page"}],"author":[{"embeddable":true,"href":"https:\/\/boatpark.app\/fr\/wp-json\/wp\/v2\/users\/1"}],"replies":[{"embeddable":true,"href":"https:\/\/boatpark.app\/fr\/wp-json\/wp\/v2\/comments?post=3666"}],"version-history":[{"count":46,"href":"https:\/\/boatpark.app\/fr\/wp-json\/wp\/v2\/pages\/3666\/revisions"}],"predecessor-version":[{"id":13644,"href":"https:\/\/boatpark.app\/fr\/wp-json\/wp\/v2\/pages\/3666\/revisions\/13644"}],"up":[{"embeddable":true,"href":"https:\/\/boatpark.app\/fr\/wp-json\/wp\/v2\/pages\/3652"}],"wp:attachment":[{"href":"https:\/\/boatpark.app\/fr\/wp-json\/wp\/v2\/media?parent=3666"}],"curies":[{"name":"wp","href":"https:\/\/api.w.org\/{rel}","templated":true}]}}