{"id":3698,"date":"2019-12-18T04:49:11","date_gmt":"2019-12-18T04:49:11","guid":{"rendered":"https:\/\/boatpark.app\/staging\/domicile\/ce-que-nous-faisons\/"},"modified":"2022-07-19T11:50:01","modified_gmt":"2022-07-19T11:50:01","slug":"ce-que-nous-faisons","status":"publish","type":"page","link":"https:\/\/boatpark.app\/fr\/domicile\/ce-que-nous-faisons\/","title":{"rendered":"Ce que nous faisons"},"content":{"rendered":"\t\t<div data-elementor-type=\"wp-page\" data-elementor-id=\"3698\" class=\"elementor elementor-3698 elementor-1597\" data-elementor-post-type=\"page\">\n\t\t\t\t\t\t<section class=\"has_eae_slider elementor-section elementor-top-section elementor-element elementor-element-c094ec4 elementor-section-content-middle elementor-section-height-min-height elementor-section-full_width elementor-section-stretched elementor-section-height-default elementor-section-items-middle\" data-eae-slider=\"17595\" data-id=\"c094ec4\" data-element_type=\"section\" data-e-type=\"section\" data-settings=\"{&quot;background_background&quot;:&quot;classic&quot;,&quot;stretch_section&quot;:&quot;section-stretched&quot;}\">\n\t\t\t\t\t\t\t<div class=\"elementor-background-overlay\"><\/div>\n\t\t\t\t\t\t\t<div class=\"elementor-container elementor-column-gap-default\">\n\t\t\t\t\t<div class=\"has_eae_slider elementor-column elementor-col-100 elementor-top-column elementor-element elementor-element-f8f2c60\" data-eae-slider=\"45129\" data-id=\"f8f2c60\" data-element_type=\"column\" data-e-type=\"column\">\n\t\t\t<div class=\"elementor-widget-wrap elementor-element-populated\">\n\t\t\t\t\t\t<div class=\"elementor-element elementor-element-6c1f10a elementor-widget elementor-widget-heading\" data-id=\"6c1f10a\" data-element_type=\"widget\" data-e-type=\"widget\" data-widget_type=\"heading.default\">\n\t\t\t\t<div class=\"elementor-widget-container\">\n\t\t\t\t\t<h4 class=\"elementor-heading-title elementor-size-default\">Ce que nous faisons<\/h4>\t\t\t\t<\/div>\n\t\t\t\t<\/div>\n\t\t\t\t\t<\/div>\n\t\t<\/div>\n\t\t\t\t\t<\/div>\n\t\t<\/section>\n\t\t\t\t<section class=\"has_eae_slider elementor-section elementor-top-section elementor-element elementor-element-ea4b6f1 elementor-section-boxed elementor-section-height-default elementor-section-height-default\" data-eae-slider=\"33823\" data-id=\"ea4b6f1\" data-element_type=\"section\" data-e-type=\"section\">\n\t\t\t\t\t\t<div class=\"elementor-container elementor-column-gap-default\">\n\t\t\t\t\t<div class=\"has_eae_slider elementor-column elementor-col-100 elementor-top-column elementor-element elementor-element-d642d20\" data-eae-slider=\"23167\" data-id=\"d642d20\" data-element_type=\"column\" data-e-type=\"column\">\n\t\t\t<div class=\"elementor-widget-wrap elementor-element-populated\">\n\t\t\t\t\t\t<div class=\"elementor-element elementor-element-3a1e4e0 elementor-widget elementor-widget-heading\" data-id=\"3a1e4e0\" data-element_type=\"widget\" data-e-type=\"widget\" data-widget_type=\"heading.default\">\n\t\t\t\t<div class=\"elementor-widget-container\">\n\t\t\t\t\t<h2 class=\"elementor-heading-title elementor-size-default\">Notre offre<\/h2>\t\t\t\t<\/div>\n\t\t\t\t<\/div>\n\t\t\t\t<div class=\"elementor-element elementor-element-2cce158 elementor-widget elementor-widget-text-editor\" data-id=\"2cce158\" data-element_type=\"widget\" data-e-type=\"widget\" data-widget_type=\"text-editor.default\">\n\t\t\t\t<div class=\"elementor-widget-container\">\n\t\t\t\t\t\t\t\t\tBoatpark est une plateforme de m\u00e9diation pour l\u2019utilisation \u00e0 court terme des places d\u2019amarrage de bateau. Cette plateforme permet aux ports de plaisance et aux propri\u00e9taires de postes d\u2019amarrage priv\u00e9s de louer temporairement leurs postes d\u2019amarrage \u00e0 certains jours et \u00e0 certains prix. Les utilisateurs peuvent r\u00e9server leur place de port via une application mobile \u00e0 tout moment et de n\u2019importe quel endroit, sans avoir \u00e0 utiliser la radio, le t\u00e9l\u00e9phone ou e-Mail. L\u2019encaissement et le remboursement au propri\u00e9taire du poste d\u2019amarrage \/ port de plaisance est pris en charge par Boatpark. L\u2019application mobile est r\u00e9guli\u00e8rement enrichie de fonctions suppl\u00e9mentaires.<br\/>\r\nGr\u00e2ce \u00e0 notre service, nous aidons les plaisanciers du monde entier \u00e0 trouver une place de port s\u00fbre et \u00e0 la r\u00e9server en quelques clics via une application mobile.\u00a0Pour les ports de plaisance nous optimisons l\u2019utilisation des places de port vacantes et r\u00e9duisons consid\u00e9rablement les temps d\u2019enregistrement, tout cela afin d\u2019accroitre le service client. Pour les marinas et propri\u00e9taires de place de port priv\u00e9s c\u2019est une occasion d\u2019augmenter les revenus simplement gr\u00e2ce aux places de port vacantes en les mettant \u00e0 disposition des autres bateaux pour une location temporaire.\t\t\t\t\t\t\t\t<\/div>\n\t\t\t\t<\/div>\n\t\t\t\t\t<\/div>\n\t\t<\/div>\n\t\t\t\t\t<\/div>\n\t\t<\/section>\n\t\t\t\t<section class=\"has_eae_slider elementor-section elementor-top-section elementor-element elementor-element-bf94eec elementor-section-boxed elementor-section-height-default elementor-section-height-default\" data-eae-slider=\"68235\" data-id=\"bf94eec\" data-element_type=\"section\" data-e-type=\"section\">\n\t\t\t\t\t\t<div class=\"elementor-container elementor-column-gap-default\">\n\t\t\t\t\t<div class=\"has_eae_slider elementor-column elementor-col-100 elementor-top-column elementor-element elementor-element-0755f55\" data-eae-slider=\"81708\" data-id=\"0755f55\" data-element_type=\"column\" data-e-type=\"column\">\n\t\t\t<div class=\"elementor-widget-wrap elementor-element-populated\">\n\t\t\t\t\t\t<div class=\"elementor-element elementor-element-f6f3349 elementor-widget-divider--view-line elementor-widget elementor-widget-divider\" data-id=\"f6f3349\" data-element_type=\"widget\" data-e-type=\"widget\" data-widget_type=\"divider.default\">\n\t\t\t\t<div class=\"elementor-widget-container\">\n\t\t\t\t\t\t\t<div class=\"elementor-divider\">\n\t\t\t<span class=\"elementor-divider-separator\">\n\t\t\t\t\t\t<\/span>\n\t\t<\/div>\n\t\t\t\t\t\t<\/div>\n\t\t\t\t<\/div>\n\t\t\t\t\t<\/div>\n\t\t<\/div>\n\t\t\t\t\t<\/div>\n\t\t<\/section>\n\t\t\t\t<section class=\"has_eae_slider elementor-section elementor-top-section elementor-element elementor-element-336113f elementor-section-boxed elementor-section-height-default elementor-section-height-default\" data-eae-slider=\"27816\" data-id=\"336113f\" data-element_type=\"section\" data-e-type=\"section\" data-settings=\"{&quot;background_background&quot;:&quot;classic&quot;,&quot;shape_divider_top&quot;:&quot;arrow&quot;,&quot;animation&quot;:&quot;none&quot;}\">\n\t\t\t\t\t<div class=\"elementor-shape elementor-shape-top\" aria-hidden=\"true\" data-negative=\"false\">\n\t\t\t<svg xmlns=\"http:\/\/www.w3.org\/2000\/svg\" viewBox=\"0 0 700 10\" preserveAspectRatio=\"none\">\n\t<path class=\"elementor-shape-fill\" d=\"M350,10L340,0h20L350,10z\"\/>\n<\/svg>\t\t<\/div>\n\t\t\t\t\t<div class=\"elementor-container elementor-column-gap-default\">\n\t\t\t\t\t<div class=\"has_eae_slider elementor-column elementor-col-100 elementor-top-column elementor-element elementor-element-2c12c45\" data-eae-slider=\"76094\" data-id=\"2c12c45\" data-element_type=\"column\" data-e-type=\"column\">\n\t\t\t<div class=\"elementor-widget-wrap elementor-element-populated\">\n\t\t\t\t\t\t<div class=\"elementor-element elementor-element-1776da1 elementor-widget elementor-widget-heading\" data-id=\"1776da1\" data-element_type=\"widget\" data-e-type=\"widget\" data-widget_type=\"heading.default\">\n\t\t\t\t<div class=\"elementor-widget-container\">\n\t\t\t\t\t<h2 class=\"elementor-heading-title elementor-size-default\">Nos Ambitions<\/h2>\t\t\t\t<\/div>\n\t\t\t\t<\/div>\n\t\t\t\t<div class=\"elementor-element elementor-element-8af6d62 elementor-widget elementor-widget-text-editor\" data-id=\"8af6d62\" data-element_type=\"widget\" data-e-type=\"widget\" data-widget_type=\"text-editor.default\">\n\t\t\t\t<div class=\"elementor-widget-container\">\n\t\t\t\t\t\t\t\t\tNous nous engageons \u00e0 optimiser l\u2019utilisation des places de port vacantes tout en \u00e9vitant les postes d\u2019amarrage inutilis\u00e9s et vides et tout en simplifiant les proc\u00e9dures de r\u00e9servation pour les ports et les plaisanciers gr\u00e2ce \u00e0 l\u2019utilisation de technologie innovantes. Nous contribuons \u00e0 la protection de l\u2019environnement en r\u00e9duisant le besoin en nouvelles infrastructures tout en optimisant l\u2019utilisation des infrastructures existantes.<br\/>\r\n\r\nQue ce soit au bord de la mer, au bord de lac ou de fleuves, toutes les places de port sont propos\u00e9es par notre plateforme et nous nous engageons \u00e0 \u00e9tendre continuellement nos services \u00e0 l\u2019industrie mondiale de la navigation de plaisance.\t\t\t\t\t\t\t\t<\/div>\n\t\t\t\t<\/div>\n\t\t\t\t\t<\/div>\n\t\t<\/div>\n\t\t\t\t\t<\/div>\n\t\t<\/section>\n\t\t\t\t<section class=\"has_eae_slider elementor-section elementor-top-section elementor-element elementor-element-e831b31 elementor-section-height-min-height elementor-section-boxed elementor-section-height-default elementor-section-items-middle\" data-eae-slider=\"92601\" data-id=\"e831b31\" data-element_type=\"section\" data-e-type=\"section\">\n\t\t\t\t\t\t<div class=\"elementor-container elementor-column-gap-default\">\n\t\t\t\t\t<div class=\"has_eae_slider elementor-column elementor-col-100 elementor-top-column elementor-element elementor-element-f1c8a9f\" data-eae-slider=\"47146\" data-id=\"f1c8a9f\" data-element_type=\"column\" data-e-type=\"column\">\n\t\t\t<div class=\"elementor-widget-wrap\">\n\t\t\t\t\t\t\t<\/div>\n\t\t<\/div>\n\t\t\t\t\t<\/div>\n\t\t<\/section>\n\t\t\t\t<\/div>\n\t\t","protected":false},"excerpt":{"rendered":"<p>Ce que nous faisons Notre offre Boatpark est une plateforme de m\u00e9diation pour l\u2019utilisation \u00e0 court terme des places d\u2019amarrage de bateau. Cette plateforme permet aux ports de plaisance et aux propri\u00e9taires de postes d\u2019amarrage priv\u00e9s de louer temporairement leurs postes d\u2019amarrage \u00e0 certains jours et \u00e0 certains prix. Les utilisateurs peuvent r\u00e9server leur place [&hellip;]<\/p>\n","protected":false},"author":1,"featured_media":0,"parent":3682,"menu_order":1,"comment_status":"closed","ping_status":"closed","template":"elementor_header_footer","meta":{"zakra_sidebar_layout":"customizer","zakra_remove_content_margin":false,"zakra_sidebar":"customizer","zakra_transparent_header":"customizer","zakra_logo":0,"zakra_main_header_style":"default","zakra_menu_item_color":null,"zakra_menu_item_hover_color":"","zakra_menu_item_active_color":"","zakra_menu_active_style":"zakra_menu_active_style","zakra_page_header":false,"footnotes":""},"class_list":["post-3698","page","type-page","status-publish","hentry"],"_links":{"self":[{"href":"https:\/\/boatpark.app\/fr\/wp-json\/wp\/v2\/pages\/3698","targetHints":{"allow":["GET"]}}],"collection":[{"href":"https:\/\/boatpark.app\/fr\/wp-json\/wp\/v2\/pages"}],"about":[{"href":"https:\/\/boatpark.app\/fr\/wp-json\/wp\/v2\/types\/page"}],"author":[{"embeddable":true,"href":"https:\/\/boatpark.app\/fr\/wp-json\/wp\/v2\/users\/1"}],"replies":[{"embeddable":true,"href":"https:\/\/boatpark.app\/fr\/wp-json\/wp\/v2\/comments?post=3698"}],"version-history":[{"count":3,"href":"https:\/\/boatpark.app\/fr\/wp-json\/wp\/v2\/pages\/3698\/revisions"}],"predecessor-version":[{"id":10802,"href":"https:\/\/boatpark.app\/fr\/wp-json\/wp\/v2\/pages\/3698\/revisions\/10802"}],"up":[{"embeddable":true,"href":"https:\/\/boatpark.app\/fr\/wp-json\/wp\/v2\/pages\/3682"}],"wp:attachment":[{"href":"https:\/\/boatpark.app\/fr\/wp-json\/wp\/v2\/media?parent=3698"}],"curies":[{"name":"wp","href":"https:\/\/api.w.org\/{rel}","templated":true}]}}