{"id":3730,"date":"2019-12-18T06:35:56","date_gmt":"2019-12-18T06:35:56","guid":{"rendered":"https:\/\/boatpark.app\/staging\/poste-damarrage-disponible\/"},"modified":"2022-10-31T11:33:15","modified_gmt":"2022-10-31T11:33:15","slug":"poste-damarrage-disponible","status":"publish","type":"page","link":"https:\/\/boatpark.app\/fr\/poste-damarrage-disponible\/","title":{"rendered":"Poste d\u2019amarrage disponible"},"content":{"rendered":"\t\t<div data-elementor-type=\"wp-page\" data-elementor-id=\"3730\" class=\"elementor elementor-3730 elementor-3273\" data-elementor-post-type=\"page\">\n\t\t\t\t\t\t<section class=\"has_eae_slider elementor-section elementor-top-section elementor-element elementor-element-6b1ae9f elementor-section-content-middle elementor-section-height-min-height elementor-section-full_width elementor-section-stretched elementor-section-height-default elementor-section-items-middle\" data-eae-slider=\"92142\" data-id=\"6b1ae9f\" data-element_type=\"section\" data-e-type=\"section\" data-settings=\"{&quot;background_background&quot;:&quot;classic&quot;,&quot;stretch_section&quot;:&quot;section-stretched&quot;}\">\n\t\t\t\t\t\t\t<div class=\"elementor-background-overlay\"><\/div>\n\t\t\t\t\t\t\t<div class=\"elementor-container elementor-column-gap-default\">\n\t\t\t\t\t<div class=\"has_eae_slider elementor-column elementor-col-100 elementor-top-column elementor-element elementor-element-8f03cb4\" data-eae-slider=\"30585\" data-id=\"8f03cb4\" data-element_type=\"column\" data-e-type=\"column\">\n\t\t\t<div class=\"elementor-widget-wrap elementor-element-populated\">\n\t\t\t\t\t\t<div class=\"elementor-element elementor-element-daf14c7 elementor-widget elementor-widget-heading\" data-id=\"daf14c7\" data-element_type=\"widget\" data-e-type=\"widget\" data-widget_type=\"heading.default\">\n\t\t\t\t<div class=\"elementor-widget-container\">\n\t\t\t\t\t<h4 class=\"elementor-heading-title elementor-size-default\">Poste d\u2019amarrage disponible<\/h4>\t\t\t\t<\/div>\n\t\t\t\t<\/div>\n\t\t\t\t\t<\/div>\n\t\t<\/div>\n\t\t\t\t\t<\/div>\n\t\t<\/section>\n\t\t\t\t<section class=\"has_eae_slider elementor-section elementor-top-section elementor-element elementor-element-d006db0 elementor-section-boxed elementor-section-height-default elementor-section-height-default\" data-eae-slider=\"97953\" data-id=\"d006db0\" data-element_type=\"section\" data-e-type=\"section\">\n\t\t\t\t\t\t<div class=\"elementor-container elementor-column-gap-default\">\n\t\t\t\t\t<div class=\"has_eae_slider elementor-column elementor-col-50 elementor-top-column elementor-element elementor-element-71f2693\" data-eae-slider=\"94035\" data-id=\"71f2693\" data-element_type=\"column\" data-e-type=\"column\">\n\t\t\t<div class=\"elementor-widget-wrap elementor-element-populated\">\n\t\t\t\t\t\t<div class=\"elementor-element elementor-element-dfedf2f elementor-widget elementor-widget-image\" data-id=\"dfedf2f\" data-element_type=\"widget\" data-e-type=\"widget\" data-widget_type=\"image.default\">\n\t\t\t\t<div class=\"elementor-widget-container\">\n\t\t\t\t\t\t\t\t\t\t\t\t\t\t\t<img decoding=\"async\" width=\"300\" height=\"99\" src=\"https:\/\/boatpark.app\/wp-content\/uploads\/2019\/12\/Ampel_gruen.png\" class=\"attachment-large size-large wp-image-3490\" alt=\"\" \/>\t\t\t\t\t\t\t\t\t\t\t\t\t\t\t<\/div>\n\t\t\t\t<\/div>\n\t\t\t\t\t<\/div>\n\t\t<\/div>\n\t\t\t\t<div class=\"has_eae_slider elementor-column elementor-col-50 elementor-top-column elementor-element elementor-element-c557f6d\" data-eae-slider=\"70421\" data-id=\"c557f6d\" data-element_type=\"column\" data-e-type=\"column\">\n\t\t\t<div class=\"elementor-widget-wrap\">\n\t\t\t\t\t\t\t<\/div>\n\t\t<\/div>\n\t\t\t\t\t<\/div>\n\t\t<\/section>\n\t\t\t\t<section class=\"has_eae_slider elementor-section elementor-top-section elementor-element elementor-element-ebb9e3f elementor-section-boxed elementor-section-height-default elementor-section-height-default\" data-eae-slider=\"23482\" data-id=\"ebb9e3f\" data-element_type=\"section\" data-e-type=\"section\">\n\t\t\t\t\t\t<div class=\"elementor-container elementor-column-gap-default\">\n\t\t\t\t\t<div class=\"has_eae_slider elementor-column elementor-col-100 elementor-top-column elementor-element elementor-element-9015638\" data-eae-slider=\"35730\" data-id=\"9015638\" data-element_type=\"column\" data-e-type=\"column\">\n\t\t\t<div class=\"elementor-widget-wrap elementor-element-populated\">\n\t\t\t\t\t\t<div class=\"elementor-element elementor-element-0952f79 elementor-widget elementor-widget-text-editor\" data-id=\"0952f79\" data-element_type=\"widget\" data-e-type=\"widget\" data-widget_type=\"text-editor.default\">\n\t\t\t\t<div class=\"elementor-widget-container\">\n\t\t\t\t\t\t\t\t\t<p>La place est disponible et peut \u00eatre utilis\u00e9e pour une nuit. <br \/>Pour \u00e9viter les doubles r\u00e9servations, veuillez r\u00e9server la place <span style=\"color: #ff0000;\"><strong>avant d&rsquo;amarrer votre bateau<\/strong> <\/span>aupr\u00e8s du capitaine du port ou directement via l&rsquo;application Boatpark: <span style=\"text-decoration: underline;\"><a href=\"https:\/\/boatpark.app\/fr\/\">www.boatpark.app<\/a><\/span><\/p><p><a href=\"https:\/\/boatpark.app\/de\/liegeplatz-verfuegbar\/\"><span style=\"text-decoration: underline;\">Deutsch<\/span><\/a> &#8211; <a href=\"https:\/\/boatpark.app\/mooring-available\/\"><span style=\"text-decoration: underline;\">English<\/span><\/a> &#8211; <span style=\"text-decoration: underline;\"><a href=\"https:\/\/boatpark.app\/it\/posto-barca-disponibile\/\">Italiano<\/a><\/span> &#8211; <span style=\"text-decoration: underline;\"><a href=\"https:\/\/boatpark.app\/es\/parqueo-disponible\/\">Espagnol<\/a><\/span><\/p>\t\t\t\t\t\t\t\t<\/div>\n\t\t\t\t<\/div>\n\t\t\t\t<section class=\"has_eae_slider elementor-section elementor-inner-section elementor-element elementor-element-620c21c elementor-section-boxed elementor-section-height-default elementor-section-height-default\" data-eae-slider=\"37063\" data-id=\"620c21c\" data-element_type=\"section\" data-e-type=\"section\">\n\t\t\t\t\t\t<div class=\"elementor-container elementor-column-gap-default\">\n\t\t\t\t\t<div class=\"has_eae_slider elementor-column elementor-col-50 elementor-inner-column elementor-element elementor-element-48364a0\" data-eae-slider=\"86985\" data-id=\"48364a0\" data-element_type=\"column\" data-e-type=\"column\">\n\t\t\t<div class=\"elementor-widget-wrap elementor-element-populated\">\n\t\t\t\t\t\t<div class=\"elementor-element elementor-element-4244279 elementor-widget elementor-widget-image\" data-id=\"4244279\" data-element_type=\"widget\" data-e-type=\"widget\" data-widget_type=\"image.default\">\n\t\t\t\t<div class=\"elementor-widget-container\">\n\t\t\t\t\t\t\t\t\t\t\t\t\t\t\t\t<a href=\"https:\/\/apps.apple.com\/app\/id1466777753\">\n\t\t\t\t\t\t\t<img decoding=\"async\" width=\"186\" height=\"55\" src=\"https:\/\/boatpark.app\/wp-content\/uploads\/2019\/12\/load-from-app-store.jpg\" class=\"attachment-large size-large wp-image-11971\" alt=\"\" \/>\t\t\t\t\t\t\t\t<\/a>\n\t\t\t\t\t\t\t\t\t\t\t\t\t\t\t<\/div>\n\t\t\t\t<\/div>\n\t\t\t\t\t<\/div>\n\t\t<\/div>\n\t\t\t\t<div class=\"has_eae_slider elementor-column elementor-col-50 elementor-inner-column elementor-element elementor-element-0a3324c\" data-eae-slider=\"38339\" data-id=\"0a3324c\" data-element_type=\"column\" data-e-type=\"column\">\n\t\t\t<div class=\"elementor-widget-wrap elementor-element-populated\">\n\t\t\t\t\t\t<div class=\"elementor-element elementor-element-83987f7 elementor-widget elementor-widget-image\" data-id=\"83987f7\" data-element_type=\"widget\" data-e-type=\"widget\" data-widget_type=\"image.default\">\n\t\t\t\t<div class=\"elementor-widget-container\">\n\t\t\t\t\t\t\t\t\t\t\t\t\t\t\t\t<a href=\"https:\/\/play.google.com\/store\/apps\/details?id=com.boatpark\">\n\t\t\t\t\t\t\t<img decoding=\"async\" width=\"186\" height=\"55\" src=\"https:\/\/boatpark.app\/wp-content\/uploads\/2019\/12\/google-play-2.png\" class=\"attachment-large size-large wp-image-11970\" alt=\"\" \/>\t\t\t\t\t\t\t\t<\/a>\n\t\t\t\t\t\t\t\t\t\t\t\t\t\t\t<\/div>\n\t\t\t\t<\/div>\n\t\t\t\t\t<\/div>\n\t\t<\/div>\n\t\t\t\t\t<\/div>\n\t\t<\/section>\n\t\t\t\t\t<\/div>\n\t\t<\/div>\n\t\t\t\t\t<\/div>\n\t\t<\/section>\n\t\t\t\t<\/div>\n\t\t","protected":false},"excerpt":{"rendered":"<p>Poste d\u2019amarrage disponible La place est disponible et peut \u00eatre utilis\u00e9e pour une nuit. Pour \u00e9viter les doubles r\u00e9servations, veuillez r\u00e9server la place avant d&rsquo;amarrer votre bateau aupr\u00e8s du capitaine du port ou directement via l&rsquo;application Boatpark: www.boatpark.app Deutsch &#8211; English &#8211; Italiano &#8211; Espagnol<\/p>\n","protected":false},"author":1,"featured_media":0,"parent":0,"menu_order":9,"comment_status":"closed","ping_status":"closed","template":"elementor_header_footer","meta":{"zakra_sidebar_layout":"customizer","zakra_remove_content_margin":false,"zakra_sidebar":"customizer","zakra_transparent_header":"customizer","zakra_logo":0,"zakra_main_header_style":"default","zakra_menu_item_color":null,"zakra_menu_item_hover_color":"","zakra_menu_item_active_color":"","zakra_menu_active_style":"zakra_menu_active_style","zakra_page_header":false,"footnotes":""},"class_list":["post-3730","page","type-page","status-publish","hentry"],"_links":{"self":[{"href":"https:\/\/boatpark.app\/fr\/wp-json\/wp\/v2\/pages\/3730","targetHints":{"allow":["GET"]}}],"collection":[{"href":"https:\/\/boatpark.app\/fr\/wp-json\/wp\/v2\/pages"}],"about":[{"href":"https:\/\/boatpark.app\/fr\/wp-json\/wp\/v2\/types\/page"}],"author":[{"embeddable":true,"href":"https:\/\/boatpark.app\/fr\/wp-json\/wp\/v2\/users\/1"}],"replies":[{"embeddable":true,"href":"https:\/\/boatpark.app\/fr\/wp-json\/wp\/v2\/comments?post=3730"}],"version-history":[{"count":16,"href":"https:\/\/boatpark.app\/fr\/wp-json\/wp\/v2\/pages\/3730\/revisions"}],"predecessor-version":[{"id":12133,"href":"https:\/\/boatpark.app\/fr\/wp-json\/wp\/v2\/pages\/3730\/revisions\/12133"}],"wp:attachment":[{"href":"https:\/\/boatpark.app\/fr\/wp-json\/wp\/v2\/media?parent=3730"}],"curies":[{"name":"wp","href":"https:\/\/api.w.org\/{rel}","templated":true}]}}