{"id":3592,"date":"2019-12-17T11:54:18","date_gmt":"2019-12-17T11:54:18","guid":{"rendered":"https:\/\/boatpark.app\/staging\/quello-che-devi-sapere-come-inquilino-di-posto-barca\/"},"modified":"2024-03-06T21:43:42","modified_gmt":"2024-03-06T21:43:42","slug":"quello-che-devi-sapere-come-inquilino-di-posto-barca","status":"publish","type":"page","link":"https:\/\/boatpark.app\/it\/casa\/come-funziona\/quello-che-devi-sapere-come-inquilino-di-posto-barca\/","title":{"rendered":"Che cosa dovete sapere come inquilino di posto barca"},"content":{"rendered":"\t\t<div data-elementor-type=\"wp-page\" data-elementor-id=\"3592\" class=\"elementor elementor-3592 elementor-1882\" data-elementor-post-type=\"page\">\n\t\t\t\t\t\t<section class=\"has_eae_slider elementor-section elementor-top-section elementor-element elementor-element-644c51a elementor-section-content-middle elementor-section-height-min-height elementor-section-full_width elementor-section-stretched elementor-section-height-default elementor-section-items-middle\" data-eae-slider=\"20111\" data-id=\"644c51a\" data-element_type=\"section\" data-e-type=\"section\" data-settings=\"{&quot;background_background&quot;:&quot;classic&quot;,&quot;stretch_section&quot;:&quot;section-stretched&quot;}\">\n\t\t\t\t\t\t\t<div class=\"elementor-background-overlay\"><\/div>\n\t\t\t\t\t\t\t<div class=\"elementor-container elementor-column-gap-default\">\n\t\t\t\t\t<div class=\"has_eae_slider elementor-column elementor-col-100 elementor-top-column elementor-element elementor-element-13489fa\" data-eae-slider=\"54306\" data-id=\"13489fa\" data-element_type=\"column\" data-e-type=\"column\">\n\t\t\t<div class=\"elementor-widget-wrap elementor-element-populated\">\n\t\t\t\t\t\t<div class=\"elementor-element elementor-element-603c9a2 elementor-widget elementor-widget-heading\" data-id=\"603c9a2\" data-element_type=\"widget\" data-e-type=\"widget\" data-widget_type=\"heading.default\">\n\t\t\t\t<div class=\"elementor-widget-container\">\n\t\t\t\t\t<h4 class=\"elementor-heading-title elementor-size-default\">Quello che devi sapere come inquilino di posto barca<\/h4>\t\t\t\t<\/div>\n\t\t\t\t<\/div>\n\t\t\t\t\t<\/div>\n\t\t<\/div>\n\t\t\t\t\t<\/div>\n\t\t<\/section>\n\t\t\t\t<section class=\"has_eae_slider elementor-section elementor-top-section elementor-element elementor-element-9a3fce4 elementor-section-boxed elementor-section-height-default elementor-section-height-default\" data-eae-slider=\"72255\" data-id=\"9a3fce4\" data-element_type=\"section\" data-e-type=\"section\">\n\t\t\t\t\t\t<div class=\"elementor-container elementor-column-gap-default\">\n\t\t\t\t\t<div class=\"has_eae_slider elementor-column elementor-col-100 elementor-top-column elementor-element elementor-element-94881f1\" data-eae-slider=\"12923\" data-id=\"94881f1\" data-element_type=\"column\" data-e-type=\"column\">\n\t\t\t<div class=\"elementor-widget-wrap elementor-element-populated\">\n\t\t\t\t\t\t<div class=\"elementor-element elementor-element-403cbf5 elementor-widget elementor-widget-heading\" data-id=\"403cbf5\" data-element_type=\"widget\" data-e-type=\"widget\" data-widget_type=\"heading.default\">\n\t\t\t\t<div class=\"elementor-widget-container\">\n\t\t\t\t\t<h2 class=\"elementor-heading-title elementor-size-default\">Cosa ottengo?<\/h2>\t\t\t\t<\/div>\n\t\t\t\t<\/div>\n\t\t\t\t<div class=\"elementor-element elementor-element-9125934 elementor-widget elementor-widget-text-editor\" data-id=\"9125934\" data-element_type=\"widget\" data-e-type=\"widget\" data-widget_type=\"text-editor.default\">\n\t\t\t\t<div class=\"elementor-widget-container\">\n\t\t\t\t\t\t\t\t\tCi sono due diverse opzioni di prenotazione, che sono definite dall\u2019applicazione e possono variare a seconda del porto e dell\u2019ormeggio individuale:\r\n<ol>\r\n <li>Prenotazione includendo tasse portuale (tassa marina)<\/li>\r\n <li>Prenotazione escludendo tasse portuali (tassa marina)<\/li>\r\n<\/ol>\r\n\r\nSe l\u2019ormeggio \u00e8 definito includendo le tasse portuali, la prenotazione \u00e8 un contratto di noleggio temporaneo tra il proprietario dell\u2019ormeggio (rappresentato da Boatpark) e l\u2019affittuario.\r\n\r\nSe l\u2019ormeggio \u00e8 definito escludendo tasse portuali, la prenotazione d\u00e0 diritto al locatario di utilizzare le informazioni di disponibilit\u00e0 al momento del check-in nel porto turistico. Il contratto di noleggio si conclude con il check-in nel porto turistico e il pagamento dei tasse portuali da parte del locatario direttamente all\u2019autorit\u00e0 portuale.\r\n\r\nBoatpark media per conto del proprietario del posto barca, ma non \u00e8 parte del contratto di noleggio.\r\n\r\nIl locatore consente all\u2019inquilino di utilizzare l\u2019ormeggio per il periodo di tempo specificato ed \u00e8 responsabile di garantire che possa essere utilizzato dall\u2019inquilino.\r\n\r\nSi prega di notare che gli ormeggi sono spesso forniti con pochi giorni di anticipo quando il proprietario decide di fare un viaggio di persona. Se il tuo posto barca preferito non \u00e8 disponibile, riprova pi\u00f9 tardi.\t\t\t\t\t\t\t\t<\/div>\n\t\t\t\t<\/div>\n\t\t\t\t\t<\/div>\n\t\t<\/div>\n\t\t\t\t\t<\/div>\n\t\t<\/section>\n\t\t\t\t<section class=\"has_eae_slider elementor-section elementor-top-section elementor-element elementor-element-1652d3f elementor-section-boxed elementor-section-height-default elementor-section-height-default\" data-eae-slider=\"70968\" data-id=\"1652d3f\" data-element_type=\"section\" data-e-type=\"section\">\n\t\t\t\t\t\t<div class=\"elementor-container elementor-column-gap-default\">\n\t\t\t\t\t<div class=\"has_eae_slider elementor-column elementor-col-100 elementor-top-column elementor-element elementor-element-08edbbd\" data-eae-slider=\"22877\" data-id=\"08edbbd\" data-element_type=\"column\" data-e-type=\"column\">\n\t\t\t<div class=\"elementor-widget-wrap elementor-element-populated\">\n\t\t\t\t\t\t<div class=\"elementor-element elementor-element-f5cc31d elementor-widget-divider--view-line elementor-widget elementor-widget-divider\" data-id=\"f5cc31d\" data-element_type=\"widget\" data-e-type=\"widget\" data-widget_type=\"divider.default\">\n\t\t\t\t<div class=\"elementor-widget-container\">\n\t\t\t\t\t\t\t<div class=\"elementor-divider\">\n\t\t\t<span class=\"elementor-divider-separator\">\n\t\t\t\t\t\t<\/span>\n\t\t<\/div>\n\t\t\t\t\t\t<\/div>\n\t\t\t\t<\/div>\n\t\t\t\t\t<\/div>\n\t\t<\/div>\n\t\t\t\t\t<\/div>\n\t\t<\/section>\n\t\t\t\t<section class=\"has_eae_slider elementor-section elementor-top-section elementor-element elementor-element-2ee3bea elementor-section-boxed elementor-section-height-default elementor-section-height-default\" data-eae-slider=\"19155\" data-id=\"2ee3bea\" data-element_type=\"section\" data-e-type=\"section\">\n\t\t\t\t\t\t<div class=\"elementor-container elementor-column-gap-default\">\n\t\t\t\t\t<div class=\"has_eae_slider elementor-column elementor-col-100 elementor-top-column elementor-element elementor-element-29daa4b\" data-eae-slider=\"3426\" data-id=\"29daa4b\" data-element_type=\"column\" data-e-type=\"column\">\n\t\t\t<div class=\"elementor-widget-wrap elementor-element-populated\">\n\t\t\t\t\t\t<div class=\"elementor-element elementor-element-c2a0a38 elementor-widget elementor-widget-heading\" data-id=\"c2a0a38\" data-element_type=\"widget\" data-e-type=\"widget\" data-widget_type=\"heading.default\">\n\t\t\t\t<div class=\"elementor-widget-container\">\n\t\t\t\t\t<h2 class=\"elementor-heading-title elementor-size-default\">Prezzo<\/h2>\t\t\t\t<\/div>\n\t\t\t\t<\/div>\n\t\t\t\t<div class=\"elementor-element elementor-element-5b35596 elementor-widget elementor-widget-text-editor\" data-id=\"5b35596\" data-element_type=\"widget\" data-e-type=\"widget\" data-widget_type=\"text-editor.default\">\n\t\t\t\t<div class=\"elementor-widget-container\">\n\t\t\t\t\t\t\t\t\t<p>Il prezzo indicato nel Boatpark include le tasse e una commissione per il servizio del Boatpark. Assicuratevi che le tasse portuali siano includendo nel prezzo indicato dal proprietario del posto barca. Se le tasse portuali non sono incluse, dovrete pagare la tassa portuale direttamente alle autorit\u00e0 portuali al momento del check-in. Si prega di visitare il sito web del porto turistico per vedere quanto il porto turistico richiede (per il link al sito web si veda la descrizione dell\u2019ormeggio nell\u2019app).<\/p>\n\t\t\t\t\t\t\t\t<\/div>\n\t\t\t\t<\/div>\n\t\t\t\t\t<\/div>\n\t\t<\/div>\n\t\t\t\t\t<\/div>\n\t\t<\/section>\n\t\t\t\t<section class=\"has_eae_slider elementor-section elementor-top-section elementor-element elementor-element-2297e09 elementor-section-boxed elementor-section-height-default elementor-section-height-default\" data-eae-slider=\"42960\" data-id=\"2297e09\" data-element_type=\"section\" data-e-type=\"section\">\n\t\t\t\t\t\t<div class=\"elementor-container elementor-column-gap-default\">\n\t\t\t\t\t<div class=\"has_eae_slider elementor-column elementor-col-100 elementor-top-column elementor-element elementor-element-341575b\" data-eae-slider=\"50916\" data-id=\"341575b\" data-element_type=\"column\" data-e-type=\"column\">\n\t\t\t<div class=\"elementor-widget-wrap elementor-element-populated\">\n\t\t\t\t\t\t<div class=\"elementor-element elementor-element-a1d1256 elementor-widget-divider--view-line elementor-widget elementor-widget-divider\" data-id=\"a1d1256\" data-element_type=\"widget\" data-e-type=\"widget\" data-widget_type=\"divider.default\">\n\t\t\t\t<div class=\"elementor-widget-container\">\n\t\t\t\t\t\t\t<div class=\"elementor-divider\">\n\t\t\t<span class=\"elementor-divider-separator\">\n\t\t\t\t\t\t<\/span>\n\t\t<\/div>\n\t\t\t\t\t\t<\/div>\n\t\t\t\t<\/div>\n\t\t\t\t\t<\/div>\n\t\t<\/div>\n\t\t\t\t\t<\/div>\n\t\t<\/section>\n\t\t\t\t<section class=\"has_eae_slider elementor-section elementor-top-section elementor-element elementor-element-b86bb2c elementor-section-boxed elementor-section-height-default elementor-section-height-default\" data-eae-slider=\"78976\" data-id=\"b86bb2c\" data-element_type=\"section\" data-e-type=\"section\">\n\t\t\t\t\t\t<div class=\"elementor-container elementor-column-gap-default\">\n\t\t\t\t\t<div class=\"has_eae_slider elementor-column elementor-col-100 elementor-top-column elementor-element elementor-element-b92d2c7\" data-eae-slider=\"69223\" data-id=\"b92d2c7\" data-element_type=\"column\" data-e-type=\"column\">\n\t\t\t<div class=\"elementor-widget-wrap elementor-element-populated\">\n\t\t\t\t\t\t<div class=\"elementor-element elementor-element-b74eef6 elementor-widget elementor-widget-heading\" data-id=\"b74eef6\" data-element_type=\"widget\" data-e-type=\"widget\" data-widget_type=\"heading.default\">\n\t\t\t\t<div class=\"elementor-widget-container\">\n\t\t\t\t\t<h2 class=\"elementor-heading-title elementor-size-default\">Check-in in porto<\/h2>\t\t\t\t<\/div>\n\t\t\t\t<\/div>\n\t\t\t\t<div class=\"elementor-element elementor-element-0661e01 elementor-widget elementor-widget-text-editor\" data-id=\"0661e01\" data-element_type=\"widget\" data-e-type=\"widget\" data-widget_type=\"text-editor.default\">\n\t\t\t\t<div class=\"elementor-widget-container\">\n\t\t\t\t\t\t\t\t\t<p>Si prega di controllare la descrizione del posto barca per vedere se \u00e8 richiesto un ulteriore check-in presso le autorit\u00e0 portuali. Questo \u00e8 sempre necessario se la tassa portuale non \u00e8 inclusa nel prezzo del Boatpark. Per un check-in pi\u00f9 semplice si prega di scansionare i documenti richiesti nell\u2019app con la fotocamera del proprio dispositivo mobile e inviare le scansioni direttamente dall\u2019app alle autorit\u00e0 portuali (funzione non ancora disponibile).<\/p>\n\t\t\t\t\t\t\t\t<\/div>\n\t\t\t\t<\/div>\n\t\t\t\t\t<\/div>\n\t\t<\/div>\n\t\t\t\t\t<\/div>\n\t\t<\/section>\n\t\t\t\t<section class=\"has_eae_slider elementor-section elementor-top-section elementor-element elementor-element-34c80d9 elementor-section-boxed elementor-section-height-default elementor-section-height-default\" data-eae-slider=\"3204\" data-id=\"34c80d9\" data-element_type=\"section\" data-e-type=\"section\">\n\t\t\t\t\t\t<div class=\"elementor-container elementor-column-gap-default\">\n\t\t\t\t\t<div class=\"has_eae_slider elementor-column elementor-col-100 elementor-top-column elementor-element elementor-element-03b281d\" data-eae-slider=\"5160\" data-id=\"03b281d\" data-element_type=\"column\" data-e-type=\"column\">\n\t\t\t<div class=\"elementor-widget-wrap elementor-element-populated\">\n\t\t\t\t\t\t<div class=\"elementor-element elementor-element-cd350ff elementor-widget-divider--view-line elementor-widget elementor-widget-divider\" data-id=\"cd350ff\" data-element_type=\"widget\" data-e-type=\"widget\" data-widget_type=\"divider.default\">\n\t\t\t\t<div class=\"elementor-widget-container\">\n\t\t\t\t\t\t\t<div class=\"elementor-divider\">\n\t\t\t<span class=\"elementor-divider-separator\">\n\t\t\t\t\t\t<\/span>\n\t\t<\/div>\n\t\t\t\t\t\t<\/div>\n\t\t\t\t<\/div>\n\t\t\t\t\t<\/div>\n\t\t<\/div>\n\t\t\t\t\t<\/div>\n\t\t<\/section>\n\t\t\t\t<section class=\"has_eae_slider elementor-section elementor-top-section elementor-element elementor-element-125e936 elementor-section-boxed elementor-section-height-default elementor-section-height-default\" data-eae-slider=\"29396\" data-id=\"125e936\" data-element_type=\"section\" data-e-type=\"section\">\n\t\t\t\t\t\t<div class=\"elementor-container elementor-column-gap-default\">\n\t\t\t\t\t<div class=\"has_eae_slider elementor-column elementor-col-100 elementor-top-column elementor-element elementor-element-bd603d5\" data-eae-slider=\"34208\" data-id=\"bd603d5\" data-element_type=\"column\" data-e-type=\"column\">\n\t\t\t<div class=\"elementor-widget-wrap elementor-element-populated\">\n\t\t\t\t\t\t<div class=\"elementor-element elementor-element-20bb7f1 elementor-widget elementor-widget-heading\" data-id=\"20bb7f1\" data-element_type=\"widget\" data-e-type=\"widget\" data-widget_type=\"heading.default\">\n\t\t\t\t<div class=\"elementor-widget-container\">\n\t\t\t\t\t<h2 class=\"elementor-heading-title elementor-size-default\">Revoca<\/h2>\t\t\t\t<\/div>\n\t\t\t\t<\/div>\n\t\t\t\t<div class=\"elementor-element elementor-element-881c6e2 elementor-widget elementor-widget-text-editor\" data-id=\"881c6e2\" data-element_type=\"widget\" data-e-type=\"widget\" data-widget_type=\"text-editor.default\">\n\t\t\t\t<div class=\"elementor-widget-container\">\n\t\t\t\t\t\t\t\t\t<p>Tutte le prenotazioni sul Boatpark possono essere cancellate gratuitamente fino a 10 giorni prima dell\u2019inizio della prenotazione. Per cancellazioni successive verr\u00e0 addebitata una penale. Si prega di notare i Termini e le Condizioni per i dettagli.<\/p>\n\t\t\t\t\t\t\t\t<\/div>\n\t\t\t\t<\/div>\n\t\t\t\t\t<\/div>\n\t\t<\/div>\n\t\t\t\t\t<\/div>\n\t\t<\/section>\n\t\t\t\t<section class=\"has_eae_slider elementor-section elementor-top-section elementor-element elementor-element-dfd23d2 elementor-section-boxed elementor-section-height-default elementor-section-height-default\" data-eae-slider=\"29374\" data-id=\"dfd23d2\" data-element_type=\"section\" data-e-type=\"section\">\n\t\t\t\t\t\t<div class=\"elementor-container elementor-column-gap-default\">\n\t\t\t\t\t<div class=\"has_eae_slider elementor-column elementor-col-100 elementor-top-column elementor-element elementor-element-a931a07\" data-eae-slider=\"41726\" data-id=\"a931a07\" data-element_type=\"column\" data-e-type=\"column\">\n\t\t\t<div class=\"elementor-widget-wrap elementor-element-populated\">\n\t\t\t\t\t\t<div class=\"elementor-element elementor-element-5b968c5 elementor-widget-divider--view-line elementor-widget elementor-widget-divider\" data-id=\"5b968c5\" data-element_type=\"widget\" data-e-type=\"widget\" data-widget_type=\"divider.default\">\n\t\t\t\t<div class=\"elementor-widget-container\">\n\t\t\t\t\t\t\t<div class=\"elementor-divider\">\n\t\t\t<span class=\"elementor-divider-separator\">\n\t\t\t\t\t\t<\/span>\n\t\t<\/div>\n\t\t\t\t\t\t<\/div>\n\t\t\t\t<\/div>\n\t\t\t\t\t<\/div>\n\t\t<\/div>\n\t\t\t\t\t<\/div>\n\t\t<\/section>\n\t\t\t\t<section class=\"has_eae_slider elementor-section elementor-top-section elementor-element elementor-element-36c815d elementor-section-boxed elementor-section-height-default elementor-section-height-default\" data-eae-slider=\"21060\" data-id=\"36c815d\" data-element_type=\"section\" data-e-type=\"section\">\n\t\t\t\t\t\t<div class=\"elementor-container elementor-column-gap-default\">\n\t\t\t\t\t<div class=\"has_eae_slider elementor-column elementor-col-100 elementor-top-column elementor-element elementor-element-2f601d2\" data-eae-slider=\"23478\" data-id=\"2f601d2\" data-element_type=\"column\" data-e-type=\"column\">\n\t\t\t<div class=\"elementor-widget-wrap elementor-element-populated\">\n\t\t\t\t\t\t<div class=\"elementor-element elementor-element-6e9694e elementor-widget elementor-widget-heading\" data-id=\"6e9694e\" data-element_type=\"widget\" data-e-type=\"widget\" data-widget_type=\"heading.default\">\n\t\t\t\t<div class=\"elementor-widget-container\">\n\t\t\t\t\t<h2 class=\"elementor-heading-title elementor-size-default\">Problemi<\/h2>\t\t\t\t<\/div>\n\t\t\t\t<\/div>\n\t\t\t\t<div class=\"elementor-element elementor-element-feeda97 elementor-widget elementor-widget-text-editor\" data-id=\"feeda97\" data-element_type=\"widget\" data-e-type=\"widget\" data-widget_type=\"text-editor.default\">\n\t\t\t\t<div class=\"elementor-widget-container\">\n\t\t\t\t\t\t\t\t\t<p>In caso di problemi, ad esempio se il posto barca \u00e8 occupato all\u2019orario di arrivo, si prega di contattare Boatpark. Contatteremo il proprietario e\/o il porto turistico e cercheremo di trovare una soluzione. Se per qualsiasi motivo l\u2019ormeggio non pu\u00f2 essere messo a vostra disposizione entro 1 ora dall\u2019orario di partenza, vi verr\u00e0 rimborsato l\u2019intero importo pagato al Boatpark e la vostra prenotazione verr\u00e0 annullata.<\/p>\n\t\t\t\t\t\t\t\t<\/div>\n\t\t\t\t<\/div>\n\t\t\t\t\t<\/div>\n\t\t<\/div>\n\t\t\t\t\t<\/div>\n\t\t<\/section>\n\t\t\t\t<\/div>\n\t\t","protected":false},"excerpt":{"rendered":"<p>Quello che devi sapere come inquilino di posto barca Cosa ottengo? Ci sono due diverse opzioni di prenotazione, che sono definite dall\u2019applicazione e possono variare a seconda del porto e dell\u2019ormeggio individuale: Prenotazione includendo tasse portuale (tassa marina) Prenotazione escludendo tasse portuali (tassa marina) Se l\u2019ormeggio \u00e8 definito includendo le tasse portuali, la prenotazione \u00e8 [&hellip;]<\/p>\n","protected":false},"author":1,"featured_media":0,"parent":3790,"menu_order":1,"comment_status":"closed","ping_status":"closed","template":"elementor_header_footer","meta":{"zakra_sidebar_layout":"customizer","zakra_remove_content_margin":false,"zakra_sidebar":"customizer","zakra_transparent_header":"customizer","zakra_logo":0,"zakra_main_header_style":"default","zakra_menu_item_color":null,"zakra_menu_item_hover_color":"","zakra_menu_item_active_color":"","zakra_menu_active_style":"zakra_menu_active_style","zakra_page_header":false,"footnotes":""},"class_list":["post-3592","page","type-page","status-publish","hentry"],"_links":{"self":[{"href":"https:\/\/boatpark.app\/it\/wp-json\/wp\/v2\/pages\/3592","targetHints":{"allow":["GET"]}}],"collection":[{"href":"https:\/\/boatpark.app\/it\/wp-json\/wp\/v2\/pages"}],"about":[{"href":"https:\/\/boatpark.app\/it\/wp-json\/wp\/v2\/types\/page"}],"author":[{"embeddable":true,"href":"https:\/\/boatpark.app\/it\/wp-json\/wp\/v2\/users\/1"}],"replies":[{"embeddable":true,"href":"https:\/\/boatpark.app\/it\/wp-json\/wp\/v2\/comments?post=3592"}],"version-history":[{"count":5,"href":"https:\/\/boatpark.app\/it\/wp-json\/wp\/v2\/pages\/3592\/revisions"}],"predecessor-version":[{"id":13180,"href":"https:\/\/boatpark.app\/it\/wp-json\/wp\/v2\/pages\/3592\/revisions\/13180"}],"up":[{"embeddable":true,"href":"https:\/\/boatpark.app\/it\/wp-json\/wp\/v2\/pages\/3790"}],"wp:attachment":[{"href":"https:\/\/boatpark.app\/it\/wp-json\/wp\/v2\/media?parent=3592"}],"curies":[{"name":"wp","href":"https:\/\/api.w.org\/{rel}","templated":true}]}}