{"id":3630,"date":"2019-12-17T12:38:25","date_gmt":"2019-12-17T12:38:25","guid":{"rendered":"https:\/\/boatpark.app\/staging\/che-cosa-dovete-sapere-come-proprietario-di-posto-barca\/"},"modified":"2024-03-06T21:45:06","modified_gmt":"2024-03-06T21:45:06","slug":"che-cosa-dovete-sapere-come-proprietario-di-posto-barca","status":"publish","type":"page","link":"https:\/\/boatpark.app\/it\/casa\/come-funziona\/che-cosa-dovete-sapere-come-proprietario-di-posto-barca\/","title":{"rendered":"Che cosa dovete sapere come proprietario di posto barca"},"content":{"rendered":"\t\t<div data-elementor-type=\"wp-page\" data-elementor-id=\"3630\" class=\"elementor elementor-3630 elementor-1965\" data-elementor-post-type=\"page\">\n\t\t\t\t\t\t<section class=\"has_eae_slider elementor-section elementor-top-section elementor-element elementor-element-cb71cc9 elementor-section-content-middle elementor-section-height-min-height elementor-section-full_width elementor-section-stretched elementor-section-height-default elementor-section-items-middle\" data-eae-slider=\"77446\" data-id=\"cb71cc9\" data-element_type=\"section\" data-e-type=\"section\" data-settings=\"{&quot;background_background&quot;:&quot;classic&quot;,&quot;stretch_section&quot;:&quot;section-stretched&quot;}\">\n\t\t\t\t\t\t\t<div class=\"elementor-background-overlay\"><\/div>\n\t\t\t\t\t\t\t<div class=\"elementor-container elementor-column-gap-default\">\n\t\t\t\t\t<div class=\"has_eae_slider elementor-column elementor-col-100 elementor-top-column elementor-element elementor-element-44b327a\" data-eae-slider=\"93799\" data-id=\"44b327a\" data-element_type=\"column\" data-e-type=\"column\">\n\t\t\t<div class=\"elementor-widget-wrap elementor-element-populated\">\n\t\t\t\t\t\t<div class=\"elementor-element elementor-element-7c51b3e elementor-widget elementor-widget-heading\" data-id=\"7c51b3e\" data-element_type=\"widget\" data-e-type=\"widget\" data-widget_type=\"heading.default\">\n\t\t\t\t<div class=\"elementor-widget-container\">\n\t\t\t\t\t<h4 class=\"elementor-heading-title elementor-size-default\">Che cosa dovete sapere come proprietario di posto barca<\/h4>\t\t\t\t<\/div>\n\t\t\t\t<\/div>\n\t\t\t\t\t<\/div>\n\t\t<\/div>\n\t\t\t\t\t<\/div>\n\t\t<\/section>\n\t\t\t\t<section class=\"has_eae_slider elementor-section elementor-top-section elementor-element elementor-element-7a54550 elementor-section-boxed elementor-section-height-default elementor-section-height-default\" data-eae-slider=\"41436\" data-id=\"7a54550\" data-element_type=\"section\" data-e-type=\"section\">\n\t\t\t\t\t\t<div class=\"elementor-container elementor-column-gap-default\">\n\t\t\t\t\t<div class=\"has_eae_slider elementor-column elementor-col-100 elementor-top-column elementor-element elementor-element-602988a\" data-eae-slider=\"3281\" data-id=\"602988a\" data-element_type=\"column\" data-e-type=\"column\">\n\t\t\t<div class=\"elementor-widget-wrap elementor-element-populated\">\n\t\t\t\t\t\t<div class=\"elementor-element elementor-element-24af547 elementor-widget elementor-widget-heading\" data-id=\"24af547\" data-element_type=\"widget\" data-e-type=\"widget\" data-widget_type=\"heading.default\">\n\t\t\t\t<div class=\"elementor-widget-container\">\n\t\t\t\t\t<h2 class=\"elementor-heading-title elementor-size-default\">Cosa sto offrendo?<\/h2>\t\t\t\t<\/div>\n\t\t\t\t<\/div>\n\t\t\t\t<div class=\"elementor-element elementor-element-9b248fb elementor-widget elementor-widget-text-editor\" data-id=\"9b248fb\" data-element_type=\"widget\" data-e-type=\"widget\" data-widget_type=\"text-editor.default\">\n\t\t\t\t<div class=\"elementor-widget-container\">\n\t\t\t\t\t\t\t\t\t<p>\u00c8 possibile registrare il proprio posto barca in due modi diversi:<\/p>\n<ol>\n<li>Noleggio includendo tasse portuali (tassa marina)<\/li>\n<li>Mediazione escludendo tasse portuali (tassa marina)<\/li>\n<\/ol>\n<p>Se l\u2019ormeggio \u00e8 definito includendo le tasse portuali, la prenotazione tramite Boatpark \u00e8 un contratto di noleggio temporaneo tra il proprietario dell\u2019ormeggio (voi\/porto) e l\u2019affittuario. \u00c8 necessario avere il diritto di affittare (subaffittare) il posto barca ad altri diportisti.<\/p>\n<p>Se l\u2019ormeggio \u00e8 definito escludendo tasse portuali, \u00e8 un intermediario tra il proprietario e il locatario interessato. La prenotazione tramite le app d\u00e0 diritto al locatario di utilizzare le informazioni sulla disponibilit\u00e0 al momento del check-in nel porto turistico. Il contratto di noleggio viene stipulato direttamente con l\u2019autorit\u00e0 portuale al momento del check-in in marina e del pagamento della tassa portuale da parte del locatario. In questo caso, l\u2019ormeggio non \u00e8 (sub)affittato da un punto di vista giuridico.<\/p>\n<p>Boatpark media per conto del proprietario del posto barca, ma non \u00e8 parte del contratto di noleggio.<\/p>\n<p>In qualit\u00e0 di proprietario, siete responsabili di assicurare che l\u2019ormeggio possa essere utilizzato dagli inquilini nei tempi definiti.<\/p>\n\t\t\t\t\t\t\t\t<\/div>\n\t\t\t\t<\/div>\n\t\t\t\t\t<\/div>\n\t\t<\/div>\n\t\t\t\t\t<\/div>\n\t\t<\/section>\n\t\t\t\t<section class=\"has_eae_slider elementor-section elementor-top-section elementor-element elementor-element-7611519 elementor-section-boxed elementor-section-height-default elementor-section-height-default\" data-eae-slider=\"41081\" data-id=\"7611519\" data-element_type=\"section\" data-e-type=\"section\">\n\t\t\t\t\t\t<div class=\"elementor-container elementor-column-gap-default\">\n\t\t\t\t\t<div class=\"has_eae_slider elementor-column elementor-col-100 elementor-top-column elementor-element elementor-element-af600a1\" data-eae-slider=\"71652\" data-id=\"af600a1\" data-element_type=\"column\" data-e-type=\"column\">\n\t\t\t<div class=\"elementor-widget-wrap elementor-element-populated\">\n\t\t\t\t\t\t<div class=\"elementor-element elementor-element-aeb7aae elementor-widget-divider--view-line elementor-widget elementor-widget-divider\" data-id=\"aeb7aae\" data-element_type=\"widget\" data-e-type=\"widget\" data-widget_type=\"divider.default\">\n\t\t\t\t<div class=\"elementor-widget-container\">\n\t\t\t\t\t\t\t<div class=\"elementor-divider\">\n\t\t\t<span class=\"elementor-divider-separator\">\n\t\t\t\t\t\t<\/span>\n\t\t<\/div>\n\t\t\t\t\t\t<\/div>\n\t\t\t\t<\/div>\n\t\t\t\t\t<\/div>\n\t\t<\/div>\n\t\t\t\t\t<\/div>\n\t\t<\/section>\n\t\t\t\t<section class=\"has_eae_slider elementor-section elementor-top-section elementor-element elementor-element-824c526 elementor-section-boxed elementor-section-height-default elementor-section-height-default\" data-eae-slider=\"15221\" data-id=\"824c526\" data-element_type=\"section\" data-e-type=\"section\">\n\t\t\t\t\t\t<div class=\"elementor-container elementor-column-gap-default\">\n\t\t\t\t\t<div class=\"has_eae_slider elementor-column elementor-col-100 elementor-top-column elementor-element elementor-element-2391c79\" data-eae-slider=\"21036\" data-id=\"2391c79\" data-element_type=\"column\" data-e-type=\"column\">\n\t\t\t<div class=\"elementor-widget-wrap elementor-element-populated\">\n\t\t\t\t\t\t<div class=\"elementor-element elementor-element-3efda93 elementor-widget elementor-widget-heading\" data-id=\"3efda93\" data-element_type=\"widget\" data-e-type=\"widget\" data-widget_type=\"heading.default\">\n\t\t\t\t<div class=\"elementor-widget-container\">\n\t\t\t\t\t<h2 class=\"elementor-heading-title elementor-size-default\">Prezzo e pagamento<\/h2>\t\t\t\t<\/div>\n\t\t\t\t<\/div>\n\t\t\t\t<div class=\"elementor-element elementor-element-93eb4f1 elementor-widget elementor-widget-text-editor\" data-id=\"93eb4f1\" data-element_type=\"widget\" data-e-type=\"widget\" data-widget_type=\"text-editor.default\">\n\t\t\t\t<div class=\"elementor-widget-container\">\n\t\t\t\t\t\t\t\t\t<p>Se non avete un accordo esplicito con il vostro porto turistico, si prega di non includere le tasse portuali nel prezzo del Boatpark. Un tale accordo con il porto turistico pu\u00f2 essere fatto da soli o tramite Boatpark. Non appena l\u2019accordo \u00e8 stato raggiunto e Boatpark viene informato, le tasse portuali possono essere incluse nel prezzo del Boatpark.<br \/>\nBoatpark detrae dal prezzo dei suoi servizi una commissione (vedi Termini e le Condizioni per i dettagli) e trasferisce l\u2019importo rimanente sul conto del proprietario. Se le tasse portuali sono includendo, l\u2019importo corrispondente sar\u00e0 detratto dal proprietario e trasferito sul conto del porto turistico.<\/p>\n\t\t\t\t\t\t\t\t<\/div>\n\t\t\t\t<\/div>\n\t\t\t\t\t<\/div>\n\t\t<\/div>\n\t\t\t\t\t<\/div>\n\t\t<\/section>\n\t\t\t\t<section class=\"has_eae_slider elementor-section elementor-top-section elementor-element elementor-element-5a144b5 elementor-section-boxed elementor-section-height-default elementor-section-height-default\" data-eae-slider=\"36531\" data-id=\"5a144b5\" data-element_type=\"section\" data-e-type=\"section\">\n\t\t\t\t\t\t<div class=\"elementor-container elementor-column-gap-default\">\n\t\t\t\t\t<div class=\"has_eae_slider elementor-column elementor-col-100 elementor-top-column elementor-element elementor-element-ec75826\" data-eae-slider=\"41354\" data-id=\"ec75826\" data-element_type=\"column\" data-e-type=\"column\">\n\t\t\t<div class=\"elementor-widget-wrap elementor-element-populated\">\n\t\t\t\t\t\t<div class=\"elementor-element elementor-element-0e4f357 elementor-widget-divider--view-line elementor-widget elementor-widget-divider\" data-id=\"0e4f357\" data-element_type=\"widget\" data-e-type=\"widget\" data-widget_type=\"divider.default\">\n\t\t\t\t<div class=\"elementor-widget-container\">\n\t\t\t\t\t\t\t<div class=\"elementor-divider\">\n\t\t\t<span class=\"elementor-divider-separator\">\n\t\t\t\t\t\t<\/span>\n\t\t<\/div>\n\t\t\t\t\t\t<\/div>\n\t\t\t\t<\/div>\n\t\t\t\t\t<\/div>\n\t\t<\/div>\n\t\t\t\t\t<\/div>\n\t\t<\/section>\n\t\t\t\t<section class=\"has_eae_slider elementor-section elementor-top-section elementor-element elementor-element-0925703 elementor-section-boxed elementor-section-height-default elementor-section-height-default\" data-eae-slider=\"13530\" data-id=\"0925703\" data-element_type=\"section\" data-e-type=\"section\">\n\t\t\t\t\t\t<div class=\"elementor-container elementor-column-gap-default\">\n\t\t\t\t\t<div class=\"has_eae_slider elementor-column elementor-col-100 elementor-top-column elementor-element elementor-element-be3aa53\" data-eae-slider=\"13749\" data-id=\"be3aa53\" data-element_type=\"column\" data-e-type=\"column\">\n\t\t\t<div class=\"elementor-widget-wrap elementor-element-populated\">\n\t\t\t\t\t\t<div class=\"elementor-element elementor-element-f99fba9 elementor-widget elementor-widget-heading\" data-id=\"f99fba9\" data-element_type=\"widget\" data-e-type=\"widget\" data-widget_type=\"heading.default\">\n\t\t\t\t<div class=\"elementor-widget-container\">\n\t\t\t\t\t<h2 class=\"elementor-heading-title elementor-size-default\">Sanzioni<\/h2>\t\t\t\t<\/div>\n\t\t\t\t<\/div>\n\t\t\t\t<div class=\"elementor-element elementor-element-c15b2d0 elementor-widget elementor-widget-text-editor\" data-id=\"c15b2d0\" data-element_type=\"widget\" data-e-type=\"widget\" data-widget_type=\"text-editor.default\">\n\t\t\t\t<div class=\"elementor-widget-container\">\n\t\t\t\t\t\t\t\t\t<p>In qualit\u00e0 di proprietario, siete responsabili di assicurare che i posti barca offerti possano essere utilizzati correttamente dagli inquilini durante gli orari da voi definiti come prenotabili. Se l\u2019uso dell\u2019ormeggio non \u00e8 possibile (ad esempio perch\u00e9 l\u2019ormeggio \u00e8 occupato) e l\u2019uso non pu\u00f2 essere raggiunto entro 1 ora dopo l\u2019orario di partenza, una penale di 1 notte sar\u00e0 addebitata sul vostro conto e la corrispondente prenotazione dell\u2019inquilino sar\u00e0 annullata. Pertanto, nessuna tassa sar\u00e0 trasferita al proprietario o al porto turistico (se le tasse portuali sono incluse) per questa prenotazione.<\/p>\n\t\t\t\t\t\t\t\t<\/div>\n\t\t\t\t<\/div>\n\t\t\t\t\t<\/div>\n\t\t<\/div>\n\t\t\t\t\t<\/div>\n\t\t<\/section>\n\t\t\t\t<section class=\"has_eae_slider elementor-section elementor-top-section elementor-element elementor-element-15547df elementor-section-boxed elementor-section-height-default elementor-section-height-default\" data-eae-slider=\"70792\" data-id=\"15547df\" data-element_type=\"section\" data-e-type=\"section\">\n\t\t\t\t\t\t<div class=\"elementor-container elementor-column-gap-default\">\n\t\t\t\t\t<div class=\"has_eae_slider elementor-column elementor-col-100 elementor-top-column elementor-element elementor-element-133fed2\" data-eae-slider=\"28964\" data-id=\"133fed2\" data-element_type=\"column\" data-e-type=\"column\">\n\t\t\t<div class=\"elementor-widget-wrap elementor-element-populated\">\n\t\t\t\t\t\t<div class=\"elementor-element elementor-element-1f08da3 elementor-widget-divider--view-line elementor-widget elementor-widget-divider\" data-id=\"1f08da3\" data-element_type=\"widget\" data-e-type=\"widget\" data-widget_type=\"divider.default\">\n\t\t\t\t<div class=\"elementor-widget-container\">\n\t\t\t\t\t\t\t<div class=\"elementor-divider\">\n\t\t\t<span class=\"elementor-divider-separator\">\n\t\t\t\t\t\t<\/span>\n\t\t<\/div>\n\t\t\t\t\t\t<\/div>\n\t\t\t\t<\/div>\n\t\t\t\t\t<\/div>\n\t\t<\/div>\n\t\t\t\t\t<\/div>\n\t\t<\/section>\n\t\t\t\t<section class=\"has_eae_slider elementor-section elementor-top-section elementor-element elementor-element-e53d13f elementor-section-boxed elementor-section-height-default elementor-section-height-default\" data-eae-slider=\"30016\" data-id=\"e53d13f\" data-element_type=\"section\" data-e-type=\"section\">\n\t\t\t\t\t\t<div class=\"elementor-container elementor-column-gap-default\">\n\t\t\t\t\t<div class=\"has_eae_slider elementor-column elementor-col-100 elementor-top-column elementor-element elementor-element-f1fa6c0\" data-eae-slider=\"50684\" data-id=\"f1fa6c0\" data-element_type=\"column\" data-e-type=\"column\">\n\t\t\t<div class=\"elementor-widget-wrap elementor-element-populated\">\n\t\t\t\t\t\t<div class=\"elementor-element elementor-element-f26253c elementor-widget elementor-widget-heading\" data-id=\"f26253c\" data-element_type=\"widget\" data-e-type=\"widget\" data-widget_type=\"heading.default\">\n\t\t\t\t<div class=\"elementor-widget-container\">\n\t\t\t\t\t<h2 class=\"elementor-heading-title elementor-size-default\">Revoca<\/h2>\t\t\t\t<\/div>\n\t\t\t\t<\/div>\n\t\t\t\t<div class=\"elementor-element elementor-element-c757078 elementor-widget elementor-widget-text-editor\" data-id=\"c757078\" data-element_type=\"widget\" data-e-type=\"widget\" data-widget_type=\"text-editor.default\">\n\t\t\t\t<div class=\"elementor-widget-container\">\n\t\t\t\t\t\t\t\t\t<p>Una volta che le prenotazioni sono state ricevute dagli inquilini per un periodo da voi definito disponibile, non potrete pi\u00f9 annullare la disponibilit\u00e0 del vostro posto barca. In caso di emergenza, quando il posto barca non \u00e8 disponibile, si prega di informare immediatamente Boatpark in modo che Boatpark possa contattare l\u2019inquilino del vostro posto barca.<br \/>\nSe non siete sicuri di quanto tempo si pu\u00f2 rilasciare il vostro posto barca, si prega di utilizzare l\u2019opzione giorno per giorno (\u201cday-by-day\u201d), che consente di gestire la disponibilit\u00e0 del vostro posto barca su base giornaliera.<\/p>\n\t\t\t\t\t\t\t\t<\/div>\n\t\t\t\t<\/div>\n\t\t\t\t\t<\/div>\n\t\t<\/div>\n\t\t\t\t\t<\/div>\n\t\t<\/section>\n\t\t\t\t<\/div>\n\t\t","protected":false},"excerpt":{"rendered":"<p>Che cosa dovete sapere come proprietario di posto barca Cosa sto offrendo? \u00c8 possibile registrare il proprio posto barca in due modi diversi: Noleggio includendo tasse portuali (tassa marina) Mediazione escludendo tasse portuali (tassa marina) Se l\u2019ormeggio \u00e8 definito includendo le tasse portuali, la prenotazione tramite Boatpark \u00e8 un contratto di noleggio temporaneo tra il [&hellip;]<\/p>\n","protected":false},"author":1,"featured_media":0,"parent":3790,"menu_order":3,"comment_status":"closed","ping_status":"closed","template":"elementor_header_footer","meta":{"zakra_sidebar_layout":"customizer","zakra_remove_content_margin":false,"zakra_sidebar":"customizer","zakra_transparent_header":"customizer","zakra_logo":0,"zakra_main_header_style":"default","zakra_menu_item_color":null,"zakra_menu_item_hover_color":"","zakra_menu_item_active_color":"","zakra_menu_active_style":"zakra_menu_active_style","zakra_page_header":false,"footnotes":""},"class_list":["post-3630","page","type-page","status-publish","hentry"],"_links":{"self":[{"href":"https:\/\/boatpark.app\/it\/wp-json\/wp\/v2\/pages\/3630","targetHints":{"allow":["GET"]}}],"collection":[{"href":"https:\/\/boatpark.app\/it\/wp-json\/wp\/v2\/pages"}],"about":[{"href":"https:\/\/boatpark.app\/it\/wp-json\/wp\/v2\/types\/page"}],"author":[{"embeddable":true,"href":"https:\/\/boatpark.app\/it\/wp-json\/wp\/v2\/users\/1"}],"replies":[{"embeddable":true,"href":"https:\/\/boatpark.app\/it\/wp-json\/wp\/v2\/comments?post=3630"}],"version-history":[{"count":7,"href":"https:\/\/boatpark.app\/it\/wp-json\/wp\/v2\/pages\/3630\/revisions"}],"predecessor-version":[{"id":13192,"href":"https:\/\/boatpark.app\/it\/wp-json\/wp\/v2\/pages\/3630\/revisions\/13192"}],"up":[{"embeddable":true,"href":"https:\/\/boatpark.app\/it\/wp-json\/wp\/v2\/pages\/3790"}],"wp:attachment":[{"href":"https:\/\/boatpark.app\/it\/wp-json\/wp\/v2\/media?parent=3630"}],"curies":[{"name":"wp","href":"https:\/\/api.w.org\/{rel}","templated":true}]}}